{"id":7267,"date":"2025-09-04T17:21:04","date_gmt":"2025-09-04T17:21:04","guid":{"rendered":"https:\/\/inzainox.com\/producto\/separadores-de-gorduras-industriais-e-de-cozinhas-para-instalacao-vertical\/"},"modified":"2026-03-25T22:41:33","modified_gmt":"2026-03-25T22:41:33","slug":"separadores-de-gorduras-industriais-e-de-cozinhas-para-instalacao-vertical","status":"publish","type":"product","link":"https:\/\/inzainox.com\/pt-pt\/producto\/separadores-de-gorduras-industriais-e-de-cozinhas-para-instalacao-vertical\/","title":{"rendered":"Separadores de gorduras industriais e de cozinhas para instala\u00e7\u00e3o vertical"},"content":{"rendered":"\t\t<div data-elementor-type=\"wp-post\" data-elementor-id=\"7267\" class=\"elementor elementor-7267 elementor-5323\">\n\t\t\t\t<div class=\"elementor-element elementor-element-758b215d e-flex e-con-boxed e-con e-parent\" data-id=\"758b215d\" data-element_type=\"container\" data-e-type=\"container\">\n\t\t\t\t\t<div class=\"e-con-inner\">\n\t\t\t\t<div class=\"elementor-element elementor-element-102539dc elementor-widget elementor-widget-text-editor\" data-id=\"102539dc\" data-element_type=\"widget\" data-e-type=\"widget\" data-widget_type=\"text-editor.default\">\n\t\t\t\t<div class=\"elementor-widget-container\">\n\t\t\t\t\t\t\t\t\t<p>Os Separadores de Gorduras e \u00f3leos ISGP s\u00e3o utilizados para a separa\u00e7\u00e3o e a reten\u00e7\u00e3o das gorduras e \u00f3leos vegetais e\/ou animais contidos nas \u00e1guas de descarga das cozinhas. Estes equipamentos s\u00e3o constru\u00eddos de acordo com a norma UNE-EN 1825-1. <\/p><p>\uf061Durabilidade: materiais inertes \u00e0s gorduras e \u00f3leos.<\/p><p>\uf061Conformidade: marca\u00e7\u00e3o CE de acordo com a norma UNE-EN 1825-1.<\/p><p>\uf061Manuseamento: equipamentos leves e de f\u00e1cil instala\u00e7\u00e3o.<\/p><p>\uf061Disponibilidade: equipamentos em stock.<\/p>\t\t\t\t\t\t\t\t<\/div>\n\t\t\t\t<\/div>\n\t\t\t\t\t<\/div>\n\t\t\t\t<\/div>\n\t\t<div class=\"elementor-element elementor-element-021c17d e-flex e-con-boxed e-con e-parent\" data-id=\"021c17d\" data-element_type=\"container\" data-e-type=\"container\">\n\t\t\t\t\t<div class=\"e-con-inner\">\n\t\t\t\t<div class=\"elementor-element elementor-element-41a7de8 elementor-widget elementor-widget-heading\" data-id=\"41a7de8\" data-element_type=\"widget\" data-e-type=\"widget\" data-widget_type=\"heading.default\">\n\t\t\t\t<div class=\"elementor-widget-container\">\n\t\t\t\t\t<h2 class=\"elementor-heading-title elementor-size-medium\">Separadores de gorduras para cozinha<\/h2>\t\t\t\t<\/div>\n\t\t\t\t<\/div>\n\t\t\t\t\t<\/div>\n\t\t\t\t<\/div>\n\t\t<div class=\"elementor-element elementor-element-799a19c e-flex e-con-boxed e-con e-parent\" data-id=\"799a19c\" data-element_type=\"container\" data-e-type=\"container\">\n\t\t\t\t\t<div class=\"e-con-inner\">\n\t\t\t\t<div class=\"elementor-element elementor-element-eeb55a7 elementor-widget elementor-widget-image\" data-id=\"eeb55a7\" data-element_type=\"widget\" data-e-type=\"widget\" data-widget_type=\"image.default\">\n\t\t\t\t<div class=\"elementor-widget-container\">\n\t\t\t\t\t\t\t\t\t\t\t\t\t\t\t<img fetchpriority=\"high\" decoding=\"async\" width=\"332\" height=\"188\" src=\"https:\/\/inzainox.com\/wp-content\/uploads\/2025\/09\/ISGPV-cotas.png\" class=\"attachment-large size-large wp-image-7248\" alt=\"\" srcset=\"https:\/\/inzainox.com\/wp-content\/uploads\/2025\/09\/ISGPV-cotas.png 332w, https:\/\/inzainox.com\/wp-content\/uploads\/2025\/09\/ISGPV-cotas-300x170.png 300w\" sizes=\"(max-width: 332px) 100vw, 332px\" \/>\t\t\t\t\t\t\t\t\t\t\t\t\t\t\t<\/div>\n\t\t\t\t<\/div>\n\t\t\t\t<div class=\"elementor-element elementor-element-fa8c204 elementor-widget elementor-widget-image\" data-id=\"fa8c204\" data-element_type=\"widget\" data-e-type=\"widget\" data-widget_type=\"image.default\">\n\t\t\t\t<div class=\"elementor-widget-container\">\n\t\t\t\t\t\t\t\t\t\t\t\t\t\t\t<img decoding=\"async\" width=\"949\" height=\"247\" src=\"https:\/\/inzainox.com\/wp-content\/uploads\/2025\/09\/ISGPV-1.png\" class=\"attachment-large size-large wp-image-7268\" alt=\"Inza Separadores de gorduras PEAD verticais\" srcset=\"https:\/\/inzainox.com\/wp-content\/uploads\/2025\/09\/ISGPV-1.png 949w, https:\/\/inzainox.com\/wp-content\/uploads\/2025\/09\/ISGPV-1-300x78.png 300w, https:\/\/inzainox.com\/wp-content\/uploads\/2025\/09\/ISGPV-1-768x200.png 768w, https:\/\/inzainox.com\/wp-content\/uploads\/2025\/09\/ISGPV-1-600x156.png 600w\" sizes=\"(max-width: 949px) 100vw, 949px\" \/>\t\t\t\t\t\t\t\t\t\t\t\t\t\t\t<\/div>\n\t\t\t\t<\/div>\n\t\t\t\t<div class=\"elementor-element elementor-element-ee2a370 elementor-widget elementor-widget-text-editor\" data-id=\"ee2a370\" data-element_type=\"widget\" data-e-type=\"widget\" data-widget_type=\"text-editor.default\">\n\t\t\t\t<div class=\"elementor-widget-container\">\n\t\t\t\t\t\t\t\t\t<p>FUNCIONAMENTO<\/p><p>A diferen\u00e7a de densidade dos diferentes contaminantes permite separar em duas fases: os s\u00f3lidos maiores, como restos de comida ou outros res\u00edduos, depositam-se no fundo do separador, enquanto as gorduras e os \u00f3leos flutuam \u00e0 superf\u00edcie devido \u00e0 sua menor densidade. O funcionamento do equipamento est\u00e1 garantido desde que esteja corretamente dimensionado e sejam realizadas as tarefas de manuten\u00e7\u00e3o. Rendimento de depura\u00e7\u00e3o: gorduras e \u00f3leos vegetais e animais &lt; 40%; s\u00f3lidos em suspens\u00e3o &lt; 90%.  <\/p><p>INSTALA\u00c7\u00c3O<\/p><p>O equipamento deve ser instalado sobre um plano horizontal. Encher com \u00e1gua antes da coloca\u00e7\u00e3o em funcionamento e ap\u00f3s cada esvaziamento. <\/p><p>MANUTEN\u00c7\u00c3O<\/p><p>O esvaziamento e a limpeza do equipamento devem ser realizados de acordo com a frequ\u00eancia de interven\u00e7\u00e3o descrita na norma EN 1825-2, ou seja, uma vez por m\u00eas e, preferencialmente, a cada 15 dias.<\/p>\t\t\t\t\t\t\t\t<\/div>\n\t\t\t\t<\/div>\n\t\t\t\t\t<\/div>\n\t\t\t\t<\/div>\n\t\t\t\t<\/div>\n\t\t","protected":false},"excerpt":{"rendered":"<p>Os separadores de gorduras em pl\u00e1stico s\u00e3o equipamentos que facilitam a separa\u00e7\u00e3o e a remo\u00e7\u00e3o das gorduras de origem vegetal e animal geradas numa cozinha, permitindo manter os mais elevados padr\u00f5es de manuten\u00e7\u00e3o e qualidade. Tratam-se de equipamentos compactos e leves para facilitar a sua instala\u00e7\u00e3o. S\u00e3o equipamentos ideais para instalar um separador de gorduras numa remodela\u00e7\u00e3o ou amplia\u00e7\u00e3o de uma cozinha, sem necessidade de obras.  <\/p>\n","protected":false},"featured_media":5300,"comment_status":"open","ping_status":"closed","template":"","meta":[],"product_brand":[],"product_cat":[309],"product_tag":[],"class_list":{"0":"post-7267","1":"product","2":"type-product","3":"status-publish","4":"has-post-thumbnail","6":"product_cat-separadores-de-gorduras","8":"first","9":"instock","10":"taxable","11":"shipping-taxable","12":"purchasable","13":"product-type-variable"},"yoast_head":"<!-- This site is optimized with the Yoast SEO plugin v27.1.1 - https:\/\/yoast.com\/product\/yoast-seo-wordpress\/ -->\n<title>Separadores de gorduras industriais e de cozinhas para instala\u00e7\u00e3o vertical<\/title>\n<meta name=\"description\" content=\"Separador de gorduras fabricado em PEAD (polietileno de alta densidade) para ind\u00fastria e cozinhas. Para instala\u00e7\u00e3o do tipo vertical\" \/>\n<meta name=\"robots\" content=\"index, follow, max-snippet:-1, max-image-preview:large, max-video-preview:-1\" \/>\n<link rel=\"canonical\" href=\"https:\/\/inzainox.com\/pt-pt\/producto\/separadores-de-gorduras-industriais-e-de-cozinhas-para-instalacao-vertical\/\" \/>\n<meta property=\"og:locale\" content=\"pt_PT\" \/>\n<meta property=\"og:type\" content=\"article\" \/>\n<meta property=\"og:title\" content=\"Separadores de gorduras industriais e de cozinhas para instala\u00e7\u00e3o vertical\" \/>\n<meta property=\"og:description\" content=\"Separador de gorduras fabricado em PEAD (polietileno de alta densidade) para ind\u00fastria e cozinhas. Para instala\u00e7\u00e3o do tipo vertical\" \/>\n<meta property=\"og:url\" content=\"https:\/\/inzainox.com\/pt-pt\/producto\/separadores-de-gorduras-industriais-e-de-cozinhas-para-instalacao-vertical\/\" \/>\n<meta property=\"og:site_name\" content=\"Canales y sumideros de acero inoxidable Inza. Drenaje inox para industria\" \/>\n<meta property=\"article:modified_time\" content=\"2026-03-25T22:41:33+00:00\" \/>\n<meta property=\"og:image\" content=\"https:\/\/inzainox.com\/wp-content\/uploads\/2025\/09\/ISGPV.png\" \/>\n\t<meta property=\"og:image:width\" content=\"260\" \/>\n\t<meta property=\"og:image:height\" content=\"322\" \/>\n\t<meta property=\"og:image:type\" content=\"image\/png\" \/>\n<meta name=\"twitter:card\" content=\"summary_large_image\" \/>\n<meta name=\"twitter:label1\" content=\"Tempo estimado de leitura\" \/>\n\t<meta name=\"twitter:data1\" content=\"1 minuto\" \/>\n<!-- \/ Yoast SEO plugin. -->","yoast_head_json":{"title":"Separadores de gorduras industriais e de cozinhas para instala\u00e7\u00e3o vertical","description":"Separador de gorduras fabricado em PEAD (polietileno de alta densidade) para ind\u00fastria e cozinhas. Para instala\u00e7\u00e3o do tipo vertical","robots":{"index":"index","follow":"follow","max-snippet":"max-snippet:-1","max-image-preview":"max-image-preview:large","max-video-preview":"max-video-preview:-1"},"canonical":"https:\/\/inzainox.com\/pt-pt\/producto\/separadores-de-gorduras-industriais-e-de-cozinhas-para-instalacao-vertical\/","og_locale":"pt_PT","og_type":"article","og_title":"Separadores de gorduras industriais e de cozinhas para instala\u00e7\u00e3o vertical","og_description":"Separador de gorduras fabricado em PEAD (polietileno de alta densidade) para ind\u00fastria e cozinhas. Para instala\u00e7\u00e3o do tipo vertical","og_url":"https:\/\/inzainox.com\/pt-pt\/producto\/separadores-de-gorduras-industriais-e-de-cozinhas-para-instalacao-vertical\/","og_site_name":"Canales y sumideros de acero inoxidable Inza. Drenaje inox para industria","article_modified_time":"2026-03-25T22:41:33+00:00","og_image":[{"width":260,"height":322,"url":"https:\/\/inzainox.com\/wp-content\/uploads\/2025\/09\/ISGPV.png","type":"image\/png"}],"twitter_card":"summary_large_image","twitter_misc":{"Tempo estimado de leitura":"1 minuto"},"schema":{"@context":"https:\/\/schema.org","@graph":[{"@type":"WebPage","@id":"https:\/\/inzainox.com\/pt-pt\/producto\/separadores-de-gorduras-industriais-e-de-cozinhas-para-instalacao-vertical\/","url":"https:\/\/inzainox.com\/pt-pt\/producto\/separadores-de-gorduras-industriais-e-de-cozinhas-para-instalacao-vertical\/","name":"Separadores de gorduras industriais e de cozinhas para instala\u00e7\u00e3o vertical","isPartOf":{"@id":"https:\/\/inzainox.com\/pt-pt\/#website"},"primaryImageOfPage":{"@id":"https:\/\/inzainox.com\/pt-pt\/producto\/separadores-de-gorduras-industriais-e-de-cozinhas-para-instalacao-vertical\/#primaryimage"},"image":{"@id":"https:\/\/inzainox.com\/pt-pt\/producto\/separadores-de-gorduras-industriais-e-de-cozinhas-para-instalacao-vertical\/#primaryimage"},"thumbnailUrl":"https:\/\/inzainox.com\/wp-content\/uploads\/2025\/09\/ISGPV.png","datePublished":"2025-09-04T17:21:04+00:00","dateModified":"2026-03-25T22:41:33+00:00","description":"Separador de gorduras fabricado em PEAD (polietileno de alta densidade) para ind\u00fastria e cozinhas. Para instala\u00e7\u00e3o do tipo vertical","breadcrumb":{"@id":"https:\/\/inzainox.com\/pt-pt\/producto\/separadores-de-gorduras-industriais-e-de-cozinhas-para-instalacao-vertical\/#breadcrumb"},"inLanguage":"pt-PT","potentialAction":[{"@type":"ReadAction","target":["https:\/\/inzainox.com\/pt-pt\/producto\/separadores-de-gorduras-industriais-e-de-cozinhas-para-instalacao-vertical\/"]}]},{"@type":"ImageObject","inLanguage":"pt-PT","@id":"https:\/\/inzainox.com\/pt-pt\/producto\/separadores-de-gorduras-industriais-e-de-cozinhas-para-instalacao-vertical\/#primaryimage","url":"https:\/\/inzainox.com\/wp-content\/uploads\/2025\/09\/ISGPV.png","contentUrl":"https:\/\/inzainox.com\/wp-content\/uploads\/2025\/09\/ISGPV.png","width":260,"height":322,"caption":"Inza Separador grasas PEAD instalaci\u00f3n vertical"},{"@type":"BreadcrumbList","@id":"https:\/\/inzainox.com\/pt-pt\/producto\/separadores-de-gorduras-industriais-e-de-cozinhas-para-instalacao-vertical\/#breadcrumb","itemListElement":[{"@type":"ListItem","position":1,"name":"P\u00e1gina inicial","item":"https:\/\/inzainox.com\/pt-pt\/nova-pagina-inicial\/"},{"@type":"ListItem","position":2,"name":"Loja Inza","item":"https:\/\/inzainox.com\/pt-pt\/loja-inza\/"},{"@type":"ListItem","position":3,"name":"Separadores de gorduras industriais e de cozinhas para instala\u00e7\u00e3o vertical"}]},{"@type":"WebSite","@id":"https:\/\/inzainox.com\/pt-pt\/#website","url":"https:\/\/inzainox.com\/pt-pt\/","name":"Canales y sumideros de acero inoxidable Inza. Drenaje inox para industria","description":"Drenaje de acero inoxidable para industria","publisher":{"@id":"https:\/\/inzainox.com\/pt-pt\/#organization"},"alternateName":"Inza Inox","potentialAction":[{"@type":"SearchAction","target":{"@type":"EntryPoint","urlTemplate":"https:\/\/inzainox.com\/pt-pt\/?s={search_term_string}"},"query-input":{"@type":"PropertyValueSpecification","valueRequired":true,"valueName":"search_term_string"}}],"inLanguage":"pt-PT"},{"@type":"Organization","@id":"https:\/\/inzainox.com\/pt-pt\/#organization","name":"Inza Inox S.L.","alternateName":"Inza","url":"https:\/\/inzainox.com\/pt-pt\/","logo":{"@type":"ImageObject","inLanguage":"pt-PT","@id":"https:\/\/inzainox.com\/pt-pt\/#\/schema\/logo\/image\/","url":"https:\/\/inzainox.com\/wp-content\/uploads\/2020\/05\/cropped-NUEVA-INZA-2-5.png","contentUrl":"https:\/\/inzainox.com\/wp-content\/uploads\/2020\/05\/cropped-NUEVA-INZA-2-5.png","width":549,"height":264,"caption":"Inza Inox S.L."},"image":{"@id":"https:\/\/inzainox.com\/pt-pt\/#\/schema\/logo\/image\/"}}]}},"_links":{"self":[{"href":"https:\/\/inzainox.com\/pt-pt\/wp-json\/wp\/v2\/product\/7267","targetHints":{"allow":["GET"]}}],"collection":[{"href":"https:\/\/inzainox.com\/pt-pt\/wp-json\/wp\/v2\/product"}],"about":[{"href":"https:\/\/inzainox.com\/pt-pt\/wp-json\/wp\/v2\/types\/product"}],"replies":[{"embeddable":true,"href":"https:\/\/inzainox.com\/pt-pt\/wp-json\/wp\/v2\/comments?post=7267"}],"version-history":[{"count":1,"href":"https:\/\/inzainox.com\/pt-pt\/wp-json\/wp\/v2\/product\/7267\/revisions"}],"predecessor-version":[{"id":7276,"href":"https:\/\/inzainox.com\/pt-pt\/wp-json\/wp\/v2\/product\/7267\/revisions\/7276"}],"wp:featuredmedia":[{"embeddable":true,"href":"https:\/\/inzainox.com\/pt-pt\/wp-json\/wp\/v2\/media\/5300"}],"wp:attachment":[{"href":"https:\/\/inzainox.com\/pt-pt\/wp-json\/wp\/v2\/media?parent=7267"}],"wp:term":[{"taxonomy":"product_brand","embeddable":true,"href":"https:\/\/inzainox.com\/pt-pt\/wp-json\/wp\/v2\/product_brand?post=7267"},{"taxonomy":"product_cat","embeddable":true,"href":"https:\/\/inzainox.com\/pt-pt\/wp-json\/wp\/v2\/product_cat?post=7267"},{"taxonomy":"product_tag","embeddable":true,"href":"https:\/\/inzainox.com\/pt-pt\/wp-json\/wp\/v2\/product_tag?post=7267"}],"curies":[{"name":"wp","href":"https:\/\/api.w.org\/{rel}","templated":true}]}}