{"id":7233,"date":"2023-12-11T16:21:52","date_gmt":"2023-12-11T16:21:52","guid":{"rendered":"https:\/\/inzainox.com\/producto\/canais-de-escoamento-inza-pd-de-betao-polimero-para-trafego-pesado\/"},"modified":"2026-03-25T22:41:13","modified_gmt":"2026-03-25T22:41:13","slug":"canais-de-escoamento-inza-pd-de-betao-polimero-para-trafego-pesado","status":"publish","type":"product","link":"https:\/\/inzainox.com\/pt-pt\/producto\/canais-de-escoamento-inza-pd-de-betao-polimero-para-trafego-pesado\/","title":{"rendered":"Canais de escoamento INZA PD de bet\u00e3o pol\u00edmero para tr\u00e1fego pesado"},"content":{"rendered":"\t\t<div data-elementor-type=\"wp-post\" data-elementor-id=\"7233\" class=\"elementor elementor-7233 elementor-3207\">\n\t\t\t\t<div class=\"elementor-element elementor-element-55da888c e-flex e-con-boxed e-con e-parent\" data-id=\"55da888c\" data-element_type=\"container\" data-e-type=\"container\">\n\t\t\t\t\t<div class=\"e-con-inner\">\n\t\t\t\t<div class=\"elementor-element elementor-element-63282da8 elementor-widget elementor-widget-text-editor\" data-id=\"63282da8\" data-element_type=\"widget\" data-e-type=\"widget\" data-widget_type=\"text-editor.default\">\n\t\t\t\t<div class=\"elementor-widget-container\">\n\t\t\t\t\t\t\t\t\t<p>Canal de escoamento INZA PD de bet\u00e3o pol\u00edmero com grelha de ferro fundido D400 para tr\u00e1fego pesado de cami\u00f5es. Com largura exterior de 130, 200, 250, 300 e 350mm. Grelhas aparafusadas sobre perfis laterais de a\u00e7o. S\u00e3o canais pr\u00e9-fabricados para uma instala\u00e7\u00e3o enterrada em obra e para recolher a \u00e1gua de escoamento de plataformas pavimentadas atrav\u00e9s de um sistema de declives em duas \u00e1guas, simplificando a sua instala\u00e7\u00e3o face aos sistemas convencionais de sumidouros pontuais ou sarjetas. Os canais com grelha para cami\u00f5es t\u00eam uma resist\u00eancia extraordin\u00e1ria e podem recolher \u00e1gua em zonas suscet\u00edveis de serem pisadas por cami\u00f5es.<br>Um canal com grelha para o tr\u00e1fego de cami\u00f5es une-se ao seguinte atrav\u00e9s de machiamento que pode ser selado para conseguir uma uni\u00e3o estanque. Todas as pe\u00e7as t\u00eam pr\u00e9-marca\u00e7\u00f5es para poder abrir sa\u00eddas de diferentes di\u00e2metros e conect\u00e1-las a tubagens de escoamento.<br>Existem outros canais de diferentes larguras e com grelhas com distintas classes de carga. As grelhas de ferro fundido d\u00factil D400 s\u00e3o fabricadas para suportar cargas de cami\u00f5es. T\u00eam um comprimento de 500mm e s\u00e3o aparafusadas ao corpo do canal de bet\u00e3o pol\u00edmero atrav\u00e9s de 4 parafusos. As grelhas de ferro fundido d\u00factil t\u00eam um acabamento com pintura preta de grande resist\u00eancia. Os canais de bet\u00e3o pol\u00edmero s\u00e3o fabricados em tro\u00e7os de 1000mm, pelo que levam 2 grelhas por unidade. O bet\u00e3o pol\u00edmero \u00e9 uma mistura de agregados com resinas que confere ao canal uma grande resist\u00eancia com um menor peso. Al\u00e9m disso, a superf\u00edcie n\u00e3o \u00e9 porosa, evitando problemas de eros\u00e3o com os l\u00edquidos que drena. As resinas da mistura proporcionam aos canais um coeficiente de rugosidade muito baixo, aumentando a velocidade de escoamento e conseguindo melhores resultados na capacidade hidr\u00e1ulica dos canais, necessitando de menor tamanho para escoar o mesmo caudal, al\u00e9m de provocar um maior arraste de sedimentos num efeito de autolimpeza.            <\/p><p> <\/p>\t\t\t\t\t\t\t\t<\/div>\n\t\t\t\t<\/div>\n\t\t\t\t\t<\/div>\n\t\t\t\t<\/div>\n\t\t\t\t<\/div>\n\t\t","protected":false},"excerpt":{"rendered":"<p>Canal de escoamento de bet\u00e3o pol\u00edmero PD com 2 grelhas de ferro fundido de classe de carga D400 para tr\u00e1fego pesado de cami\u00f5es. Os canais t\u00eam diferentes dimens\u00f5es em fun\u00e7\u00e3o da capacidade hidr\u00e1ulica requerida. Com perfis laterais de a\u00e7o para o apoio de 2 grelhas de ferro fundido d\u00factil aparafusadas. As uni\u00f5es entre as caleiras s\u00e3o feitas atrav\u00e9s do machiamento dos corpos dos canais de bet\u00e3o pol\u00edmero nas suas extremidades.   <\/p>\n","protected":false},"featured_media":3191,"comment_status":"open","ping_status":"closed","template":"","meta":[],"product_brand":[],"product_cat":[414,295],"product_tag":[],"class_list":{"0":"post-7233","1":"product","2":"type-product","3":"status-publish","4":"has-post-thumbnail","6":"product_cat-canais-de-betao-polimero","7":"product_cat-canais-de-drenagem-com-grelha","9":"first","10":"instock","11":"taxable","12":"shipping-taxable","13":"purchasable","14":"product-type-variable"},"yoast_head":"<!-- This site is optimized with the Yoast SEO plugin v27.1.1 - https:\/\/yoast.com\/product\/yoast-seo-wordpress\/ -->\n<title>Canal de bet\u00e3o pol\u00edmero para tr\u00e1fego pesado<\/title>\n<meta name=\"description\" content=\"Em stock. Canal de escoamento com grelha para tr\u00e1fego pesado. Fabricado em bet\u00e3o pol\u00edmero, com grelha de ferro fundido d\u00factil. Diferentes larguras e alturas.\" \/>\n<meta name=\"robots\" content=\"index, follow, max-snippet:-1, max-image-preview:large, max-video-preview:-1\" \/>\n<link rel=\"canonical\" href=\"https:\/\/inzainox.com\/pt-pt\/producto\/canais-de-escoamento-inza-pd-de-betao-polimero-para-trafego-pesado\/\" \/>\n<meta property=\"og:locale\" content=\"pt_PT\" \/>\n<meta property=\"og:type\" content=\"article\" \/>\n<meta property=\"og:title\" content=\"Canal de bet\u00e3o pol\u00edmero para tr\u00e1fego pesado\" \/>\n<meta property=\"og:description\" content=\"Em stock. Canal de escoamento com grelha para tr\u00e1fego pesado. Fabricado em bet\u00e3o pol\u00edmero, com grelha de ferro fundido d\u00factil. Diferentes larguras e alturas.\" \/>\n<meta property=\"og:url\" content=\"https:\/\/inzainox.com\/pt-pt\/producto\/canais-de-escoamento-inza-pd-de-betao-polimero-para-trafego-pesado\/\" \/>\n<meta property=\"og:site_name\" content=\"Canales y sumideros de acero inoxidable Inza. Drenaje inox para industria\" \/>\n<meta property=\"article:modified_time\" content=\"2026-03-25T22:41:13+00:00\" \/>\n<meta property=\"og:image\" content=\"https:\/\/inzainox.com\/wp-content\/uploads\/2023\/12\/P100.jpg\" \/>\n\t<meta property=\"og:image:width\" content=\"630\" \/>\n\t<meta property=\"og:image:height\" content=\"438\" \/>\n\t<meta property=\"og:image:type\" content=\"image\/jpeg\" \/>\n<meta name=\"twitter:card\" content=\"summary_large_image\" \/>\n<meta name=\"twitter:label1\" content=\"Tempo estimado de leitura\" \/>\n\t<meta name=\"twitter:data1\" content=\"2 minutos\" \/>\n<!-- \/ Yoast SEO plugin. -->","yoast_head_json":{"title":"Canal de bet\u00e3o pol\u00edmero para tr\u00e1fego pesado","description":"Em stock. Canal de escoamento com grelha para tr\u00e1fego pesado. Fabricado em bet\u00e3o pol\u00edmero, com grelha de ferro fundido d\u00factil. Diferentes larguras e alturas.","robots":{"index":"index","follow":"follow","max-snippet":"max-snippet:-1","max-image-preview":"max-image-preview:large","max-video-preview":"max-video-preview:-1"},"canonical":"https:\/\/inzainox.com\/pt-pt\/producto\/canais-de-escoamento-inza-pd-de-betao-polimero-para-trafego-pesado\/","og_locale":"pt_PT","og_type":"article","og_title":"Canal de bet\u00e3o pol\u00edmero para tr\u00e1fego pesado","og_description":"Em stock. Canal de escoamento com grelha para tr\u00e1fego pesado. Fabricado em bet\u00e3o pol\u00edmero, com grelha de ferro fundido d\u00factil. Diferentes larguras e alturas.","og_url":"https:\/\/inzainox.com\/pt-pt\/producto\/canais-de-escoamento-inza-pd-de-betao-polimero-para-trafego-pesado\/","og_site_name":"Canales y sumideros de acero inoxidable Inza. Drenaje inox para industria","article_modified_time":"2026-03-25T22:41:13+00:00","og_image":[{"width":630,"height":438,"url":"https:\/\/inzainox.com\/wp-content\/uploads\/2023\/12\/P100.jpg","type":"image\/jpeg"}],"twitter_card":"summary_large_image","twitter_misc":{"Tempo estimado de leitura":"2 minutos"},"schema":{"@context":"https:\/\/schema.org","@graph":[{"@type":"WebPage","@id":"https:\/\/inzainox.com\/pt-pt\/producto\/canais-de-escoamento-inza-pd-de-betao-polimero-para-trafego-pesado\/","url":"https:\/\/inzainox.com\/pt-pt\/producto\/canais-de-escoamento-inza-pd-de-betao-polimero-para-trafego-pesado\/","name":"Canal de bet\u00e3o pol\u00edmero para tr\u00e1fego pesado","isPartOf":{"@id":"https:\/\/inzainox.com\/pt-pt\/#website"},"primaryImageOfPage":{"@id":"https:\/\/inzainox.com\/pt-pt\/producto\/canais-de-escoamento-inza-pd-de-betao-polimero-para-trafego-pesado\/#primaryimage"},"image":{"@id":"https:\/\/inzainox.com\/pt-pt\/producto\/canais-de-escoamento-inza-pd-de-betao-polimero-para-trafego-pesado\/#primaryimage"},"thumbnailUrl":"https:\/\/inzainox.com\/wp-content\/uploads\/2023\/12\/P100.jpg","datePublished":"2023-12-11T16:21:52+00:00","dateModified":"2026-03-25T22:41:13+00:00","description":"Em stock. Canal de escoamento com grelha para tr\u00e1fego pesado. Fabricado em bet\u00e3o pol\u00edmero, com grelha de ferro fundido d\u00factil. Diferentes larguras e alturas.","breadcrumb":{"@id":"https:\/\/inzainox.com\/pt-pt\/producto\/canais-de-escoamento-inza-pd-de-betao-polimero-para-trafego-pesado\/#breadcrumb"},"inLanguage":"pt-PT","potentialAction":[{"@type":"ReadAction","target":["https:\/\/inzainox.com\/pt-pt\/producto\/canais-de-escoamento-inza-pd-de-betao-polimero-para-trafego-pesado\/"]}]},{"@type":"ImageObject","inLanguage":"pt-PT","@id":"https:\/\/inzainox.com\/pt-pt\/producto\/canais-de-escoamento-inza-pd-de-betao-polimero-para-trafego-pesado\/#primaryimage","url":"https:\/\/inzainox.com\/wp-content\/uploads\/2023\/12\/P100.jpg","contentUrl":"https:\/\/inzainox.com\/wp-content\/uploads\/2023\/12\/P100.jpg","width":630,"height":438,"caption":"Canal de hormig\u00f3n pol\u00edmero y rejas de fundici\u00f3n d\u00factil para tr\u00e1fico rodado"},{"@type":"BreadcrumbList","@id":"https:\/\/inzainox.com\/pt-pt\/producto\/canais-de-escoamento-inza-pd-de-betao-polimero-para-trafego-pesado\/#breadcrumb","itemListElement":[{"@type":"ListItem","position":1,"name":"P\u00e1gina inicial","item":"https:\/\/inzainox.com\/pt-pt\/nova-pagina-inicial\/"},{"@type":"ListItem","position":2,"name":"Loja Inza","item":"https:\/\/inzainox.com\/pt-pt\/loja-inza\/"},{"@type":"ListItem","position":3,"name":"Canais de escoamento INZA PD de bet\u00e3o pol\u00edmero para tr\u00e1fego pesado"}]},{"@type":"WebSite","@id":"https:\/\/inzainox.com\/pt-pt\/#website","url":"https:\/\/inzainox.com\/pt-pt\/","name":"Canales y sumideros de acero inoxidable Inza. Drenaje inox para industria","description":"Drenaje de acero inoxidable para industria","publisher":{"@id":"https:\/\/inzainox.com\/pt-pt\/#organization"},"alternateName":"Inza Inox","potentialAction":[{"@type":"SearchAction","target":{"@type":"EntryPoint","urlTemplate":"https:\/\/inzainox.com\/pt-pt\/?s={search_term_string}"},"query-input":{"@type":"PropertyValueSpecification","valueRequired":true,"valueName":"search_term_string"}}],"inLanguage":"pt-PT"},{"@type":"Organization","@id":"https:\/\/inzainox.com\/pt-pt\/#organization","name":"Inza Inox S.L.","alternateName":"Inza","url":"https:\/\/inzainox.com\/pt-pt\/","logo":{"@type":"ImageObject","inLanguage":"pt-PT","@id":"https:\/\/inzainox.com\/pt-pt\/#\/schema\/logo\/image\/","url":"https:\/\/inzainox.com\/wp-content\/uploads\/2020\/05\/cropped-NUEVA-INZA-2-5.png","contentUrl":"https:\/\/inzainox.com\/wp-content\/uploads\/2020\/05\/cropped-NUEVA-INZA-2-5.png","width":549,"height":264,"caption":"Inza Inox S.L."},"image":{"@id":"https:\/\/inzainox.com\/pt-pt\/#\/schema\/logo\/image\/"}}]}},"_links":{"self":[{"href":"https:\/\/inzainox.com\/pt-pt\/wp-json\/wp\/v2\/product\/7233","targetHints":{"allow":["GET"]}}],"collection":[{"href":"https:\/\/inzainox.com\/pt-pt\/wp-json\/wp\/v2\/product"}],"about":[{"href":"https:\/\/inzainox.com\/pt-pt\/wp-json\/wp\/v2\/types\/product"}],"replies":[{"embeddable":true,"href":"https:\/\/inzainox.com\/pt-pt\/wp-json\/wp\/v2\/comments?post=7233"}],"version-history":[{"count":1,"href":"https:\/\/inzainox.com\/pt-pt\/wp-json\/wp\/v2\/product\/7233\/revisions"}],"predecessor-version":[{"id":7240,"href":"https:\/\/inzainox.com\/pt-pt\/wp-json\/wp\/v2\/product\/7233\/revisions\/7240"}],"wp:featuredmedia":[{"embeddable":true,"href":"https:\/\/inzainox.com\/pt-pt\/wp-json\/wp\/v2\/media\/3191"}],"wp:attachment":[{"href":"https:\/\/inzainox.com\/pt-pt\/wp-json\/wp\/v2\/media?parent=7233"}],"wp:term":[{"taxonomy":"product_brand","embeddable":true,"href":"https:\/\/inzainox.com\/pt-pt\/wp-json\/wp\/v2\/product_brand?post=7233"},{"taxonomy":"product_cat","embeddable":true,"href":"https:\/\/inzainox.com\/pt-pt\/wp-json\/wp\/v2\/product_cat?post=7233"},{"taxonomy":"product_tag","embeddable":true,"href":"https:\/\/inzainox.com\/pt-pt\/wp-json\/wp\/v2\/product_tag?post=7233"}],"curies":[{"name":"wp","href":"https:\/\/api.w.org\/{rel}","templated":true}]}}