{"id":7218,"date":"2026-03-05T00:14:09","date_gmt":"2026-03-05T00:14:09","guid":{"rendered":"https:\/\/inzainox.com\/producto\/tampa-estanque-lisa-redonda-de-aco-inoxidavel\/"},"modified":"2026-03-05T00:14:09","modified_gmt":"2026-03-05T00:14:09","slug":"tampa-estanque-lisa-redonda-de-aco-inoxidavel","status":"publish","type":"product","link":"https:\/\/inzainox.com\/pt-pt\/producto\/tampa-estanque-lisa-redonda-de-aco-inoxidavel\/","title":{"rendered":"Tampa estanque lisa redonda de a\u00e7o inoxid\u00e1vel"},"content":{"rendered":"<p>Tampa e aro para caixa de visita lisa redonda fabricada em a\u00e7o inoxid\u00e1vel AISI304. Possibilidade de fabrico em a\u00e7o inoxid\u00e1vel AISI316L para instala\u00e7\u00f5es com um ambiente especialmente agressivo ou ambientes mar\u00edtimos.<\/p>\n<p>Por n\u00e3o ter cantos, a sua geometria circular garante uma distribui\u00e7\u00e3o radial e uniforme das tens\u00f5es, minimizando os pontos fracos estruturais e reduzindo significativamente o risco de deforma\u00e7\u00f5es ou fissuras no pavimento sob cargas pesadas.<\/p>\n<p>\u00c9 uma tampa estanque circular para evitar odores, gra\u00e7as a um fecho com junta de EPDM e uni\u00e3o com 4 parafusos de inox nos cantos da tampa. A tampa inclui as ferramentas para remover os parafusos no pre\u00e7o<\/p>\n<p>Fornecemos man\u00edpulos que se roscam no alojamento dos parafusos para facilitar a sua abertura com comodidade. Estes man\u00edpulos com asa tamb\u00e9m est\u00e3o inclu\u00eddos no pre\u00e7o.  A opera\u00e7\u00e3o para desmontar a tampa \u00e9 semelhante \u00e0 que aparece no seguinte v\u00eddeo de desmontagem de uma tampa estanque quadrada.<\/p>\n<p>Tampa padr\u00e3o para cargas de tr\u00e1fego pedonal e tampas especialmente refor\u00e7adas para cargas de tr\u00e1fego rodovi\u00e1rio de ve\u00edculos. Dispomos de tampas para classes de carga A15, B125, C250 e D400. <\/p>\n<p><iframe title=\"Tapa de arqueta estanca lisa de acero inoxidable o galvanizado\" width=\"1200\" height=\"675\" src=\"https:\/\/www.youtube.com\/embed\/i-ht3desZic?feature=oembed\" frameborder=\"0\" allow=\"accelerometer; autoplay; clipboard-write; encrypted-media; gyroscope; picture-in-picture; web-share\" referrerpolicy=\"strict-origin-when-cross-origin\" allowfullscreen><\/iframe><\/p>\n<p>Tampas quadradas em stock de diferentes dimens\u00f5es, desde 300x300mm at\u00e9 1000x1000mm.<\/p>\n<p><a href=\"https:\/\/inzainox.com\/wp-content\/uploads\/2026\/03\/FT-TRIL-Circular-Lisa.pdf\"><strong>FICHA T\u00c9CNICA<\/strong><\/a><\/p>\n<p>Consulte qualquer outro tipo de tampas de diferentes materiais e de medidas especiais.<\/p>\n<p>Existem tampas para grandes cargas e abertura assistida por pist\u00f5es.<\/p>\n<p><img fetchpriority=\"high\" decoding=\"async\" src=\"https:\/\/inzainox.com\/wp-content\/uploads\/2026\/03\/FT-TRIL-Circular-Lisa.png\" alt=\"\" width=\"755\" height=\"1053\"><\/p>\n","protected":false},"excerpt":{"rendered":"<p>Transporte inclu\u00eddo no pre\u00e7o<\/p>\n<p>Entregamo-la em 24-48h<\/p>\n<p>Se tiver alguma d\u00favida, ligue-nos T. +34 91 127 90 05<\/p>\n<p>Tampa de caixa de visita estanque redonda de a\u00e7o inoxid\u00e1vel AISI304. Fecho por quatro parafusos e uni\u00e3o por junta de EPDM. Pode ser simples para passagem pedonal (classe de carga A15) ou refor\u00e7ada para passagem de ve\u00edculos (classe de carga B125).  <\/p>\n<p>O seu design circular distribui o peso de forma uniforme e sem pontos de stress, o que maximiza a sua resist\u00eancia \u00e0 press\u00e3o e evita eficazmente o aparecimento de fissuras no pavimento adjacente.<\/p>\n<p>Todas as tampas s\u00e3o fornecidas com as ferramentas para a sua abertura.<\/p>\n","protected":false},"featured_media":6254,"comment_status":"open","ping_status":"closed","template":"","meta":[],"product_brand":[],"product_cat":[287,288,376],"product_tag":[],"class_list":{"0":"post-7218","1":"product","2":"type-product","3":"status-publish","4":"has-post-thumbnail","6":"product_cat-tampas-estanques","7":"product_cat-tampas-estanques-em-aco-inoxidavel","8":"product_cat-tampas-estanques-redondas-de-aco-inoxidavel","10":"first","11":"instock","12":"taxable","13":"shipping-taxable","14":"purchasable","15":"product-type-variable"},"yoast_head":"<!-- This site is optimized with the Yoast SEO plugin v27.1.1 - https:\/\/yoast.com\/product\/yoast-seo-wordpress\/ -->\n<title>Tampa estanque lisa redonda de a\u00e7o inoxid\u00e1vel<\/title>\n<meta name=\"description\" content=\"Stock dispon\u00edvel de tampas estanques redondas de a\u00e7o inoxid\u00e1vel para caixa de visita. Selecione e compre a solu\u00e7\u00e3o anti-odores\" \/>\n<meta name=\"robots\" content=\"index, follow, max-snippet:-1, max-image-preview:large, max-video-preview:-1\" \/>\n<link rel=\"canonical\" href=\"https:\/\/inzainox.com\/pt-pt\/producto\/tampa-estanque-lisa-redonda-de-aco-inoxidavel\/\" \/>\n<meta property=\"og:locale\" content=\"pt_PT\" \/>\n<meta property=\"og:type\" content=\"article\" \/>\n<meta property=\"og:title\" content=\"Tampa estanque lisa redonda de a\u00e7o inoxid\u00e1vel\" \/>\n<meta property=\"og:description\" content=\"Stock dispon\u00edvel de tampas estanques redondas de a\u00e7o inoxid\u00e1vel para caixa de visita. Selecione e compre a solu\u00e7\u00e3o anti-odores\" \/>\n<meta property=\"og:url\" content=\"https:\/\/inzainox.com\/pt-pt\/producto\/tampa-estanque-lisa-redonda-de-aco-inoxidavel\/\" \/>\n<meta property=\"og:site_name\" content=\"Canales y sumideros de acero inoxidable Inza. Drenaje inox para industria\" \/>\n<meta property=\"og:image\" content=\"https:\/\/inzainox.com\/wp-content\/uploads\/2026\/03\/tapa-estanca-lisa-redonda.jpg\" \/>\n\t<meta property=\"og:image:width\" content=\"2478\" \/>\n\t<meta property=\"og:image:height\" content=\"1728\" \/>\n\t<meta property=\"og:image:type\" content=\"image\/jpeg\" \/>\n<meta name=\"twitter:card\" content=\"summary_large_image\" \/>\n<meta name=\"twitter:label1\" content=\"Tempo estimado de leitura\" \/>\n\t<meta name=\"twitter:data1\" content=\"1 minuto\" \/>\n<!-- \/ Yoast SEO plugin. -->","yoast_head_json":{"title":"Tampa estanque lisa redonda de a\u00e7o inoxid\u00e1vel","description":"Stock dispon\u00edvel de tampas estanques redondas de a\u00e7o inoxid\u00e1vel para caixa de visita. Selecione e compre a solu\u00e7\u00e3o anti-odores","robots":{"index":"index","follow":"follow","max-snippet":"max-snippet:-1","max-image-preview":"max-image-preview:large","max-video-preview":"max-video-preview:-1"},"canonical":"https:\/\/inzainox.com\/pt-pt\/producto\/tampa-estanque-lisa-redonda-de-aco-inoxidavel\/","og_locale":"pt_PT","og_type":"article","og_title":"Tampa estanque lisa redonda de a\u00e7o inoxid\u00e1vel","og_description":"Stock dispon\u00edvel de tampas estanques redondas de a\u00e7o inoxid\u00e1vel para caixa de visita. Selecione e compre a solu\u00e7\u00e3o anti-odores","og_url":"https:\/\/inzainox.com\/pt-pt\/producto\/tampa-estanque-lisa-redonda-de-aco-inoxidavel\/","og_site_name":"Canales y sumideros de acero inoxidable Inza. Drenaje inox para industria","og_image":[{"width":2478,"height":1728,"url":"https:\/\/inzainox.com\/wp-content\/uploads\/2026\/03\/tapa-estanca-lisa-redonda.jpg","type":"image\/jpeg"}],"twitter_card":"summary_large_image","twitter_misc":{"Tempo estimado de leitura":"1 minuto"},"schema":{"@context":"https:\/\/schema.org","@graph":[{"@type":"WebPage","@id":"https:\/\/inzainox.com\/pt-pt\/producto\/tampa-estanque-lisa-redonda-de-aco-inoxidavel\/","url":"https:\/\/inzainox.com\/pt-pt\/producto\/tampa-estanque-lisa-redonda-de-aco-inoxidavel\/","name":"Tampa estanque lisa redonda de a\u00e7o inoxid\u00e1vel","isPartOf":{"@id":"https:\/\/inzainox.com\/pt-pt\/#website"},"primaryImageOfPage":{"@id":"https:\/\/inzainox.com\/pt-pt\/producto\/tampa-estanque-lisa-redonda-de-aco-inoxidavel\/#primaryimage"},"image":{"@id":"https:\/\/inzainox.com\/pt-pt\/producto\/tampa-estanque-lisa-redonda-de-aco-inoxidavel\/#primaryimage"},"thumbnailUrl":"https:\/\/inzainox.com\/wp-content\/uploads\/2026\/03\/tapa-estanca-lisa-redonda.jpg","datePublished":"2026-03-05T00:14:09+00:00","description":"Stock dispon\u00edvel de tampas estanques redondas de a\u00e7o inoxid\u00e1vel para caixa de visita. Selecione e compre a solu\u00e7\u00e3o anti-odores","breadcrumb":{"@id":"https:\/\/inzainox.com\/pt-pt\/producto\/tampa-estanque-lisa-redonda-de-aco-inoxidavel\/#breadcrumb"},"inLanguage":"pt-PT","potentialAction":[{"@type":"ReadAction","target":["https:\/\/inzainox.com\/pt-pt\/producto\/tampa-estanque-lisa-redonda-de-aco-inoxidavel\/"]}]},{"@type":"ImageObject","inLanguage":"pt-PT","@id":"https:\/\/inzainox.com\/pt-pt\/producto\/tampa-estanque-lisa-redonda-de-aco-inoxidavel\/#primaryimage","url":"https:\/\/inzainox.com\/wp-content\/uploads\/2026\/03\/tapa-estanca-lisa-redonda.jpg","contentUrl":"https:\/\/inzainox.com\/wp-content\/uploads\/2026\/03\/tapa-estanca-lisa-redonda.jpg","width":2478,"height":1728,"caption":"tapa estanca lisa redonda de acero inoxidable para sistemas de drenaje industrial y alimentario. Registro estanco circular de acero inoxidable liso. Tapa de inspecci\u00f3n para saneamiento industrial o residencial dise\u00f1ada para evitar olores y garantizar la estanqueidad en zonas con altos requisitos de higiene"},{"@type":"BreadcrumbList","@id":"https:\/\/inzainox.com\/pt-pt\/producto\/tampa-estanque-lisa-redonda-de-aco-inoxidavel\/#breadcrumb","itemListElement":[{"@type":"ListItem","position":1,"name":"P\u00e1gina inicial","item":"https:\/\/inzainox.com\/pt-pt\/nova-pagina-inicial\/"},{"@type":"ListItem","position":2,"name":"Loja Inza","item":"https:\/\/inzainox.com\/pt-pt\/loja-inza\/"},{"@type":"ListItem","position":3,"name":"Tampa estanque lisa redonda de a\u00e7o inoxid\u00e1vel"}]},{"@type":"WebSite","@id":"https:\/\/inzainox.com\/pt-pt\/#website","url":"https:\/\/inzainox.com\/pt-pt\/","name":"Canales y sumideros de acero inoxidable Inza. Drenaje inox para industria","description":"Drenaje de acero inoxidable para industria","publisher":{"@id":"https:\/\/inzainox.com\/pt-pt\/#organization"},"alternateName":"Inza Inox","potentialAction":[{"@type":"SearchAction","target":{"@type":"EntryPoint","urlTemplate":"https:\/\/inzainox.com\/pt-pt\/?s={search_term_string}"},"query-input":{"@type":"PropertyValueSpecification","valueRequired":true,"valueName":"search_term_string"}}],"inLanguage":"pt-PT"},{"@type":"Organization","@id":"https:\/\/inzainox.com\/pt-pt\/#organization","name":"Inza Inox S.L.","alternateName":"Inza","url":"https:\/\/inzainox.com\/pt-pt\/","logo":{"@type":"ImageObject","inLanguage":"pt-PT","@id":"https:\/\/inzainox.com\/pt-pt\/#\/schema\/logo\/image\/","url":"https:\/\/inzainox.com\/wp-content\/uploads\/2020\/05\/cropped-NUEVA-INZA-2-5.png","contentUrl":"https:\/\/inzainox.com\/wp-content\/uploads\/2020\/05\/cropped-NUEVA-INZA-2-5.png","width":549,"height":264,"caption":"Inza Inox S.L."},"image":{"@id":"https:\/\/inzainox.com\/pt-pt\/#\/schema\/logo\/image\/"}}]}},"_links":{"self":[{"href":"https:\/\/inzainox.com\/pt-pt\/wp-json\/wp\/v2\/product\/7218","targetHints":{"allow":["GET"]}}],"collection":[{"href":"https:\/\/inzainox.com\/pt-pt\/wp-json\/wp\/v2\/product"}],"about":[{"href":"https:\/\/inzainox.com\/pt-pt\/wp-json\/wp\/v2\/types\/product"}],"replies":[{"embeddable":true,"href":"https:\/\/inzainox.com\/pt-pt\/wp-json\/wp\/v2\/comments?post=7218"}],"version-history":[{"count":0,"href":"https:\/\/inzainox.com\/pt-pt\/wp-json\/wp\/v2\/product\/7218\/revisions"}],"wp:featuredmedia":[{"embeddable":true,"href":"https:\/\/inzainox.com\/pt-pt\/wp-json\/wp\/v2\/media\/6254"}],"wp:attachment":[{"href":"https:\/\/inzainox.com\/pt-pt\/wp-json\/wp\/v2\/media?parent=7218"}],"wp:term":[{"taxonomy":"product_brand","embeddable":true,"href":"https:\/\/inzainox.com\/pt-pt\/wp-json\/wp\/v2\/product_brand?post=7218"},{"taxonomy":"product_cat","embeddable":true,"href":"https:\/\/inzainox.com\/pt-pt\/wp-json\/wp\/v2\/product_cat?post=7218"},{"taxonomy":"product_tag","embeddable":true,"href":"https:\/\/inzainox.com\/pt-pt\/wp-json\/wp\/v2\/product_tag?post=7218"}],"curies":[{"name":"wp","href":"https:\/\/api.w.org\/{rel}","templated":true}]}}