{"id":7200,"date":"2022-03-03T12:20:22","date_gmt":"2022-03-03T12:20:22","guid":{"rendered":"https:\/\/inzainox.com\/producto\/canal-inza-s100-de-betao-polimero-largura-100-mm\/"},"modified":"2026-03-25T22:40:26","modified_gmt":"2026-03-25T22:40:26","slug":"canal-inza-s100-de-betao-polimero-largura-100-mm","status":"publish","type":"product","link":"https:\/\/inzainox.com\/pt-pt\/producto\/canal-inza-s100-de-betao-polimero-largura-100-mm\/","title":{"rendered":"Canal INZA S100 de bet\u00e3o pol\u00edmero, largura 100 mm"},"content":{"rendered":"\t\t<div data-elementor-type=\"wp-post\" data-elementor-id=\"7200\" class=\"elementor elementor-7200 elementor-2287\">\n\t\t\t\t<div class=\"elementor-element elementor-element-156c8aaf e-flex e-con-boxed e-con e-parent\" data-id=\"156c8aaf\" data-element_type=\"container\" data-e-type=\"container\">\n\t\t\t\t\t<div class=\"e-con-inner\">\n\t\t\t\t<div class=\"elementor-element elementor-element-69cbc51d elementor-widget elementor-widget-text-editor\" data-id=\"69cbc51d\" data-element_type=\"widget\" data-e-type=\"widget\" data-widget_type=\"text-editor.default\">\n\t\t\t\t<div class=\"elementor-widget-container\">\n\t\t\t\t\t\t\t\t\t<p>Canal de bet\u00e3o pol\u00edmero com grelha S100. Largura interior 100 mm e diferentes alturas. Pe\u00e7as com 1000 mm de comprimento. Com encaixe macho-f\u00eamea para uni\u00e3o e pr\u00e9-marcas para abertura das sa\u00eddas   <\/p><p>Disp\u00f5em de grelhas fabricadas em a\u00e7o galvanizado, a\u00e7o inoxid\u00e1vel, ferro fundido e polipropileno<\/p><p>Os canais s\u00e3o de classe de carga C250 e existem grelhas para classe de carga A15 &#8211; tr\u00e1fego pedonal, B125 &#8211; tr\u00e1fego de ve\u00edculos e C250 &#8211; tr\u00e1fego urbano<\/p><p> <\/p><p>Passarela pedonal A15 em a\u00e7o galvanizado e a\u00e7o inoxid\u00e1vel<\/p><p><img decoding=\"async\" class=\"alignnone wp-image-2265\" src=\"https:\/\/inzainox.com\/wp-content\/uploads\/2022\/03\/reja-pasarela.png\" alt=\"grelha passarela a\u00e7o galvanizado pedonal para canal bet\u00e3o pol\u00edmero inza\" width=\"205\" height=\"93\" srcset=\"https:\/\/inzainox.com\/wp-content\/uploads\/2022\/03\/reja-pasarela.png 849w, https:\/\/inzainox.com\/wp-content\/uploads\/2022\/03\/reja-pasarela-300x136.png 300w, https:\/\/inzainox.com\/wp-content\/uploads\/2022\/03\/reja-pasarela-768x349.png 768w, https:\/\/inzainox.com\/wp-content\/uploads\/2022\/03\/reja-pasarela-600x273.png 600w\" sizes=\"(max-width: 205px) 100vw, 205px\" \/><\/p><p>Grelha em malha de a\u00e7o galvanizado e a\u00e7o inoxid\u00e1vel<\/p><p><img decoding=\"async\" class=\"alignnone wp-image-2261\" src=\"https:\/\/inzainox.com\/wp-content\/uploads\/2022\/03\/reja-entramada.png\" alt=\"\" width=\"207\" height=\"97\" srcset=\"https:\/\/inzainox.com\/wp-content\/uploads\/2022\/03\/reja-entramada.png 846w, https:\/\/inzainox.com\/wp-content\/uploads\/2022\/03\/reja-entramada-300x141.png 300w, https:\/\/inzainox.com\/wp-content\/uploads\/2022\/03\/reja-entramada-768x360.png 768w, https:\/\/inzainox.com\/wp-content\/uploads\/2022\/03\/reja-entramada-600x282.png 600w\" sizes=\"(max-width: 207px) 100vw, 207px\" \/><\/p><p>Grelha em ferro fundido C250 para cargas de tr\u00e1fego de ve\u00edculos. Especialmente concebida para entradas de garagens <\/p><p><img decoding=\"async\" class=\"alignnone wp-image-2262 \" src=\"https:\/\/inzainox.com\/wp-content\/uploads\/2022\/03\/REJA-FUNDICION-300x140.png\" alt=\"\" width=\"196\" height=\"91\" srcset=\"https:\/\/inzainox.com\/wp-content\/uploads\/2022\/03\/REJA-FUNDICION-300x140.png 300w, https:\/\/inzainox.com\/wp-content\/uploads\/2022\/03\/REJA-FUNDICION-768x359.png 768w, https:\/\/inzainox.com\/wp-content\/uploads\/2022\/03\/REJA-FUNDICION-600x280.png 600w, https:\/\/inzainox.com\/wp-content\/uploads\/2022\/03\/REJA-FUNDICION.png 846w\" sizes=\"(max-width: 196px) 100vw, 196px\" \/><\/p><p>Grelha oculta ranhurada em &#8220;T&#8221; ou &#8220;L&#8221; em a\u00e7o galvanizado ou inoxid\u00e1vel, para uma drenagem praticamente invis\u00edvel com diferentes alturas de pavimento<\/p><p><img loading=\"lazy\" decoding=\"async\" class=\"alignnone wp-image-2268\" src=\"https:\/\/inzainox.com\/wp-content\/uploads\/2022\/03\/S100GLH100.jpg\" alt=\"canal com grelha de fenda oculta\" width=\"262\" height=\"168\" srcset=\"https:\/\/inzainox.com\/wp-content\/uploads\/2022\/03\/S100GLH100.jpg 694w, https:\/\/inzainox.com\/wp-content\/uploads\/2022\/03\/S100GLH100-300x192.jpg 300w, https:\/\/inzainox.com\/wp-content\/uploads\/2022\/03\/S100GLH100-600x385.jpg 600w\" sizes=\"(max-width: 262px) 100vw, 262px\" \/><\/p><p>Grelhas especiais em a\u00e7o inoxid\u00e1vel com acabamento premium para os canais de drenagem INZA<\/p><p><img loading=\"lazy\" decoding=\"async\" class=\"alignnone wp-image-2245\" src=\"https:\/\/inzainox.com\/wp-content\/uploads\/2022\/03\/REJAS-ESPECIALES.jpg\" alt=\"grelhas especiais em a\u00e7o inoxid\u00e1vel\" width=\"463\" height=\"81\" srcset=\"https:\/\/inzainox.com\/wp-content\/uploads\/2022\/03\/REJAS-ESPECIALES.jpg 993w, https:\/\/inzainox.com\/wp-content\/uploads\/2022\/03\/REJAS-ESPECIALES-300x53.jpg 300w, https:\/\/inzainox.com\/wp-content\/uploads\/2022\/03\/REJAS-ESPECIALES-768x135.jpg 768w, https:\/\/inzainox.com\/wp-content\/uploads\/2022\/03\/REJAS-ESPECIALES-600x105.jpg 600w\" sizes=\"(max-width: 463px) 100vw, 463px\" \/><\/p><p>Existem v\u00e1rios acess\u00f3rios para a caleira de drenagem com grelha em ferro fundido S100RP, como tampas de extremidade, sumidouros sif\u00f3nicos, cestos de recolha de s\u00f3lidos, etc. (envie-nos um e-mail para info@inzainox.com para nos consultar)<\/p><p><img loading=\"lazy\" decoding=\"async\" class=\"alignnone size-full wp-image-2246\" src=\"https:\/\/inzainox.com\/wp-content\/uploads\/2022\/03\/PIEZAS-ESPECIALES.jpg\" alt=\"pe\u00e7as especiais para canais em bet\u00e3o pol\u00edmero\" width=\"585\" height=\"169\" srcset=\"https:\/\/inzainox.com\/wp-content\/uploads\/2022\/03\/PIEZAS-ESPECIALES.jpg 585w, https:\/\/inzainox.com\/wp-content\/uploads\/2022\/03\/PIEZAS-ESPECIALES-300x87.jpg 300w\" sizes=\"(max-width: 585px) 100vw, 585px\" \/><\/p><p> <\/p>\t\t\t\t\t\t\t\t<\/div>\n\t\t\t\t<\/div>\n\t\t\t\t\t<\/div>\n\t\t\t\t<\/div>\n\t\t\t\t<\/div>\n\t\t","protected":false},"excerpt":{"rendered":"<p>Canais de drenagem em bet\u00e3o pol\u00edmero com grelha S100. Largura interior 100 mm e diferentes alturas. Pe\u00e7as com 1000 mm de comprimento. Com encaixe macho-f\u00eamea para uni\u00e3o e pr\u00e9-marcas para abertura das sa\u00eddas   <\/p>\n<p>Disp\u00f5em de grelhas fabricadas em a\u00e7o galvanizado, a\u00e7o inoxid\u00e1vel, ferro fundido e polipropileno<\/p>\n<p>Os canais s\u00e3o de classe de carga C250 e existem grelhas para classe de carga A15 &#8211; tr\u00e1fego pedonal, B125 &#8211; tr\u00e1fego de ve\u00edculos e C250 &#8211; tr\u00e1fego urbano<\/p>\n<p>&nbsp;<\/p>\n<p>Passarela pedonal A15 em a\u00e7o galvanizado<\/p>\n","protected":false},"featured_media":2267,"comment_status":"open","ping_status":"closed","template":"","meta":[],"product_brand":[],"product_cat":[414,295],"product_tag":[],"class_list":{"0":"post-7200","1":"product","2":"type-product","3":"status-publish","4":"has-post-thumbnail","6":"product_cat-canais-de-betao-polimero","7":"product_cat-canais-de-drenagem-com-grelha","8":"pa_altura-exterior-de-canal-100mm","9":"pa_altura-exterior-de-canal-150mm","10":"pa_altura-exterior-de-canal-60mm","12":"first","13":"instock","14":"taxable","15":"shipping-taxable","16":"purchasable","17":"product-type-variable","18":"has-default-attributes"},"yoast_head":"<!-- This site is optimized with the Yoast SEO plugin v27.1.1 - https:\/\/yoast.com\/product\/yoast-seo-wordpress\/ -->\n<title>Canales y sumideros de acero inoxidable Inza. Drenaje inox para industria<\/title>\n<meta name=\"description\" content=\"Canais de drenagem em bet\u00e3o pol\u00edmero com largura 100, com diferentes alturas e larguras. Dispon\u00edveis em stock para envio imediato\" \/>\n<meta name=\"robots\" content=\"index, follow, max-snippet:-1, max-image-preview:large, max-video-preview:-1\" \/>\n<link rel=\"canonical\" href=\"https:\/\/inzainox.com\/pt-pt\/producto\/canal-inza-s100-de-betao-polimero-largura-100-mm\/\" \/>\n<meta property=\"og:locale\" content=\"pt_PT\" \/>\n<meta property=\"og:type\" content=\"article\" \/>\n<meta property=\"og:title\" content=\"Canales y sumideros de acero inoxidable Inza. Drenaje inox para industria\" \/>\n<meta property=\"og:description\" content=\"Canais de drenagem em bet\u00e3o pol\u00edmero com largura 100, com diferentes alturas e larguras. Dispon\u00edveis em stock para envio imediato\" \/>\n<meta property=\"og:url\" content=\"https:\/\/inzainox.com\/pt-pt\/producto\/canal-inza-s100-de-betao-polimero-largura-100-mm\/\" \/>\n<meta property=\"og:site_name\" content=\"Canales y sumideros de acero inoxidable Inza. Drenaje inox para industria\" \/>\n<meta property=\"article:modified_time\" content=\"2026-03-25T22:40:26+00:00\" \/>\n<meta property=\"og:image\" content=\"https:\/\/inzainox.com\/wp-content\/uploads\/2022\/03\/S100.jpg\" \/>\n\t<meta property=\"og:image:width\" content=\"615\" \/>\n\t<meta property=\"og:image:height\" content=\"422\" \/>\n\t<meta property=\"og:image:type\" content=\"image\/jpeg\" \/>\n<meta name=\"twitter:card\" content=\"summary_large_image\" \/>\n<meta name=\"twitter:label1\" content=\"Tempo estimado de leitura\" \/>\n\t<meta name=\"twitter:data1\" content=\"1 minuto\" \/>\n<!-- \/ Yoast SEO plugin. -->","yoast_head_json":{"title":"Canales y sumideros de acero inoxidable Inza. Drenaje inox para industria","description":"Canais de drenagem em bet\u00e3o pol\u00edmero com largura 100, com diferentes alturas e larguras. Dispon\u00edveis em stock para envio imediato","robots":{"index":"index","follow":"follow","max-snippet":"max-snippet:-1","max-image-preview":"max-image-preview:large","max-video-preview":"max-video-preview:-1"},"canonical":"https:\/\/inzainox.com\/pt-pt\/producto\/canal-inza-s100-de-betao-polimero-largura-100-mm\/","og_locale":"pt_PT","og_type":"article","og_title":"Canales y sumideros de acero inoxidable Inza. Drenaje inox para industria","og_description":"Canais de drenagem em bet\u00e3o pol\u00edmero com largura 100, com diferentes alturas e larguras. Dispon\u00edveis em stock para envio imediato","og_url":"https:\/\/inzainox.com\/pt-pt\/producto\/canal-inza-s100-de-betao-polimero-largura-100-mm\/","og_site_name":"Canales y sumideros de acero inoxidable Inza. Drenaje inox para industria","article_modified_time":"2026-03-25T22:40:26+00:00","og_image":[{"width":615,"height":422,"url":"https:\/\/inzainox.com\/wp-content\/uploads\/2022\/03\/S100.jpg","type":"image\/jpeg"}],"twitter_card":"summary_large_image","twitter_misc":{"Tempo estimado de leitura":"1 minuto"},"schema":{"@context":"https:\/\/schema.org","@graph":[{"@type":"WebPage","@id":"https:\/\/inzainox.com\/pt-pt\/producto\/canal-inza-s100-de-betao-polimero-largura-100-mm\/","url":"https:\/\/inzainox.com\/pt-pt\/producto\/canal-inza-s100-de-betao-polimero-largura-100-mm\/","name":"Canales y sumideros de acero inoxidable Inza. Drenaje inox para industria","isPartOf":{"@id":"https:\/\/inzainox.com\/pt-pt\/#website"},"primaryImageOfPage":{"@id":"https:\/\/inzainox.com\/pt-pt\/producto\/canal-inza-s100-de-betao-polimero-largura-100-mm\/#primaryimage"},"image":{"@id":"https:\/\/inzainox.com\/pt-pt\/producto\/canal-inza-s100-de-betao-polimero-largura-100-mm\/#primaryimage"},"thumbnailUrl":"https:\/\/inzainox.com\/wp-content\/uploads\/2022\/03\/S100.jpg","datePublished":"2022-03-03T12:20:22+00:00","dateModified":"2026-03-25T22:40:26+00:00","description":"Canais de drenagem em bet\u00e3o pol\u00edmero com largura 100, com diferentes alturas e larguras. Dispon\u00edveis em stock para envio imediato","breadcrumb":{"@id":"https:\/\/inzainox.com\/pt-pt\/producto\/canal-inza-s100-de-betao-polimero-largura-100-mm\/#breadcrumb"},"inLanguage":"pt-PT","potentialAction":[{"@type":"ReadAction","target":["https:\/\/inzainox.com\/pt-pt\/producto\/canal-inza-s100-de-betao-polimero-largura-100-mm\/"]}]},{"@type":"ImageObject","inLanguage":"pt-PT","@id":"https:\/\/inzainox.com\/pt-pt\/producto\/canal-inza-s100-de-betao-polimero-largura-100-mm\/#primaryimage","url":"https:\/\/inzainox.com\/wp-content\/uploads\/2022\/03\/S100.jpg","contentUrl":"https:\/\/inzainox.com\/wp-content\/uploads\/2022\/03\/S100.jpg","width":615,"height":422},{"@type":"BreadcrumbList","@id":"https:\/\/inzainox.com\/pt-pt\/producto\/canal-inza-s100-de-betao-polimero-largura-100-mm\/#breadcrumb","itemListElement":[{"@type":"ListItem","position":1,"name":"P\u00e1gina inicial","item":"https:\/\/inzainox.com\/pt-pt\/nova-pagina-inicial\/"},{"@type":"ListItem","position":2,"name":"Loja Inza","item":"https:\/\/inzainox.com\/pt-pt\/loja-inza\/"},{"@type":"ListItem","position":3,"name":"Canal INZA S100 de bet\u00e3o pol\u00edmero, largura 100 mm"}]},{"@type":"WebSite","@id":"https:\/\/inzainox.com\/pt-pt\/#website","url":"https:\/\/inzainox.com\/pt-pt\/","name":"Canales y sumideros de acero inoxidable Inza. Drenaje inox para industria","description":"Drenaje de acero inoxidable para industria","publisher":{"@id":"https:\/\/inzainox.com\/pt-pt\/#organization"},"alternateName":"Inza Inox","potentialAction":[{"@type":"SearchAction","target":{"@type":"EntryPoint","urlTemplate":"https:\/\/inzainox.com\/pt-pt\/?s={search_term_string}"},"query-input":{"@type":"PropertyValueSpecification","valueRequired":true,"valueName":"search_term_string"}}],"inLanguage":"pt-PT"},{"@type":"Organization","@id":"https:\/\/inzainox.com\/pt-pt\/#organization","name":"Inza Inox S.L.","alternateName":"Inza","url":"https:\/\/inzainox.com\/pt-pt\/","logo":{"@type":"ImageObject","inLanguage":"pt-PT","@id":"https:\/\/inzainox.com\/pt-pt\/#\/schema\/logo\/image\/","url":"https:\/\/inzainox.com\/wp-content\/uploads\/2020\/05\/cropped-NUEVA-INZA-2-5.png","contentUrl":"https:\/\/inzainox.com\/wp-content\/uploads\/2020\/05\/cropped-NUEVA-INZA-2-5.png","width":549,"height":264,"caption":"Inza Inox S.L."},"image":{"@id":"https:\/\/inzainox.com\/pt-pt\/#\/schema\/logo\/image\/"}}]}},"_links":{"self":[{"href":"https:\/\/inzainox.com\/pt-pt\/wp-json\/wp\/v2\/product\/7200","targetHints":{"allow":["GET"]}}],"collection":[{"href":"https:\/\/inzainox.com\/pt-pt\/wp-json\/wp\/v2\/product"}],"about":[{"href":"https:\/\/inzainox.com\/pt-pt\/wp-json\/wp\/v2\/types\/product"}],"replies":[{"embeddable":true,"href":"https:\/\/inzainox.com\/pt-pt\/wp-json\/wp\/v2\/comments?post=7200"}],"version-history":[{"count":1,"href":"https:\/\/inzainox.com\/pt-pt\/wp-json\/wp\/v2\/product\/7200\/revisions"}],"predecessor-version":[{"id":7215,"href":"https:\/\/inzainox.com\/pt-pt\/wp-json\/wp\/v2\/product\/7200\/revisions\/7215"}],"wp:featuredmedia":[{"embeddable":true,"href":"https:\/\/inzainox.com\/pt-pt\/wp-json\/wp\/v2\/media\/2267"}],"wp:attachment":[{"href":"https:\/\/inzainox.com\/pt-pt\/wp-json\/wp\/v2\/media?parent=7200"}],"wp:term":[{"taxonomy":"product_brand","embeddable":true,"href":"https:\/\/inzainox.com\/pt-pt\/wp-json\/wp\/v2\/product_brand?post=7200"},{"taxonomy":"product_cat","embeddable":true,"href":"https:\/\/inzainox.com\/pt-pt\/wp-json\/wp\/v2\/product_cat?post=7200"},{"taxonomy":"product_tag","embeddable":true,"href":"https:\/\/inzainox.com\/pt-pt\/wp-json\/wp\/v2\/product_tag?post=7200"}],"curies":[{"name":"wp","href":"https:\/\/api.w.org\/{rel}","templated":true}]}}