{"id":7184,"date":"2022-03-05T06:43:44","date_gmt":"2022-03-05T06:43:44","guid":{"rendered":"https:\/\/inzainox.com\/producto\/canal-oculto-inza-o100\/"},"modified":"2022-03-05T06:43:44","modified_gmt":"2022-03-05T06:43:44","slug":"canal-oculto-inza-o100","status":"publish","type":"product","link":"https:\/\/inzainox.com\/pt-pt\/producto\/canal-oculto-inza-o100\/","title":{"rendered":"Canal Oculto INZA O100"},"content":{"rendered":"<p>Canal Oculto com grelha ranhurada Inza O100 fabricado em bet\u00e3o pol\u00edmero, com uma grelha ranhurada com altura para pavimentar H25 ou H50 mm, em a\u00e7o galvanizado\/inoxid\u00e1vel, classe de carga A15 segundo a UNE EN1233. Largura interior 100 mm e altura vari\u00e1vel em fun\u00e7\u00e3o da altura paviment\u00e1vel da grelha. Com encaixe macho-f\u00eamea para uni\u00e3o e pr\u00e9-marcas para a abertura das sa\u00eddas  <\/p>\n<p>O Canal Oculto com grelha ranhurada Inza O100 pode ter:<\/p>\n<p>Os Canais Ocultos em bet\u00e3o pol\u00edmero ficam quase invis\u00edveis ap\u00f3s a instala\u00e7\u00e3o.<\/p>\n<p>Existem diferentes alturas de grelha em fun\u00e7\u00e3o do tipo de pavimento com que se remata o pavimento.<\/p>\n<p>A ranhura ou slot do canal oculto tem 15 mm de largura interior e a grelha possui uma dobra na parte superior para duplicar a espessura da solu\u00e7\u00e3o na zona mais exposta aos esfor\u00e7os.<\/p>\n<p>&nbsp;<\/p>\n<p>&nbsp;<\/p>\n","protected":false},"excerpt":{"rendered":"<p>Canal Oculto com grelha ranhurada Inza O100 fabricado em bet\u00e3o pol\u00edmero, com uma grelha ranhurada com altura para pavimentar H40-120 mm, em a\u00e7o galvanizado\/inoxid\u00e1vel, classe de carga A15-D400 segundo a UNE EN1233. Largura interior 100 mm e altura vari\u00e1vel em fun\u00e7\u00e3o da altura paviment\u00e1vel da grelha. Com encaixe macho-f\u00eamea para uni\u00e3o e pr\u00e9-marcas para a abertura das sa\u00eddas  <\/p>\n","protected":false},"featured_media":2268,"comment_status":"open","ping_status":"closed","template":"","meta":[],"product_brand":[],"product_cat":[414,328],"product_tag":[],"class_list":{"0":"post-7184","1":"product","2":"type-product","3":"status-publish","4":"has-post-thumbnail","6":"product_cat-canais-de-betao-polimero","7":"product_cat-canais-ocultos","8":"pa_altura-exterior-de-canal-100mm","9":"pa_altura-exterior-de-canal-60mm","11":"first","12":"instock","13":"taxable","14":"shipping-taxable","15":"purchasable","16":"product-type-variable"},"yoast_head":"<!-- This site is optimized with the Yoast SEO plugin v27.1.1 - https:\/\/yoast.com\/product\/yoast-seo-wordpress\/ -->\n<title>Canal Oculto com grelha ranhurada Inza O100<\/title>\n<meta name=\"description\" content=\"Canal Oculto com grelha ranhurada Inza O100. Canal em bet\u00e3o pol\u00edmero e grelha em a\u00e7o galvanizado \/ inoxid\u00e1vel, classe de carga A15\" \/>\n<meta name=\"robots\" content=\"index, follow, max-snippet:-1, max-image-preview:large, max-video-preview:-1\" \/>\n<link rel=\"canonical\" href=\"https:\/\/inzainox.com\/pt-pt\/producto\/canal-oculto-inza-o100\/\" \/>\n<meta property=\"og:locale\" content=\"pt_PT\" \/>\n<meta property=\"og:type\" content=\"article\" \/>\n<meta property=\"og:title\" content=\"Canal Oculto com grelha ranhurada Inza O100\" \/>\n<meta property=\"og:description\" content=\"Canal Oculto com grelha ranhurada Inza O100. Canal em bet\u00e3o pol\u00edmero e grelha em a\u00e7o galvanizado \/ inoxid\u00e1vel, classe de carga A15\" \/>\n<meta property=\"og:url\" content=\"https:\/\/inzainox.com\/pt-pt\/producto\/canal-oculto-inza-o100\/\" \/>\n<meta property=\"og:site_name\" content=\"Canales y sumideros de acero inoxidable Inza. Drenaje inox para industria\" \/>\n<meta property=\"og:image\" content=\"https:\/\/inzainox.com\/wp-content\/uploads\/2022\/03\/S100GLH100.jpg\" \/>\n\t<meta property=\"og:image:width\" content=\"694\" \/>\n\t<meta property=\"og:image:height\" content=\"445\" \/>\n\t<meta property=\"og:image:type\" content=\"image\/jpeg\" \/>\n<meta name=\"twitter:card\" content=\"summary_large_image\" \/>\n<meta name=\"twitter:label1\" content=\"Tempo estimado de leitura\" \/>\n\t<meta name=\"twitter:data1\" content=\"1 minuto\" \/>\n<!-- \/ Yoast SEO plugin. -->","yoast_head_json":{"title":"Canal Oculto com grelha ranhurada Inza O100","description":"Canal Oculto com grelha ranhurada Inza O100. Canal em bet\u00e3o pol\u00edmero e grelha em a\u00e7o galvanizado \/ inoxid\u00e1vel, classe de carga A15","robots":{"index":"index","follow":"follow","max-snippet":"max-snippet:-1","max-image-preview":"max-image-preview:large","max-video-preview":"max-video-preview:-1"},"canonical":"https:\/\/inzainox.com\/pt-pt\/producto\/canal-oculto-inza-o100\/","og_locale":"pt_PT","og_type":"article","og_title":"Canal Oculto com grelha ranhurada Inza O100","og_description":"Canal Oculto com grelha ranhurada Inza O100. Canal em bet\u00e3o pol\u00edmero e grelha em a\u00e7o galvanizado \/ inoxid\u00e1vel, classe de carga A15","og_url":"https:\/\/inzainox.com\/pt-pt\/producto\/canal-oculto-inza-o100\/","og_site_name":"Canales y sumideros de acero inoxidable Inza. Drenaje inox para industria","og_image":[{"width":694,"height":445,"url":"https:\/\/inzainox.com\/wp-content\/uploads\/2022\/03\/S100GLH100.jpg","type":"image\/jpeg"}],"twitter_card":"summary_large_image","twitter_misc":{"Tempo estimado de leitura":"1 minuto"},"schema":{"@context":"https:\/\/schema.org","@graph":[{"@type":"WebPage","@id":"https:\/\/inzainox.com\/pt-pt\/producto\/canal-oculto-inza-o100\/","url":"https:\/\/inzainox.com\/pt-pt\/producto\/canal-oculto-inza-o100\/","name":"Canal Oculto com grelha ranhurada Inza O100","isPartOf":{"@id":"https:\/\/inzainox.com\/pt-pt\/#website"},"primaryImageOfPage":{"@id":"https:\/\/inzainox.com\/pt-pt\/producto\/canal-oculto-inza-o100\/#primaryimage"},"image":{"@id":"https:\/\/inzainox.com\/pt-pt\/producto\/canal-oculto-inza-o100\/#primaryimage"},"thumbnailUrl":"https:\/\/inzainox.com\/wp-content\/uploads\/2022\/03\/S100GLH100.jpg","datePublished":"2022-03-05T06:43:44+00:00","description":"Canal Oculto com grelha ranhurada Inza O100. Canal em bet\u00e3o pol\u00edmero e grelha em a\u00e7o galvanizado \/ inoxid\u00e1vel, classe de carga A15","breadcrumb":{"@id":"https:\/\/inzainox.com\/pt-pt\/producto\/canal-oculto-inza-o100\/#breadcrumb"},"inLanguage":"pt-PT","potentialAction":[{"@type":"ReadAction","target":["https:\/\/inzainox.com\/pt-pt\/producto\/canal-oculto-inza-o100\/"]}]},{"@type":"ImageObject","inLanguage":"pt-PT","@id":"https:\/\/inzainox.com\/pt-pt\/producto\/canal-oculto-inza-o100\/#primaryimage","url":"https:\/\/inzainox.com\/wp-content\/uploads\/2022\/03\/S100GLH100.jpg","contentUrl":"https:\/\/inzainox.com\/wp-content\/uploads\/2022\/03\/S100GLH100.jpg","width":694,"height":445,"caption":"canal de hormig\u00f3n pol\u00edmero con reja ranurada oculta"},{"@type":"BreadcrumbList","@id":"https:\/\/inzainox.com\/pt-pt\/producto\/canal-oculto-inza-o100\/#breadcrumb","itemListElement":[{"@type":"ListItem","position":1,"name":"P\u00e1gina inicial","item":"https:\/\/inzainox.com\/pt-pt\/nova-pagina-inicial\/"},{"@type":"ListItem","position":2,"name":"Loja Inza","item":"https:\/\/inzainox.com\/pt-pt\/loja-inza\/"},{"@type":"ListItem","position":3,"name":"Canal Oculto INZA O100"}]},{"@type":"WebSite","@id":"https:\/\/inzainox.com\/pt-pt\/#website","url":"https:\/\/inzainox.com\/pt-pt\/","name":"Canales y sumideros de acero inoxidable Inza. Drenaje inox para industria","description":"Drenaje de acero inoxidable para industria","publisher":{"@id":"https:\/\/inzainox.com\/pt-pt\/#organization"},"alternateName":"Inza Inox","potentialAction":[{"@type":"SearchAction","target":{"@type":"EntryPoint","urlTemplate":"https:\/\/inzainox.com\/pt-pt\/?s={search_term_string}"},"query-input":{"@type":"PropertyValueSpecification","valueRequired":true,"valueName":"search_term_string"}}],"inLanguage":"pt-PT"},{"@type":"Organization","@id":"https:\/\/inzainox.com\/pt-pt\/#organization","name":"Inza Inox S.L.","alternateName":"Inza","url":"https:\/\/inzainox.com\/pt-pt\/","logo":{"@type":"ImageObject","inLanguage":"pt-PT","@id":"https:\/\/inzainox.com\/pt-pt\/#\/schema\/logo\/image\/","url":"https:\/\/inzainox.com\/wp-content\/uploads\/2020\/05\/cropped-NUEVA-INZA-2-5.png","contentUrl":"https:\/\/inzainox.com\/wp-content\/uploads\/2020\/05\/cropped-NUEVA-INZA-2-5.png","width":549,"height":264,"caption":"Inza Inox S.L."},"image":{"@id":"https:\/\/inzainox.com\/pt-pt\/#\/schema\/logo\/image\/"}}]}},"_links":{"self":[{"href":"https:\/\/inzainox.com\/pt-pt\/wp-json\/wp\/v2\/product\/7184","targetHints":{"allow":["GET"]}}],"collection":[{"href":"https:\/\/inzainox.com\/pt-pt\/wp-json\/wp\/v2\/product"}],"about":[{"href":"https:\/\/inzainox.com\/pt-pt\/wp-json\/wp\/v2\/types\/product"}],"replies":[{"embeddable":true,"href":"https:\/\/inzainox.com\/pt-pt\/wp-json\/wp\/v2\/comments?post=7184"}],"version-history":[{"count":0,"href":"https:\/\/inzainox.com\/pt-pt\/wp-json\/wp\/v2\/product\/7184\/revisions"}],"wp:featuredmedia":[{"embeddable":true,"href":"https:\/\/inzainox.com\/pt-pt\/wp-json\/wp\/v2\/media\/2268"}],"wp:attachment":[{"href":"https:\/\/inzainox.com\/pt-pt\/wp-json\/wp\/v2\/media?parent=7184"}],"wp:term":[{"taxonomy":"product_brand","embeddable":true,"href":"https:\/\/inzainox.com\/pt-pt\/wp-json\/wp\/v2\/product_brand?post=7184"},{"taxonomy":"product_cat","embeddable":true,"href":"https:\/\/inzainox.com\/pt-pt\/wp-json\/wp\/v2\/product_cat?post=7184"},{"taxonomy":"product_tag","embeddable":true,"href":"https:\/\/inzainox.com\/pt-pt\/wp-json\/wp\/v2\/product_tag?post=7184"}],"curies":[{"name":"wp","href":"https:\/\/api.w.org\/{rel}","templated":true}]}}