{"id":7159,"date":"2020-11-03T16:02:18","date_gmt":"2020-11-03T16:02:18","guid":{"rendered":"https:\/\/inzainox.com\/producto\/tampa-estanque-lisa-de-aco-galvanizado\/"},"modified":"2020-11-03T16:02:18","modified_gmt":"2020-11-03T16:02:18","slug":"tampa-estanque-lisa-de-aco-galvanizado","status":"publish","type":"product","link":"https:\/\/inzainox.com\/pt-pt\/producto\/tampa-estanque-lisa-de-aco-galvanizado\/","title":{"rendered":"Tampa estanque lisa de a\u00e7o galvanizado"},"content":{"rendered":"<p>Tampa e aro para caixa de visita fabricados em a\u00e7o galvanizado. Com um acabamento liso muito cuidado, a tampa \u00e9 muito resistente e f\u00e1cil de manter em perfeitas condi\u00e7\u00f5es. <\/p>\n<p>\u00c9 uma tampa estanque para evitar odores gra\u00e7as a um fecho mediante junta de EPDM e uni\u00e3o com 4 parafusos nos cantos da tampa.<\/p>\n<p>A tampa inclui as ferramentas para remover os parafusos no pre\u00e7o<\/p>\n<p>Fornecemos puxadores que se enroscam no alojamento dos parafusos para facilitar a sua abertura com comodidade. Estes puxadores com pega tamb\u00e9m est\u00e3o inclu\u00eddos no pre\u00e7o <\/p>\n<p>Tampa padr\u00e3o para cargas de tr\u00e1fego pedonal e tampas especialmente refor\u00e7adas para cargas de tr\u00e1fego rodovi\u00e1rio de ve\u00edculos. Dispomos de tampas para classes de carga A15, B125, C250 e D400. <\/p>\n<p><iframe title=\"Tapa de arqueta estanca lisa de acero inoxidable o galvanizado\" width=\"1200\" height=\"675\" src=\"https:\/\/www.youtube.com\/embed\/i-ht3desZic?feature=oembed\" frameborder=\"0\" allow=\"accelerometer; autoplay; clipboard-write; encrypted-media; gyroscope; picture-in-picture; web-share\" referrerpolicy=\"strict-origin-when-cross-origin\" allowfullscreen><\/iframe><\/p>\n<p>Tampas quadradas de diferentes dimens\u00f5es, desde 300x300mm at\u00e9 1000x1000mm.<\/p>\n<p><span style=\"color: #339966;\"><strong><a style=\"color: #339966;\" href=\"https:\/\/inzainox.com\/wp-content\/uploads\/2022\/03\/Tapas-estancas-de-acero-galvanizado-lisas.pdf\">FICHA T\u00c9CNICA<\/a><\/strong><\/span><\/p>\n<p>Consultar tampas redondas e de medidas especiais<img fetchpriority=\"high\" decoding=\"async\" class=\"alignnone size-full wp-image-1662\" src=\"https:\/\/inzainox.com\/wp-content\/uploads\/2020\/11\/plano-tapa-lisa.jpg\" alt=\"plano registos inox estanques lisos\" width=\"1191\" height=\"466\" srcset=\"https:\/\/inzainox.com\/wp-content\/uploads\/2020\/11\/plano-tapa-lisa.jpg 1191w, https:\/\/inzainox.com\/wp-content\/uploads\/2020\/11\/plano-tapa-lisa-300x117.jpg 300w, https:\/\/inzainox.com\/wp-content\/uploads\/2020\/11\/plano-tapa-lisa-1024x401.jpg 1024w, https:\/\/inzainox.com\/wp-content\/uploads\/2020\/11\/plano-tapa-lisa-768x300.jpg 768w, https:\/\/inzainox.com\/wp-content\/uploads\/2020\/11\/plano-tapa-lisa-600x235.jpg 600w\" sizes=\"(max-width: 1191px) 100vw, 1191px\" \/><img decoding=\"async\" class=\"size-full wp-image-1592 aligncenter\" src=\"https:\/\/inzainox.com\/wp-content\/uploads\/2020\/04\/TAPAS-GENERAL-DIMENSIONES.jpg\" alt=\"Dimens\u00f5es gerais das tampas estanques INZA\" width=\"728\" height=\"265\" srcset=\"https:\/\/inzainox.com\/wp-content\/uploads\/2020\/04\/TAPAS-GENERAL-DIMENSIONES.jpg 728w, https:\/\/inzainox.com\/wp-content\/uploads\/2020\/04\/TAPAS-GENERAL-DIMENSIONES-300x109.jpg 300w, https:\/\/inzainox.com\/wp-content\/uploads\/2020\/04\/TAPAS-GENERAL-DIMENSIONES-600x218.jpg 600w\" sizes=\"(max-width: 728px) 100vw, 728px\" \/><\/p>\n<p>&nbsp;<\/p>\n","protected":false},"excerpt":{"rendered":"<p>Transporte inclu\u00eddo no pre\u00e7o<\/p>\n<p>Entregamos em 24-48 h<\/p>\n<p>Se tiver alguma d\u00favida, ligue-nos T. +34 91 127 90 05<\/p>\n<p>Tampa de caixa de visita estanque lisa de a\u00e7o galvanizado. Fecho por quatro parafusos e uni\u00e3o por junta de EPDM. Pode ser simples para passagem pedonal (classe de carga A15) ou refor\u00e7ada para passagem de ve\u00edculos (classe de carga B125) ou aplica\u00e7\u00f5es urbanas (classe de carga C250).  <\/p>\n<p>Todas as tampas s\u00e3o fornecidas com as ferramentas para a sua abertura.<\/p>\n","protected":false},"featured_media":73,"comment_status":"open","ping_status":"closed","template":"","meta":[],"product_brand":[],"product_cat":[287,404],"product_tag":[],"class_list":{"0":"post-7159","1":"product","2":"type-product","3":"status-publish","4":"has-post-thumbnail","6":"product_cat-tampas-estanques","7":"product_cat-tampas-estanques-em-aco-galvanizado","8":"pa_dimensiones-1000x1000","9":"pa_dimensiones-30x30","10":"pa_dimensiones-40x40","11":"pa_dimensiones-50x50","12":"pa_dimensiones-60x60","13":"pa_dimensiones-70x70","14":"pa_dimensiones-80x80","15":"pa_dimensiones-90x90","17":"first","18":"instock","19":"taxable","20":"shipping-taxable","21":"purchasable","22":"product-type-variable"},"yoast_head":"<!-- This site is optimized with the Yoast SEO plugin v27.1.1 - https:\/\/yoast.com\/product\/yoast-seo-wordpress\/ -->\n<title>Tampa estanque lisa de a\u00e7o galvanizado<\/title>\n<meta name=\"description\" content=\"Stock dispon\u00edvel de tampas estanques lisas de a\u00e7o galvanizado para caixa de visita. Selecione e compre a solu\u00e7\u00e3o antiodores.\" \/>\n<meta name=\"robots\" content=\"index, follow, max-snippet:-1, max-image-preview:large, max-video-preview:-1\" \/>\n<link rel=\"canonical\" href=\"https:\/\/inzainox.com\/pt-pt\/producto\/tampa-estanque-lisa-de-aco-galvanizado\/\" \/>\n<meta property=\"og:locale\" content=\"pt_PT\" \/>\n<meta property=\"og:type\" content=\"article\" \/>\n<meta property=\"og:title\" content=\"Tampa estanque lisa de a\u00e7o galvanizado\" \/>\n<meta property=\"og:description\" content=\"Stock dispon\u00edvel de tampas estanques lisas de a\u00e7o galvanizado para caixa de visita. Selecione e compre a solu\u00e7\u00e3o antiodores.\" \/>\n<meta property=\"og:url\" content=\"https:\/\/inzainox.com\/pt-pt\/producto\/tampa-estanque-lisa-de-aco-galvanizado\/\" \/>\n<meta property=\"og:site_name\" content=\"Canales y sumideros de acero inoxidable Inza. Drenaje inox para industria\" \/>\n<meta property=\"og:image\" content=\"https:\/\/inzainox.com\/wp-content\/uploads\/2020\/04\/lisa.jpg\" \/>\n\t<meta property=\"og:image:width\" content=\"688\" \/>\n\t<meta property=\"og:image:height\" content=\"480\" \/>\n\t<meta property=\"og:image:type\" content=\"image\/jpeg\" \/>\n<meta name=\"twitter:card\" content=\"summary_large_image\" \/>\n<meta name=\"twitter:label1\" content=\"Tempo estimado de leitura\" \/>\n\t<meta name=\"twitter:data1\" content=\"1 minuto\" \/>\n<!-- \/ Yoast SEO plugin. -->","yoast_head_json":{"title":"Tampa estanque lisa de a\u00e7o galvanizado","description":"Stock dispon\u00edvel de tampas estanques lisas de a\u00e7o galvanizado para caixa de visita. Selecione e compre a solu\u00e7\u00e3o antiodores.","robots":{"index":"index","follow":"follow","max-snippet":"max-snippet:-1","max-image-preview":"max-image-preview:large","max-video-preview":"max-video-preview:-1"},"canonical":"https:\/\/inzainox.com\/pt-pt\/producto\/tampa-estanque-lisa-de-aco-galvanizado\/","og_locale":"pt_PT","og_type":"article","og_title":"Tampa estanque lisa de a\u00e7o galvanizado","og_description":"Stock dispon\u00edvel de tampas estanques lisas de a\u00e7o galvanizado para caixa de visita. Selecione e compre a solu\u00e7\u00e3o antiodores.","og_url":"https:\/\/inzainox.com\/pt-pt\/producto\/tampa-estanque-lisa-de-aco-galvanizado\/","og_site_name":"Canales y sumideros de acero inoxidable Inza. Drenaje inox para industria","og_image":[{"width":688,"height":480,"url":"https:\/\/inzainox.com\/wp-content\/uploads\/2020\/04\/lisa.jpg","type":"image\/jpeg"}],"twitter_card":"summary_large_image","twitter_misc":{"Tempo estimado de leitura":"1 minuto"},"schema":{"@context":"https:\/\/schema.org","@graph":[{"@type":"WebPage","@id":"https:\/\/inzainox.com\/pt-pt\/producto\/tampa-estanque-lisa-de-aco-galvanizado\/","url":"https:\/\/inzainox.com\/pt-pt\/producto\/tampa-estanque-lisa-de-aco-galvanizado\/","name":"Tampa estanque lisa de a\u00e7o galvanizado","isPartOf":{"@id":"https:\/\/inzainox.com\/pt-pt\/#website"},"primaryImageOfPage":{"@id":"https:\/\/inzainox.com\/pt-pt\/producto\/tampa-estanque-lisa-de-aco-galvanizado\/#primaryimage"},"image":{"@id":"https:\/\/inzainox.com\/pt-pt\/producto\/tampa-estanque-lisa-de-aco-galvanizado\/#primaryimage"},"thumbnailUrl":"https:\/\/inzainox.com\/wp-content\/uploads\/2020\/04\/lisa.jpg","datePublished":"2020-11-03T16:02:18+00:00","description":"Stock dispon\u00edvel de tampas estanques lisas de a\u00e7o galvanizado para caixa de visita. Selecione e compre a solu\u00e7\u00e3o antiodores.","breadcrumb":{"@id":"https:\/\/inzainox.com\/pt-pt\/producto\/tampa-estanque-lisa-de-aco-galvanizado\/#breadcrumb"},"inLanguage":"pt-PT","potentialAction":[{"@type":"ReadAction","target":["https:\/\/inzainox.com\/pt-pt\/producto\/tampa-estanque-lisa-de-aco-galvanizado\/"]}]},{"@type":"ImageObject","inLanguage":"pt-PT","@id":"https:\/\/inzainox.com\/pt-pt\/producto\/tampa-estanque-lisa-de-aco-galvanizado\/#primaryimage","url":"https:\/\/inzainox.com\/wp-content\/uploads\/2020\/04\/lisa.jpg","contentUrl":"https:\/\/inzainox.com\/wp-content\/uploads\/2020\/04\/lisa.jpg","width":688,"height":480,"caption":"Tapa estanca de acero inoxidable con terminaci\u00f3n lisa"},{"@type":"BreadcrumbList","@id":"https:\/\/inzainox.com\/pt-pt\/producto\/tampa-estanque-lisa-de-aco-galvanizado\/#breadcrumb","itemListElement":[{"@type":"ListItem","position":1,"name":"P\u00e1gina inicial","item":"https:\/\/inzainox.com\/pt-pt\/nova-pagina-inicial\/"},{"@type":"ListItem","position":2,"name":"Loja Inza","item":"https:\/\/inzainox.com\/pt-pt\/loja-inza\/"},{"@type":"ListItem","position":3,"name":"Tampa estanque lisa de a\u00e7o galvanizado"}]},{"@type":"WebSite","@id":"https:\/\/inzainox.com\/pt-pt\/#website","url":"https:\/\/inzainox.com\/pt-pt\/","name":"Canales y sumideros de acero inoxidable Inza. Drenaje inox para industria","description":"Drenaje de acero inoxidable para industria","publisher":{"@id":"https:\/\/inzainox.com\/pt-pt\/#organization"},"alternateName":"Inza Inox","potentialAction":[{"@type":"SearchAction","target":{"@type":"EntryPoint","urlTemplate":"https:\/\/inzainox.com\/pt-pt\/?s={search_term_string}"},"query-input":{"@type":"PropertyValueSpecification","valueRequired":true,"valueName":"search_term_string"}}],"inLanguage":"pt-PT"},{"@type":"Organization","@id":"https:\/\/inzainox.com\/pt-pt\/#organization","name":"Inza Inox S.L.","alternateName":"Inza","url":"https:\/\/inzainox.com\/pt-pt\/","logo":{"@type":"ImageObject","inLanguage":"pt-PT","@id":"https:\/\/inzainox.com\/pt-pt\/#\/schema\/logo\/image\/","url":"https:\/\/inzainox.com\/wp-content\/uploads\/2020\/05\/cropped-NUEVA-INZA-2-5.png","contentUrl":"https:\/\/inzainox.com\/wp-content\/uploads\/2020\/05\/cropped-NUEVA-INZA-2-5.png","width":549,"height":264,"caption":"Inza Inox S.L."},"image":{"@id":"https:\/\/inzainox.com\/pt-pt\/#\/schema\/logo\/image\/"}}]}},"_links":{"self":[{"href":"https:\/\/inzainox.com\/pt-pt\/wp-json\/wp\/v2\/product\/7159","targetHints":{"allow":["GET"]}}],"collection":[{"href":"https:\/\/inzainox.com\/pt-pt\/wp-json\/wp\/v2\/product"}],"about":[{"href":"https:\/\/inzainox.com\/pt-pt\/wp-json\/wp\/v2\/types\/product"}],"replies":[{"embeddable":true,"href":"https:\/\/inzainox.com\/pt-pt\/wp-json\/wp\/v2\/comments?post=7159"}],"version-history":[{"count":0,"href":"https:\/\/inzainox.com\/pt-pt\/wp-json\/wp\/v2\/product\/7159\/revisions"}],"wp:featuredmedia":[{"embeddable":true,"href":"https:\/\/inzainox.com\/pt-pt\/wp-json\/wp\/v2\/media\/73"}],"wp:attachment":[{"href":"https:\/\/inzainox.com\/pt-pt\/wp-json\/wp\/v2\/media?parent=7159"}],"wp:term":[{"taxonomy":"product_brand","embeddable":true,"href":"https:\/\/inzainox.com\/pt-pt\/wp-json\/wp\/v2\/product_brand?post=7159"},{"taxonomy":"product_cat","embeddable":true,"href":"https:\/\/inzainox.com\/pt-pt\/wp-json\/wp\/v2\/product_cat?post=7159"},{"taxonomy":"product_tag","embeddable":true,"href":"https:\/\/inzainox.com\/pt-pt\/wp-json\/wp\/v2\/product_tag?post=7159"}],"curies":[{"name":"wp","href":"https:\/\/api.w.org\/{rel}","templated":true}]}}