{"id":7155,"date":"2020-11-18T19:32:22","date_gmt":"2020-11-18T19:32:22","guid":{"rendered":"https:\/\/inzainox.com\/producto\/sumidouro-sifonado-em-aco-inoxidavel-com-grelha-de-rebaixo\/"},"modified":"2020-11-18T19:32:22","modified_gmt":"2020-11-18T19:32:22","slug":"sumidouro-sifonado-em-aco-inoxidavel-com-grelha-de-rebaixo","status":"publish","type":"product","link":"https:\/\/inzainox.com\/pt-pt\/producto\/sumidouro-sifonado-em-aco-inoxidavel-com-grelha-de-rebaixo\/","title":{"rendered":"Sumidouro sifonado em a\u00e7o inoxid\u00e1vel com grelha de rebaixo"},"content":{"rendered":"<p>Sumidouro sifonado em a\u00e7o inoxid\u00e1vel com grelha de rebaixo. Para pavimentar com o mesmo pavimento que o resto da casa de banho. Corpo e grelha em a\u00e7o inoxid\u00e1vel. Com sa\u00edda horizontal DN50 mm. Com sif\u00e3o antiodores amov\u00edvel para f\u00e1cil manuten\u00e7\u00e3o. Com aba perimetral para apoio da impermeabiliza\u00e7\u00e3o e do ladrilho.<\/p>\n<p>Dispon\u00edveis diferentes designs de grelhas em a\u00e7o inoxid\u00e1vel. Op\u00e7\u00e3o de p\u00e9s de nivelamento e tela de impermeabiliza\u00e7\u00e3o. <\/p>\n<p><img fetchpriority=\"high\" decoding=\"async\" class=\"alignnone size-full wp-image-1744\" src=\"https:\/\/inzainox.com\/wp-content\/uploads\/2020\/11\/plano-SM-reja-rellenable.jpg\" alt=\"planta de dimens\u00f5es do sumidouro em a\u00e7o inoxid\u00e1vel INZA SM\" width=\"1000\" height=\"1000\" srcset=\"https:\/\/inzainox.com\/wp-content\/uploads\/2020\/11\/plano-SM-reja-rellenable.jpg 1000w, https:\/\/inzainox.com\/wp-content\/uploads\/2020\/11\/plano-SM-reja-rellenable-300x300.jpg 300w, https:\/\/inzainox.com\/wp-content\/uploads\/2020\/11\/plano-SM-reja-rellenable-150x150.jpg 150w, https:\/\/inzainox.com\/wp-content\/uploads\/2020\/11\/plano-SM-reja-rellenable-768x768.jpg 768w, https:\/\/inzainox.com\/wp-content\/uploads\/2020\/11\/plano-SM-reja-rellenable-600x600.jpg 600w, https:\/\/inzainox.com\/wp-content\/uploads\/2020\/11\/plano-SM-reja-rellenable-100x100.jpg 100w\" sizes=\"(max-width: 1000px) 100vw, 1000px\" \/><\/p>\n","protected":false},"excerpt":{"rendered":"<p>Sumidouro sifonado em a\u00e7o inoxid\u00e1vel com grelha de rebaixo. Para pavimentar com o mesmo pavimento que o resto da casa de banho. Corpo e grelha em a\u00e7o inoxid\u00e1vel.<\/p>\n","protected":false},"featured_media":1728,"comment_status":"open","ping_status":"closed","template":"","meta":[],"product_brand":[],"product_cat":[321],"product_tag":[],"class_list":{"0":"post-7155","1":"product","2":"type-product","3":"status-publish","4":"has-post-thumbnail","6":"product_cat-ralos-sifonados-de-aco-inoxidavel","8":"first","9":"instock","10":"taxable","11":"shipping-taxable","12":"purchasable","13":"product-type-variable"},"yoast_head":"<!-- This site is optimized with the Yoast SEO plugin v27.1.1 - https:\/\/yoast.com\/product\/yoast-seo-wordpress\/ -->\n<title>Sumidouro sifonado em a\u00e7o inoxid\u00e1vel com grelha de rebaixo<\/title>\n<meta name=\"description\" content=\"Sumidouro sifonado em a\u00e7o inoxid\u00e1vel com grelha de rebaixo. Para pavimentar com o mesmo pavimento que o resto da casa de banho. Corpo e grelha em inox\" \/>\n<meta name=\"robots\" content=\"index, follow, max-snippet:-1, max-image-preview:large, max-video-preview:-1\" \/>\n<link rel=\"canonical\" href=\"https:\/\/inzainox.com\/pt-pt\/producto\/sumidouro-sifonado-em-aco-inoxidavel-com-grelha-de-rebaixo\/\" \/>\n<meta property=\"og:locale\" content=\"pt_PT\" \/>\n<meta property=\"og:type\" content=\"article\" \/>\n<meta property=\"og:title\" content=\"Sumidouro sifonado em a\u00e7o inoxid\u00e1vel com grelha de rebaixo\" \/>\n<meta property=\"og:description\" content=\"Sumidouro sifonado em a\u00e7o inoxid\u00e1vel com grelha de rebaixo. Para pavimentar com o mesmo pavimento que o resto da casa de banho. Corpo e grelha em inox\" \/>\n<meta property=\"og:url\" content=\"https:\/\/inzainox.com\/pt-pt\/producto\/sumidouro-sifonado-em-aco-inoxidavel-com-grelha-de-rebaixo\/\" \/>\n<meta property=\"og:site_name\" content=\"Canales y sumideros de acero inoxidable Inza. Drenaje inox para industria\" \/>\n<meta property=\"og:image\" content=\"https:\/\/inzainox.com\/wp-content\/uploads\/2020\/11\/SM-rellenable.jpg\" \/>\n\t<meta property=\"og:image:width\" content=\"1000\" \/>\n\t<meta property=\"og:image:height\" content=\"1000\" \/>\n\t<meta property=\"og:image:type\" content=\"image\/jpeg\" \/>\n<meta name=\"twitter:card\" content=\"summary_large_image\" \/>\n<!-- \/ Yoast SEO plugin. -->","yoast_head_json":{"title":"Sumidouro sifonado em a\u00e7o inoxid\u00e1vel com grelha de rebaixo","description":"Sumidouro sifonado em a\u00e7o inoxid\u00e1vel com grelha de rebaixo. Para pavimentar com o mesmo pavimento que o resto da casa de banho. Corpo e grelha em inox","robots":{"index":"index","follow":"follow","max-snippet":"max-snippet:-1","max-image-preview":"max-image-preview:large","max-video-preview":"max-video-preview:-1"},"canonical":"https:\/\/inzainox.com\/pt-pt\/producto\/sumidouro-sifonado-em-aco-inoxidavel-com-grelha-de-rebaixo\/","og_locale":"pt_PT","og_type":"article","og_title":"Sumidouro sifonado em a\u00e7o inoxid\u00e1vel com grelha de rebaixo","og_description":"Sumidouro sifonado em a\u00e7o inoxid\u00e1vel com grelha de rebaixo. Para pavimentar com o mesmo pavimento que o resto da casa de banho. Corpo e grelha em inox","og_url":"https:\/\/inzainox.com\/pt-pt\/producto\/sumidouro-sifonado-em-aco-inoxidavel-com-grelha-de-rebaixo\/","og_site_name":"Canales y sumideros de acero inoxidable Inza. Drenaje inox para industria","og_image":[{"width":1000,"height":1000,"url":"https:\/\/inzainox.com\/wp-content\/uploads\/2020\/11\/SM-rellenable.jpg","type":"image\/jpeg"}],"twitter_card":"summary_large_image","schema":{"@context":"https:\/\/schema.org","@graph":[{"@type":"WebPage","@id":"https:\/\/inzainox.com\/pt-pt\/producto\/sumidouro-sifonado-em-aco-inoxidavel-com-grelha-de-rebaixo\/","url":"https:\/\/inzainox.com\/pt-pt\/producto\/sumidouro-sifonado-em-aco-inoxidavel-com-grelha-de-rebaixo\/","name":"Sumidouro sifonado em a\u00e7o inoxid\u00e1vel com grelha de rebaixo","isPartOf":{"@id":"https:\/\/inzainox.com\/pt-pt\/#website"},"primaryImageOfPage":{"@id":"https:\/\/inzainox.com\/pt-pt\/producto\/sumidouro-sifonado-em-aco-inoxidavel-com-grelha-de-rebaixo\/#primaryimage"},"image":{"@id":"https:\/\/inzainox.com\/pt-pt\/producto\/sumidouro-sifonado-em-aco-inoxidavel-com-grelha-de-rebaixo\/#primaryimage"},"thumbnailUrl":"https:\/\/inzainox.com\/wp-content\/uploads\/2020\/11\/SM-rellenable.jpg","datePublished":"2020-11-18T19:32:22+00:00","description":"Sumidouro sifonado em a\u00e7o inoxid\u00e1vel com grelha de rebaixo. Para pavimentar com o mesmo pavimento que o resto da casa de banho. Corpo e grelha em inox","breadcrumb":{"@id":"https:\/\/inzainox.com\/pt-pt\/producto\/sumidouro-sifonado-em-aco-inoxidavel-com-grelha-de-rebaixo\/#breadcrumb"},"inLanguage":"pt-PT","potentialAction":[{"@type":"ReadAction","target":["https:\/\/inzainox.com\/pt-pt\/producto\/sumidouro-sifonado-em-aco-inoxidavel-com-grelha-de-rebaixo\/"]}]},{"@type":"ImageObject","inLanguage":"pt-PT","@id":"https:\/\/inzainox.com\/pt-pt\/producto\/sumidouro-sifonado-em-aco-inoxidavel-com-grelha-de-rebaixo\/#primaryimage","url":"https:\/\/inzainox.com\/wp-content\/uploads\/2020\/11\/SM-rellenable.jpg","contentUrl":"https:\/\/inzainox.com\/wp-content\/uploads\/2020\/11\/SM-rellenable.jpg","width":1000,"height":1000,"caption":"Sumidero sif\u00f3nico de inox con reja pavimentable"},{"@type":"BreadcrumbList","@id":"https:\/\/inzainox.com\/pt-pt\/producto\/sumidouro-sifonado-em-aco-inoxidavel-com-grelha-de-rebaixo\/#breadcrumb","itemListElement":[{"@type":"ListItem","position":1,"name":"P\u00e1gina inicial","item":"https:\/\/inzainox.com\/pt-pt\/nova-pagina-inicial\/"},{"@type":"ListItem","position":2,"name":"Loja Inza","item":"https:\/\/inzainox.com\/pt-pt\/loja-inza\/"},{"@type":"ListItem","position":3,"name":"Sumidouro sifonado em a\u00e7o inoxid\u00e1vel com grelha de rebaixo"}]},{"@type":"WebSite","@id":"https:\/\/inzainox.com\/pt-pt\/#website","url":"https:\/\/inzainox.com\/pt-pt\/","name":"Canales y sumideros de acero inoxidable Inza. Drenaje inox para industria","description":"Drenaje de acero inoxidable para industria","publisher":{"@id":"https:\/\/inzainox.com\/pt-pt\/#organization"},"alternateName":"Inza Inox","potentialAction":[{"@type":"SearchAction","target":{"@type":"EntryPoint","urlTemplate":"https:\/\/inzainox.com\/pt-pt\/?s={search_term_string}"},"query-input":{"@type":"PropertyValueSpecification","valueRequired":true,"valueName":"search_term_string"}}],"inLanguage":"pt-PT"},{"@type":"Organization","@id":"https:\/\/inzainox.com\/pt-pt\/#organization","name":"Inza Inox S.L.","alternateName":"Inza","url":"https:\/\/inzainox.com\/pt-pt\/","logo":{"@type":"ImageObject","inLanguage":"pt-PT","@id":"https:\/\/inzainox.com\/pt-pt\/#\/schema\/logo\/image\/","url":"https:\/\/inzainox.com\/wp-content\/uploads\/2020\/05\/cropped-NUEVA-INZA-2-5.png","contentUrl":"https:\/\/inzainox.com\/wp-content\/uploads\/2020\/05\/cropped-NUEVA-INZA-2-5.png","width":549,"height":264,"caption":"Inza Inox S.L."},"image":{"@id":"https:\/\/inzainox.com\/pt-pt\/#\/schema\/logo\/image\/"}}]}},"_links":{"self":[{"href":"https:\/\/inzainox.com\/pt-pt\/wp-json\/wp\/v2\/product\/7155","targetHints":{"allow":["GET"]}}],"collection":[{"href":"https:\/\/inzainox.com\/pt-pt\/wp-json\/wp\/v2\/product"}],"about":[{"href":"https:\/\/inzainox.com\/pt-pt\/wp-json\/wp\/v2\/types\/product"}],"replies":[{"embeddable":true,"href":"https:\/\/inzainox.com\/pt-pt\/wp-json\/wp\/v2\/comments?post=7155"}],"version-history":[{"count":0,"href":"https:\/\/inzainox.com\/pt-pt\/wp-json\/wp\/v2\/product\/7155\/revisions"}],"wp:featuredmedia":[{"embeddable":true,"href":"https:\/\/inzainox.com\/pt-pt\/wp-json\/wp\/v2\/media\/1728"}],"wp:attachment":[{"href":"https:\/\/inzainox.com\/pt-pt\/wp-json\/wp\/v2\/media?parent=7155"}],"wp:term":[{"taxonomy":"product_brand","embeddable":true,"href":"https:\/\/inzainox.com\/pt-pt\/wp-json\/wp\/v2\/product_brand?post=7155"},{"taxonomy":"product_cat","embeddable":true,"href":"https:\/\/inzainox.com\/pt-pt\/wp-json\/wp\/v2\/product_cat?post=7155"},{"taxonomy":"product_tag","embeddable":true,"href":"https:\/\/inzainox.com\/pt-pt\/wp-json\/wp\/v2\/product_tag?post=7155"}],"curies":[{"name":"wp","href":"https:\/\/api.w.org\/{rel}","templated":true}]}}