{"id":7088,"date":"2020-11-03T13:28:26","date_gmt":"2020-11-03T13:28:26","guid":{"rendered":"https:\/\/inzainox.com\/producto\/tampa-estanque-lisa-antiderrapante-em-aco-inoxidavel\/"},"modified":"2020-11-03T13:28:26","modified_gmt":"2020-11-03T13:28:26","slug":"tampa-estanque-lisa-antiderrapante-em-aco-inoxidavel","status":"publish","type":"product","link":"https:\/\/inzainox.com\/pt-pt\/producto\/tampa-estanque-lisa-antiderrapante-em-aco-inoxidavel\/","title":{"rendered":"Tampa estanque lisa antiderrapante em a\u00e7o inoxid\u00e1vel"},"content":{"rendered":"<p>Tampa e aro para caixa de visita lisa antiderrapante fabricada em a\u00e7o inoxid\u00e1vel AISI304.<\/p>\n<p>Possibilidade de fabrico em a\u00e7o inoxid\u00e1vel AISI316L para instala\u00e7\u00f5es com um ambiente especialmente agressivo ou ambientes mar\u00edtimos.<\/p>\n<p>\u00c9 uma tampa estanque para evitar odores, gra\u00e7as a um fecho com junta de EPDM e uni\u00e3o com 4 parafusos de inox nos cantos da tampa.<\/p>\n<p>A tampa inclui as ferramentas para remover os parafusos no pre\u00e7o<\/p>\n<p>Fornecemos puxadores que se enroscam no alojamento dos parafusos para facilitar a sua abertura com comodidade. Estes puxadores com pega tamb\u00e9m est\u00e3o inclu\u00eddos no pre\u00e7o <\/p>\n<p>Tampa padr\u00e3o para cargas de tr\u00e1fego pedonal e tampas especialmente refor\u00e7adas para cargas de tr\u00e1fego rodovi\u00e1rio de ve\u00edculos. Dispomos de tampas para classes de carga A15, B125, C250 e D400.  Parte superior da tampa fabricada em chapa de a\u00e7o inoxid\u00e1vel antiderrapante de 5 mm<\/p>\n<p>Tampas quadradas de diferentes dimens\u00f5es, desde 300x300mm at\u00e9 1000x1000mm.<\/p>\n<p><span style=\"color: #339966;\"><strong><a style=\"color: #339966;\" href=\"https:\/\/inzainox.com\/wp-content\/uploads\/2022\/03\/Tapas-estancas-de-acero-inoxidable-antideslizante.pdf\">FICHA T\u00c9CNICA<\/a><\/strong><\/span><\/p>\n<p>Consultar tampas redondas e de medidas especiais.<\/p>\n<p>Existem tampas para grandes cargas e abertura assistida por pist\u00f5es.<\/p>\n<p><img fetchpriority=\"high\" decoding=\"async\" class=\"alignnone size-full wp-image-1687\" src=\"https:\/\/inzainox.com\/wp-content\/uploads\/2020\/11\/PLANO-GENERAL-ANTIDESLIZANTES.jpg\" alt=\"desenho de tampas estanques antiderrapantes  \" width=\"1213\" height=\"454\" srcset=\"https:\/\/inzainox.com\/wp-content\/uploads\/2020\/11\/PLANO-GENERAL-ANTIDESLIZANTES.jpg 1213w, https:\/\/inzainox.com\/wp-content\/uploads\/2020\/11\/PLANO-GENERAL-ANTIDESLIZANTES-300x112.jpg 300w, https:\/\/inzainox.com\/wp-content\/uploads\/2020\/11\/PLANO-GENERAL-ANTIDESLIZANTES-1024x383.jpg 1024w, https:\/\/inzainox.com\/wp-content\/uploads\/2020\/11\/PLANO-GENERAL-ANTIDESLIZANTES-768x287.jpg 768w, https:\/\/inzainox.com\/wp-content\/uploads\/2020\/11\/PLANO-GENERAL-ANTIDESLIZANTES-600x225.jpg 600w\" sizes=\"(max-width: 1213px) 100vw, 1213px\" \/><img decoding=\"async\" class=\"size-full wp-image-1592 aligncenter\" src=\"https:\/\/inzainox.com\/wp-content\/uploads\/2020\/04\/TAPAS-GENERAL-DIMENSIONES.jpg\" alt=\"Dimens\u00f5es gerais das tampas estanques INZA\" width=\"728\" height=\"265\" srcset=\"https:\/\/inzainox.com\/wp-content\/uploads\/2020\/04\/TAPAS-GENERAL-DIMENSIONES.jpg 728w, https:\/\/inzainox.com\/wp-content\/uploads\/2020\/04\/TAPAS-GENERAL-DIMENSIONES-300x109.jpg 300w, https:\/\/inzainox.com\/wp-content\/uploads\/2020\/04\/TAPAS-GENERAL-DIMENSIONES-600x218.jpg 600w\" sizes=\"(max-width: 728px) 100vw, 728px\" \/><\/p>\n<p>&nbsp;<\/p>\n","protected":false},"excerpt":{"rendered":"<p>Transporte inclu\u00eddo no pre\u00e7o<\/p>\n<p>Se tiver alguma d\u00favida, ligue-nos T. +34 91 127 90 05<\/p>\n<p>Tampa estanque lisa para caixa de visita em a\u00e7o inoxid\u00e1vel AISI304. Fecho por quatro parafusos e uni\u00e3o por junta em EPDM. Pode ser simples para passagem pedonal (classe de carga A15) ou refor\u00e7ada para passagem de ve\u00edculos (classe de carga B125).  <\/p>\n<p>Todas as tampas s\u00e3o fornecidas com as ferramentas para a sua abertura.<\/p>\n","protected":false},"featured_media":790,"comment_status":"open","ping_status":"closed","template":"","meta":[],"product_brand":[],"product_cat":[287,288],"product_tag":[],"class_list":{"0":"post-7088","1":"product","2":"type-product","3":"status-publish","4":"has-post-thumbnail","6":"product_cat-tampas-estanques","7":"product_cat-tampas-estanques-em-aco-inoxidavel","8":"pa_dimensiones-1000x1000","9":"pa_dimensiones-30x30","10":"pa_dimensiones-40x40","11":"pa_dimensiones-50x50","12":"pa_dimensiones-60x60","13":"pa_dimensiones-70x70","14":"pa_dimensiones-80x80","15":"pa_dimensiones-90x90","17":"first","18":"instock","19":"taxable","20":"shipping-taxable","21":"purchasable","22":"product-type-variable"},"yoast_head":"<!-- This site is optimized with the Yoast SEO plugin v27.1.1 - https:\/\/yoast.com\/product\/yoast-seo-wordpress\/ -->\n<title>Tampa estanque lisa antiderrapante em a\u00e7o inoxid\u00e1vel<\/title>\n<meta name=\"description\" content=\"Stock dispon\u00edvel de tampas estanques lisas antiderrapantes em a\u00e7o inoxid\u00e1vel para tampa de caixa de visita. Selecione e compre a solu\u00e7\u00e3o antiodores\" \/>\n<meta name=\"robots\" content=\"index, follow, max-snippet:-1, max-image-preview:large, max-video-preview:-1\" \/>\n<link rel=\"canonical\" href=\"https:\/\/inzainox.com\/pt-pt\/producto\/tampa-estanque-lisa-antiderrapante-em-aco-inoxidavel\/\" \/>\n<meta property=\"og:locale\" content=\"pt_PT\" \/>\n<meta property=\"og:type\" content=\"article\" \/>\n<meta property=\"og:title\" content=\"Tampa estanque lisa antiderrapante em a\u00e7o inoxid\u00e1vel\" \/>\n<meta property=\"og:description\" content=\"Stock dispon\u00edvel de tampas estanques lisas antiderrapantes em a\u00e7o inoxid\u00e1vel para tampa de caixa de visita. Selecione e compre a solu\u00e7\u00e3o antiodores\" \/>\n<meta property=\"og:url\" content=\"https:\/\/inzainox.com\/pt-pt\/producto\/tampa-estanque-lisa-antiderrapante-em-aco-inoxidavel\/\" \/>\n<meta property=\"og:site_name\" content=\"Canales y sumideros de acero inoxidable Inza. Drenaje inox para industria\" \/>\n<meta property=\"og:image\" content=\"https:\/\/inzainox.com\/wp-content\/uploads\/2020\/04\/tapas-inox-antideslizantes.jpg\" \/>\n\t<meta property=\"og:image:width\" content=\"695\" \/>\n\t<meta property=\"og:image:height\" content=\"493\" \/>\n\t<meta property=\"og:image:type\" content=\"image\/jpeg\" \/>\n<meta name=\"twitter:card\" content=\"summary_large_image\" \/>\n<meta name=\"twitter:label1\" content=\"Tempo estimado de leitura\" \/>\n\t<meta name=\"twitter:data1\" content=\"1 minuto\" \/>\n<!-- \/ Yoast SEO plugin. -->","yoast_head_json":{"title":"Tampa estanque lisa antiderrapante em a\u00e7o inoxid\u00e1vel","description":"Stock dispon\u00edvel de tampas estanques lisas antiderrapantes em a\u00e7o inoxid\u00e1vel para tampa de caixa de visita. Selecione e compre a solu\u00e7\u00e3o antiodores","robots":{"index":"index","follow":"follow","max-snippet":"max-snippet:-1","max-image-preview":"max-image-preview:large","max-video-preview":"max-video-preview:-1"},"canonical":"https:\/\/inzainox.com\/pt-pt\/producto\/tampa-estanque-lisa-antiderrapante-em-aco-inoxidavel\/","og_locale":"pt_PT","og_type":"article","og_title":"Tampa estanque lisa antiderrapante em a\u00e7o inoxid\u00e1vel","og_description":"Stock dispon\u00edvel de tampas estanques lisas antiderrapantes em a\u00e7o inoxid\u00e1vel para tampa de caixa de visita. Selecione e compre a solu\u00e7\u00e3o antiodores","og_url":"https:\/\/inzainox.com\/pt-pt\/producto\/tampa-estanque-lisa-antiderrapante-em-aco-inoxidavel\/","og_site_name":"Canales y sumideros de acero inoxidable Inza. Drenaje inox para industria","og_image":[{"width":695,"height":493,"url":"https:\/\/inzainox.com\/wp-content\/uploads\/2020\/04\/tapas-inox-antideslizantes.jpg","type":"image\/jpeg"}],"twitter_card":"summary_large_image","twitter_misc":{"Tempo estimado de leitura":"1 minuto"},"schema":{"@context":"https:\/\/schema.org","@graph":[{"@type":"WebPage","@id":"https:\/\/inzainox.com\/pt-pt\/producto\/tampa-estanque-lisa-antiderrapante-em-aco-inoxidavel\/","url":"https:\/\/inzainox.com\/pt-pt\/producto\/tampa-estanque-lisa-antiderrapante-em-aco-inoxidavel\/","name":"Tampa estanque lisa antiderrapante em a\u00e7o inoxid\u00e1vel","isPartOf":{"@id":"https:\/\/inzainox.com\/pt-pt\/#website"},"primaryImageOfPage":{"@id":"https:\/\/inzainox.com\/pt-pt\/producto\/tampa-estanque-lisa-antiderrapante-em-aco-inoxidavel\/#primaryimage"},"image":{"@id":"https:\/\/inzainox.com\/pt-pt\/producto\/tampa-estanque-lisa-antiderrapante-em-aco-inoxidavel\/#primaryimage"},"thumbnailUrl":"https:\/\/inzainox.com\/wp-content\/uploads\/2020\/04\/tapas-inox-antideslizantes.jpg","datePublished":"2020-11-03T13:28:26+00:00","description":"Stock dispon\u00edvel de tampas estanques lisas antiderrapantes em a\u00e7o inoxid\u00e1vel para tampa de caixa de visita. Selecione e compre a solu\u00e7\u00e3o antiodores","breadcrumb":{"@id":"https:\/\/inzainox.com\/pt-pt\/producto\/tampa-estanque-lisa-antiderrapante-em-aco-inoxidavel\/#breadcrumb"},"inLanguage":"pt-PT","potentialAction":[{"@type":"ReadAction","target":["https:\/\/inzainox.com\/pt-pt\/producto\/tampa-estanque-lisa-antiderrapante-em-aco-inoxidavel\/"]}]},{"@type":"ImageObject","inLanguage":"pt-PT","@id":"https:\/\/inzainox.com\/pt-pt\/producto\/tampa-estanque-lisa-antiderrapante-em-aco-inoxidavel\/#primaryimage","url":"https:\/\/inzainox.com\/wp-content\/uploads\/2020\/04\/tapas-inox-antideslizantes.jpg","contentUrl":"https:\/\/inzainox.com\/wp-content\/uploads\/2020\/04\/tapas-inox-antideslizantes.jpg","width":695,"height":493,"caption":"Tapa de registro estanca de acero inoxidable INZA con superficie antideslizante tipo chapa palillo, damero, lagrima, m\u00e1xima seguridad y sellado anti-olores para pavimentos industriales"},{"@type":"BreadcrumbList","@id":"https:\/\/inzainox.com\/pt-pt\/producto\/tampa-estanque-lisa-antiderrapante-em-aco-inoxidavel\/#breadcrumb","itemListElement":[{"@type":"ListItem","position":1,"name":"P\u00e1gina inicial","item":"https:\/\/inzainox.com\/pt-pt\/nova-pagina-inicial\/"},{"@type":"ListItem","position":2,"name":"Loja Inza","item":"https:\/\/inzainox.com\/pt-pt\/loja-inza\/"},{"@type":"ListItem","position":3,"name":"Tampa estanque lisa antiderrapante em a\u00e7o inoxid\u00e1vel"}]},{"@type":"WebSite","@id":"https:\/\/inzainox.com\/pt-pt\/#website","url":"https:\/\/inzainox.com\/pt-pt\/","name":"Canales y sumideros de acero inoxidable Inza. Drenaje inox para industria","description":"Drenaje de acero inoxidable para industria","publisher":{"@id":"https:\/\/inzainox.com\/pt-pt\/#organization"},"alternateName":"Inza Inox","potentialAction":[{"@type":"SearchAction","target":{"@type":"EntryPoint","urlTemplate":"https:\/\/inzainox.com\/pt-pt\/?s={search_term_string}"},"query-input":{"@type":"PropertyValueSpecification","valueRequired":true,"valueName":"search_term_string"}}],"inLanguage":"pt-PT"},{"@type":"Organization","@id":"https:\/\/inzainox.com\/pt-pt\/#organization","name":"Inza Inox S.L.","alternateName":"Inza","url":"https:\/\/inzainox.com\/pt-pt\/","logo":{"@type":"ImageObject","inLanguage":"pt-PT","@id":"https:\/\/inzainox.com\/pt-pt\/#\/schema\/logo\/image\/","url":"https:\/\/inzainox.com\/wp-content\/uploads\/2020\/05\/cropped-NUEVA-INZA-2-5.png","contentUrl":"https:\/\/inzainox.com\/wp-content\/uploads\/2020\/05\/cropped-NUEVA-INZA-2-5.png","width":549,"height":264,"caption":"Inza Inox S.L."},"image":{"@id":"https:\/\/inzainox.com\/pt-pt\/#\/schema\/logo\/image\/"}}]}},"_links":{"self":[{"href":"https:\/\/inzainox.com\/pt-pt\/wp-json\/wp\/v2\/product\/7088","targetHints":{"allow":["GET"]}}],"collection":[{"href":"https:\/\/inzainox.com\/pt-pt\/wp-json\/wp\/v2\/product"}],"about":[{"href":"https:\/\/inzainox.com\/pt-pt\/wp-json\/wp\/v2\/types\/product"}],"replies":[{"embeddable":true,"href":"https:\/\/inzainox.com\/pt-pt\/wp-json\/wp\/v2\/comments?post=7088"}],"version-history":[{"count":0,"href":"https:\/\/inzainox.com\/pt-pt\/wp-json\/wp\/v2\/product\/7088\/revisions"}],"wp:featuredmedia":[{"embeddable":true,"href":"https:\/\/inzainox.com\/pt-pt\/wp-json\/wp\/v2\/media\/790"}],"wp:attachment":[{"href":"https:\/\/inzainox.com\/pt-pt\/wp-json\/wp\/v2\/media?parent=7088"}],"wp:term":[{"taxonomy":"product_brand","embeddable":true,"href":"https:\/\/inzainox.com\/pt-pt\/wp-json\/wp\/v2\/product_brand?post=7088"},{"taxonomy":"product_cat","embeddable":true,"href":"https:\/\/inzainox.com\/pt-pt\/wp-json\/wp\/v2\/product_cat?post=7088"},{"taxonomy":"product_tag","embeddable":true,"href":"https:\/\/inzainox.com\/pt-pt\/wp-json\/wp\/v2\/product_tag?post=7088"}],"curies":[{"name":"wp","href":"https:\/\/api.w.org\/{rel}","templated":true}]}}