{"id":7062,"date":"2020-11-03T15:31:56","date_gmt":"2020-11-03T15:31:56","guid":{"rendered":"https:\/\/inzainox.com\/producto\/tampa-estanque-de-rebaixo-em-aco-galvanizado\/"},"modified":"2026-03-25T22:39:13","modified_gmt":"2026-03-25T22:39:13","slug":"tampa-estanque-de-rebaixo-em-aco-galvanizado","status":"publish","type":"product","link":"https:\/\/inzainox.com\/pt-pt\/producto\/tampa-estanque-de-rebaixo-em-aco-galvanizado\/","title":{"rendered":"Tampa estanque de rebaixo em a\u00e7o galvanizado"},"content":{"rendered":"\t\t<div data-elementor-type=\"wp-post\" data-elementor-id=\"7062\" class=\"elementor elementor-7062 elementor-1146\">\n\t\t\t\t<div class=\"elementor-element elementor-element-492da20b e-flex e-con-boxed e-con e-parent\" data-id=\"492da20b\" data-element_type=\"container\" data-e-type=\"container\">\n\t\t\t\t\t<div class=\"e-con-inner\">\n\t\t\t\t<div class=\"elementor-element elementor-element-3958742d elementor-widget elementor-widget-text-editor\" data-id=\"3958742d\" data-element_type=\"widget\" data-e-type=\"widget\" data-widget_type=\"text-editor.default\">\n\t\t\t\t<div class=\"elementor-widget-container\">\n\t\t\t\t\t\t\t\t\tTampa estanque de rebaixo em a\u00e7o galvanizado para caixas de visita que necessitem evitar a entrada de \u00e1gua ou a sa\u00edda de odores. Solu\u00e7\u00e3o composta por tampa e aro para instala\u00e7\u00e3o sobre caixa de visita inspecion\u00e1vel, fabricada em a\u00e7o galvanizado para encher com o pavimento do pavimento. \r\n\r\n\u00c9 uma tampa estanque para evitar odores, gra\u00e7as a um fecho com junta de EPDM e uni\u00e3o com 4 parafusos de inox nos cantos da tampa.\r\n\r\nConcebida para ser preenchida com o mesmo pavimento que o restante pavimento, a tampa de visita instalada \u00e9 praticamente invis\u00edvel, proporcionando uma solu\u00e7\u00e3o perfeitamente integrada no ambiente. O fundo da tampa permite paviment\u00e1-la tanto com cubos de diferentes alturas como utilizar ladrilhos cer\u00e2micos, madeira ou outro tipo de pavimento. \r\n\r\nA tampa inclui as ferramentas para remover os parafusos no pre\u00e7o\r\n\r\nFornecemos man\u00edpulos que se roscam no alojamento dos parafusos para facilitar a sua abertura com comodidade. Estes man\u00edpulos com asa tamb\u00e9m est\u00e3o inclu\u00eddos no pre\u00e7o. \r\n\r\n<iframe title=\"Tapa de arqueta rellenable estanca de acero inoxidable\" width=\"1200\" height=\"675\" src=\"https:\/\/www.youtube.com\/embed\/VVrkmHR3nho?feature=oembed\" frameborder=\"0\" allow=\"accelerometer; autoplay; clipboard-write; encrypted-media; gyroscope; picture-in-picture; web-share\" referrerpolicy=\"strict-origin-when-cross-origin\" allowfullscreen><\/iframe>\r\n\r\nTampa standard para cargas de tr\u00e1fego pedonal e tampas especialmente refor\u00e7adas para cargas de tr\u00e1fego rodovi\u00e1rio de ve\u00edculos. Dispomos de tampas para classes de carga A15, B125, C250 e D400 \r\n\r\nTampas quadradas de diferentes dimens\u00f5es, desde 300x300mm at\u00e9 1000x1000mm.\r\n\r\nAs tampas estanques de rebaixo s\u00e3o fabricadas em a\u00e7o galvanizado para garantir boa resist\u00eancia tanto \u00e0s cargas mec\u00e2nicas como \u00e0s agress\u00f5es qu\u00edmicas. S\u00e3o tampas especialmente concebidas para instala\u00e7\u00e3o sobre caixas de saneamento, onde predomina um ambiente h\u00famido. Para instala\u00e7\u00f5es onde o ambiente possa ser extremamente agressivo ou em instala\u00e7\u00f5es com \u00e1gua do mar, dispomos destas mesmas tampas estanques de rebaixo fabricadas em a\u00e7o inoxid\u00e1vel nas qualidades AISI304 e AISI316L  \r\n\r\nPode ser fornecida opcionalmente com uma malha para posterior betonagem.\r\n\r\n<span style=\"color: #339966;\"><a style=\"color: #339966;\" href=\"https:\/\/inzainox.com\/wp-content\/uploads\/2022\/03\/Tapas-estancas-de-acero-galvanizado-rellenables.pdf\">FICHA T\u00c9CNICA<\/a><\/span>\r\n\r\nConsultar tampas redondas e de medidas especiais\r\n\r\n<img fetchpriority=\"high\" decoding=\"async\" class=\"size-full wp-image-1594 aligncenter\" src=\"https:\/\/inzainox.com\/wp-content\/uploads\/2020\/04\/TAPAS-GENERAL-DIMENSIONES-1.jpg\" alt=\"DIMENS\u00d5ES GERAIS TAMPAS ESTANQUES INZA\" width=\"491\" height=\"449\" srcset=\"https:\/\/inzainox.com\/wp-content\/uploads\/2020\/04\/TAPAS-GENERAL-DIMENSIONES-1.jpg 491w, https:\/\/inzainox.com\/wp-content\/uploads\/2020\/04\/TAPAS-GENERAL-DIMENSIONES-1-300x274.jpg 300w\" sizes=\"(max-width: 491px) 100vw, 491px\" \/>\r\n\r\n<img decoding=\"async\" class=\"size-full wp-image-1592 aligncenter\" src=\"https:\/\/inzainox.com\/wp-content\/uploads\/2020\/04\/TAPAS-GENERAL-DIMENSIONES.jpg\" alt=\"Dimens\u00f5es gerais das tampas estanques INZA\" width=\"728\" height=\"265\" srcset=\"https:\/\/inzainox.com\/wp-content\/uploads\/2020\/04\/TAPAS-GENERAL-DIMENSIONES.jpg 728w, https:\/\/inzainox.com\/wp-content\/uploads\/2020\/04\/TAPAS-GENERAL-DIMENSIONES-300x109.jpg 300w, https:\/\/inzainox.com\/wp-content\/uploads\/2020\/04\/TAPAS-GENERAL-DIMENSIONES-600x218.jpg 600w\" sizes=\"(max-width: 728px) 100vw, 728px\" \/>\t\t\t\t\t\t\t\t<\/div>\n\t\t\t\t<\/div>\n\t\t\t\t\t<\/div>\n\t\t\t\t<\/div>\n\t\t\t\t<\/div>\n\t\t","protected":false},"excerpt":{"rendered":"<p>Transporte inclu\u00eddo no pre\u00e7o<\/p>\n<p>Entregamos em 24-48 h<\/p>\n<p>Se tiver alguma d\u00favida, ligue-nos T. +34 91 127 90 05<\/p>\n<p>Tampa estanque de rebaixo para caixa de visita em a\u00e7o galvanizado. Fecho por quatro parafusos e veda\u00e7\u00e3o por junta em EPDM. Pode ser simples para passagem pedonal (classe de carga A15) ou refor\u00e7ada para passagem de ve\u00edculos (classe de carga B125) ou aplica\u00e7\u00f5es urbanas (classe de carga C250)  <\/p>\n<p>Todas as tampas s\u00e3o fornecidas com as ferramentas para a sua abertura e 2 puxadores roscados que facilitam a abertura com o menor esfor\u00e7o poss\u00edvel.<\/p>\n","protected":false},"featured_media":56,"comment_status":"open","ping_status":"closed","template":"","meta":[],"product_brand":[],"product_cat":[287,404,301],"product_tag":[],"class_list":{"0":"post-7062","1":"product","2":"type-product","3":"status-publish","4":"has-post-thumbnail","6":"product_cat-tampas-estanques","7":"product_cat-tampas-estanques-em-aco-galvanizado","8":"product_cat-tampas-estanques-preenchiveis","9":"pa_dimensiones-1000x1000","10":"pa_dimensiones-30x30","11":"pa_dimensiones-40x40","12":"pa_dimensiones-50x50","13":"pa_dimensiones-60x60","14":"pa_dimensiones-70x70","15":"pa_dimensiones-80x80","16":"pa_dimensiones-90x90","18":"first","19":"instock","20":"taxable","21":"shipping-taxable","22":"purchasable","23":"product-type-variable"},"yoast_head":"<!-- This site is optimized with the Yoast SEO plugin v27.1.1 - https:\/\/yoast.com\/product\/yoast-seo-wordpress\/ -->\n<title>Tampa estanque de rebaixo em a\u00e7o galvanizado<\/title>\n<meta name=\"description\" content=\"Stock dispon\u00edvel de tampas estanques de rebaixo em a\u00e7o galvanizado para acesso a caixa de visita. Selecione e compre a sua solu\u00e7\u00e3o antiodores\" \/>\n<meta name=\"robots\" content=\"index, follow, max-snippet:-1, max-image-preview:large, max-video-preview:-1\" \/>\n<link rel=\"canonical\" href=\"https:\/\/inzainox.com\/pt-pt\/producto\/tampa-estanque-de-rebaixo-em-aco-galvanizado\/\" \/>\n<meta property=\"og:locale\" content=\"pt_PT\" \/>\n<meta property=\"og:type\" content=\"article\" \/>\n<meta property=\"og:title\" content=\"Tampa estanque de rebaixo em a\u00e7o galvanizado\" \/>\n<meta property=\"og:description\" content=\"Stock dispon\u00edvel de tampas estanques de rebaixo em a\u00e7o galvanizado para acesso a caixa de visita. Selecione e compre a sua solu\u00e7\u00e3o antiodores\" \/>\n<meta property=\"og:url\" content=\"https:\/\/inzainox.com\/pt-pt\/producto\/tampa-estanque-de-rebaixo-em-aco-galvanizado\/\" \/>\n<meta property=\"og:site_name\" content=\"Canales y sumideros de acero inoxidable Inza. Drenaje inox para industria\" \/>\n<meta property=\"article:modified_time\" content=\"2026-03-25T22:39:13+00:00\" \/>\n<meta property=\"og:image\" content=\"https:\/\/inzainox.com\/wp-content\/uploads\/2020\/04\/rellenable.jpg\" \/>\n\t<meta property=\"og:image:width\" content=\"709\" \/>\n\t<meta property=\"og:image:height\" content=\"447\" \/>\n\t<meta property=\"og:image:type\" content=\"image\/jpeg\" \/>\n<meta name=\"twitter:card\" content=\"summary_large_image\" \/>\n<meta name=\"twitter:label1\" content=\"Tempo estimado de leitura\" \/>\n\t<meta name=\"twitter:data1\" content=\"2 minutos\" \/>\n<!-- \/ Yoast SEO plugin. -->","yoast_head_json":{"title":"Tampa estanque de rebaixo em a\u00e7o galvanizado","description":"Stock dispon\u00edvel de tampas estanques de rebaixo em a\u00e7o galvanizado para acesso a caixa de visita. Selecione e compre a sua solu\u00e7\u00e3o antiodores","robots":{"index":"index","follow":"follow","max-snippet":"max-snippet:-1","max-image-preview":"max-image-preview:large","max-video-preview":"max-video-preview:-1"},"canonical":"https:\/\/inzainox.com\/pt-pt\/producto\/tampa-estanque-de-rebaixo-em-aco-galvanizado\/","og_locale":"pt_PT","og_type":"article","og_title":"Tampa estanque de rebaixo em a\u00e7o galvanizado","og_description":"Stock dispon\u00edvel de tampas estanques de rebaixo em a\u00e7o galvanizado para acesso a caixa de visita. Selecione e compre a sua solu\u00e7\u00e3o antiodores","og_url":"https:\/\/inzainox.com\/pt-pt\/producto\/tampa-estanque-de-rebaixo-em-aco-galvanizado\/","og_site_name":"Canales y sumideros de acero inoxidable Inza. Drenaje inox para industria","article_modified_time":"2026-03-25T22:39:13+00:00","og_image":[{"width":709,"height":447,"url":"https:\/\/inzainox.com\/wp-content\/uploads\/2020\/04\/rellenable.jpg","type":"image\/jpeg"}],"twitter_card":"summary_large_image","twitter_misc":{"Tempo estimado de leitura":"2 minutos"},"schema":{"@context":"https:\/\/schema.org","@graph":[{"@type":"WebPage","@id":"https:\/\/inzainox.com\/pt-pt\/producto\/tampa-estanque-de-rebaixo-em-aco-galvanizado\/","url":"https:\/\/inzainox.com\/pt-pt\/producto\/tampa-estanque-de-rebaixo-em-aco-galvanizado\/","name":"Tampa estanque de rebaixo em a\u00e7o galvanizado","isPartOf":{"@id":"https:\/\/inzainox.com\/pt-pt\/#website"},"primaryImageOfPage":{"@id":"https:\/\/inzainox.com\/pt-pt\/producto\/tampa-estanque-de-rebaixo-em-aco-galvanizado\/#primaryimage"},"image":{"@id":"https:\/\/inzainox.com\/pt-pt\/producto\/tampa-estanque-de-rebaixo-em-aco-galvanizado\/#primaryimage"},"thumbnailUrl":"https:\/\/inzainox.com\/wp-content\/uploads\/2020\/04\/rellenable.jpg","datePublished":"2020-11-03T15:31:56+00:00","dateModified":"2026-03-25T22:39:13+00:00","description":"Stock dispon\u00edvel de tampas estanques de rebaixo em a\u00e7o galvanizado para acesso a caixa de visita. Selecione e compre a sua solu\u00e7\u00e3o antiodores","breadcrumb":{"@id":"https:\/\/inzainox.com\/pt-pt\/producto\/tampa-estanque-de-rebaixo-em-aco-galvanizado\/#breadcrumb"},"inLanguage":"pt-PT","potentialAction":[{"@type":"ReadAction","target":["https:\/\/inzainox.com\/pt-pt\/producto\/tampa-estanque-de-rebaixo-em-aco-galvanizado\/"]}]},{"@type":"ImageObject","inLanguage":"pt-PT","@id":"https:\/\/inzainox.com\/pt-pt\/producto\/tampa-estanque-de-rebaixo-em-aco-galvanizado\/#primaryimage","url":"https:\/\/inzainox.com\/wp-content\/uploads\/2020\/04\/rellenable.jpg","contentUrl":"https:\/\/inzainox.com\/wp-content\/uploads\/2020\/04\/rellenable.jpg","width":709,"height":447,"caption":"tapa de arqueta estanca rellenable"},{"@type":"BreadcrumbList","@id":"https:\/\/inzainox.com\/pt-pt\/producto\/tampa-estanque-de-rebaixo-em-aco-galvanizado\/#breadcrumb","itemListElement":[{"@type":"ListItem","position":1,"name":"P\u00e1gina inicial","item":"https:\/\/inzainox.com\/pt-pt\/nova-pagina-inicial\/"},{"@type":"ListItem","position":2,"name":"Loja Inza","item":"https:\/\/inzainox.com\/pt-pt\/loja-inza\/"},{"@type":"ListItem","position":3,"name":"Tampa estanque de rebaixo em a\u00e7o galvanizado"}]},{"@type":"WebSite","@id":"https:\/\/inzainox.com\/pt-pt\/#website","url":"https:\/\/inzainox.com\/pt-pt\/","name":"Canales y sumideros de acero inoxidable Inza. Drenaje inox para industria","description":"Drenaje de acero inoxidable para industria","publisher":{"@id":"https:\/\/inzainox.com\/pt-pt\/#organization"},"alternateName":"Inza Inox","potentialAction":[{"@type":"SearchAction","target":{"@type":"EntryPoint","urlTemplate":"https:\/\/inzainox.com\/pt-pt\/?s={search_term_string}"},"query-input":{"@type":"PropertyValueSpecification","valueRequired":true,"valueName":"search_term_string"}}],"inLanguage":"pt-PT"},{"@type":"Organization","@id":"https:\/\/inzainox.com\/pt-pt\/#organization","name":"Inza Inox S.L.","alternateName":"Inza","url":"https:\/\/inzainox.com\/pt-pt\/","logo":{"@type":"ImageObject","inLanguage":"pt-PT","@id":"https:\/\/inzainox.com\/pt-pt\/#\/schema\/logo\/image\/","url":"https:\/\/inzainox.com\/wp-content\/uploads\/2020\/05\/cropped-NUEVA-INZA-2-5.png","contentUrl":"https:\/\/inzainox.com\/wp-content\/uploads\/2020\/05\/cropped-NUEVA-INZA-2-5.png","width":549,"height":264,"caption":"Inza Inox S.L."},"image":{"@id":"https:\/\/inzainox.com\/pt-pt\/#\/schema\/logo\/image\/"}}]}},"_links":{"self":[{"href":"https:\/\/inzainox.com\/pt-pt\/wp-json\/wp\/v2\/product\/7062","targetHints":{"allow":["GET"]}}],"collection":[{"href":"https:\/\/inzainox.com\/pt-pt\/wp-json\/wp\/v2\/product"}],"about":[{"href":"https:\/\/inzainox.com\/pt-pt\/wp-json\/wp\/v2\/types\/product"}],"replies":[{"embeddable":true,"href":"https:\/\/inzainox.com\/pt-pt\/wp-json\/wp\/v2\/comments?post=7062"}],"version-history":[{"count":1,"href":"https:\/\/inzainox.com\/pt-pt\/wp-json\/wp\/v2\/product\/7062\/revisions"}],"predecessor-version":[{"id":7087,"href":"https:\/\/inzainox.com\/pt-pt\/wp-json\/wp\/v2\/product\/7062\/revisions\/7087"}],"wp:featuredmedia":[{"embeddable":true,"href":"https:\/\/inzainox.com\/pt-pt\/wp-json\/wp\/v2\/media\/56"}],"wp:attachment":[{"href":"https:\/\/inzainox.com\/pt-pt\/wp-json\/wp\/v2\/media?parent=7062"}],"wp:term":[{"taxonomy":"product_brand","embeddable":true,"href":"https:\/\/inzainox.com\/pt-pt\/wp-json\/wp\/v2\/product_brand?post=7062"},{"taxonomy":"product_cat","embeddable":true,"href":"https:\/\/inzainox.com\/pt-pt\/wp-json\/wp\/v2\/product_cat?post=7062"},{"taxonomy":"product_tag","embeddable":true,"href":"https:\/\/inzainox.com\/pt-pt\/wp-json\/wp\/v2\/product_tag?post=7062"}],"curies":[{"name":"wp","href":"https:\/\/api.w.org\/{rel}","templated":true}]}}