{"id":6981,"date":"2023-12-05T07:57:55","date_gmt":"2023-12-05T07:57:55","guid":{"rendered":"https:\/\/inzainox.com\/producto\/grelhas-entrancadas-em-aco-inoxidavel-para-canais-de-obra-com-ou-sem-aro-1-m-de-comprimento\/"},"modified":"2023-12-05T07:57:55","modified_gmt":"2023-12-05T07:57:55","slug":"grelhas-entrancadas-em-aco-inoxidavel-para-canais-de-obra-com-ou-sem-aro-1-m-de-comprimento","status":"publish","type":"product","link":"https:\/\/inzainox.com\/pt-pt\/producto\/grelhas-entrancadas-em-aco-inoxidavel-para-canais-de-obra-com-ou-sem-aro-1-m-de-comprimento\/","title":{"rendered":"Grelhas entran\u00e7adas em a\u00e7o inoxid\u00e1vel para canais de obra, com ou sem aro. 1 m de comprimento"},"content":{"rendered":"<p>Grelhas entran\u00e7adas fabricadas em a\u00e7o inoxid\u00e1vel, de diferentes larguras. Vendem-se apenas as grelhas ou em conjunto com os respetivos aros de apoio.<br \/>\nOs aros fabricados em a\u00e7o inoxid\u00e1vel s\u00e3o constitu\u00eddos por 2 perfis longitudinais unidos inferiormente por 2 chapas que servem de garras de fixa\u00e7\u00e3o ao bet\u00e3o de instala\u00e7\u00e3o. Comprimento total 1000 mm.<br \/>\nDiferentes larguras dispon\u00edveis de 100 a 500 mm.<br \/>\n\u00c9 poss\u00edvel que n\u00e3o encontre o pre\u00e7o de alguma grelha de grande largura.<br \/>\nSe precisar que as grelhas sejam antiderrapantes<br \/>\nSe precisar que as grelhas sejam anti-salto alto<br \/>\nSe precisar de dimens\u00f5es especiais<br \/>\nSe precisar de resist\u00eancias mais elevadas<br \/>\nEm qualquer destes casos, consulte-nos em info@inzainox.com ou ligando para 91 127 90 05.  <\/p>\n","protected":false},"excerpt":{"rendered":"<p>Grelhas entran\u00e7adas em a\u00e7o inoxid\u00e1vel de 1 metro de comprimento. Com larguras de 100 mm a 500 mm em stock. Tamb\u00e9m podemos fornec\u00ea-la com o respetivo aro de apoio  <\/p>\n","protected":false},"featured_media":474,"comment_status":"open","ping_status":"closed","template":"","meta":[],"product_brand":[],"product_cat":[386,327],"product_tag":[],"class_list":{"0":"post-6981","1":"product","2":"type-product","3":"status-publish","4":"has-post-thumbnail","6":"product_cat-grelhas-entrelacadas-de-aco-inoxidavel","7":"product_cat-grelhas-gradeadas","9":"first","10":"instock","11":"taxable","12":"shipping-taxable","13":"purchasable","14":"product-type-variable"},"yoast_head":"<!-- This site is optimized with the Yoast SEO plugin v27.1.1 - https:\/\/yoast.com\/product\/yoast-seo-wordpress\/ -->\n<title>Grelhas entran\u00e7adas em a\u00e7o inoxid\u00e1vel para canais de obra<\/title>\n<meta name=\"description\" content=\"Selecione a largura pretendida e enviamos-lha. Grelhas tramex inox para instala\u00e7\u00e3o sobre canais de obra. Dispon\u00edveis tamb\u00e9m com o respetivo aro\" \/>\n<meta name=\"robots\" content=\"index, follow, max-snippet:-1, max-image-preview:large, max-video-preview:-1\" \/>\n<link rel=\"canonical\" href=\"https:\/\/inzainox.com\/pt-pt\/producto\/grelhas-entrancadas-em-aco-inoxidavel-para-canais-de-obra-com-ou-sem-aro-1-m-de-comprimento\/\" \/>\n<meta property=\"og:locale\" content=\"pt_PT\" \/>\n<meta property=\"og:type\" content=\"article\" \/>\n<meta property=\"og:title\" content=\"Grelhas entran\u00e7adas em a\u00e7o inoxid\u00e1vel para canais de obra\" \/>\n<meta property=\"og:description\" content=\"Selecione a largura pretendida e enviamos-lha. Grelhas tramex inox para instala\u00e7\u00e3o sobre canais de obra. Dispon\u00edveis tamb\u00e9m com o respetivo aro\" \/>\n<meta property=\"og:url\" content=\"https:\/\/inzainox.com\/pt-pt\/producto\/grelhas-entrancadas-em-aco-inoxidavel-para-canais-de-obra-com-ou-sem-aro-1-m-de-comprimento\/\" \/>\n<meta property=\"og:site_name\" content=\"Canales y sumideros de acero inoxidable Inza. Drenaje inox para industria\" \/>\n<meta property=\"og:image\" content=\"https:\/\/inzainox.com\/wp-content\/uploads\/2020\/05\/tramex-2.jpg\" \/>\n\t<meta property=\"og:image:width\" content=\"657\" \/>\n\t<meta property=\"og:image:height\" content=\"399\" \/>\n\t<meta property=\"og:image:type\" content=\"image\/jpeg\" \/>\n<meta name=\"twitter:card\" content=\"summary_large_image\" \/>\n<meta name=\"twitter:label1\" content=\"Tempo estimado de leitura\" \/>\n\t<meta name=\"twitter:data1\" content=\"1 minuto\" \/>\n<!-- \/ Yoast SEO plugin. -->","yoast_head_json":{"title":"Grelhas entran\u00e7adas em a\u00e7o inoxid\u00e1vel para canais de obra","description":"Selecione a largura pretendida e enviamos-lha. Grelhas tramex inox para instala\u00e7\u00e3o sobre canais de obra. Dispon\u00edveis tamb\u00e9m com o respetivo aro","robots":{"index":"index","follow":"follow","max-snippet":"max-snippet:-1","max-image-preview":"max-image-preview:large","max-video-preview":"max-video-preview:-1"},"canonical":"https:\/\/inzainox.com\/pt-pt\/producto\/grelhas-entrancadas-em-aco-inoxidavel-para-canais-de-obra-com-ou-sem-aro-1-m-de-comprimento\/","og_locale":"pt_PT","og_type":"article","og_title":"Grelhas entran\u00e7adas em a\u00e7o inoxid\u00e1vel para canais de obra","og_description":"Selecione a largura pretendida e enviamos-lha. Grelhas tramex inox para instala\u00e7\u00e3o sobre canais de obra. Dispon\u00edveis tamb\u00e9m com o respetivo aro","og_url":"https:\/\/inzainox.com\/pt-pt\/producto\/grelhas-entrancadas-em-aco-inoxidavel-para-canais-de-obra-com-ou-sem-aro-1-m-de-comprimento\/","og_site_name":"Canales y sumideros de acero inoxidable Inza. Drenaje inox para industria","og_image":[{"width":657,"height":399,"url":"https:\/\/inzainox.com\/wp-content\/uploads\/2020\/05\/tramex-2.jpg","type":"image\/jpeg"}],"twitter_card":"summary_large_image","twitter_misc":{"Tempo estimado de leitura":"1 minuto"},"schema":{"@context":"https:\/\/schema.org","@graph":[{"@type":"WebPage","@id":"https:\/\/inzainox.com\/pt-pt\/producto\/grelhas-entrancadas-em-aco-inoxidavel-para-canais-de-obra-com-ou-sem-aro-1-m-de-comprimento\/","url":"https:\/\/inzainox.com\/pt-pt\/producto\/grelhas-entrancadas-em-aco-inoxidavel-para-canais-de-obra-com-ou-sem-aro-1-m-de-comprimento\/","name":"Grelhas entran\u00e7adas em a\u00e7o inoxid\u00e1vel para canais de obra","isPartOf":{"@id":"https:\/\/inzainox.com\/pt-pt\/#website"},"primaryImageOfPage":{"@id":"https:\/\/inzainox.com\/pt-pt\/producto\/grelhas-entrancadas-em-aco-inoxidavel-para-canais-de-obra-com-ou-sem-aro-1-m-de-comprimento\/#primaryimage"},"image":{"@id":"https:\/\/inzainox.com\/pt-pt\/producto\/grelhas-entrancadas-em-aco-inoxidavel-para-canais-de-obra-com-ou-sem-aro-1-m-de-comprimento\/#primaryimage"},"thumbnailUrl":"https:\/\/inzainox.com\/wp-content\/uploads\/2020\/05\/tramex-2.jpg","datePublished":"2023-12-05T07:57:55+00:00","description":"Selecione a largura pretendida e enviamos-lha. Grelhas tramex inox para instala\u00e7\u00e3o sobre canais de obra. Dispon\u00edveis tamb\u00e9m com o respetivo aro","breadcrumb":{"@id":"https:\/\/inzainox.com\/pt-pt\/producto\/grelhas-entrancadas-em-aco-inoxidavel-para-canais-de-obra-com-ou-sem-aro-1-m-de-comprimento\/#breadcrumb"},"inLanguage":"pt-PT","potentialAction":[{"@type":"ReadAction","target":["https:\/\/inzainox.com\/pt-pt\/producto\/grelhas-entrancadas-em-aco-inoxidavel-para-canais-de-obra-com-ou-sem-aro-1-m-de-comprimento\/"]}]},{"@type":"ImageObject","inLanguage":"pt-PT","@id":"https:\/\/inzainox.com\/pt-pt\/producto\/grelhas-entrancadas-em-aco-inoxidavel-para-canais-de-obra-com-ou-sem-aro-1-m-de-comprimento\/#primaryimage","url":"https:\/\/inzainox.com\/wp-content\/uploads\/2020\/05\/tramex-2.jpg","contentUrl":"https:\/\/inzainox.com\/wp-content\/uploads\/2020\/05\/tramex-2.jpg","width":657,"height":399,"caption":"GRELHA ENTRAMADA INOX"},{"@type":"BreadcrumbList","@id":"https:\/\/inzainox.com\/pt-pt\/producto\/grelhas-entrancadas-em-aco-inoxidavel-para-canais-de-obra-com-ou-sem-aro-1-m-de-comprimento\/#breadcrumb","itemListElement":[{"@type":"ListItem","position":1,"name":"P\u00e1gina inicial","item":"https:\/\/inzainox.com\/pt-pt\/nova-pagina-inicial\/"},{"@type":"ListItem","position":2,"name":"Loja Inza","item":"https:\/\/inzainox.com\/pt-pt\/loja-inza\/"},{"@type":"ListItem","position":3,"name":"Grelhas entran\u00e7adas em a\u00e7o inoxid\u00e1vel para canais de obra, com ou sem aro. 1 m de comprimento"}]},{"@type":"WebSite","@id":"https:\/\/inzainox.com\/pt-pt\/#website","url":"https:\/\/inzainox.com\/pt-pt\/","name":"Canales y sumideros de acero inoxidable Inza. Drenaje inox para industria","description":"Drenaje de acero inoxidable para industria","publisher":{"@id":"https:\/\/inzainox.com\/pt-pt\/#organization"},"alternateName":"Inza Inox","potentialAction":[{"@type":"SearchAction","target":{"@type":"EntryPoint","urlTemplate":"https:\/\/inzainox.com\/pt-pt\/?s={search_term_string}"},"query-input":{"@type":"PropertyValueSpecification","valueRequired":true,"valueName":"search_term_string"}}],"inLanguage":"pt-PT"},{"@type":"Organization","@id":"https:\/\/inzainox.com\/pt-pt\/#organization","name":"Inza Inox S.L.","alternateName":"Inza","url":"https:\/\/inzainox.com\/pt-pt\/","logo":{"@type":"ImageObject","inLanguage":"pt-PT","@id":"https:\/\/inzainox.com\/pt-pt\/#\/schema\/logo\/image\/","url":"https:\/\/inzainox.com\/wp-content\/uploads\/2020\/05\/cropped-NUEVA-INZA-2-5.png","contentUrl":"https:\/\/inzainox.com\/wp-content\/uploads\/2020\/05\/cropped-NUEVA-INZA-2-5.png","width":549,"height":264,"caption":"Inza Inox S.L."},"image":{"@id":"https:\/\/inzainox.com\/pt-pt\/#\/schema\/logo\/image\/"}}]}},"_links":{"self":[{"href":"https:\/\/inzainox.com\/pt-pt\/wp-json\/wp\/v2\/product\/6981","targetHints":{"allow":["GET"]}}],"collection":[{"href":"https:\/\/inzainox.com\/pt-pt\/wp-json\/wp\/v2\/product"}],"about":[{"href":"https:\/\/inzainox.com\/pt-pt\/wp-json\/wp\/v2\/types\/product"}],"replies":[{"embeddable":true,"href":"https:\/\/inzainox.com\/pt-pt\/wp-json\/wp\/v2\/comments?post=6981"}],"version-history":[{"count":0,"href":"https:\/\/inzainox.com\/pt-pt\/wp-json\/wp\/v2\/product\/6981\/revisions"}],"wp:featuredmedia":[{"embeddable":true,"href":"https:\/\/inzainox.com\/pt-pt\/wp-json\/wp\/v2\/media\/474"}],"wp:attachment":[{"href":"https:\/\/inzainox.com\/pt-pt\/wp-json\/wp\/v2\/media?parent=6981"}],"wp:term":[{"taxonomy":"product_brand","embeddable":true,"href":"https:\/\/inzainox.com\/pt-pt\/wp-json\/wp\/v2\/product_brand?post=6981"},{"taxonomy":"product_cat","embeddable":true,"href":"https:\/\/inzainox.com\/pt-pt\/wp-json\/wp\/v2\/product_cat?post=6981"},{"taxonomy":"product_tag","embeddable":true,"href":"https:\/\/inzainox.com\/pt-pt\/wp-json\/wp\/v2\/product_tag?post=6981"}],"curies":[{"name":"wp","href":"https:\/\/api.w.org\/{rel}","templated":true}]}}