{"id":6971,"date":"2023-12-05T10:11:41","date_gmt":"2023-12-05T10:11:41","guid":{"rendered":"https:\/\/inzainox.com\/producto\/grelhas-entrelacadas-de-aco-inoxidavel-com-aro-quadrado\/"},"modified":"2023-12-05T10:11:41","modified_gmt":"2023-12-05T10:11:41","slug":"grelhas-entrelacadas-de-aco-inoxidavel-com-aro-quadrado","status":"publish","type":"product","link":"https:\/\/inzainox.com\/pt-pt\/producto\/grelhas-entrelacadas-de-aco-inoxidavel-com-aro-quadrado\/","title":{"rendered":"Grelhas entrela\u00e7adas de a\u00e7o inoxid\u00e1vel com aro quadrado"},"content":{"rendered":"<p>Grelhas quadradas entrela\u00e7adas fabricadas em a\u00e7o inoxid\u00e1vel com aro para instala\u00e7\u00e3o. Para passagem pedonal<br \/>\nCom dimens\u00f5es de 200x200mm at\u00e9 600x600mm<br \/>\nTanto para instala\u00e7\u00e3o como ponto de drenagem, como de arejamento ou simplesmente de suporte.<br \/>\nSe precisar que as grelhas sejam antiderrapantes<br \/>\nSe precisar que as grelhas sejam anti-salto<br \/>\nSe precisar de dimens\u00f5es especiais<br \/>\nSe precisar de resist\u00eancias mais elevadas<br \/>\nEm qualquer um destes casos, consulte-nos atrav\u00e9s de info@inzainox.com ou ligando para 91 127 90 05. <\/p>\n","protected":false},"excerpt":{"rendered":"<p>Grelhas quadradas entrela\u00e7adas de a\u00e7o inoxid\u00e1vel com aro fechado<\/p>\n","protected":false},"featured_media":3161,"comment_status":"open","ping_status":"closed","template":"","meta":[],"product_brand":[],"product_cat":[386,327],"product_tag":[],"class_list":{"0":"post-6971","1":"product","2":"type-product","3":"status-publish","4":"has-post-thumbnail","6":"product_cat-grelhas-entrelacadas-de-aco-inoxidavel","7":"product_cat-grelhas-gradeadas","9":"first","10":"instock","11":"taxable","12":"shipping-taxable","13":"purchasable","14":"product-type-variable"},"yoast_head":"<!-- This site is optimized with the Yoast SEO plugin v27.1.1 - https:\/\/yoast.com\/product\/yoast-seo-wordpress\/ -->\n<title>Grelhas inox quadradas entrela\u00e7adas com aro<\/title>\n<meta name=\"description\" content=\"Selecione a sua medida e enviamos para onde precisar. Grelhas tramex de inox quadradas com aro. Uso pedonal. Material em stock\" \/>\n<meta name=\"robots\" content=\"index, follow, max-snippet:-1, max-image-preview:large, max-video-preview:-1\" \/>\n<link rel=\"canonical\" href=\"https:\/\/inzainox.com\/pt-pt\/producto\/grelhas-entrelacadas-de-aco-inoxidavel-com-aro-quadrado\/\" \/>\n<meta property=\"og:locale\" content=\"pt_PT\" \/>\n<meta property=\"og:type\" content=\"article\" \/>\n<meta property=\"og:title\" content=\"Grelhas inox quadradas entrela\u00e7adas com aro\" \/>\n<meta property=\"og:description\" content=\"Selecione a sua medida e enviamos para onde precisar. Grelhas tramex de inox quadradas com aro. Uso pedonal. Material em stock\" \/>\n<meta property=\"og:url\" content=\"https:\/\/inzainox.com\/pt-pt\/producto\/grelhas-entrelacadas-de-aco-inoxidavel-com-aro-quadrado\/\" \/>\n<meta property=\"og:site_name\" content=\"Canales y sumideros de acero inoxidable Inza. Drenaje inox para industria\" \/>\n<meta property=\"og:image\" content=\"https:\/\/inzainox.com\/wp-content\/uploads\/2026\/02\/Canales-de-Acero-Inoxidable.png\" \/>\n\t<meta property=\"og:image:width\" content=\"350\" \/>\n\t<meta property=\"og:image:height\" content=\"613\" \/>\n\t<meta property=\"og:image:type\" content=\"image\/png\" \/>\n<meta name=\"twitter:card\" content=\"summary_large_image\" \/>\n<!-- \/ Yoast SEO plugin. -->","yoast_head_json":{"title":"Grelhas inox quadradas entrela\u00e7adas com aro","description":"Selecione a sua medida e enviamos para onde precisar. Grelhas tramex de inox quadradas com aro. Uso pedonal. Material em stock","robots":{"index":"index","follow":"follow","max-snippet":"max-snippet:-1","max-image-preview":"max-image-preview:large","max-video-preview":"max-video-preview:-1"},"canonical":"https:\/\/inzainox.com\/pt-pt\/producto\/grelhas-entrelacadas-de-aco-inoxidavel-com-aro-quadrado\/","og_locale":"pt_PT","og_type":"article","og_title":"Grelhas inox quadradas entrela\u00e7adas com aro","og_description":"Selecione a sua medida e enviamos para onde precisar. Grelhas tramex de inox quadradas com aro. Uso pedonal. Material em stock","og_url":"https:\/\/inzainox.com\/pt-pt\/producto\/grelhas-entrelacadas-de-aco-inoxidavel-com-aro-quadrado\/","og_site_name":"Canales y sumideros de acero inoxidable Inza. Drenaje inox para industria","og_image":[{"width":350,"height":613,"url":"https:\/\/inzainox.com\/wp-content\/uploads\/2026\/02\/Canales-de-Acero-Inoxidable.png","type":"image\/png"}],"twitter_card":"summary_large_image","schema":{"@context":"https:\/\/schema.org","@graph":[{"@type":"WebPage","@id":"https:\/\/inzainox.com\/pt-pt\/producto\/grelhas-entrelacadas-de-aco-inoxidavel-com-aro-quadrado\/","url":"https:\/\/inzainox.com\/pt-pt\/producto\/grelhas-entrelacadas-de-aco-inoxidavel-com-aro-quadrado\/","name":"Grelhas inox quadradas entrela\u00e7adas com aro","isPartOf":{"@id":"https:\/\/inzainox.com\/pt-pt\/#website"},"primaryImageOfPage":{"@id":"https:\/\/inzainox.com\/pt-pt\/producto\/grelhas-entrelacadas-de-aco-inoxidavel-com-aro-quadrado\/#primaryimage"},"image":{"@id":"https:\/\/inzainox.com\/pt-pt\/producto\/grelhas-entrelacadas-de-aco-inoxidavel-com-aro-quadrado\/#primaryimage"},"thumbnailUrl":"https:\/\/inzainox.com\/wp-content\/uploads\/2023\/12\/MARCOS-Y-REJAS-CUADRADAS-pdf.jpg","datePublished":"2023-12-05T10:11:41+00:00","description":"Selecione a sua medida e enviamos para onde precisar. Grelhas tramex de inox quadradas com aro. Uso pedonal. Material em stock","breadcrumb":{"@id":"https:\/\/inzainox.com\/pt-pt\/producto\/grelhas-entrelacadas-de-aco-inoxidavel-com-aro-quadrado\/#breadcrumb"},"inLanguage":"pt-PT","potentialAction":[{"@type":"ReadAction","target":["https:\/\/inzainox.com\/pt-pt\/producto\/grelhas-entrelacadas-de-aco-inoxidavel-com-aro-quadrado\/"]}]},{"@type":"ImageObject","inLanguage":"pt-PT","@id":"https:\/\/inzainox.com\/pt-pt\/producto\/grelhas-entrelacadas-de-aco-inoxidavel-com-aro-quadrado\/#primaryimage","url":"https:\/\/inzainox.com\/wp-content\/uploads\/2023\/12\/MARCOS-Y-REJAS-CUADRADAS-pdf.jpg","contentUrl":"https:\/\/inzainox.com\/wp-content\/uploads\/2023\/12\/MARCOS-Y-REJAS-CUADRADAS-pdf.jpg","caption":"Aro e grelha quadrada em grelha de a\u00e7o inoxid\u00e1vel ou galvanizado."},{"@type":"BreadcrumbList","@id":"https:\/\/inzainox.com\/pt-pt\/producto\/grelhas-entrelacadas-de-aco-inoxidavel-com-aro-quadrado\/#breadcrumb","itemListElement":[{"@type":"ListItem","position":1,"name":"P\u00e1gina inicial","item":"https:\/\/inzainox.com\/pt-pt\/nova-pagina-inicial\/"},{"@type":"ListItem","position":2,"name":"Loja Inza","item":"https:\/\/inzainox.com\/pt-pt\/loja-inza\/"},{"@type":"ListItem","position":3,"name":"Grelhas entrela\u00e7adas de a\u00e7o inoxid\u00e1vel com aro quadrado"}]},{"@type":"WebSite","@id":"https:\/\/inzainox.com\/pt-pt\/#website","url":"https:\/\/inzainox.com\/pt-pt\/","name":"Canales y sumideros de acero inoxidable Inza. Drenaje inox para industria","description":"Drenaje de acero inoxidable para industria","publisher":{"@id":"https:\/\/inzainox.com\/pt-pt\/#organization"},"alternateName":"Inza Inox","potentialAction":[{"@type":"SearchAction","target":{"@type":"EntryPoint","urlTemplate":"https:\/\/inzainox.com\/pt-pt\/?s={search_term_string}"},"query-input":{"@type":"PropertyValueSpecification","valueRequired":true,"valueName":"search_term_string"}}],"inLanguage":"pt-PT"},{"@type":"Organization","@id":"https:\/\/inzainox.com\/pt-pt\/#organization","name":"Inza Inox S.L.","alternateName":"Inza","url":"https:\/\/inzainox.com\/pt-pt\/","logo":{"@type":"ImageObject","inLanguage":"pt-PT","@id":"https:\/\/inzainox.com\/pt-pt\/#\/schema\/logo\/image\/","url":"https:\/\/inzainox.com\/wp-content\/uploads\/2020\/05\/cropped-NUEVA-INZA-2-5.png","contentUrl":"https:\/\/inzainox.com\/wp-content\/uploads\/2020\/05\/cropped-NUEVA-INZA-2-5.png","width":549,"height":264,"caption":"Inza Inox S.L."},"image":{"@id":"https:\/\/inzainox.com\/pt-pt\/#\/schema\/logo\/image\/"}}]}},"_links":{"self":[{"href":"https:\/\/inzainox.com\/pt-pt\/wp-json\/wp\/v2\/product\/6971","targetHints":{"allow":["GET"]}}],"collection":[{"href":"https:\/\/inzainox.com\/pt-pt\/wp-json\/wp\/v2\/product"}],"about":[{"href":"https:\/\/inzainox.com\/pt-pt\/wp-json\/wp\/v2\/types\/product"}],"replies":[{"embeddable":true,"href":"https:\/\/inzainox.com\/pt-pt\/wp-json\/wp\/v2\/comments?post=6971"}],"version-history":[{"count":0,"href":"https:\/\/inzainox.com\/pt-pt\/wp-json\/wp\/v2\/product\/6971\/revisions"}],"wp:featuredmedia":[{"embeddable":true,"href":"https:\/\/inzainox.com\/pt-pt\/wp-json\/wp\/v2\/media\/3161"}],"wp:attachment":[{"href":"https:\/\/inzainox.com\/pt-pt\/wp-json\/wp\/v2\/media?parent=6971"}],"wp:term":[{"taxonomy":"product_brand","embeddable":true,"href":"https:\/\/inzainox.com\/pt-pt\/wp-json\/wp\/v2\/product_brand?post=6971"},{"taxonomy":"product_cat","embeddable":true,"href":"https:\/\/inzainox.com\/pt-pt\/wp-json\/wp\/v2\/product_cat?post=6971"},{"taxonomy":"product_tag","embeddable":true,"href":"https:\/\/inzainox.com\/pt-pt\/wp-json\/wp\/v2\/product_tag?post=6971"}],"curies":[{"name":"wp","href":"https:\/\/api.w.org\/{rel}","templated":true}]}}