{"id":6945,"date":"2020-11-03T09:06:28","date_gmt":"2020-11-03T09:06:28","guid":{"rendered":"https:\/\/inzainox.com\/producto\/tampa-estanque-de-rebaixo-em-aco-inoxidavel\/"},"modified":"2020-11-03T09:06:28","modified_gmt":"2020-11-03T09:06:28","slug":"tampa-estanque-de-rebaixo-em-aco-inoxidavel","status":"publish","type":"product","link":"https:\/\/inzainox.com\/pt-pt\/producto\/tampa-estanque-de-rebaixo-em-aco-inoxidavel\/","title":{"rendered":"Tampa estanque de rebaixo em a\u00e7o inoxid\u00e1vel"},"content":{"rendered":"<p>Tampa e aro para caixa de visita regist\u00e1vel, fabricados em a\u00e7o inoxid\u00e1vel AISI304 para preencher com o pavimento do solo.<\/p>\n<p>\u00c9 uma tampa estanque para evitar odores, gra\u00e7as a um fecho com junta de EPDM e uni\u00e3o com 4 parafusos de inox nos cantos da tampa.<\/p>\n<p>Concebida para ser preenchida com o mesmo pavimento que o restante solo, a tampa de visita instalada \u00e9 praticamente invis\u00edvel, proporcionando uma solu\u00e7\u00e3o perfeitamente integrada no ambiente. O fundo da tampa permite paviment\u00e1-la tanto com lajetas de diferentes alturas como utilizar ladrilhos cer\u00e2micos, madeira ou outro tipo de pavimento. <\/p>\n<p>A tampa inclui as ferramentas para remover os parafusos no pre\u00e7o<\/p>\n<p>Fornecemos puxadores que se enroscam no alojamento dos parafusos para facilitar a sua abertura com comodidade. Estes puxadores com pega tamb\u00e9m est\u00e3o inclu\u00eddos no pre\u00e7o <\/p>\n<p><iframe title=\"Tapa de arqueta rellenable estanca de acero inoxidable\" width=\"1200\" height=\"675\" src=\"https:\/\/www.youtube.com\/embed\/VVrkmHR3nho?feature=oembed\" frameborder=\"0\" allow=\"accelerometer; autoplay; clipboard-write; encrypted-media; gyroscope; picture-in-picture; web-share\" referrerpolicy=\"strict-origin-when-cross-origin\" allowfullscreen><\/iframe><\/p>\n<p>Tampa padr\u00e3o para cargas de tr\u00e1fego pedonal e tampas especialmente refor\u00e7adas para cargas de tr\u00e1fego rodovi\u00e1rio de ve\u00edculos. Dispomos de tampas para classes de carga A15, B125, C250 e D400. <\/p>\n<p>Fabricamos todas as tampas tamb\u00e9m em a\u00e7o inoxid\u00e1vel AISI316.<\/p>\n<p>Tampas quadradas de diferentes dimens\u00f5es, desde 300x300mm at\u00e9 1000x1000mm.<\/p>\n<p>As tampas estanques de rebaixo s\u00e3o fabricadas em a\u00e7o inoxid\u00e1vel AISI304 para garantir uma boa resist\u00eancia tanto a cargas mec\u00e2nicas como a agress\u00f5es qu\u00edmicas. S\u00e3o tampas especialmente concebidas para instala\u00e7\u00e3o em caixas de visita onde predomina um ambiente h\u00famido e agressivo. Para instala\u00e7\u00f5es onde seja necess\u00e1rio o m\u00e1ximo grau de prote\u00e7\u00e3o, dispomos destas mesmas tampas estanques de rebaixo fabricadas em a\u00e7o inoxid\u00e1vel de qualidade AISI316L.  <\/p>\n<p>Pode ser fornecida opcionalmente com uma malha para posterior betonagem.<\/p>\n<p><span style=\"color: #339966;\"><strong><a style=\"color: #339966;\" href=\"https:\/\/inzainox.com\/wp-content\/uploads\/2022\/03\/Tapas-estancas-de-acero-inoxidable-rellenables.pdf\">FICHA T\u00c9CNICA<\/a><\/strong><\/span><\/p>\n<p>Consultar tampas redondas e de medidas especiais<\/p>\n<p><img fetchpriority=\"high\" decoding=\"async\" class=\"size-full wp-image-1594 aligncenter\" src=\"https:\/\/inzainox.com\/wp-content\/uploads\/2020\/04\/TAPAS-GENERAL-DIMENSIONES-1.jpg\" alt=\"DIMENS\u00d5ES GERAIS TAMPAS ESTANQUES INZA\" width=\"491\" height=\"449\" srcset=\"https:\/\/inzainox.com\/wp-content\/uploads\/2020\/04\/TAPAS-GENERAL-DIMENSIONES-1.jpg 491w, https:\/\/inzainox.com\/wp-content\/uploads\/2020\/04\/TAPAS-GENERAL-DIMENSIONES-1-300x274.jpg 300w\" sizes=\"(max-width: 491px) 100vw, 491px\" \/><img decoding=\"async\" class=\"wp-image-1592 aligncenter\" src=\"https:\/\/inzainox.com\/wp-content\/uploads\/2020\/04\/TAPAS-GENERAL-DIMENSIONES.jpg\" alt=\"Dimens\u00f5es gerais das tampas estanques INZA\" width=\"791\" height=\"288\" srcset=\"https:\/\/inzainox.com\/wp-content\/uploads\/2020\/04\/TAPAS-GENERAL-DIMENSIONES.jpg 728w, https:\/\/inzainox.com\/wp-content\/uploads\/2020\/04\/TAPAS-GENERAL-DIMENSIONES-300x109.jpg 300w, https:\/\/inzainox.com\/wp-content\/uploads\/2020\/04\/TAPAS-GENERAL-DIMENSIONES-600x218.jpg 600w\" sizes=\"(max-width: 791px) 100vw, 791px\" \/><\/p>\n<p><a href=\"https:\/\/inzainox.com\/wp-content\/uploads\/2020\/11\/Tapas-estancas-de-acero-inoxidable-rellenables.pdf\">Ficha T\u00e9cnica de Tampas estanques de rebaixo em a\u00e7o inoxid\u00e1vel<\/a><\/p>\n","protected":false},"excerpt":{"rendered":"<p>Transporte inclu\u00eddo no pre\u00e7o<\/p>\n<p>Entregamo-la em 24-48h<\/p>\n<p>Se tiver alguma d\u00favida, ligue-nos T. +34 91 127 90 05<\/p>\n<p>Tampa de caixa de visita estanque de rebaixo em a\u00e7o inoxid\u00e1vel AISI 304. Fecho por quatro parafusos e uni\u00e3o por junta de EPDM. Pode ser simples para passagem pedonal (classe de carga A15) ou refor\u00e7ada para passagem de ve\u00edculos (classe de carga B125).  <\/p>\n<p>Todas as tampas s\u00e3o fornecidas com as ferramentas para a sua abertura.<\/p>\n","protected":false},"featured_media":56,"comment_status":"open","ping_status":"closed","template":"","meta":[],"product_brand":[],"product_cat":[287,288,301],"product_tag":[],"class_list":{"0":"post-6945","1":"product","2":"type-product","3":"status-publish","4":"has-post-thumbnail","6":"product_cat-tampas-estanques","7":"product_cat-tampas-estanques-em-aco-inoxidavel","8":"product_cat-tampas-estanques-preenchiveis","9":"pa_dimensiones-1000x1000","10":"pa_dimensiones-30x30","11":"pa_dimensiones-40x40","12":"pa_dimensiones-50x50","13":"pa_dimensiones-60x60","14":"pa_dimensiones-70x70","15":"pa_dimensiones-80x80","16":"pa_dimensiones-90x90","18":"first","19":"instock","20":"taxable","21":"shipping-taxable","22":"purchasable","23":"product-type-variable"},"yoast_head":"<!-- This site is optimized with the Yoast SEO plugin v27.1.1 - https:\/\/yoast.com\/product\/yoast-seo-wordpress\/ -->\n<title>Tampa estanque de rebaixo em a\u00e7o inoxid\u00e1vel<\/title>\n<meta name=\"description\" content=\"Stock dispon\u00edvel de tampas estanques de rebaixo em a\u00e7o inoxid\u00e1vel para caixa de visita. Selecione e compre a solu\u00e7\u00e3o anti-odores\" \/>\n<meta name=\"robots\" content=\"index, follow, max-snippet:-1, max-image-preview:large, max-video-preview:-1\" \/>\n<link rel=\"canonical\" href=\"https:\/\/inzainox.com\/pt-pt\/producto\/tampa-estanque-de-rebaixo-em-aco-inoxidavel\/\" \/>\n<meta property=\"og:locale\" content=\"pt_PT\" \/>\n<meta property=\"og:type\" content=\"article\" \/>\n<meta property=\"og:title\" content=\"Tampa estanque de rebaixo em a\u00e7o inoxid\u00e1vel\" \/>\n<meta property=\"og:description\" content=\"Stock dispon\u00edvel de tampas estanques de rebaixo em a\u00e7o inoxid\u00e1vel para caixa de visita. Selecione e compre a solu\u00e7\u00e3o anti-odores\" \/>\n<meta property=\"og:url\" content=\"https:\/\/inzainox.com\/pt-pt\/producto\/tampa-estanque-de-rebaixo-em-aco-inoxidavel\/\" \/>\n<meta property=\"og:site_name\" content=\"Canales y sumideros de acero inoxidable Inza. Drenaje inox para industria\" \/>\n<meta property=\"og:image\" content=\"https:\/\/inzainox.com\/wp-content\/uploads\/2020\/04\/rellenable.jpg\" \/>\n\t<meta property=\"og:image:width\" content=\"709\" \/>\n\t<meta property=\"og:image:height\" content=\"447\" \/>\n\t<meta property=\"og:image:type\" content=\"image\/jpeg\" \/>\n<meta name=\"twitter:card\" content=\"summary_large_image\" \/>\n<meta name=\"twitter:label1\" content=\"Tempo estimado de leitura\" \/>\n\t<meta name=\"twitter:data1\" content=\"2 minutos\" \/>\n<!-- \/ Yoast SEO plugin. -->","yoast_head_json":{"title":"Tampa estanque de rebaixo em a\u00e7o inoxid\u00e1vel","description":"Stock dispon\u00edvel de tampas estanques de rebaixo em a\u00e7o inoxid\u00e1vel para caixa de visita. Selecione e compre a solu\u00e7\u00e3o anti-odores","robots":{"index":"index","follow":"follow","max-snippet":"max-snippet:-1","max-image-preview":"max-image-preview:large","max-video-preview":"max-video-preview:-1"},"canonical":"https:\/\/inzainox.com\/pt-pt\/producto\/tampa-estanque-de-rebaixo-em-aco-inoxidavel\/","og_locale":"pt_PT","og_type":"article","og_title":"Tampa estanque de rebaixo em a\u00e7o inoxid\u00e1vel","og_description":"Stock dispon\u00edvel de tampas estanques de rebaixo em a\u00e7o inoxid\u00e1vel para caixa de visita. Selecione e compre a solu\u00e7\u00e3o anti-odores","og_url":"https:\/\/inzainox.com\/pt-pt\/producto\/tampa-estanque-de-rebaixo-em-aco-inoxidavel\/","og_site_name":"Canales y sumideros de acero inoxidable Inza. Drenaje inox para industria","og_image":[{"width":709,"height":447,"url":"https:\/\/inzainox.com\/wp-content\/uploads\/2020\/04\/rellenable.jpg","type":"image\/jpeg"}],"twitter_card":"summary_large_image","twitter_misc":{"Tempo estimado de leitura":"2 minutos"},"schema":{"@context":"https:\/\/schema.org","@graph":[{"@type":"WebPage","@id":"https:\/\/inzainox.com\/pt-pt\/producto\/tampa-estanque-de-rebaixo-em-aco-inoxidavel\/","url":"https:\/\/inzainox.com\/pt-pt\/producto\/tampa-estanque-de-rebaixo-em-aco-inoxidavel\/","name":"Tampa estanque de rebaixo em a\u00e7o inoxid\u00e1vel","isPartOf":{"@id":"https:\/\/inzainox.com\/pt-pt\/#website"},"primaryImageOfPage":{"@id":"https:\/\/inzainox.com\/pt-pt\/producto\/tampa-estanque-de-rebaixo-em-aco-inoxidavel\/#primaryimage"},"image":{"@id":"https:\/\/inzainox.com\/pt-pt\/producto\/tampa-estanque-de-rebaixo-em-aco-inoxidavel\/#primaryimage"},"thumbnailUrl":"https:\/\/inzainox.com\/wp-content\/uploads\/2020\/04\/rellenable.jpg","datePublished":"2020-11-03T09:06:28+00:00","description":"Stock dispon\u00edvel de tampas estanques de rebaixo em a\u00e7o inoxid\u00e1vel para caixa de visita. Selecione e compre a solu\u00e7\u00e3o anti-odores","breadcrumb":{"@id":"https:\/\/inzainox.com\/pt-pt\/producto\/tampa-estanque-de-rebaixo-em-aco-inoxidavel\/#breadcrumb"},"inLanguage":"pt-PT","potentialAction":[{"@type":"ReadAction","target":["https:\/\/inzainox.com\/pt-pt\/producto\/tampa-estanque-de-rebaixo-em-aco-inoxidavel\/"]}]},{"@type":"ImageObject","inLanguage":"pt-PT","@id":"https:\/\/inzainox.com\/pt-pt\/producto\/tampa-estanque-de-rebaixo-em-aco-inoxidavel\/#primaryimage","url":"https:\/\/inzainox.com\/wp-content\/uploads\/2020\/04\/rellenable.jpg","contentUrl":"https:\/\/inzainox.com\/wp-content\/uploads\/2020\/04\/rellenable.jpg","width":709,"height":447,"caption":"tapa de arqueta estanca rellenable"},{"@type":"BreadcrumbList","@id":"https:\/\/inzainox.com\/pt-pt\/producto\/tampa-estanque-de-rebaixo-em-aco-inoxidavel\/#breadcrumb","itemListElement":[{"@type":"ListItem","position":1,"name":"P\u00e1gina inicial","item":"https:\/\/inzainox.com\/pt-pt\/nova-pagina-inicial\/"},{"@type":"ListItem","position":2,"name":"Loja Inza","item":"https:\/\/inzainox.com\/pt-pt\/loja-inza\/"},{"@type":"ListItem","position":3,"name":"Tampa estanque de rebaixo em a\u00e7o inoxid\u00e1vel"}]},{"@type":"WebSite","@id":"https:\/\/inzainox.com\/pt-pt\/#website","url":"https:\/\/inzainox.com\/pt-pt\/","name":"Canales y sumideros de acero inoxidable Inza. Drenaje inox para industria","description":"Drenaje de acero inoxidable para industria","publisher":{"@id":"https:\/\/inzainox.com\/pt-pt\/#organization"},"alternateName":"Inza Inox","potentialAction":[{"@type":"SearchAction","target":{"@type":"EntryPoint","urlTemplate":"https:\/\/inzainox.com\/pt-pt\/?s={search_term_string}"},"query-input":{"@type":"PropertyValueSpecification","valueRequired":true,"valueName":"search_term_string"}}],"inLanguage":"pt-PT"},{"@type":"Organization","@id":"https:\/\/inzainox.com\/pt-pt\/#organization","name":"Inza Inox S.L.","alternateName":"Inza","url":"https:\/\/inzainox.com\/pt-pt\/","logo":{"@type":"ImageObject","inLanguage":"pt-PT","@id":"https:\/\/inzainox.com\/pt-pt\/#\/schema\/logo\/image\/","url":"https:\/\/inzainox.com\/wp-content\/uploads\/2020\/05\/cropped-NUEVA-INZA-2-5.png","contentUrl":"https:\/\/inzainox.com\/wp-content\/uploads\/2020\/05\/cropped-NUEVA-INZA-2-5.png","width":549,"height":264,"caption":"Inza Inox S.L."},"image":{"@id":"https:\/\/inzainox.com\/pt-pt\/#\/schema\/logo\/image\/"}}]}},"_links":{"self":[{"href":"https:\/\/inzainox.com\/pt-pt\/wp-json\/wp\/v2\/product\/6945","targetHints":{"allow":["GET"]}}],"collection":[{"href":"https:\/\/inzainox.com\/pt-pt\/wp-json\/wp\/v2\/product"}],"about":[{"href":"https:\/\/inzainox.com\/pt-pt\/wp-json\/wp\/v2\/types\/product"}],"replies":[{"embeddable":true,"href":"https:\/\/inzainox.com\/pt-pt\/wp-json\/wp\/v2\/comments?post=6945"}],"version-history":[{"count":0,"href":"https:\/\/inzainox.com\/pt-pt\/wp-json\/wp\/v2\/product\/6945\/revisions"}],"wp:featuredmedia":[{"embeddable":true,"href":"https:\/\/inzainox.com\/pt-pt\/wp-json\/wp\/v2\/media\/56"}],"wp:attachment":[{"href":"https:\/\/inzainox.com\/pt-pt\/wp-json\/wp\/v2\/media?parent=6945"}],"wp:term":[{"taxonomy":"product_brand","embeddable":true,"href":"https:\/\/inzainox.com\/pt-pt\/wp-json\/wp\/v2\/product_brand?post=6945"},{"taxonomy":"product_cat","embeddable":true,"href":"https:\/\/inzainox.com\/pt-pt\/wp-json\/wp\/v2\/product_cat?post=6945"},{"taxonomy":"product_tag","embeddable":true,"href":"https:\/\/inzainox.com\/pt-pt\/wp-json\/wp\/v2\/product_tag?post=6945"}],"curies":[{"name":"wp","href":"https:\/\/api.w.org\/{rel}","templated":true}]}}