{"id":6900,"date":"2025-09-30T10:28:18","date_gmt":"2025-09-30T10:28:18","guid":{"rendered":"https:\/\/inzainox.com\/producto\/tampas-quadradas-de-ferro-fundido-ductil\/"},"modified":"2025-09-30T10:28:18","modified_gmt":"2025-09-30T10:28:18","slug":"tampas-quadradas-de-ferro-fundido-ductil","status":"publish","type":"product","link":"https:\/\/inzainox.com\/pt-pt\/producto\/tampas-quadradas-de-ferro-fundido-ductil\/","title":{"rendered":"Tampas quadradas de ferro fundido d\u00factil"},"content":{"rendered":"<p>&nbsp;<\/p>\n<p>Tampa e aro de ferro fundido d\u00factil de dimens\u00f5es quadradas.<\/p>\n<p>Para o registo de caixas de visita com resist\u00eancia ao tr\u00e1fego de ve\u00edculos<\/p>\n<p>Diferentes classes de carga em fun\u00e7\u00e3o da aplica\u00e7\u00e3o.<\/p>\n<ul>\n<li>Pedonal (A15)<\/li>\n<li>Tr\u00e1fego de ve\u00edculos (B125)<\/li>\n<li>Aplica\u00e7\u00f5es urbanas (C250)<\/li>\n<li>Tr\u00e1fego pesado (D400)<\/li>\n<li>Tr\u00e1fego Industrial (E600)<\/li>\n<li>Portos e Aeroportos (F900)<\/li>\n<\/ul>\n<p>Dispomos tamb\u00e9m de tampas quadradas de ferro fundido d\u00factil estanques, de rebaixo, retangulares e com sistema multitampa.<\/p>\n<p>Oferecemos a possibilidade de realizar inscri\u00e7\u00f5es em alto-relevo de log\u00f3tipos e escudos<\/p>\n<p>Em qualquer destes casos, consulte-nos em info@inzainox.com ou ligando para 91 127 90 05.<\/p>\n","protected":false},"excerpt":{"rendered":"<p>Tampa e aro de ferro fundido d\u00factil para a inspe\u00e7\u00e3o de caixas de visita sujeitas a tr\u00e1fego de ve\u00edculos.<\/p>\n","protected":false},"featured_media":5450,"comment_status":"open","ping_status":"closed","template":"","meta":[],"product_brand":[],"product_cat":[343],"product_tag":[],"class_list":{"0":"post-6900","1":"product","2":"type-product","3":"status-publish","4":"has-post-thumbnail","6":"product_cat-tampas-de-ferro-fundido","8":"first","9":"instock","10":"taxable","11":"shipping-taxable","12":"purchasable","13":"product-type-variable"},"yoast_head":"<!-- This site is optimized with the Yoast SEO plugin v27.1.1 - https:\/\/yoast.com\/product\/yoast-seo-wordpress\/ -->\n<title>Tampas quadradas de ferro fundido d\u00factil<\/title>\n<meta name=\"description\" content=\"Tampas de po\u00e7o de ferro fundido d\u00factil. Resistentes ao tr\u00e1fego de ve\u00edculos. Diferentes tamanhos. Possibilidade de inscri\u00e7\u00e3o de log\u00f3tipo e bras\u00e3o.\" \/>\n<meta name=\"robots\" content=\"index, follow, max-snippet:-1, max-image-preview:large, max-video-preview:-1\" \/>\n<link rel=\"canonical\" href=\"https:\/\/inzainox.com\/pt-pt\/producto\/tampas-quadradas-de-ferro-fundido-ductil\/\" \/>\n<meta property=\"og:locale\" content=\"pt_PT\" \/>\n<meta property=\"og:type\" content=\"article\" \/>\n<meta property=\"og:title\" content=\"Tampas quadradas de ferro fundido d\u00factil\" \/>\n<meta property=\"og:description\" content=\"Tampas de po\u00e7o de ferro fundido d\u00factil. Resistentes ao tr\u00e1fego de ve\u00edculos. Diferentes tamanhos. Possibilidade de inscri\u00e7\u00e3o de log\u00f3tipo e bras\u00e3o.\" \/>\n<meta property=\"og:url\" content=\"https:\/\/inzainox.com\/pt-pt\/producto\/tampas-quadradas-de-ferro-fundido-ductil\/\" \/>\n<meta property=\"og:site_name\" content=\"Canales y sumideros de acero inoxidable Inza. Drenaje inox para industria\" \/>\n<meta property=\"og:image\" content=\"https:\/\/inzainox.com\/wp-content\/uploads\/2025\/09\/TAPA-FUNDICION-CUADRADA.jpg\" \/>\n\t<meta property=\"og:image:width\" content=\"480\" \/>\n\t<meta property=\"og:image:height\" content=\"360\" \/>\n\t<meta property=\"og:image:type\" content=\"image\/jpeg\" \/>\n<meta name=\"twitter:card\" content=\"summary_large_image\" \/>\n<meta name=\"twitter:label1\" content=\"Tempo estimado de leitura\" \/>\n\t<meta name=\"twitter:data1\" content=\"1 minuto\" \/>\n<!-- \/ Yoast SEO plugin. -->","yoast_head_json":{"title":"Tampas quadradas de ferro fundido d\u00factil","description":"Tampas de po\u00e7o de ferro fundido d\u00factil. Resistentes ao tr\u00e1fego de ve\u00edculos. Diferentes tamanhos. Possibilidade de inscri\u00e7\u00e3o de log\u00f3tipo e bras\u00e3o.","robots":{"index":"index","follow":"follow","max-snippet":"max-snippet:-1","max-image-preview":"max-image-preview:large","max-video-preview":"max-video-preview:-1"},"canonical":"https:\/\/inzainox.com\/pt-pt\/producto\/tampas-quadradas-de-ferro-fundido-ductil\/","og_locale":"pt_PT","og_type":"article","og_title":"Tampas quadradas de ferro fundido d\u00factil","og_description":"Tampas de po\u00e7o de ferro fundido d\u00factil. Resistentes ao tr\u00e1fego de ve\u00edculos. Diferentes tamanhos. Possibilidade de inscri\u00e7\u00e3o de log\u00f3tipo e bras\u00e3o.","og_url":"https:\/\/inzainox.com\/pt-pt\/producto\/tampas-quadradas-de-ferro-fundido-ductil\/","og_site_name":"Canales y sumideros de acero inoxidable Inza. Drenaje inox para industria","og_image":[{"width":480,"height":360,"url":"https:\/\/inzainox.com\/wp-content\/uploads\/2025\/09\/TAPA-FUNDICION-CUADRADA.jpg","type":"image\/jpeg"}],"twitter_card":"summary_large_image","twitter_misc":{"Tempo estimado de leitura":"1 minuto"},"schema":{"@context":"https:\/\/schema.org","@graph":[{"@type":"WebPage","@id":"https:\/\/inzainox.com\/pt-pt\/producto\/tampas-quadradas-de-ferro-fundido-ductil\/","url":"https:\/\/inzainox.com\/pt-pt\/producto\/tampas-quadradas-de-ferro-fundido-ductil\/","name":"Tampas quadradas de ferro fundido d\u00factil","isPartOf":{"@id":"https:\/\/inzainox.com\/pt-pt\/#website"},"primaryImageOfPage":{"@id":"https:\/\/inzainox.com\/pt-pt\/producto\/tampas-quadradas-de-ferro-fundido-ductil\/#primaryimage"},"image":{"@id":"https:\/\/inzainox.com\/pt-pt\/producto\/tampas-quadradas-de-ferro-fundido-ductil\/#primaryimage"},"thumbnailUrl":"https:\/\/inzainox.com\/wp-content\/uploads\/2025\/09\/TAPA-FUNDICION-CUADRADA.jpg","datePublished":"2025-09-30T10:28:18+00:00","description":"Tampas de po\u00e7o de ferro fundido d\u00factil. Resistentes ao tr\u00e1fego de ve\u00edculos. Diferentes tamanhos. Possibilidade de inscri\u00e7\u00e3o de log\u00f3tipo e bras\u00e3o.","breadcrumb":{"@id":"https:\/\/inzainox.com\/pt-pt\/producto\/tampas-quadradas-de-ferro-fundido-ductil\/#breadcrumb"},"inLanguage":"pt-PT","potentialAction":[{"@type":"ReadAction","target":["https:\/\/inzainox.com\/pt-pt\/producto\/tampas-quadradas-de-ferro-fundido-ductil\/"]}]},{"@type":"ImageObject","inLanguage":"pt-PT","@id":"https:\/\/inzainox.com\/pt-pt\/producto\/tampas-quadradas-de-ferro-fundido-ductil\/#primaryimage","url":"https:\/\/inzainox.com\/wp-content\/uploads\/2025\/09\/TAPA-FUNDICION-CUADRADA.jpg","contentUrl":"https:\/\/inzainox.com\/wp-content\/uploads\/2025\/09\/TAPA-FUNDICION-CUADRADA.jpg","width":480,"height":360},{"@type":"BreadcrumbList","@id":"https:\/\/inzainox.com\/pt-pt\/producto\/tampas-quadradas-de-ferro-fundido-ductil\/#breadcrumb","itemListElement":[{"@type":"ListItem","position":1,"name":"P\u00e1gina inicial","item":"https:\/\/inzainox.com\/pt-pt\/nova-pagina-inicial\/"},{"@type":"ListItem","position":2,"name":"Loja Inza","item":"https:\/\/inzainox.com\/pt-pt\/loja-inza\/"},{"@type":"ListItem","position":3,"name":"Tampas quadradas de ferro fundido d\u00factil"}]},{"@type":"WebSite","@id":"https:\/\/inzainox.com\/pt-pt\/#website","url":"https:\/\/inzainox.com\/pt-pt\/","name":"Canales y sumideros de acero inoxidable Inza. Drenaje inox para industria","description":"Drenaje de acero inoxidable para industria","publisher":{"@id":"https:\/\/inzainox.com\/pt-pt\/#organization"},"alternateName":"Inza Inox","potentialAction":[{"@type":"SearchAction","target":{"@type":"EntryPoint","urlTemplate":"https:\/\/inzainox.com\/pt-pt\/?s={search_term_string}"},"query-input":{"@type":"PropertyValueSpecification","valueRequired":true,"valueName":"search_term_string"}}],"inLanguage":"pt-PT"},{"@type":"Organization","@id":"https:\/\/inzainox.com\/pt-pt\/#organization","name":"Inza Inox S.L.","alternateName":"Inza","url":"https:\/\/inzainox.com\/pt-pt\/","logo":{"@type":"ImageObject","inLanguage":"pt-PT","@id":"https:\/\/inzainox.com\/pt-pt\/#\/schema\/logo\/image\/","url":"https:\/\/inzainox.com\/wp-content\/uploads\/2020\/05\/cropped-NUEVA-INZA-2-5.png","contentUrl":"https:\/\/inzainox.com\/wp-content\/uploads\/2020\/05\/cropped-NUEVA-INZA-2-5.png","width":549,"height":264,"caption":"Inza Inox S.L."},"image":{"@id":"https:\/\/inzainox.com\/pt-pt\/#\/schema\/logo\/image\/"}}]}},"_links":{"self":[{"href":"https:\/\/inzainox.com\/pt-pt\/wp-json\/wp\/v2\/product\/6900","targetHints":{"allow":["GET"]}}],"collection":[{"href":"https:\/\/inzainox.com\/pt-pt\/wp-json\/wp\/v2\/product"}],"about":[{"href":"https:\/\/inzainox.com\/pt-pt\/wp-json\/wp\/v2\/types\/product"}],"replies":[{"embeddable":true,"href":"https:\/\/inzainox.com\/pt-pt\/wp-json\/wp\/v2\/comments?post=6900"}],"version-history":[{"count":0,"href":"https:\/\/inzainox.com\/pt-pt\/wp-json\/wp\/v2\/product\/6900\/revisions"}],"wp:featuredmedia":[{"embeddable":true,"href":"https:\/\/inzainox.com\/pt-pt\/wp-json\/wp\/v2\/media\/5450"}],"wp:attachment":[{"href":"https:\/\/inzainox.com\/pt-pt\/wp-json\/wp\/v2\/media?parent=6900"}],"wp:term":[{"taxonomy":"product_brand","embeddable":true,"href":"https:\/\/inzainox.com\/pt-pt\/wp-json\/wp\/v2\/product_brand?post=6900"},{"taxonomy":"product_cat","embeddable":true,"href":"https:\/\/inzainox.com\/pt-pt\/wp-json\/wp\/v2\/product_cat?post=6900"},{"taxonomy":"product_tag","embeddable":true,"href":"https:\/\/inzainox.com\/pt-pt\/wp-json\/wp\/v2\/product_tag?post=6900"}],"curies":[{"name":"wp","href":"https:\/\/api.w.org\/{rel}","templated":true}]}}