{"id":6893,"date":"2020-11-19T09:20:44","date_gmt":"2020-11-19T09:20:44","guid":{"rendered":"https:\/\/inzainox.com\/producto\/ralo-sifonado-em-aco-inoxidavel-com-grelha-perfurada-quadrada\/"},"modified":"2020-11-19T09:20:44","modified_gmt":"2020-11-19T09:20:44","slug":"ralo-sifonado-em-aco-inoxidavel-com-grelha-perfurada-quadrada","status":"publish","type":"product","link":"https:\/\/inzainox.com\/pt-pt\/producto\/ralo-sifonado-em-aco-inoxidavel-com-grelha-perfurada-quadrada\/","title":{"rendered":"Ralo sifonado em a\u00e7o inoxid\u00e1vel com grelha perfurada quadrada"},"content":{"rendered":"<p>Ralo sifonado em a\u00e7o inoxid\u00e1vel com grelha perfurada quadrada. Corpo e grelha em a\u00e7o inoxid\u00e1vel. Com sa\u00edda horizontal de DN50mm. Com sif\u00e3o anti-odores amov\u00edvel para f\u00e1cil manuten\u00e7\u00e3o. Com aba perimetral para apoio da impermeabiliza\u00e7\u00e3o e do ladrilho.<\/p>\n<p>Diferentes designs de grelhas em a\u00e7o inoxid\u00e1vel dispon\u00edveis. Op\u00e7\u00e3o de p\u00e9s de nivelamento e tela de impermeabiliza\u00e7\u00e3o. <\/p>\n<p><img fetchpriority=\"high\" decoding=\"async\" class=\"wp-image-1742 aligncenter\" src=\"https:\/\/inzainox.com\/wp-content\/uploads\/2020\/11\/plano-SM-reja-cuadrada.jpg\" alt=\"dimens\u00f5es do ralo inox INZA SM\" width=\"645\" height=\"645\" srcset=\"https:\/\/inzainox.com\/wp-content\/uploads\/2020\/11\/plano-SM-reja-cuadrada.jpg 1000w, https:\/\/inzainox.com\/wp-content\/uploads\/2020\/11\/plano-SM-reja-cuadrada-300x300.jpg 300w, https:\/\/inzainox.com\/wp-content\/uploads\/2020\/11\/plano-SM-reja-cuadrada-150x150.jpg 150w, https:\/\/inzainox.com\/wp-content\/uploads\/2020\/11\/plano-SM-reja-cuadrada-768x768.jpg 768w, https:\/\/inzainox.com\/wp-content\/uploads\/2020\/11\/plano-SM-reja-cuadrada-600x600.jpg 600w, https:\/\/inzainox.com\/wp-content\/uploads\/2020\/11\/plano-SM-reja-cuadrada-100x100.jpg 100w\" sizes=\"(max-width: 645px) 100vw, 645px\" \/><\/p>\n","protected":false},"excerpt":{"rendered":"<p>Ralo sifonado em a\u00e7o inoxid\u00e1vel com grelha perfurada quadrada. Corpo e grelha em a\u00e7o inoxid\u00e1vel. <\/p>\n","protected":false},"featured_media":1725,"comment_status":"open","ping_status":"closed","template":"","meta":[],"product_brand":[],"product_cat":[321],"product_tag":[],"class_list":{"0":"post-6893","1":"product","2":"type-product","3":"status-publish","4":"has-post-thumbnail","6":"product_cat-ralos-sifonados-de-aco-inoxidavel","8":"first","9":"instock","10":"taxable","11":"shipping-taxable","12":"purchasable","13":"product-type-variable"},"yoast_head":"<!-- This site is optimized with the Yoast SEO plugin v27.1.1 - https:\/\/yoast.com\/product\/yoast-seo-wordpress\/ -->\n<title>Ralo sifonado em a\u00e7o inoxid\u00e1vel com grelha perfurada quadrada<\/title>\n<meta name=\"description\" content=\"Ralo sifonado em a\u00e7o inoxid\u00e1vel com grelha perfurada quadrada. Corpo e grelha em inox. Sa\u00edda horizontal DN50mm\" \/>\n<meta name=\"robots\" content=\"index, follow, max-snippet:-1, max-image-preview:large, max-video-preview:-1\" \/>\n<link rel=\"canonical\" href=\"https:\/\/inzainox.com\/pt-pt\/producto\/ralo-sifonado-em-aco-inoxidavel-com-grelha-perfurada-quadrada\/\" \/>\n<meta property=\"og:locale\" content=\"pt_PT\" \/>\n<meta property=\"og:type\" content=\"article\" \/>\n<meta property=\"og:title\" content=\"Ralo sifonado em a\u00e7o inoxid\u00e1vel com grelha perfurada quadrada\" \/>\n<meta property=\"og:description\" content=\"Ralo sifonado em a\u00e7o inoxid\u00e1vel com grelha perfurada quadrada. Corpo e grelha em inox. Sa\u00edda horizontal DN50mm\" \/>\n<meta property=\"og:url\" content=\"https:\/\/inzainox.com\/pt-pt\/producto\/ralo-sifonado-em-aco-inoxidavel-com-grelha-perfurada-quadrada\/\" \/>\n<meta property=\"og:site_name\" content=\"Canales y sumideros de acero inoxidable Inza. Drenaje inox para industria\" \/>\n<meta property=\"og:image\" content=\"https:\/\/inzainox.com\/wp-content\/uploads\/2020\/11\/cuadrado.jpg\" \/>\n\t<meta property=\"og:image:width\" content=\"444\" \/>\n\t<meta property=\"og:image:height\" content=\"293\" \/>\n\t<meta property=\"og:image:type\" content=\"image\/jpeg\" \/>\n<meta name=\"twitter:card\" content=\"summary_large_image\" \/>\n<!-- \/ Yoast SEO plugin. -->","yoast_head_json":{"title":"Ralo sifonado em a\u00e7o inoxid\u00e1vel com grelha perfurada quadrada","description":"Ralo sifonado em a\u00e7o inoxid\u00e1vel com grelha perfurada quadrada. Corpo e grelha em inox. Sa\u00edda horizontal DN50mm","robots":{"index":"index","follow":"follow","max-snippet":"max-snippet:-1","max-image-preview":"max-image-preview:large","max-video-preview":"max-video-preview:-1"},"canonical":"https:\/\/inzainox.com\/pt-pt\/producto\/ralo-sifonado-em-aco-inoxidavel-com-grelha-perfurada-quadrada\/","og_locale":"pt_PT","og_type":"article","og_title":"Ralo sifonado em a\u00e7o inoxid\u00e1vel com grelha perfurada quadrada","og_description":"Ralo sifonado em a\u00e7o inoxid\u00e1vel com grelha perfurada quadrada. Corpo e grelha em inox. Sa\u00edda horizontal DN50mm","og_url":"https:\/\/inzainox.com\/pt-pt\/producto\/ralo-sifonado-em-aco-inoxidavel-com-grelha-perfurada-quadrada\/","og_site_name":"Canales y sumideros de acero inoxidable Inza. Drenaje inox para industria","og_image":[{"width":444,"height":293,"url":"https:\/\/inzainox.com\/wp-content\/uploads\/2020\/11\/cuadrado.jpg","type":"image\/jpeg"}],"twitter_card":"summary_large_image","schema":{"@context":"https:\/\/schema.org","@graph":[{"@type":"WebPage","@id":"https:\/\/inzainox.com\/pt-pt\/producto\/ralo-sifonado-em-aco-inoxidavel-com-grelha-perfurada-quadrada\/","url":"https:\/\/inzainox.com\/pt-pt\/producto\/ralo-sifonado-em-aco-inoxidavel-com-grelha-perfurada-quadrada\/","name":"Ralo sifonado em a\u00e7o inoxid\u00e1vel com grelha perfurada quadrada","isPartOf":{"@id":"https:\/\/inzainox.com\/pt-pt\/#website"},"primaryImageOfPage":{"@id":"https:\/\/inzainox.com\/pt-pt\/producto\/ralo-sifonado-em-aco-inoxidavel-com-grelha-perfurada-quadrada\/#primaryimage"},"image":{"@id":"https:\/\/inzainox.com\/pt-pt\/producto\/ralo-sifonado-em-aco-inoxidavel-com-grelha-perfurada-quadrada\/#primaryimage"},"thumbnailUrl":"https:\/\/inzainox.com\/wp-content\/uploads\/2020\/11\/cuadrado.jpg","datePublished":"2020-11-19T09:20:44+00:00","description":"Ralo sifonado em a\u00e7o inoxid\u00e1vel com grelha perfurada quadrada. Corpo e grelha em inox. Sa\u00edda horizontal DN50mm","breadcrumb":{"@id":"https:\/\/inzainox.com\/pt-pt\/producto\/ralo-sifonado-em-aco-inoxidavel-com-grelha-perfurada-quadrada\/#breadcrumb"},"inLanguage":"pt-PT","potentialAction":[{"@type":"ReadAction","target":["https:\/\/inzainox.com\/pt-pt\/producto\/ralo-sifonado-em-aco-inoxidavel-com-grelha-perfurada-quadrada\/"]}]},{"@type":"ImageObject","inLanguage":"pt-PT","@id":"https:\/\/inzainox.com\/pt-pt\/producto\/ralo-sifonado-em-aco-inoxidavel-com-grelha-perfurada-quadrada\/#primaryimage","url":"https:\/\/inzainox.com\/wp-content\/uploads\/2020\/11\/cuadrado.jpg","contentUrl":"https:\/\/inzainox.com\/wp-content\/uploads\/2020\/11\/cuadrado.jpg","width":444,"height":293,"caption":"sumidero de ducha de acero inoxidable"},{"@type":"BreadcrumbList","@id":"https:\/\/inzainox.com\/pt-pt\/producto\/ralo-sifonado-em-aco-inoxidavel-com-grelha-perfurada-quadrada\/#breadcrumb","itemListElement":[{"@type":"ListItem","position":1,"name":"P\u00e1gina inicial","item":"https:\/\/inzainox.com\/pt-pt\/nova-pagina-inicial\/"},{"@type":"ListItem","position":2,"name":"Loja Inza","item":"https:\/\/inzainox.com\/pt-pt\/loja-inza\/"},{"@type":"ListItem","position":3,"name":"Ralo sifonado em a\u00e7o inoxid\u00e1vel com grelha perfurada quadrada"}]},{"@type":"WebSite","@id":"https:\/\/inzainox.com\/pt-pt\/#website","url":"https:\/\/inzainox.com\/pt-pt\/","name":"Canales y sumideros de acero inoxidable Inza. Drenaje inox para industria","description":"Drenaje de acero inoxidable para industria","publisher":{"@id":"https:\/\/inzainox.com\/pt-pt\/#organization"},"alternateName":"Inza Inox","potentialAction":[{"@type":"SearchAction","target":{"@type":"EntryPoint","urlTemplate":"https:\/\/inzainox.com\/pt-pt\/?s={search_term_string}"},"query-input":{"@type":"PropertyValueSpecification","valueRequired":true,"valueName":"search_term_string"}}],"inLanguage":"pt-PT"},{"@type":"Organization","@id":"https:\/\/inzainox.com\/pt-pt\/#organization","name":"Inza Inox S.L.","alternateName":"Inza","url":"https:\/\/inzainox.com\/pt-pt\/","logo":{"@type":"ImageObject","inLanguage":"pt-PT","@id":"https:\/\/inzainox.com\/pt-pt\/#\/schema\/logo\/image\/","url":"https:\/\/inzainox.com\/wp-content\/uploads\/2020\/05\/cropped-NUEVA-INZA-2-5.png","contentUrl":"https:\/\/inzainox.com\/wp-content\/uploads\/2020\/05\/cropped-NUEVA-INZA-2-5.png","width":549,"height":264,"caption":"Inza Inox S.L."},"image":{"@id":"https:\/\/inzainox.com\/pt-pt\/#\/schema\/logo\/image\/"}}]}},"_links":{"self":[{"href":"https:\/\/inzainox.com\/pt-pt\/wp-json\/wp\/v2\/product\/6893","targetHints":{"allow":["GET"]}}],"collection":[{"href":"https:\/\/inzainox.com\/pt-pt\/wp-json\/wp\/v2\/product"}],"about":[{"href":"https:\/\/inzainox.com\/pt-pt\/wp-json\/wp\/v2\/types\/product"}],"replies":[{"embeddable":true,"href":"https:\/\/inzainox.com\/pt-pt\/wp-json\/wp\/v2\/comments?post=6893"}],"version-history":[{"count":0,"href":"https:\/\/inzainox.com\/pt-pt\/wp-json\/wp\/v2\/product\/6893\/revisions"}],"wp:featuredmedia":[{"embeddable":true,"href":"https:\/\/inzainox.com\/pt-pt\/wp-json\/wp\/v2\/media\/1725"}],"wp:attachment":[{"href":"https:\/\/inzainox.com\/pt-pt\/wp-json\/wp\/v2\/media?parent=6893"}],"wp:term":[{"taxonomy":"product_brand","embeddable":true,"href":"https:\/\/inzainox.com\/pt-pt\/wp-json\/wp\/v2\/product_brand?post=6893"},{"taxonomy":"product_cat","embeddable":true,"href":"https:\/\/inzainox.com\/pt-pt\/wp-json\/wp\/v2\/product_cat?post=6893"},{"taxonomy":"product_tag","embeddable":true,"href":"https:\/\/inzainox.com\/pt-pt\/wp-json\/wp\/v2\/product_tag?post=6893"}],"curies":[{"name":"wp","href":"https:\/\/api.w.org\/{rel}","templated":true}]}}