{"id":6863,"date":"2026-03-05T12:26:36","date_gmt":"2026-03-05T12:26:36","guid":{"rendered":"https:\/\/inzainox.com\/producto\/tampa-estanque-de-rebaixo-redonda-de-aco-inoxidavel\/"},"modified":"2026-03-25T22:37:13","modified_gmt":"2026-03-25T22:37:13","slug":"tampa-estanque-de-rebaixo-redonda-de-aco-inoxidavel","status":"publish","type":"product","link":"https:\/\/inzainox.com\/pt-pt\/producto\/tampa-estanque-de-rebaixo-redonda-de-aco-inoxidavel\/","title":{"rendered":"Tampa estanque de rebaixo redonda de a\u00e7o inoxid\u00e1vel"},"content":{"rendered":"\t\t<div data-elementor-type=\"wp-post\" data-elementor-id=\"6863\" class=\"elementor elementor-6863 elementor-6302\">\n\t\t\t\t<div class=\"elementor-element elementor-element-4ba642bf e-flex e-con-boxed e-con e-parent\" data-id=\"4ba642bf\" data-element_type=\"container\" data-e-type=\"container\">\n\t\t\t\t\t<div class=\"e-con-inner\">\n\t\t\t\t<div class=\"elementor-element elementor-element-2922d311 elementor-widget elementor-widget-text-editor\" data-id=\"2922d311\" data-element_type=\"widget\" data-e-type=\"widget\" data-widget_type=\"text-editor.default\">\n\t\t\t\t<div class=\"elementor-widget-container\">\n\t\t\t\t\t\t\t\t\t<p>Tampa antiderrapante <strong>de rebaixo<\/strong> e aro para <strong>sarjeta redonda<\/strong> fabricada em a\u00e7o inoxid\u00e1vel AISI304. Possibilidade de fabrico em a\u00e7o inoxid\u00e1vel AISI316L para instala\u00e7\u00f5es com um ambiente especialmente agressivo ou ambientes mar\u00edtimos.<\/p><p>Ao n\u00e3o possuir cantos, a sua geometria circular garante uma distribui\u00e7\u00e3o radial e uniforme das tens\u00f5es, minimizando os pontos fracos estruturais e <strong>reduzindo significativamente o risco de deforma\u00e7\u00f5es ou fissuras no pavimento<\/strong> sob cargas pesadas.<\/p><p>\u00c9 uma tampa estanque circular para evitar odores gra\u00e7as a um fecho mediante junta de EPDM e uni\u00e3o com 4 parafusos de inox nos cantos da tampa. A tampa inclui no pre\u00e7o as ferramentas para retirar os parafusos. <\/p><p>Concebida para ser preenchida com o mesmo pavimento que o resto do pavimento, a tampa de registo instalada \u00e9 praticamente invis\u00edvel, proporcionando uma solu\u00e7\u00e3o perfeitamente integrada com a envolvente. O fundo da tampa permite paviment\u00e1-la tanto com pav\u00eas de diferentes alturas como utilizar ladrilhos cer\u00e2micos, madeira ou outro tipo de pavimento. <\/p><p>Fornecemos man\u00edpulos que se roscam no alojamento dos parafusos para facilitar a sua abertura com comodidade. Estes man\u00edpulos com asa tamb\u00e9m est\u00e3o inclu\u00eddos no pre\u00e7o.  O procedimento para desmontar a tampa \u00e9 semelhante ao que aparece no seguinte v\u00eddeo de desmontagem de uma tampa estanque quadrada.<\/p><p><iframe title=\"Tapa de arqueta estanca lisa de acero inoxidable o galvanizado\" width=\"1200\" height=\"675\" src=\"https:\/\/www.youtube.com\/embed\/i-ht3desZic?feature=oembed\" frameborder=\"0\" allow=\"accelerometer; autoplay; clipboard-write; encrypted-media; gyroscope; picture-in-picture; web-share\" referrerpolicy=\"strict-origin-when-cross-origin\" allowfullscreen><\/iframe><\/p><p>Tampa padr\u00e3o para cargas de tr\u00e1fego pedonal e tampas especialmente refor\u00e7adas para cargas de tr\u00e1fego rodovi\u00e1rio de ve\u00edculos. Dispomos de tampas para classes de carga A15, B125, C250 e D400. <\/p><p>Tampas em stock de diferentes dimens\u00f5es desde 300&#215;300 mm at\u00e9 1000&#215;1000 mm.<\/p><p><span style=\"color: #339966;\"><strong><a style=\"color: #339966;\" href=\"https:\/\/inzainox.com\/wp-content\/uploads\/2026\/03\/FT-TRIR-Circular-Rellenable.pdf\">FICHA T\u00c9CNICA<\/a><\/strong><\/span><\/p><p>Consultar qualquer outro tipo de tampas de diferentes materiais e de medidas especiais.<\/p><p>Existem tampas para grandes cargas e abertura assistida por pist\u00f5es.<\/p><p><img fetchpriority=\"high\" decoding=\"async\" class=\"aligncenter size-full wp-image-6371\" src=\"https:\/\/inzainox.com\/wp-content\/uploads\/2026\/03\/FT-TRIR-Circular-Rellenable.png\" alt=\"\" width=\"576\" height=\"827\" srcset=\"https:\/\/inzainox.com\/wp-content\/uploads\/2026\/03\/FT-TRIR-Circular-Rellenable.png 576w, https:\/\/inzainox.com\/wp-content\/uploads\/2026\/03\/FT-TRIR-Circular-Rellenable-209x300.png 209w\" sizes=\"(max-width: 576px) 100vw, 576px\" \/><\/p>\t\t\t\t\t\t\t\t<\/div>\n\t\t\t\t<\/div>\n\t\t\t\t\t<\/div>\n\t\t\t\t<\/div>\n\t\t\t\t<\/div>\n\t\t","protected":false},"excerpt":{"rendered":"<p>Transporte inclu\u00eddo no pre\u00e7o<\/p>\n<p>Entregamos em 24-48h<\/p>\n<p>Se tiver alguma d\u00favida, ligue-nos T. +34 91 127 90 05<\/p>\n<p>Tampa de sarjeta estanque <strong>de rebaixo<\/strong> <strong>redonda<\/strong> de a\u00e7o inoxid\u00e1vel AISI304. Fecho por quatro parafusos e uni\u00e3o por junta de EPDM. Pode ser simples para passagem pedonal (classe de carga A15) ou refor\u00e7ada para passagem de ve\u00edculos (classe de carga B125).  <\/p>\n<p>O seu design circular distribui o peso de forma uniforme e sem pontos de tens\u00e3o, o que maximiza a sua resist\u00eancia \u00e0 press\u00e3o e evita eficazmente o aparecimento de fissuras no pavimento adjacente.<\/p>\n<p>Todas as tampas s\u00e3o fornecidas com as ferramentas para a sua abertura.<\/p>\n","protected":false},"featured_media":6315,"comment_status":"open","ping_status":"closed","template":"","meta":[],"product_brand":[],"product_cat":[287,288,376],"product_tag":[],"class_list":{"0":"post-6863","1":"product","2":"type-product","3":"status-publish","4":"has-post-thumbnail","6":"product_cat-tampas-estanques","7":"product_cat-tampas-estanques-em-aco-inoxidavel","8":"product_cat-tampas-estanques-redondas-de-aco-inoxidavel","10":"first","11":"instock","12":"taxable","13":"shipping-taxable","14":"purchasable","15":"product-type-variable"},"yoast_head":"<!-- This site is optimized with the Yoast SEO plugin v27.1.1 - https:\/\/yoast.com\/product\/yoast-seo-wordpress\/ -->\n<title>Tampa estanque de rebaixo redonda de a\u00e7o inoxid\u00e1vel<\/title>\n<meta name=\"description\" content=\"Stock dispon\u00edvel de tampas estanques de rebaixo redondas de a\u00e7o inoxid\u00e1vel para registo de sarjeta. Selecione e compre a solu\u00e7\u00e3o antiodores\" \/>\n<meta name=\"robots\" content=\"index, follow, max-snippet:-1, max-image-preview:large, max-video-preview:-1\" \/>\n<link rel=\"canonical\" href=\"https:\/\/inzainox.com\/pt-pt\/producto\/tampa-estanque-de-rebaixo-redonda-de-aco-inoxidavel\/\" \/>\n<meta property=\"og:locale\" content=\"pt_PT\" \/>\n<meta property=\"og:type\" content=\"article\" \/>\n<meta property=\"og:title\" content=\"Tampa estanque de rebaixo redonda de a\u00e7o inoxid\u00e1vel\" \/>\n<meta property=\"og:description\" content=\"Stock dispon\u00edvel de tampas estanques de rebaixo redondas de a\u00e7o inoxid\u00e1vel para registo de sarjeta. Selecione e compre a solu\u00e7\u00e3o antiodores\" \/>\n<meta property=\"og:url\" content=\"https:\/\/inzainox.com\/pt-pt\/producto\/tampa-estanque-de-rebaixo-redonda-de-aco-inoxidavel\/\" \/>\n<meta property=\"og:site_name\" content=\"Canales y sumideros de acero inoxidable Inza. Drenaje inox para industria\" \/>\n<meta property=\"article:modified_time\" content=\"2026-03-25T22:37:13+00:00\" \/>\n<meta property=\"og:image\" content=\"https:\/\/inzainox.com\/wp-content\/uploads\/2026\/03\/tapa-estanca-rellenable-redonda.jpg\" \/>\n\t<meta property=\"og:image:width\" content=\"2097\" \/>\n\t<meta property=\"og:image:height\" content=\"1390\" \/>\n\t<meta property=\"og:image:type\" content=\"image\/jpeg\" \/>\n<meta name=\"twitter:card\" content=\"summary_large_image\" \/>\n<meta name=\"twitter:label1\" content=\"Tempo estimado de leitura\" \/>\n\t<meta name=\"twitter:data1\" content=\"2 minutos\" \/>\n<!-- \/ Yoast SEO plugin. -->","yoast_head_json":{"title":"Tampa estanque de rebaixo redonda de a\u00e7o inoxid\u00e1vel","description":"Stock dispon\u00edvel de tampas estanques de rebaixo redondas de a\u00e7o inoxid\u00e1vel para registo de sarjeta. Selecione e compre a solu\u00e7\u00e3o antiodores","robots":{"index":"index","follow":"follow","max-snippet":"max-snippet:-1","max-image-preview":"max-image-preview:large","max-video-preview":"max-video-preview:-1"},"canonical":"https:\/\/inzainox.com\/pt-pt\/producto\/tampa-estanque-de-rebaixo-redonda-de-aco-inoxidavel\/","og_locale":"pt_PT","og_type":"article","og_title":"Tampa estanque de rebaixo redonda de a\u00e7o inoxid\u00e1vel","og_description":"Stock dispon\u00edvel de tampas estanques de rebaixo redondas de a\u00e7o inoxid\u00e1vel para registo de sarjeta. Selecione e compre a solu\u00e7\u00e3o antiodores","og_url":"https:\/\/inzainox.com\/pt-pt\/producto\/tampa-estanque-de-rebaixo-redonda-de-aco-inoxidavel\/","og_site_name":"Canales y sumideros de acero inoxidable Inza. Drenaje inox para industria","article_modified_time":"2026-03-25T22:37:13+00:00","og_image":[{"width":2097,"height":1390,"url":"https:\/\/inzainox.com\/wp-content\/uploads\/2026\/03\/tapa-estanca-rellenable-redonda.jpg","type":"image\/jpeg"}],"twitter_card":"summary_large_image","twitter_misc":{"Tempo estimado de leitura":"2 minutos"},"schema":{"@context":"https:\/\/schema.org","@graph":[{"@type":"WebPage","@id":"https:\/\/inzainox.com\/pt-pt\/producto\/tampa-estanque-de-rebaixo-redonda-de-aco-inoxidavel\/","url":"https:\/\/inzainox.com\/pt-pt\/producto\/tampa-estanque-de-rebaixo-redonda-de-aco-inoxidavel\/","name":"Tampa estanque de rebaixo redonda de a\u00e7o inoxid\u00e1vel","isPartOf":{"@id":"https:\/\/inzainox.com\/pt-pt\/#website"},"primaryImageOfPage":{"@id":"https:\/\/inzainox.com\/pt-pt\/producto\/tampa-estanque-de-rebaixo-redonda-de-aco-inoxidavel\/#primaryimage"},"image":{"@id":"https:\/\/inzainox.com\/pt-pt\/producto\/tampa-estanque-de-rebaixo-redonda-de-aco-inoxidavel\/#primaryimage"},"thumbnailUrl":"https:\/\/inzainox.com\/wp-content\/uploads\/2026\/03\/tapa-estanca-rellenable-redonda.jpg","datePublished":"2026-03-05T12:26:36+00:00","dateModified":"2026-03-25T22:37:13+00:00","description":"Stock dispon\u00edvel de tampas estanques de rebaixo redondas de a\u00e7o inoxid\u00e1vel para registo de sarjeta. Selecione e compre a solu\u00e7\u00e3o antiodores","breadcrumb":{"@id":"https:\/\/inzainox.com\/pt-pt\/producto\/tampa-estanque-de-rebaixo-redonda-de-aco-inoxidavel\/#breadcrumb"},"inLanguage":"pt-PT","potentialAction":[{"@type":"ReadAction","target":["https:\/\/inzainox.com\/pt-pt\/producto\/tampa-estanque-de-rebaixo-redonda-de-aco-inoxidavel\/"]}]},{"@type":"ImageObject","inLanguage":"pt-PT","@id":"https:\/\/inzainox.com\/pt-pt\/producto\/tampa-estanque-de-rebaixo-redonda-de-aco-inoxidavel\/#primaryimage","url":"https:\/\/inzainox.com\/wp-content\/uploads\/2026\/03\/tapa-estanca-rellenable-redonda.jpg","contentUrl":"https:\/\/inzainox.com\/wp-content\/uploads\/2026\/03\/tapa-estanca-rellenable-redonda.jpg","width":2097,"height":1390,"caption":"tapa estanca rellenable redonda de acero inoxidable para sistemas de drenaje industrial y alimentario. Registro estanco circular de acero inoxidable liso. Tapa de inspecci\u00f3n para saneamiento industrial o residencial dise\u00f1ada para evitar olores y garantizar la estanqueidad en zonas con altos requisitos de higiene"},{"@type":"BreadcrumbList","@id":"https:\/\/inzainox.com\/pt-pt\/producto\/tampa-estanque-de-rebaixo-redonda-de-aco-inoxidavel\/#breadcrumb","itemListElement":[{"@type":"ListItem","position":1,"name":"P\u00e1gina inicial","item":"https:\/\/inzainox.com\/pt-pt\/nova-pagina-inicial\/"},{"@type":"ListItem","position":2,"name":"Loja Inza","item":"https:\/\/inzainox.com\/pt-pt\/loja-inza\/"},{"@type":"ListItem","position":3,"name":"Tampa estanque de rebaixo redonda de a\u00e7o inoxid\u00e1vel"}]},{"@type":"WebSite","@id":"https:\/\/inzainox.com\/pt-pt\/#website","url":"https:\/\/inzainox.com\/pt-pt\/","name":"Canales y sumideros de acero inoxidable Inza. Drenaje inox para industria","description":"Drenaje de acero inoxidable para industria","publisher":{"@id":"https:\/\/inzainox.com\/pt-pt\/#organization"},"alternateName":"Inza Inox","potentialAction":[{"@type":"SearchAction","target":{"@type":"EntryPoint","urlTemplate":"https:\/\/inzainox.com\/pt-pt\/?s={search_term_string}"},"query-input":{"@type":"PropertyValueSpecification","valueRequired":true,"valueName":"search_term_string"}}],"inLanguage":"pt-PT"},{"@type":"Organization","@id":"https:\/\/inzainox.com\/pt-pt\/#organization","name":"Inza Inox S.L.","alternateName":"Inza","url":"https:\/\/inzainox.com\/pt-pt\/","logo":{"@type":"ImageObject","inLanguage":"pt-PT","@id":"https:\/\/inzainox.com\/pt-pt\/#\/schema\/logo\/image\/","url":"https:\/\/inzainox.com\/wp-content\/uploads\/2020\/05\/cropped-NUEVA-INZA-2-5.png","contentUrl":"https:\/\/inzainox.com\/wp-content\/uploads\/2020\/05\/cropped-NUEVA-INZA-2-5.png","width":549,"height":264,"caption":"Inza Inox S.L."},"image":{"@id":"https:\/\/inzainox.com\/pt-pt\/#\/schema\/logo\/image\/"}}]}},"_links":{"self":[{"href":"https:\/\/inzainox.com\/pt-pt\/wp-json\/wp\/v2\/product\/6863","targetHints":{"allow":["GET"]}}],"collection":[{"href":"https:\/\/inzainox.com\/pt-pt\/wp-json\/wp\/v2\/product"}],"about":[{"href":"https:\/\/inzainox.com\/pt-pt\/wp-json\/wp\/v2\/types\/product"}],"replies":[{"embeddable":true,"href":"https:\/\/inzainox.com\/pt-pt\/wp-json\/wp\/v2\/comments?post=6863"}],"version-history":[{"count":1,"href":"https:\/\/inzainox.com\/pt-pt\/wp-json\/wp\/v2\/product\/6863\/revisions"}],"predecessor-version":[{"id":6877,"href":"https:\/\/inzainox.com\/pt-pt\/wp-json\/wp\/v2\/product\/6863\/revisions\/6877"}],"wp:featuredmedia":[{"embeddable":true,"href":"https:\/\/inzainox.com\/pt-pt\/wp-json\/wp\/v2\/media\/6315"}],"wp:attachment":[{"href":"https:\/\/inzainox.com\/pt-pt\/wp-json\/wp\/v2\/media?parent=6863"}],"wp:term":[{"taxonomy":"product_brand","embeddable":true,"href":"https:\/\/inzainox.com\/pt-pt\/wp-json\/wp\/v2\/product_brand?post=6863"},{"taxonomy":"product_cat","embeddable":true,"href":"https:\/\/inzainox.com\/pt-pt\/wp-json\/wp\/v2\/product_cat?post=6863"},{"taxonomy":"product_tag","embeddable":true,"href":"https:\/\/inzainox.com\/pt-pt\/wp-json\/wp\/v2\/product_tag?post=6863"}],"curies":[{"name":"wp","href":"https:\/\/api.w.org\/{rel}","templated":true}]}}