{"id":6785,"date":"2025-04-18T07:01:17","date_gmt":"2025-04-18T07:01:17","guid":{"rendered":"https:\/\/inzainox.com\/producto\/canais-de-cozinha-em-aco-inoxidavel\/"},"modified":"2026-03-25T21:07:46","modified_gmt":"2026-03-25T21:07:46","slug":"canais-de-cozinha-em-aco-inoxidavel","status":"publish","type":"product","link":"https:\/\/inzainox.com\/pt-pt\/producto\/canais-de-cozinha-em-aco-inoxidavel\/","title":{"rendered":"Canais de cozinha em a\u00e7o inoxid\u00e1vel"},"content":{"rendered":"\t\t<div data-elementor-type=\"wp-post\" data-elementor-id=\"6785\" class=\"elementor elementor-6785 elementor-4424\">\n\t\t\t\t<div class=\"elementor-element elementor-element-156c8aaf e-flex e-con-boxed e-con e-parent\" data-id=\"156c8aaf\" data-element_type=\"container\" data-e-type=\"container\">\n\t\t\t\t\t<div class=\"e-con-inner\">\n\t\t\t\t<div class=\"elementor-element elementor-element-69cbc51d elementor-widget elementor-widget-text-editor\" data-id=\"69cbc51d\" data-element_type=\"widget\" data-e-type=\"widget\" data-widget_type=\"text-editor.default\">\n\t\t\t\t<div class=\"elementor-widget-container\">\n\t\t\t\t\t\t\t\t\t<p>Canais de cozinha em a\u00e7o inoxid\u00e1vel AISI304 ou AISI316. Com sif\u00e3o amov\u00edvel e cesto de recolha de s\u00f3lidos. Com grelhas tramex fabricadas em a\u00e7o inoxid\u00e1vel.  <\/p><p>S\u00e3o fabricados com diferentes larguras e comprimentos. Dispomos de uma gama standard com stock das refer\u00eancias mais habituais e fabricamos \u00e0 medida o canal de que o seu neg\u00f3cio necessita. <\/p><p>Os canais de cozinha Inza t\u00eam uma grande capacidade hidr\u00e1ulica. Normalmente, s\u00e3o canais de baixa altura para facilitar a instala\u00e7\u00e3o sobre uma laje. As sa\u00eddas podem ser verticais ou horizontais com di\u00e2metros D160, 110 e 75 mm. Podemos posicionar a sa\u00edda numa extremidade do canal ou desloc\u00e1-la para onde mais lhe convier. Os canais s\u00e3o fabricados com fundo em forma de &#8220;V&#8221; para melhorar o comportamento hidr\u00e1ulico e facilitar a autolimpeza. T\u00eam pendente incorporada para que os l\u00edquidos permane\u00e7am o m\u00ednimo de tempo poss\u00edvel no canal e cheguem ao esgoto no menor tempo poss\u00edvel; desta forma, conseguimos que as cozinhas sejam espa\u00e7os mais secos, melhor drenados, evitando riscos de focos de contamina\u00e7\u00e3o. Os canais em a\u00e7o inoxid\u00e1vel s\u00e3o muito dur\u00e1veis e foram especialmente concebidos para serem limpos com o menor esfor\u00e7o, garantindo uma manuten\u00e7\u00e3o perfeita.      <\/p><p>Dispomos de diferentes tipos de grelhas para aplica\u00e7\u00f5es em que os canais sejam instalados em zonas de tr\u00e1fego de ve\u00edculos ou atividade industrial.<\/p><p>Podemos fabricar os canais com acabamentos especialmente concebidos para se adequarem a ambientes como canais com pin\u00e7amento para pavimentos vin\u00edlicos. Podemos fabricar os canais com uma aba para receber a impermeabiliza\u00e7\u00e3o no canal ou na sa\u00edda. <\/p><p>Dispomos de canais com comprimento standard de 1000, 1500 e 2000 mm, mas podemos fabric\u00e1-los com o comprimento de que necessita. A partir de 3000 mm, os canais s\u00e3o enviados para a obra por m\u00f3dulos, que s\u00e3o montados atrav\u00e9s de uni\u00f5es estanques com juntas e parafusos em a\u00e7o inoxid\u00e1vel. <\/p><p>Tanto os nossos canais como as nossas grelhas recebem um tratamento final de decapagem.<\/p>\t\t\t\t\t\t\t\t<\/div>\n\t\t\t\t<\/div>\n\t\t\t\t\t<\/div>\n\t\t\t\t<\/div>\n\t\t\t\t<\/div>\n\t\t","protected":false},"excerpt":{"rendered":"<p>Canais de cozinha em a\u00e7o inoxid\u00e1vel AISI304 ou AISI316. Com sif\u00e3o amov\u00edvel e cesto de recolha de s\u00f3lidos. Com grelhas tramex fabricadas em a\u00e7o inoxid\u00e1vel.  <\/p>\n<p>S\u00e3o fabricados com diferentes larguras e comprimentos. Dispomos de uma gama standard com stock das refer\u00eancias mais habituais e fabricamos \u00e0 medida o canal de que o seu neg\u00f3cio necessita. <\/p>\n","protected":false},"featured_media":3976,"comment_status":"open","ping_status":"closed","template":"","meta":[],"product_brand":[],"product_cat":[369,295],"product_tag":[],"class_list":{"0":"post-6785","1":"product","2":"type-product","3":"status-publish","4":"has-post-thumbnail","6":"product_cat-canais-de-cozinha","7":"product_cat-canais-de-drenagem-com-grelha","9":"first","10":"instock","11":"taxable","12":"shipping-taxable","13":"purchasable","14":"product-type-variable"},"yoast_head":"<!-- This site is optimized with the Yoast SEO plugin v27.1.1 - https:\/\/yoast.com\/product\/yoast-seo-wordpress\/ -->\n<title>Canal de cozinha em a\u00e7o inoxid\u00e1vel<\/title>\n<meta name=\"description\" content=\"Canais de cozinha em a\u00e7o inoxid\u00e1vel com diferentes alturas e larguras. Com sif\u00e3o amov\u00edvel e cesto de recolha de s\u00f3lidos. Stock conforme as medidas\" \/>\n<meta name=\"robots\" content=\"index, follow, max-snippet:-1, max-image-preview:large, max-video-preview:-1\" \/>\n<link rel=\"canonical\" href=\"https:\/\/inzainox.com\/pt-pt\/producto\/canais-de-cozinha-em-aco-inoxidavel\/\" \/>\n<meta property=\"og:locale\" content=\"pt_PT\" \/>\n<meta property=\"og:type\" content=\"article\" \/>\n<meta property=\"og:title\" content=\"Canal de cozinha em a\u00e7o inoxid\u00e1vel\" \/>\n<meta property=\"og:description\" content=\"Canais de cozinha em a\u00e7o inoxid\u00e1vel com diferentes alturas e larguras. Com sif\u00e3o amov\u00edvel e cesto de recolha de s\u00f3lidos. Stock conforme as medidas\" \/>\n<meta property=\"og:url\" content=\"https:\/\/inzainox.com\/pt-pt\/producto\/canais-de-cozinha-em-aco-inoxidavel\/\" \/>\n<meta property=\"og:site_name\" content=\"Canales y sumideros de acero inoxidable Inza. Drenaje inox para industria\" \/>\n<meta property=\"article:modified_time\" content=\"2026-03-25T21:07:46+00:00\" \/>\n<meta property=\"og:image\" content=\"https:\/\/inzainox.com\/wp-content\/uploads\/2025\/03\/RV3.20.jpg\" \/>\n\t<meta property=\"og:image:width\" content=\"1600\" \/>\n\t<meta property=\"og:image:height\" content=\"905\" \/>\n\t<meta property=\"og:image:type\" content=\"image\/jpeg\" \/>\n<meta name=\"twitter:card\" content=\"summary_large_image\" \/>\n<meta name=\"twitter:label1\" content=\"Tempo estimado de leitura\" \/>\n\t<meta name=\"twitter:data1\" content=\"2 minutos\" \/>\n<!-- \/ Yoast SEO plugin. -->","yoast_head_json":{"title":"Canal de cozinha em a\u00e7o inoxid\u00e1vel","description":"Canais de cozinha em a\u00e7o inoxid\u00e1vel com diferentes alturas e larguras. Com sif\u00e3o amov\u00edvel e cesto de recolha de s\u00f3lidos. Stock conforme as medidas","robots":{"index":"index","follow":"follow","max-snippet":"max-snippet:-1","max-image-preview":"max-image-preview:large","max-video-preview":"max-video-preview:-1"},"canonical":"https:\/\/inzainox.com\/pt-pt\/producto\/canais-de-cozinha-em-aco-inoxidavel\/","og_locale":"pt_PT","og_type":"article","og_title":"Canal de cozinha em a\u00e7o inoxid\u00e1vel","og_description":"Canais de cozinha em a\u00e7o inoxid\u00e1vel com diferentes alturas e larguras. Com sif\u00e3o amov\u00edvel e cesto de recolha de s\u00f3lidos. Stock conforme as medidas","og_url":"https:\/\/inzainox.com\/pt-pt\/producto\/canais-de-cozinha-em-aco-inoxidavel\/","og_site_name":"Canales y sumideros de acero inoxidable Inza. Drenaje inox para industria","article_modified_time":"2026-03-25T21:07:46+00:00","og_image":[{"width":1600,"height":905,"url":"https:\/\/inzainox.com\/wp-content\/uploads\/2025\/03\/RV3.20.jpg","type":"image\/jpeg"}],"twitter_card":"summary_large_image","twitter_misc":{"Tempo estimado de leitura":"2 minutos"},"schema":{"@context":"https:\/\/schema.org","@graph":[{"@type":"WebPage","@id":"https:\/\/inzainox.com\/pt-pt\/producto\/canais-de-cozinha-em-aco-inoxidavel\/","url":"https:\/\/inzainox.com\/pt-pt\/producto\/canais-de-cozinha-em-aco-inoxidavel\/","name":"Canal de cozinha em a\u00e7o inoxid\u00e1vel","isPartOf":{"@id":"https:\/\/inzainox.com\/pt-pt\/#website"},"primaryImageOfPage":{"@id":"https:\/\/inzainox.com\/pt-pt\/producto\/canais-de-cozinha-em-aco-inoxidavel\/#primaryimage"},"image":{"@id":"https:\/\/inzainox.com\/pt-pt\/producto\/canais-de-cozinha-em-aco-inoxidavel\/#primaryimage"},"thumbnailUrl":"https:\/\/inzainox.com\/wp-content\/uploads\/2025\/03\/RV3.20.jpg","datePublished":"2025-04-18T07:01:17+00:00","dateModified":"2026-03-25T21:07:46+00:00","description":"Canais de cozinha em a\u00e7o inoxid\u00e1vel com diferentes alturas e larguras. Com sif\u00e3o amov\u00edvel e cesto de recolha de s\u00f3lidos. Stock conforme as medidas","breadcrumb":{"@id":"https:\/\/inzainox.com\/pt-pt\/producto\/canais-de-cozinha-em-aco-inoxidavel\/#breadcrumb"},"inLanguage":"pt-PT","potentialAction":[{"@type":"ReadAction","target":["https:\/\/inzainox.com\/pt-pt\/producto\/canais-de-cozinha-em-aco-inoxidavel\/"]}]},{"@type":"ImageObject","inLanguage":"pt-PT","@id":"https:\/\/inzainox.com\/pt-pt\/producto\/canais-de-cozinha-em-aco-inoxidavel\/#primaryimage","url":"https:\/\/inzainox.com\/wp-content\/uploads\/2025\/03\/RV3.20.jpg","contentUrl":"https:\/\/inzainox.com\/wp-content\/uploads\/2025\/03\/RV3.20.jpg","width":1600,"height":905,"caption":"Canal de cozinha de a\u00e7o inoxid\u00e1vel Inza"},{"@type":"BreadcrumbList","@id":"https:\/\/inzainox.com\/pt-pt\/producto\/canais-de-cozinha-em-aco-inoxidavel\/#breadcrumb","itemListElement":[{"@type":"ListItem","position":1,"name":"P\u00e1gina inicial","item":"https:\/\/inzainox.com\/pt-pt\/nova-pagina-inicial\/"},{"@type":"ListItem","position":2,"name":"Loja Inza","item":"https:\/\/inzainox.com\/pt-pt\/loja-inza\/"},{"@type":"ListItem","position":3,"name":"Canais de cozinha em a\u00e7o inoxid\u00e1vel"}]},{"@type":"WebSite","@id":"https:\/\/inzainox.com\/pt-pt\/#website","url":"https:\/\/inzainox.com\/pt-pt\/","name":"Canales y sumideros de acero inoxidable Inza. Drenaje inox para industria","description":"Drenaje de acero inoxidable para industria","publisher":{"@id":"https:\/\/inzainox.com\/pt-pt\/#organization"},"alternateName":"Inza Inox","potentialAction":[{"@type":"SearchAction","target":{"@type":"EntryPoint","urlTemplate":"https:\/\/inzainox.com\/pt-pt\/?s={search_term_string}"},"query-input":{"@type":"PropertyValueSpecification","valueRequired":true,"valueName":"search_term_string"}}],"inLanguage":"pt-PT"},{"@type":"Organization","@id":"https:\/\/inzainox.com\/pt-pt\/#organization","name":"Inza Inox S.L.","alternateName":"Inza","url":"https:\/\/inzainox.com\/pt-pt\/","logo":{"@type":"ImageObject","inLanguage":"pt-PT","@id":"https:\/\/inzainox.com\/pt-pt\/#\/schema\/logo\/image\/","url":"https:\/\/inzainox.com\/wp-content\/uploads\/2020\/05\/cropped-NUEVA-INZA-2-5.png","contentUrl":"https:\/\/inzainox.com\/wp-content\/uploads\/2020\/05\/cropped-NUEVA-INZA-2-5.png","width":549,"height":264,"caption":"Inza Inox S.L."},"image":{"@id":"https:\/\/inzainox.com\/pt-pt\/#\/schema\/logo\/image\/"}}]}},"_links":{"self":[{"href":"https:\/\/inzainox.com\/pt-pt\/wp-json\/wp\/v2\/product\/6785","targetHints":{"allow":["GET"]}}],"collection":[{"href":"https:\/\/inzainox.com\/pt-pt\/wp-json\/wp\/v2\/product"}],"about":[{"href":"https:\/\/inzainox.com\/pt-pt\/wp-json\/wp\/v2\/types\/product"}],"replies":[{"embeddable":true,"href":"https:\/\/inzainox.com\/pt-pt\/wp-json\/wp\/v2\/comments?post=6785"}],"version-history":[{"count":1,"href":"https:\/\/inzainox.com\/pt-pt\/wp-json\/wp\/v2\/product\/6785\/revisions"}],"predecessor-version":[{"id":6808,"href":"https:\/\/inzainox.com\/pt-pt\/wp-json\/wp\/v2\/product\/6785\/revisions\/6808"}],"wp:featuredmedia":[{"embeddable":true,"href":"https:\/\/inzainox.com\/pt-pt\/wp-json\/wp\/v2\/media\/3976"}],"wp:attachment":[{"href":"https:\/\/inzainox.com\/pt-pt\/wp-json\/wp\/v2\/media?parent=6785"}],"wp:term":[{"taxonomy":"product_brand","embeddable":true,"href":"https:\/\/inzainox.com\/pt-pt\/wp-json\/wp\/v2\/product_brand?post=6785"},{"taxonomy":"product_cat","embeddable":true,"href":"https:\/\/inzainox.com\/pt-pt\/wp-json\/wp\/v2\/product_cat?post=6785"},{"taxonomy":"product_tag","embeddable":true,"href":"https:\/\/inzainox.com\/pt-pt\/wp-json\/wp\/v2\/product_tag?post=6785"}],"curies":[{"name":"wp","href":"https:\/\/api.w.org\/{rel}","templated":true}]}}