{"id":6725,"date":"2023-12-05T10:59:44","date_gmt":"2023-12-05T10:59:44","guid":{"rendered":"https:\/\/inzainox.com\/producto\/grelhas-com-aro-quadrado-em-grelha-de-aco-galvanizado\/"},"modified":"2023-12-05T10:59:44","modified_gmt":"2023-12-05T10:59:44","slug":"grelhas-com-aro-quadrado-em-grelha-de-aco-galvanizado","status":"publish","type":"product","link":"https:\/\/inzainox.com\/pt-pt\/producto\/grelhas-com-aro-quadrado-em-grelha-de-aco-galvanizado\/","title":{"rendered":"Grelhas com aro quadrado, em grelha de a\u00e7o galvanizado"},"content":{"rendered":"<p>Grelhas quadradas em grelha fabricadas em a\u00e7o galvanizado com aro quadrado para instala\u00e7\u00e3o. Para passagem pedonal<br \/>\nMedidas de 200&#215;200 mm a 800&#215;800 mm.<br \/>\nTanto para instala\u00e7\u00e3o como ponto de drenagem, como de arejamento ou simplesmente de suporte.<br \/>\nSe necessitar que as grelhas sejam antiderrapantes<br \/>\nSe necessitar que as grelhas sejam antitac\u00e3o<br \/>\nSe necessitar de dimens\u00f5es especiais<br \/>\nSe necessitar de resist\u00eancias mais elevadas<br \/>\nEm qualquer um destes casos, consulte-nos atrav\u00e9s de info@inzainox.com ou ligando para 91 127 90 05. <\/p>\n","protected":false},"excerpt":{"rendered":"<p>Grelhas quadradas em grelha de a\u00e7o galvanizado com aro fechado<\/p>\n","protected":false},"featured_media":3161,"comment_status":"open","ping_status":"closed","template":"","meta":[],"product_brand":[],"product_cat":[356,327],"product_tag":[],"class_list":{"0":"post-6725","1":"product","2":"type-product","3":"status-publish","4":"has-post-thumbnail","6":"product_cat-grelhas-em-grelha-de-aco-galvanizado","7":"product_cat-grelhas-gradeadas","9":"first","10":"instock","11":"taxable","12":"shipping-taxable","13":"purchasable","14":"product-type-variable"},"yoast_head":"<!-- This site is optimized with the Yoast SEO plugin v27.1.1 - https:\/\/yoast.com\/product\/yoast-seo-wordpress\/ -->\n<title>Grelhas quadradas em grelha com aro<\/title>\n<meta name=\"description\" content=\"Selecione a medida de que necessita e n\u00f3s enviamos. Grelhas quadradas tipo tramex galvanizadas com aro. Medidas de 200x200 mm a 800x800 mm\" \/>\n<meta name=\"robots\" content=\"index, follow, max-snippet:-1, max-image-preview:large, max-video-preview:-1\" \/>\n<link rel=\"canonical\" href=\"https:\/\/inzainox.com\/pt-pt\/producto\/grelhas-com-aro-quadrado-em-grelha-de-aco-galvanizado\/\" \/>\n<meta property=\"og:locale\" content=\"pt_PT\" \/>\n<meta property=\"og:type\" content=\"article\" \/>\n<meta property=\"og:title\" content=\"Grelhas quadradas em grelha com aro\" \/>\n<meta property=\"og:description\" content=\"Selecione a medida de que necessita e n\u00f3s enviamos. Grelhas quadradas tipo tramex galvanizadas com aro. Medidas de 200x200 mm a 800x800 mm\" \/>\n<meta property=\"og:url\" content=\"https:\/\/inzainox.com\/pt-pt\/producto\/grelhas-com-aro-quadrado-em-grelha-de-aco-galvanizado\/\" \/>\n<meta property=\"og:site_name\" content=\"Canales y sumideros de acero inoxidable Inza. Drenaje inox para industria\" \/>\n<meta property=\"og:image\" content=\"https:\/\/inzainox.com\/wp-content\/uploads\/2026\/02\/Canales-de-Acero-Inoxidable.png\" \/>\n\t<meta property=\"og:image:width\" content=\"350\" \/>\n\t<meta property=\"og:image:height\" content=\"613\" \/>\n\t<meta property=\"og:image:type\" content=\"image\/png\" \/>\n<meta name=\"twitter:card\" content=\"summary_large_image\" \/>\n<!-- \/ Yoast SEO plugin. -->","yoast_head_json":{"title":"Grelhas quadradas em grelha com aro","description":"Selecione a medida de que necessita e n\u00f3s enviamos. Grelhas quadradas tipo tramex galvanizadas com aro. Medidas de 200x200 mm a 800x800 mm","robots":{"index":"index","follow":"follow","max-snippet":"max-snippet:-1","max-image-preview":"max-image-preview:large","max-video-preview":"max-video-preview:-1"},"canonical":"https:\/\/inzainox.com\/pt-pt\/producto\/grelhas-com-aro-quadrado-em-grelha-de-aco-galvanizado\/","og_locale":"pt_PT","og_type":"article","og_title":"Grelhas quadradas em grelha com aro","og_description":"Selecione a medida de que necessita e n\u00f3s enviamos. Grelhas quadradas tipo tramex galvanizadas com aro. Medidas de 200x200 mm a 800x800 mm","og_url":"https:\/\/inzainox.com\/pt-pt\/producto\/grelhas-com-aro-quadrado-em-grelha-de-aco-galvanizado\/","og_site_name":"Canales y sumideros de acero inoxidable Inza. Drenaje inox para industria","og_image":[{"width":350,"height":613,"url":"https:\/\/inzainox.com\/wp-content\/uploads\/2026\/02\/Canales-de-Acero-Inoxidable.png","type":"image\/png"}],"twitter_card":"summary_large_image","schema":{"@context":"https:\/\/schema.org","@graph":[{"@type":"WebPage","@id":"https:\/\/inzainox.com\/pt-pt\/producto\/grelhas-com-aro-quadrado-em-grelha-de-aco-galvanizado\/","url":"https:\/\/inzainox.com\/pt-pt\/producto\/grelhas-com-aro-quadrado-em-grelha-de-aco-galvanizado\/","name":"Grelhas quadradas em grelha com aro","isPartOf":{"@id":"https:\/\/inzainox.com\/pt-pt\/#website"},"primaryImageOfPage":{"@id":"https:\/\/inzainox.com\/pt-pt\/producto\/grelhas-com-aro-quadrado-em-grelha-de-aco-galvanizado\/#primaryimage"},"image":{"@id":"https:\/\/inzainox.com\/pt-pt\/producto\/grelhas-com-aro-quadrado-em-grelha-de-aco-galvanizado\/#primaryimage"},"thumbnailUrl":"https:\/\/inzainox.com\/wp-content\/uploads\/2023\/12\/MARCOS-Y-REJAS-CUADRADAS-pdf.jpg","datePublished":"2023-12-05T10:59:44+00:00","description":"Selecione a medida de que necessita e n\u00f3s enviamos. Grelhas quadradas tipo tramex galvanizadas com aro. Medidas de 200x200 mm a 800x800 mm","breadcrumb":{"@id":"https:\/\/inzainox.com\/pt-pt\/producto\/grelhas-com-aro-quadrado-em-grelha-de-aco-galvanizado\/#breadcrumb"},"inLanguage":"pt-PT","potentialAction":[{"@type":"ReadAction","target":["https:\/\/inzainox.com\/pt-pt\/producto\/grelhas-com-aro-quadrado-em-grelha-de-aco-galvanizado\/"]}]},{"@type":"ImageObject","inLanguage":"pt-PT","@id":"https:\/\/inzainox.com\/pt-pt\/producto\/grelhas-com-aro-quadrado-em-grelha-de-aco-galvanizado\/#primaryimage","url":"https:\/\/inzainox.com\/wp-content\/uploads\/2023\/12\/MARCOS-Y-REJAS-CUADRADAS-pdf.jpg","contentUrl":"https:\/\/inzainox.com\/wp-content\/uploads\/2023\/12\/MARCOS-Y-REJAS-CUADRADAS-pdf.jpg","caption":"Aro e grelha quadrada em grelha de a\u00e7o inoxid\u00e1vel ou galvanizado."},{"@type":"BreadcrumbList","@id":"https:\/\/inzainox.com\/pt-pt\/producto\/grelhas-com-aro-quadrado-em-grelha-de-aco-galvanizado\/#breadcrumb","itemListElement":[{"@type":"ListItem","position":1,"name":"P\u00e1gina inicial","item":"https:\/\/inzainox.com\/pt-pt\/nova-pagina-inicial\/"},{"@type":"ListItem","position":2,"name":"Loja Inza","item":"https:\/\/inzainox.com\/pt-pt\/loja-inza\/"},{"@type":"ListItem","position":3,"name":"Grelhas com aro quadrado, em grelha de a\u00e7o galvanizado"}]},{"@type":"WebSite","@id":"https:\/\/inzainox.com\/pt-pt\/#website","url":"https:\/\/inzainox.com\/pt-pt\/","name":"Canales y sumideros de acero inoxidable Inza. Drenaje inox para industria","description":"Drenaje de acero inoxidable para industria","publisher":{"@id":"https:\/\/inzainox.com\/pt-pt\/#organization"},"alternateName":"Inza Inox","potentialAction":[{"@type":"SearchAction","target":{"@type":"EntryPoint","urlTemplate":"https:\/\/inzainox.com\/pt-pt\/?s={search_term_string}"},"query-input":{"@type":"PropertyValueSpecification","valueRequired":true,"valueName":"search_term_string"}}],"inLanguage":"pt-PT"},{"@type":"Organization","@id":"https:\/\/inzainox.com\/pt-pt\/#organization","name":"Inza Inox S.L.","alternateName":"Inza","url":"https:\/\/inzainox.com\/pt-pt\/","logo":{"@type":"ImageObject","inLanguage":"pt-PT","@id":"https:\/\/inzainox.com\/pt-pt\/#\/schema\/logo\/image\/","url":"https:\/\/inzainox.com\/wp-content\/uploads\/2020\/05\/cropped-NUEVA-INZA-2-5.png","contentUrl":"https:\/\/inzainox.com\/wp-content\/uploads\/2020\/05\/cropped-NUEVA-INZA-2-5.png","width":549,"height":264,"caption":"Inza Inox S.L."},"image":{"@id":"https:\/\/inzainox.com\/pt-pt\/#\/schema\/logo\/image\/"}}]}},"_links":{"self":[{"href":"https:\/\/inzainox.com\/pt-pt\/wp-json\/wp\/v2\/product\/6725","targetHints":{"allow":["GET"]}}],"collection":[{"href":"https:\/\/inzainox.com\/pt-pt\/wp-json\/wp\/v2\/product"}],"about":[{"href":"https:\/\/inzainox.com\/pt-pt\/wp-json\/wp\/v2\/types\/product"}],"replies":[{"embeddable":true,"href":"https:\/\/inzainox.com\/pt-pt\/wp-json\/wp\/v2\/comments?post=6725"}],"version-history":[{"count":0,"href":"https:\/\/inzainox.com\/pt-pt\/wp-json\/wp\/v2\/product\/6725\/revisions"}],"wp:featuredmedia":[{"embeddable":true,"href":"https:\/\/inzainox.com\/pt-pt\/wp-json\/wp\/v2\/media\/3161"}],"wp:attachment":[{"href":"https:\/\/inzainox.com\/pt-pt\/wp-json\/wp\/v2\/media?parent=6725"}],"wp:term":[{"taxonomy":"product_brand","embeddable":true,"href":"https:\/\/inzainox.com\/pt-pt\/wp-json\/wp\/v2\/product_brand?post=6725"},{"taxonomy":"product_cat","embeddable":true,"href":"https:\/\/inzainox.com\/pt-pt\/wp-json\/wp\/v2\/product_cat?post=6725"},{"taxonomy":"product_tag","embeddable":true,"href":"https:\/\/inzainox.com\/pt-pt\/wp-json\/wp\/v2\/product_tag?post=6725"}],"curies":[{"name":"wp","href":"https:\/\/api.w.org\/{rel}","templated":true}]}}