{"id":6520,"date":"2025-04-19T07:09:13","date_gmt":"2025-04-19T07:09:13","guid":{"rendered":"https:\/\/inzainox.com\/producto\/separadores-de-gorduras-em-aco-inoxidavel\/"},"modified":"2026-03-25T13:07:44","modified_gmt":"2026-03-25T13:07:44","slug":"separadores-de-gorduras-em-aco-inoxidavel","status":"publish","type":"product","link":"https:\/\/inzainox.com\/pt-pt\/producto\/separadores-de-gorduras-em-aco-inoxidavel\/","title":{"rendered":"Separadores de gorduras em a\u00e7o inoxid\u00e1vel"},"content":{"rendered":"\t\t<div data-elementor-type=\"wp-post\" data-elementor-id=\"6520\" class=\"elementor elementor-6520 elementor-4513\">\n\t\t\t\t<div class=\"elementor-element elementor-element-758b215d e-flex e-con-boxed e-con e-parent\" data-id=\"758b215d\" data-element_type=\"container\" data-e-type=\"container\">\n\t\t\t\t\t<div class=\"e-con-inner\">\n\t\t\t\t<div class=\"elementor-element elementor-element-102539dc elementor-widget elementor-widget-text-editor\" data-id=\"102539dc\" data-element_type=\"widget\" data-e-type=\"widget\" data-widget_type=\"text-editor.default\">\n\t\t\t\t<div class=\"elementor-widget-container\">\n\t\t\t\t\t\t\t\t\t<p>Os separadores de gorduras s\u00e3o equipamentos que facilitam a separa\u00e7\u00e3o e a elimina\u00e7\u00e3o das gorduras de origem vegetal e animal geradas numa cozinha, evitando que passem para a rede de saneamento posterior para que n\u00e3o ocorram problemas de entupimentos e maus odores. A \u00e1gua separa-se da gordura gra\u00e7as \u00e0 diferen\u00e7a de densidades, raz\u00e3o pela qual os Separadores de Gorduras s\u00e3o concebidos e fabricados para assegurar as fun\u00e7\u00f5es de desarena\u00e7\u00e3o, separa\u00e7\u00e3o e armazenamento de gorduras como pr\u00e9-tratamento dos efluentes antes da sua descarga nas redes de saneamento.<br>O Separador de Gorduras caracteriza-se por ter dois compartimentos:<br>O desarenador, que permite sedimentar a lama e mat\u00e9ria s\u00f3lida. Este pode ser delimitado por uma divis\u00f3ria ou por um<br>fundo inclinado.<br>A c\u00e2mara de separa\u00e7\u00e3o (Separador), destinada a reter as gorduras e \u00f3leos, com menor densidade que a \u00e1gua.  <\/p>\t\t\t\t\t\t\t\t<\/div>\n\t\t\t\t<\/div>\n\t\t\t\t\t<\/div>\n\t\t\t\t<\/div>\n\t\t<div class=\"elementor-element elementor-element-021c17d e-flex e-con-boxed e-con e-parent\" data-id=\"021c17d\" data-element_type=\"container\" data-e-type=\"container\">\n\t\t\t\t\t<div class=\"e-con-inner\">\n\t\t\t\t<div class=\"elementor-element elementor-element-41a7de8 elementor-widget elementor-widget-heading\" data-id=\"41a7de8\" data-element_type=\"widget\" data-e-type=\"widget\" data-widget_type=\"heading.default\">\n\t\t\t\t<div class=\"elementor-widget-container\">\n\t\t\t\t\t<h2 class=\"elementor-heading-title elementor-size-medium\">Separadores de gorduras em a\u00e7o inoxid\u00e1vel<\/h2>\t\t\t\t<\/div>\n\t\t\t\t<\/div>\n\t\t\t\t<div class=\"elementor-element elementor-element-75b1040 elementor-widget elementor-widget-image\" data-id=\"75b1040\" data-element_type=\"widget\" data-e-type=\"widget\" data-widget_type=\"image.default\">\n\t\t\t\t<div class=\"elementor-widget-container\">\n\t\t\t\t\t\t\t\t\t\t\t\t\t\t\t<img fetchpriority=\"high\" decoding=\"async\" width=\"595\" height=\"309\" src=\"https:\/\/inzainox.com\/wp-content\/uploads\/2025\/04\/ISGI.png\" class=\"attachment-large size-large wp-image-6521\" alt=\"\" srcset=\"https:\/\/inzainox.com\/wp-content\/uploads\/2025\/04\/ISGI.png 595w, https:\/\/inzainox.com\/wp-content\/uploads\/2025\/04\/ISGI-300x156.png 300w\" sizes=\"(max-width: 595px) 100vw, 595px\" \/>\t\t\t\t\t\t\t\t\t\t\t\t\t\t\t<\/div>\n\t\t\t\t<\/div>\n\t\t<div class=\"elementor-element elementor-element-ae6ef0c e-con-full e-grid e-con e-child\" data-id=\"ae6ef0c\" data-element_type=\"container\" data-e-type=\"container\">\n\t\t\t\t<div class=\"elementor-element elementor-element-5c2cf97 elementor-widget elementor-widget-image\" data-id=\"5c2cf97\" data-element_type=\"widget\" data-e-type=\"widget\" data-widget_type=\"image.default\">\n\t\t\t\t<div class=\"elementor-widget-container\">\n\t\t\t\t\t\t\t\t\t\t\t\t\t\t\t<img decoding=\"async\" width=\"1024\" height=\"190\" src=\"https:\/\/inzainox.com\/wp-content\/uploads\/2025\/04\/ISGI-1-1024x190.png\" class=\"attachment-large size-large wp-image-6522\" alt=\"\" srcset=\"https:\/\/inzainox.com\/wp-content\/uploads\/2025\/04\/ISGI-1-1024x190.png 1024w, https:\/\/inzainox.com\/wp-content\/uploads\/2025\/04\/ISGI-1-300x56.png 300w, https:\/\/inzainox.com\/wp-content\/uploads\/2025\/04\/ISGI-1-768x143.png 768w, https:\/\/inzainox.com\/wp-content\/uploads\/2025\/04\/ISGI-1-600x112.png 600w, https:\/\/inzainox.com\/wp-content\/uploads\/2025\/04\/ISGI-1.png 1280w\" sizes=\"(max-width: 1024px) 100vw, 1024px\" \/>\t\t\t\t\t\t\t\t\t\t\t\t\t\t\t<\/div>\n\t\t\t\t<\/div>\n\t\t\t\t<\/div>\n\t\t\t\t\t<\/div>\n\t\t\t\t<\/div>\n\t\t<div class=\"elementor-element elementor-element-799a19c e-flex e-con-boxed e-con e-parent\" data-id=\"799a19c\" data-element_type=\"container\" data-e-type=\"container\">\n\t\t\t\t\t<div class=\"e-con-inner\">\n\t\t\t\t<div class=\"elementor-element elementor-element-ee2a370 elementor-widget elementor-widget-text-editor\" data-id=\"ee2a370\" data-element_type=\"widget\" data-e-type=\"widget\" data-widget_type=\"text-editor.default\">\n\t\t\t\t<div class=\"elementor-widget-container\">\n\t\t\t\t\t\t\t\t\t<p> <\/p><p>S\u00e3o v\u00e1lidos tanto para uma instala\u00e7\u00e3o em obra como para poss\u00edvel coloca\u00e7\u00e3o e liga\u00e7\u00e3o sob o lava-loi\u00e7a em caso de remodela\u00e7\u00e3o.<\/p><p>\u00c9 poss\u00edvel combinar os separadores de gorduras INZA ISGI com a solu\u00e7\u00e3o InzaBio para aumentar o rendimento dos separadores. Esta solu\u00e7\u00e3o enzim\u00e1tica facilita a digest\u00e3o das gorduras prevenindo problemas de entupimentos e odores. Existe a possibilidade de ligar uma bomba para a sua dosagem autom\u00e1tica.  <\/p><p>A tubagem de descarga para o separador de gorduras deve estar dotada de<br>uma chamin\u00e9 de ventila\u00e7\u00e3o. A coloca\u00e7\u00e3o em funcionamento consiste em realizar as<br>opera\u00e7\u00f5es seguintes:<br>Enchimento com \u00e1gua limpa at\u00e9 transbordar pela tubagem de sa\u00edda. Esta<br>opera\u00e7\u00e3o realizar-se-\u00e1 tamb\u00e9m ap\u00f3s cada esvaziamento.<br>Verificar o fecho das tampas, para evitar qualquer inc\u00f3modo olfativo  <\/p><p>Os separadores de gorduras devem ser inspecionados, esvaziados e limpos<br>regularmente. A frequ\u00eancia de inspe\u00e7\u00e3o, esvaziamento e limpeza deveria<br>determinar-se em fun\u00e7\u00e3o da capacidade de armazenamento de gorduras e lamas do<br>separador, e de acordo com a experi\u00eancia funcional.<br>A menos que se especifique outra a\u00e7\u00e3o, os separadores deveriam esvaziar-se,<br>limpar-se e voltar a encher-se com \u00e1gua limpa, no m\u00ednimo uma vez por m\u00eas, embora<br>seja prefer\u00edvel a cada duas semanas, como precisa a norma UNE-EN 1825-2.<br>A op\u00e7\u00e3o de alarme de dete\u00e7\u00e3o de gorduras pode fornecer uma ajuda \u00e0<br>explora\u00e7\u00e3o, alertando o pessoal de manuten\u00e7\u00e3o que se atingiu a<br>reten\u00e7\u00e3o de gordura m\u00e1xima para o equipamento.<br>Coloca\u00e7\u00e3o em funcionamento<br>Os separadores de gorduras devem instalar-se conforme as recomenda\u00e7\u00f5es<br>de instala\u00e7\u00e3o indicadas no cap\u00edtulo de Generalidades.<br>As canaliza\u00e7\u00f5es ligadas aos separadores de gorduras devem ventilar-se<br>adequadamente. A tubagem de descarga para o separador deve estar dotada de<br>uma chamin\u00e9 de ventila\u00e7\u00e3o. A coloca\u00e7\u00e3o em funcionamento consiste em realizar as<br>opera\u00e7\u00f5es seguintes:<br>Enchimento com \u00e1gua limpa at\u00e9 transbordar pela tubagem de sa\u00edda. Esta<br>opera\u00e7\u00e3o realizar-se-\u00e1 tamb\u00e9m ap\u00f3s cada esvaziamento.<br>Verificar o fecho das tampas, para evitar qualquer inc\u00f3modo olfativo.    <\/p><p> <\/p><p>Manuten\u00e7\u00e3o de um separador de gorduras<br>No decurso desta opera\u00e7\u00e3o de manuten\u00e7\u00e3o, dever-se-\u00e1:<br>Limpar os componentes internos (defletores, divis\u00f3rias, etc.).<br>Verificar o revestimento (gama de a\u00e7o revestido) e em geral, o interior do equipamento.<br>Verificar e limpar a sonda de n\u00edvel, de acordo com o manual de manuten\u00e7\u00e3o deste dispositivo.<\/p>\t\t\t\t\t\t\t\t<\/div>\n\t\t\t\t<\/div>\n\t\t\t\t\t<\/div>\n\t\t\t\t<\/div>\n\t\t\t\t<\/div>\n\t\t","protected":false},"excerpt":{"rendered":"<p>Os separadores de gorduras em a\u00e7o inoxid\u00e1vel s\u00e3o equipamentos que facilitam a separa\u00e7\u00e3o e a elimina\u00e7\u00e3o das gorduras de origem vegetal e animal geradas numa cozinha, permitindo manter os mais elevados padr\u00f5es de manuten\u00e7\u00e3o e qualidade. O a\u00e7o inoxid\u00e1vel \u00e9 o material mais adequado quando se trata de manter uma cozinha livre de poss\u00edveis contamina\u00e7\u00f5es. <\/p>\n","protected":false},"featured_media":320,"comment_status":"open","ping_status":"closed","template":"","meta":[],"product_brand":[],"product_cat":[309],"product_tag":[],"class_list":{"0":"post-6520","1":"product","2":"type-product","3":"status-publish","4":"has-post-thumbnail","6":"product_cat-separadores-de-gorduras","8":"first","9":"instock","10":"taxable","11":"shipping-taxable","12":"purchasable","13":"product-type-variable"},"yoast_head":"<!-- This site is optimized with the Yoast SEO plugin v27.1.1 - https:\/\/yoast.com\/product\/yoast-seo-wordpress\/ -->\n<title>Separadores de gorduras em a\u00e7o inoxid\u00e1vel - Canales y sumideros de acero inoxidable Inza. Drenaje inox para industria<\/title>\n<meta name=\"description\" content=\"Separador de gorduras em a\u00e7o inoxid\u00e1vel para cozinhas. Para instala\u00e7\u00e3o em obra ou para coloca\u00e7\u00e3o sob o lava-loi\u00e7a. Diferentes tamanhos\" \/>\n<meta name=\"robots\" content=\"index, follow, max-snippet:-1, max-image-preview:large, max-video-preview:-1\" \/>\n<link rel=\"canonical\" href=\"https:\/\/inzainox.com\/pt-pt\/producto\/separadores-de-gorduras-em-aco-inoxidavel\/\" \/>\n<meta property=\"og:locale\" content=\"pt_PT\" \/>\n<meta property=\"og:type\" content=\"article\" \/>\n<meta property=\"og:title\" content=\"Separadores de gorduras em a\u00e7o inoxid\u00e1vel - Canales y sumideros de acero inoxidable Inza. Drenaje inox para industria\" \/>\n<meta property=\"og:description\" content=\"Separador de gorduras em a\u00e7o inoxid\u00e1vel para cozinhas. Para instala\u00e7\u00e3o em obra ou para coloca\u00e7\u00e3o sob o lava-loi\u00e7a. Diferentes tamanhos\" \/>\n<meta property=\"og:url\" content=\"https:\/\/inzainox.com\/pt-pt\/producto\/separadores-de-gorduras-em-aco-inoxidavel\/\" \/>\n<meta property=\"og:site_name\" content=\"Canales y sumideros de acero inoxidable Inza. Drenaje inox para industria\" \/>\n<meta property=\"article:modified_time\" content=\"2026-03-25T13:07:44+00:00\" \/>\n<meta property=\"og:image\" content=\"https:\/\/inzainox.com\/wp-content\/uploads\/2020\/05\/SG.jpg\" \/>\n\t<meta property=\"og:image:width\" content=\"333\" \/>\n\t<meta property=\"og:image:height\" content=\"237\" \/>\n\t<meta property=\"og:image:type\" content=\"image\/jpeg\" \/>\n<meta name=\"twitter:card\" content=\"summary_large_image\" \/>\n<meta name=\"twitter:label1\" content=\"Tempo estimado de leitura\" \/>\n\t<meta name=\"twitter:data1\" content=\"3 minutos\" \/>\n<!-- \/ Yoast SEO plugin. -->","yoast_head_json":{"title":"Separadores de gorduras em a\u00e7o inoxid\u00e1vel - Canales y sumideros de acero inoxidable Inza. Drenaje inox para industria","description":"Separador de gorduras em a\u00e7o inoxid\u00e1vel para cozinhas. Para instala\u00e7\u00e3o em obra ou para coloca\u00e7\u00e3o sob o lava-loi\u00e7a. Diferentes tamanhos","robots":{"index":"index","follow":"follow","max-snippet":"max-snippet:-1","max-image-preview":"max-image-preview:large","max-video-preview":"max-video-preview:-1"},"canonical":"https:\/\/inzainox.com\/pt-pt\/producto\/separadores-de-gorduras-em-aco-inoxidavel\/","og_locale":"pt_PT","og_type":"article","og_title":"Separadores de gorduras em a\u00e7o inoxid\u00e1vel - Canales y sumideros de acero inoxidable Inza. Drenaje inox para industria","og_description":"Separador de gorduras em a\u00e7o inoxid\u00e1vel para cozinhas. Para instala\u00e7\u00e3o em obra ou para coloca\u00e7\u00e3o sob o lava-loi\u00e7a. Diferentes tamanhos","og_url":"https:\/\/inzainox.com\/pt-pt\/producto\/separadores-de-gorduras-em-aco-inoxidavel\/","og_site_name":"Canales y sumideros de acero inoxidable Inza. Drenaje inox para industria","article_modified_time":"2026-03-25T13:07:44+00:00","og_image":[{"width":333,"height":237,"url":"https:\/\/inzainox.com\/wp-content\/uploads\/2020\/05\/SG.jpg","type":"image\/jpeg"}],"twitter_card":"summary_large_image","twitter_misc":{"Tempo estimado de leitura":"3 minutos"},"schema":{"@context":"https:\/\/schema.org","@graph":[{"@type":"WebPage","@id":"https:\/\/inzainox.com\/pt-pt\/producto\/separadores-de-gorduras-em-aco-inoxidavel\/","url":"https:\/\/inzainox.com\/pt-pt\/producto\/separadores-de-gorduras-em-aco-inoxidavel\/","name":"Separadores de gorduras em a\u00e7o inoxid\u00e1vel - Canales y sumideros de acero inoxidable Inza. Drenaje inox para industria","isPartOf":{"@id":"https:\/\/inzainox.com\/pt-pt\/#website"},"primaryImageOfPage":{"@id":"https:\/\/inzainox.com\/pt-pt\/producto\/separadores-de-gorduras-em-aco-inoxidavel\/#primaryimage"},"image":{"@id":"https:\/\/inzainox.com\/pt-pt\/producto\/separadores-de-gorduras-em-aco-inoxidavel\/#primaryimage"},"thumbnailUrl":"https:\/\/inzainox.com\/wp-content\/uploads\/2020\/05\/SG.jpg","datePublished":"2025-04-19T07:09:13+00:00","dateModified":"2026-03-25T13:07:44+00:00","description":"Separador de gorduras em a\u00e7o inoxid\u00e1vel para cozinhas. Para instala\u00e7\u00e3o em obra ou para coloca\u00e7\u00e3o sob o lava-loi\u00e7a. Diferentes tamanhos","breadcrumb":{"@id":"https:\/\/inzainox.com\/pt-pt\/producto\/separadores-de-gorduras-em-aco-inoxidavel\/#breadcrumb"},"inLanguage":"pt-PT","potentialAction":[{"@type":"ReadAction","target":["https:\/\/inzainox.com\/pt-pt\/producto\/separadores-de-gorduras-em-aco-inoxidavel\/"]}]},{"@type":"ImageObject","inLanguage":"pt-PT","@id":"https:\/\/inzainox.com\/pt-pt\/producto\/separadores-de-gorduras-em-aco-inoxidavel\/#primaryimage","url":"https:\/\/inzainox.com\/wp-content\/uploads\/2020\/05\/SG.jpg","contentUrl":"https:\/\/inzainox.com\/wp-content\/uploads\/2020\/05\/SG.jpg","width":333,"height":237,"caption":"separador de grasas acero inoxidable"},{"@type":"BreadcrumbList","@id":"https:\/\/inzainox.com\/pt-pt\/producto\/separadores-de-gorduras-em-aco-inoxidavel\/#breadcrumb","itemListElement":[{"@type":"ListItem","position":1,"name":"P\u00e1gina inicial","item":"https:\/\/inzainox.com\/pt-pt\/nova-pagina-inicial\/"},{"@type":"ListItem","position":2,"name":"Loja Inza","item":"https:\/\/inzainox.com\/pt-pt\/loja-inza\/"},{"@type":"ListItem","position":3,"name":"Separadores de gorduras em a\u00e7o inoxid\u00e1vel"}]},{"@type":"WebSite","@id":"https:\/\/inzainox.com\/pt-pt\/#website","url":"https:\/\/inzainox.com\/pt-pt\/","name":"Canales y sumideros de acero inoxidable Inza. Drenaje inox para industria","description":"Drenaje de acero inoxidable para industria","publisher":{"@id":"https:\/\/inzainox.com\/pt-pt\/#organization"},"alternateName":"Inza Inox","potentialAction":[{"@type":"SearchAction","target":{"@type":"EntryPoint","urlTemplate":"https:\/\/inzainox.com\/pt-pt\/?s={search_term_string}"},"query-input":{"@type":"PropertyValueSpecification","valueRequired":true,"valueName":"search_term_string"}}],"inLanguage":"pt-PT"},{"@type":"Organization","@id":"https:\/\/inzainox.com\/pt-pt\/#organization","name":"Inza Inox S.L.","alternateName":"Inza","url":"https:\/\/inzainox.com\/pt-pt\/","logo":{"@type":"ImageObject","inLanguage":"pt-PT","@id":"https:\/\/inzainox.com\/pt-pt\/#\/schema\/logo\/image\/","url":"https:\/\/inzainox.com\/wp-content\/uploads\/2020\/05\/cropped-NUEVA-INZA-2-5.png","contentUrl":"https:\/\/inzainox.com\/wp-content\/uploads\/2020\/05\/cropped-NUEVA-INZA-2-5.png","width":549,"height":264,"caption":"Inza Inox S.L."},"image":{"@id":"https:\/\/inzainox.com\/pt-pt\/#\/schema\/logo\/image\/"}}]}},"_links":{"self":[{"href":"https:\/\/inzainox.com\/pt-pt\/wp-json\/wp\/v2\/product\/6520","targetHints":{"allow":["GET"]}}],"collection":[{"href":"https:\/\/inzainox.com\/pt-pt\/wp-json\/wp\/v2\/product"}],"about":[{"href":"https:\/\/inzainox.com\/pt-pt\/wp-json\/wp\/v2\/types\/product"}],"replies":[{"embeddable":true,"href":"https:\/\/inzainox.com\/pt-pt\/wp-json\/wp\/v2\/comments?post=6520"}],"version-history":[{"count":1,"href":"https:\/\/inzainox.com\/pt-pt\/wp-json\/wp\/v2\/product\/6520\/revisions"}],"predecessor-version":[{"id":6530,"href":"https:\/\/inzainox.com\/pt-pt\/wp-json\/wp\/v2\/product\/6520\/revisions\/6530"}],"wp:featuredmedia":[{"embeddable":true,"href":"https:\/\/inzainox.com\/pt-pt\/wp-json\/wp\/v2\/media\/320"}],"wp:attachment":[{"href":"https:\/\/inzainox.com\/pt-pt\/wp-json\/wp\/v2\/media?parent=6520"}],"wp:term":[{"taxonomy":"product_brand","embeddable":true,"href":"https:\/\/inzainox.com\/pt-pt\/wp-json\/wp\/v2\/product_brand?post=6520"},{"taxonomy":"product_cat","embeddable":true,"href":"https:\/\/inzainox.com\/pt-pt\/wp-json\/wp\/v2\/product_cat?post=6520"},{"taxonomy":"product_tag","embeddable":true,"href":"https:\/\/inzainox.com\/pt-pt\/wp-json\/wp\/v2\/product_tag?post=6520"}],"curies":[{"name":"wp","href":"https:\/\/api.w.org\/{rel}","templated":true}]}}