{"id":6436,"date":"2026-03-02T19:19:25","date_gmt":"2026-03-02T19:19:25","guid":{"rendered":"https:\/\/inzainox.com\/producto\/tampa-estanque-preenchivel-em-aco-inoxidavel-aisi304-com-ralo-sifonico-central\/"},"modified":"2026-03-24T18:10:05","modified_gmt":"2026-03-24T18:10:05","slug":"tampa-estanque-preenchivel-em-aco-inoxidavel-aisi304-com-ralo-sifonico-central","status":"publish","type":"product","link":"https:\/\/inzainox.com\/pt-pt\/producto\/tampa-estanque-preenchivel-em-aco-inoxidavel-aisi304-com-ralo-sifonico-central\/","title":{"rendered":"Tampa estanque preench\u00edvel em a\u00e7o inoxid\u00e1vel AISI304 com ralo sif\u00f3nico central"},"content":{"rendered":"\t\t<div data-elementor-type=\"wp-post\" data-elementor-id=\"6436\" class=\"elementor elementor-6436 elementor-6155\">\n\t\t\t\t<div class=\"elementor-element elementor-element-e436c71 e-flex e-con-boxed e-con e-parent\" data-id=\"e436c71\" data-element_type=\"container\" data-e-type=\"container\">\n\t\t\t\t\t<div class=\"e-con-inner\">\n\t\t\t\t<div class=\"elementor-element elementor-element-bfdd8b3 elementor-widget elementor-widget-text-editor\" data-id=\"bfdd8b3\" data-element_type=\"widget\" data-e-type=\"widget\" data-widget_type=\"text-editor.default\">\n\t\t\t\t<div class=\"elementor-widget-container\">\n\t\t\t\t\t\t\t\t\t<p> <\/p><p>Tampa e aro para sarjeta lisa, com ralo sif\u00f3nico central, fabricada em a\u00e7o inoxid\u00e1vel AISI304.<\/p><p>Possibilidade de fabrico em a\u00e7o inoxid\u00e1vel AISI316L para instala\u00e7\u00f5es com um ambiente especialmente agressivo ou ambientes mar\u00edtimos.<\/p><p>\u00c9 uma tampa estanque para evitar odores gra\u00e7as a um fecho mediante junta de EPDM e uni\u00e3o com 4 parafusos de inox nos cantos da tampa.<\/p><p>A tampa inclui no pre\u00e7o as ferramentas para retirar os parafusos<\/p><p>Fornecemos man\u00edpulos que se roscam no alojamento dos parafusos para facilitar a sua abertura com comodidade. Estes man\u00edpulos com asa tamb\u00e9m est\u00e3o inclu\u00eddos no pre\u00e7o. <\/p><p><iframe title=\"Tapa de arqueta estanca lisa de acero inoxidable o galvanizado\" width=\"1200\" height=\"675\" src=\"https:\/\/www.youtube.com\/embed\/i-ht3desZic?feature=oembed\" frameborder=\"0\" allow=\"accelerometer; autoplay; clipboard-write; encrypted-media; gyroscope; picture-in-picture; web-share\" referrerpolicy=\"strict-origin-when-cross-origin\" allowfullscreen><\/iframe><\/p><p>Tampa padr\u00e3o para cargas de tr\u00e1fego pedonal A15. <\/p><p>Tampas quadradas de diferentes dimens\u00f5es desde 300&#215;300 mm at\u00e9 700&#215;700 mm.<\/p><p><span style=\"color: #339966;\"><strong><a style=\"color: #339966;\" href=\"https:\/\/inzainox.com\/wp-content\/uploads\/2022\/03\/Tapas-estancas-de-acero-inoxidable-lisas.pdf\">FICHA T\u00c9CNICA<\/a><\/strong><\/span><\/p><p>Consultar tampas redondas e de medidas especiais.<\/p><p>Existem tampas para grandes cargas e abertura assistida por pist\u00f5es.<\/p><p><img fetchpriority=\"high\" decoding=\"async\" class=\"alignnone size-full wp-image-1662\" src=\"https:\/\/inzainox.com\/wp-content\/uploads\/2020\/11\/plano-tapa-lisa.jpg\" alt=\"plano registos inox estanques lisos\" width=\"1191\" height=\"466\" srcset=\"https:\/\/inzainox.com\/wp-content\/uploads\/2020\/11\/plano-tapa-lisa.jpg 1191w, https:\/\/inzainox.com\/wp-content\/uploads\/2020\/11\/plano-tapa-lisa-300x117.jpg 300w, https:\/\/inzainox.com\/wp-content\/uploads\/2020\/11\/plano-tapa-lisa-1024x401.jpg 1024w, https:\/\/inzainox.com\/wp-content\/uploads\/2020\/11\/plano-tapa-lisa-768x300.jpg 768w, https:\/\/inzainox.com\/wp-content\/uploads\/2020\/11\/plano-tapa-lisa-600x235.jpg 600w\" sizes=\"(max-width: 1191px) 100vw, 1191px\" \/><img decoding=\"async\" class=\"size-full wp-image-1592 aligncenter\" src=\"https:\/\/inzainox.com\/wp-content\/uploads\/2020\/04\/TAPAS-GENERAL-DIMENSIONES.jpg\" alt=\"Dimens\u00f5es gerais das tampas estanques INZA\" width=\"728\" height=\"265\" srcset=\"https:\/\/inzainox.com\/wp-content\/uploads\/2020\/04\/TAPAS-GENERAL-DIMENSIONES.jpg 728w, https:\/\/inzainox.com\/wp-content\/uploads\/2020\/04\/TAPAS-GENERAL-DIMENSIONES-300x109.jpg 300w, https:\/\/inzainox.com\/wp-content\/uploads\/2020\/04\/TAPAS-GENERAL-DIMENSIONES-600x218.jpg 600w\" sizes=\"(max-width: 728px) 100vw, 728px\" \/><\/p>\t\t\t\t\t\t\t\t<\/div>\n\t\t\t\t<\/div>\n\t\t\t\t\t<\/div>\n\t\t\t\t<\/div>\n\t\t\t\t<\/div>\n\t\t","protected":false},"excerpt":{"rendered":"<p>Transporte inclu\u00eddo no pre\u00e7o<\/p>\n<p>Se tiver alguma necessidade especial, fabricamo-la para si por encomenda. Demoraremos 1 semana <\/p>\n<p>Se tiver alguma d\u00favida, ligue-nos T. +34 91 127 90 05<\/p>\n<p>Tampa de sarjeta estanque preench\u00edvel em a\u00e7o inoxid\u00e1vel AISI 304 com ralo sif\u00f3nico central. Fecho por quatro parafusos e uni\u00e3o por junta de EPDM. Tampa simples para passagem pedonal (classe de carga A15) com ralo sif\u00f3nico de 150&#215;150 ou de 250&#215;250  <\/p>\n<p>Todas as tampas s\u00e3o fornecidas com as ferramentas para a sua abertura.<\/p>\n","protected":false},"featured_media":6196,"comment_status":"open","ping_status":"closed","template":"","meta":[],"product_brand":[],"product_cat":[287,288],"product_tag":[],"class_list":{"0":"post-6436","1":"product","2":"type-product","3":"status-publish","4":"has-post-thumbnail","6":"product_cat-tampas-estanques","7":"product_cat-tampas-estanques-em-aco-inoxidavel","8":"pa_dimensiones-30x30","9":"pa_dimensiones-40x40","10":"pa_dimensiones-50x50","11":"pa_dimensiones-60x60","12":"pa_dimensiones-70x70","14":"first","15":"instock","16":"taxable","17":"shipping-taxable","18":"purchasable","19":"product-type-variable"},"yoast_head":"<!-- This site is optimized with the Yoast SEO plugin v27.1.1 - https:\/\/yoast.com\/product\/yoast-seo-wordpress\/ -->\n<title>Tampa estanque preench\u00edvel com ralo sif\u00f3nico central em a\u00e7o inoxid\u00e1vel<\/title>\n<meta name=\"description\" content=\"M\u00e1xima higiene, f\u00e1cil limpeza e resist\u00eancia para todo o tipo de drenagem. Conformidade normativa e alta durabilidade. Consulte medidas. Informe-se!\" \/>\n<meta name=\"robots\" content=\"index, follow, max-snippet:-1, max-image-preview:large, max-video-preview:-1\" \/>\n<link rel=\"canonical\" href=\"https:\/\/inzainox.com\/pt-pt\/producto\/tampa-estanque-preenchivel-em-aco-inoxidavel-aisi304-com-ralo-sifonico-central\/\" \/>\n<meta property=\"og:locale\" content=\"pt_PT\" \/>\n<meta property=\"og:type\" content=\"article\" \/>\n<meta property=\"og:title\" content=\"Tampa estanque preench\u00edvel com ralo sif\u00f3nico central em a\u00e7o inoxid\u00e1vel\" \/>\n<meta property=\"og:description\" content=\"M\u00e1xima higiene, f\u00e1cil limpeza e resist\u00eancia para todo o tipo de drenagem. Conformidade normativa e alta durabilidade. Consulte medidas. Informe-se!\" \/>\n<meta property=\"og:url\" content=\"https:\/\/inzainox.com\/pt-pt\/producto\/tampa-estanque-preenchivel-em-aco-inoxidavel-aisi304-com-ralo-sifonico-central\/\" \/>\n<meta property=\"og:site_name\" content=\"Canales y sumideros de acero inoxidable Inza. Drenaje inox para industria\" \/>\n<meta property=\"article:modified_time\" content=\"2026-03-24T18:10:05+00:00\" \/>\n<meta property=\"og:image\" content=\"https:\/\/inzainox.com\/wp-content\/uploads\/2026\/03\/tapa-estanca-rellenable-acero-inoxidable-con-sumidero-sifonico-central.jpg\" \/>\n\t<meta property=\"og:image:width\" content=\"2560\" \/>\n\t<meta property=\"og:image:height\" content=\"1664\" \/>\n\t<meta property=\"og:image:type\" content=\"image\/jpeg\" \/>\n<meta name=\"twitter:card\" content=\"summary_large_image\" \/>\n<meta name=\"twitter:label1\" content=\"Tempo estimado de leitura\" \/>\n\t<meta name=\"twitter:data1\" content=\"1 minuto\" \/>\n<!-- \/ Yoast SEO plugin. -->","yoast_head_json":{"title":"Tampa estanque preench\u00edvel com ralo sif\u00f3nico central em a\u00e7o inoxid\u00e1vel","description":"M\u00e1xima higiene, f\u00e1cil limpeza e resist\u00eancia para todo o tipo de drenagem. Conformidade normativa e alta durabilidade. Consulte medidas. Informe-se!","robots":{"index":"index","follow":"follow","max-snippet":"max-snippet:-1","max-image-preview":"max-image-preview:large","max-video-preview":"max-video-preview:-1"},"canonical":"https:\/\/inzainox.com\/pt-pt\/producto\/tampa-estanque-preenchivel-em-aco-inoxidavel-aisi304-com-ralo-sifonico-central\/","og_locale":"pt_PT","og_type":"article","og_title":"Tampa estanque preench\u00edvel com ralo sif\u00f3nico central em a\u00e7o inoxid\u00e1vel","og_description":"M\u00e1xima higiene, f\u00e1cil limpeza e resist\u00eancia para todo o tipo de drenagem. Conformidade normativa e alta durabilidade. Consulte medidas. Informe-se!","og_url":"https:\/\/inzainox.com\/pt-pt\/producto\/tampa-estanque-preenchivel-em-aco-inoxidavel-aisi304-com-ralo-sifonico-central\/","og_site_name":"Canales y sumideros de acero inoxidable Inza. Drenaje inox para industria","article_modified_time":"2026-03-24T18:10:05+00:00","og_image":[{"width":2560,"height":1664,"url":"https:\/\/inzainox.com\/wp-content\/uploads\/2026\/03\/tapa-estanca-rellenable-acero-inoxidable-con-sumidero-sifonico-central.jpg","type":"image\/jpeg"}],"twitter_card":"summary_large_image","twitter_misc":{"Tempo estimado de leitura":"1 minuto"},"schema":{"@context":"https:\/\/schema.org","@graph":[{"@type":"WebPage","@id":"https:\/\/inzainox.com\/pt-pt\/producto\/tampa-estanque-preenchivel-em-aco-inoxidavel-aisi304-com-ralo-sifonico-central\/","url":"https:\/\/inzainox.com\/pt-pt\/producto\/tampa-estanque-preenchivel-em-aco-inoxidavel-aisi304-com-ralo-sifonico-central\/","name":"Tampa estanque preench\u00edvel com ralo sif\u00f3nico central em a\u00e7o inoxid\u00e1vel","isPartOf":{"@id":"https:\/\/inzainox.com\/pt-pt\/#website"},"primaryImageOfPage":{"@id":"https:\/\/inzainox.com\/pt-pt\/producto\/tampa-estanque-preenchivel-em-aco-inoxidavel-aisi304-com-ralo-sifonico-central\/#primaryimage"},"image":{"@id":"https:\/\/inzainox.com\/pt-pt\/producto\/tampa-estanque-preenchivel-em-aco-inoxidavel-aisi304-com-ralo-sifonico-central\/#primaryimage"},"thumbnailUrl":"https:\/\/inzainox.com\/wp-content\/uploads\/2026\/03\/tapa-estanca-rellenable-acero-inoxidable-con-sumidero-sifonico-central.jpg","datePublished":"2026-03-02T19:19:25+00:00","dateModified":"2026-03-24T18:10:05+00:00","description":"M\u00e1xima higiene, f\u00e1cil limpeza e resist\u00eancia para todo o tipo de drenagem. Conformidade normativa e alta durabilidade. Consulte medidas. Informe-se!","breadcrumb":{"@id":"https:\/\/inzainox.com\/pt-pt\/producto\/tampa-estanque-preenchivel-em-aco-inoxidavel-aisi304-com-ralo-sifonico-central\/#breadcrumb"},"inLanguage":"pt-PT","potentialAction":[{"@type":"ReadAction","target":["https:\/\/inzainox.com\/pt-pt\/producto\/tampa-estanque-preenchivel-em-aco-inoxidavel-aisi304-com-ralo-sifonico-central\/"]}]},{"@type":"ImageObject","inLanguage":"pt-PT","@id":"https:\/\/inzainox.com\/pt-pt\/producto\/tampa-estanque-preenchivel-em-aco-inoxidavel-aisi304-com-ralo-sifonico-central\/#primaryimage","url":"https:\/\/inzainox.com\/wp-content\/uploads\/2026\/03\/tapa-estanca-rellenable-acero-inoxidable-con-sumidero-sifonico-central.jpg","contentUrl":"https:\/\/inzainox.com\/wp-content\/uploads\/2026\/03\/tapa-estanca-rellenable-acero-inoxidable-con-sumidero-sifonico-central.jpg","width":2560,"height":1664,"caption":"Tapa estanca rellenable de acero inoxidable con sumidero sif\u00f3nico central y rejilla para sistemas de drenaje industrial y alimentario. Registro estanco de acero inoxidable rellenable con desag\u00fce sif\u00f3nico. Tapa de inspecci\u00f3n para saneamiento industrial dise\u00f1ada para evitar olores y garantizar la estanqueidad en zonas con altos requisitos de higiene"},{"@type":"BreadcrumbList","@id":"https:\/\/inzainox.com\/pt-pt\/producto\/tampa-estanque-preenchivel-em-aco-inoxidavel-aisi304-com-ralo-sifonico-central\/#breadcrumb","itemListElement":[{"@type":"ListItem","position":1,"name":"P\u00e1gina inicial","item":"https:\/\/inzainox.com\/pt-pt\/nova-pagina-inicial\/"},{"@type":"ListItem","position":2,"name":"Loja Inza","item":"https:\/\/inzainox.com\/pt-pt\/loja-inza\/"},{"@type":"ListItem","position":3,"name":"Tampa estanque preench\u00edvel em a\u00e7o inoxid\u00e1vel AISI304 com ralo sif\u00f3nico central"}]},{"@type":"WebSite","@id":"https:\/\/inzainox.com\/pt-pt\/#website","url":"https:\/\/inzainox.com\/pt-pt\/","name":"Canales y sumideros de acero inoxidable Inza. Drenaje inox para industria","description":"Drenaje de acero inoxidable para industria","publisher":{"@id":"https:\/\/inzainox.com\/pt-pt\/#organization"},"alternateName":"Inza Inox","potentialAction":[{"@type":"SearchAction","target":{"@type":"EntryPoint","urlTemplate":"https:\/\/inzainox.com\/pt-pt\/?s={search_term_string}"},"query-input":{"@type":"PropertyValueSpecification","valueRequired":true,"valueName":"search_term_string"}}],"inLanguage":"pt-PT"},{"@type":"Organization","@id":"https:\/\/inzainox.com\/pt-pt\/#organization","name":"Inza Inox S.L.","alternateName":"Inza","url":"https:\/\/inzainox.com\/pt-pt\/","logo":{"@type":"ImageObject","inLanguage":"pt-PT","@id":"https:\/\/inzainox.com\/pt-pt\/#\/schema\/logo\/image\/","url":"https:\/\/inzainox.com\/wp-content\/uploads\/2020\/05\/cropped-NUEVA-INZA-2-5.png","contentUrl":"https:\/\/inzainox.com\/wp-content\/uploads\/2020\/05\/cropped-NUEVA-INZA-2-5.png","width":549,"height":264,"caption":"Inza Inox S.L."},"image":{"@id":"https:\/\/inzainox.com\/pt-pt\/#\/schema\/logo\/image\/"}}]}},"_links":{"self":[{"href":"https:\/\/inzainox.com\/pt-pt\/wp-json\/wp\/v2\/product\/6436","targetHints":{"allow":["GET"]}}],"collection":[{"href":"https:\/\/inzainox.com\/pt-pt\/wp-json\/wp\/v2\/product"}],"about":[{"href":"https:\/\/inzainox.com\/pt-pt\/wp-json\/wp\/v2\/types\/product"}],"replies":[{"embeddable":true,"href":"https:\/\/inzainox.com\/pt-pt\/wp-json\/wp\/v2\/comments?post=6436"}],"version-history":[{"count":1,"href":"https:\/\/inzainox.com\/pt-pt\/wp-json\/wp\/v2\/product\/6436\/revisions"}],"predecessor-version":[{"id":6446,"href":"https:\/\/inzainox.com\/pt-pt\/wp-json\/wp\/v2\/product\/6436\/revisions\/6446"}],"wp:featuredmedia":[{"embeddable":true,"href":"https:\/\/inzainox.com\/pt-pt\/wp-json\/wp\/v2\/media\/6196"}],"wp:attachment":[{"href":"https:\/\/inzainox.com\/pt-pt\/wp-json\/wp\/v2\/media?parent=6436"}],"wp:term":[{"taxonomy":"product_brand","embeddable":true,"href":"https:\/\/inzainox.com\/pt-pt\/wp-json\/wp\/v2\/product_brand?post=6436"},{"taxonomy":"product_cat","embeddable":true,"href":"https:\/\/inzainox.com\/pt-pt\/wp-json\/wp\/v2\/product_cat?post=6436"},{"taxonomy":"product_tag","embeddable":true,"href":"https:\/\/inzainox.com\/pt-pt\/wp-json\/wp\/v2\/product_tag?post=6436"}],"curies":[{"name":"wp","href":"https:\/\/api.w.org\/{rel}","templated":true}]}}