{"id":6498,"date":"2020-08-13T08:13:08","date_gmt":"2020-08-13T08:13:08","guid":{"rendered":"https:\/\/inzainox.com\/descargas\/"},"modified":"2026-03-29T21:53:29","modified_gmt":"2026-03-29T21:53:29","slug":"descargas","status":"publish","type":"page","link":"https:\/\/inzainox.com\/pt-pt\/descargas\/","title":{"rendered":"Discharge"},"content":{"rendered":"\t\t<div data-elementor-type=\"wp-post\" data-elementor-id=\"6498\" class=\"elementor elementor-6498 elementor-725\">\n\t\t\t\t\t\t<section class=\"elementor-section elementor-top-section elementor-element elementor-element-80acb2f elementor-section-content-middle elementor-section-boxed elementor-section-height-default elementor-section-height-default\" data-id=\"80acb2f\" data-element_type=\"section\" data-e-type=\"section\">\n\t\t\t\t\t\t<div class=\"elementor-container elementor-column-gap-default\">\n\t\t\t\t\t<div class=\"elementor-column elementor-col-100 elementor-top-column elementor-element elementor-element-1403654\" data-id=\"1403654\" data-element_type=\"column\" data-e-type=\"column\">\n\t\t\t<div class=\"elementor-widget-wrap elementor-element-populated\">\n\t\t\t\t\t\t<div class=\"elementor-element elementor-element-e633d8e elementor-widget elementor-widget-text-editor\" data-id=\"e633d8e\" data-element_type=\"widget\" data-e-type=\"widget\" data-widget_type=\"text-editor.default\">\n\t\t\t\t<div class=\"elementor-widget-container\">\n\t\t\t\t\t\t\t\t\t<h1 style=\"text-align: center;\"><a class=\"aligncenter\" href=\"https:\/\/inzainox.com\/wp-content\/uploads\/2023\/06\/Catalogo-general-INZA-2023.pdf\">CAT\u00c1LOGO INZA DRENAGEM INDUSTRIAL 2026<\/a><\/h1>\t\t\t\t\t\t\t\t<\/div>\n\t\t\t\t<\/div>\n\t\t\t\t<div class=\"elementor-element elementor-element-44f347d elementor-widget elementor-widget-text-editor\" data-id=\"44f347d\" data-element_type=\"widget\" data-e-type=\"widget\" data-widget_type=\"text-editor.default\">\n\t\t\t\t<div class=\"elementor-widget-container\">\n\t\t\t\t\t\t\t\t\t<h2>Os produtos Inza Inox S.L.<\/h2><p>O cat\u00e1logo da Inza Inox S.L. \u00e9 uma amostra destacada da nossa ampla gama de produtos fabricados em a\u00e7o inoxid\u00e1vel, especializados em canais e sumidouros para a ind\u00fastria alimentar. O nosso foco principal \u00e9 proporcionar solu\u00e7\u00f5es de qualidade, durabilidade e alto desempenho, cumprindo os padr\u00f5es mais exigentes de higiene e seguran\u00e7a alimentar. <\/p><p>Os nossos canais e sumidouros de a\u00e7o inoxid\u00e1vel s\u00e3o concebidos cuidadosamente para satisfazer as necessidades espec\u00edficas da ind\u00fastria alimentar. Oferecemos uma variedade de designs e tamanhos que se adaptam a diversos ambientes de processamento e produ\u00e7\u00e3o. Estes produtos s\u00e3o fabricados com a\u00e7o inoxid\u00e1vel de primeira qualidade, o que garante a sua resist\u00eancia \u00e0 corros\u00e3o, durabilidade e facilidade de limpeza.  <\/p><p>A higiene \u00e9 um aspeto cr\u00edtico na ind\u00fastria alimentar, pelo que os nossos canais e sumidouros s\u00e3o projetados para facilitar a limpeza e prevenir a acumula\u00e7\u00e3o de res\u00edduos e bact\u00e9rias. A superf\u00edcie lisa de a\u00e7o inoxid\u00e1vel evita a ader\u00eancia de sujidade, facilitando a sua manuten\u00e7\u00e3o e cumprindo os padr\u00f5es mais exigentes de qualidade e seguran\u00e7a alimentar. <\/p><p>Al\u00e9m da sua funcionalidade e resist\u00eancia, oferecemos op\u00e7\u00f5es personalizadas no nosso cat\u00e1logo para nos adaptarmos \u00e0s necessidades espec\u00edficas de cada cliente. A nossa equipa de especialistas trabalha em estreita colabora\u00e7\u00e3o com os clientes para compreender os seus requisitos e oferecer solu\u00e7\u00f5es \u00e0 medida que otimizem os seus processos de produ\u00e7\u00e3o. <\/p><p>Em resumo, o cat\u00e1logo da Inza Inox S.L. reflete a nossa dedica\u00e7\u00e3o em fornecer canais e sumidouros de a\u00e7o inoxid\u00e1vel de alta qualidade para a ind\u00fastria alimentar. Estamos empenhados em oferecer solu\u00e7\u00f5es fi\u00e1veis, duradouras e seguras que cumpram os padr\u00f5es mais exigentes de higiene e qualidade alimentar. Confie em n\u00f3s para satisfazer as suas necessidades e superar as suas expectativas no \u00e2mbito da drenagem e processamento de l\u00edquidos na ind\u00fastria alimentar.  <\/p>\t\t\t\t\t\t\t\t<\/div>\n\t\t\t\t<\/div>\n\t\t\t\t<div class=\"elementor-element elementor-element-ec732f6 elementor-widget elementor-widget-text-editor\" data-id=\"ec732f6\" data-element_type=\"widget\" data-e-type=\"widget\" data-widget_type=\"text-editor.default\">\n\t\t\t\t<div class=\"elementor-widget-container\">\n\t\t\t\t\t\t\t\t\t<h2>FICHAS T\u00c9CNICAS<\/h2>\t\t\t\t\t\t\t\t<\/div>\n\t\t\t\t<\/div>\n\t\t\t\t\t<\/div>\n\t\t<\/div>\n\t\t\t\t\t<\/div>\n\t\t<\/section>\n\t\t\t\t<\/div>\n\t\t","protected":false},"excerpt":{"rendered":"<p>CAT\u00c1LOGO INZA DRENAGEM INDUSTRIAL 2026 Os produtos Inza Inox S.L. O cat\u00e1logo da Inza Inox S.L. \u00e9 uma amostra destacada da nossa ampla gama de produtos fabricados em a\u00e7o inoxid\u00e1vel, especializados em canais e sumidouros para a ind\u00fastria alimentar. O nosso foco principal \u00e9 proporcionar solu\u00e7\u00f5es de qualidade, durabilidade e alto desempenho, cumprindo os padr\u00f5es &#8230; <a title=\"Discharge\" class=\"read-more\" href=\"https:\/\/inzainox.com\/pt-pt\/descargas\/\" aria-label=\"Leia mais sobre Discharge\">Ler mais<\/a><\/p>\n","protected":false},"author":1,"featured_media":0,"parent":0,"menu_order":0,"comment_status":"closed","ping_status":"closed","template":"","meta":{"footnotes":""},"class_list":["post-6498","page","type-page","status-publish"],"yoast_head":"<!-- This site is optimized with the Yoast SEO plugin v27.1.1 - https:\/\/yoast.com\/product\/yoast-seo-wordpress\/ -->\n<title>Discharge - Canales y sumideros de acero inoxidable Inza. Drenaje inox para industria<\/title>\n<meta name=\"robots\" content=\"index, follow, max-snippet:-1, max-image-preview:large, max-video-preview:-1\" \/>\n<link rel=\"canonical\" href=\"https:\/\/inzainox.com\/pt-pt\/descargas\/\" \/>\n<meta property=\"og:locale\" content=\"pt_PT\" \/>\n<meta property=\"og:type\" content=\"article\" \/>\n<meta property=\"og:title\" content=\"Discharge - Canales y sumideros de acero inoxidable Inza. Drenaje inox para industria\" \/>\n<meta property=\"og:description\" content=\"CAT\u00c1LOGO INZA DRENAGEM INDUSTRIAL 2026 Os produtos Inza Inox S.L. O cat\u00e1logo da Inza Inox S.L. \u00e9 uma amostra destacada da nossa ampla gama de produtos fabricados em a\u00e7o inoxid\u00e1vel, especializados em canais e sumidouros para a ind\u00fastria alimentar. O nosso foco principal \u00e9 proporcionar solu\u00e7\u00f5es de qualidade, durabilidade e alto desempenho, cumprindo os padr\u00f5es ... Ler mais\" \/>\n<meta property=\"og:url\" content=\"https:\/\/inzainox.com\/pt-pt\/descargas\/\" \/>\n<meta property=\"og:site_name\" content=\"Canales y sumideros de acero inoxidable Inza. Drenaje inox para industria\" \/>\n<meta property=\"article:modified_time\" content=\"2026-03-29T21:53:29+00:00\" \/>\n<meta property=\"og:image\" content=\"https:\/\/inzainox.com\/wp-content\/uploads\/2026\/02\/Canales-de-Acero-Inoxidable.png\" \/>\n\t<meta property=\"og:image:width\" content=\"350\" \/>\n\t<meta property=\"og:image:height\" content=\"613\" \/>\n\t<meta property=\"og:image:type\" content=\"image\/png\" \/>\n<meta name=\"twitter:card\" content=\"summary_large_image\" \/>\n<meta name=\"twitter:label1\" content=\"Tempo estimado de leitura\" \/>\n\t<meta name=\"twitter:data1\" content=\"2 minutos\" \/>\n<!-- \/ Yoast SEO plugin. -->","yoast_head_json":{"title":"Discharge - Canales y sumideros de acero inoxidable Inza. Drenaje inox para industria","robots":{"index":"index","follow":"follow","max-snippet":"max-snippet:-1","max-image-preview":"max-image-preview:large","max-video-preview":"max-video-preview:-1"},"canonical":"https:\/\/inzainox.com\/pt-pt\/descargas\/","og_locale":"pt_PT","og_type":"article","og_title":"Discharge - Canales y sumideros de acero inoxidable Inza. Drenaje inox para industria","og_description":"CAT\u00c1LOGO INZA DRENAGEM INDUSTRIAL 2026 Os produtos Inza Inox S.L. O cat\u00e1logo da Inza Inox S.L. \u00e9 uma amostra destacada da nossa ampla gama de produtos fabricados em a\u00e7o inoxid\u00e1vel, especializados em canais e sumidouros para a ind\u00fastria alimentar. O nosso foco principal \u00e9 proporcionar solu\u00e7\u00f5es de qualidade, durabilidade e alto desempenho, cumprindo os padr\u00f5es ... Ler mais","og_url":"https:\/\/inzainox.com\/pt-pt\/descargas\/","og_site_name":"Canales y sumideros de acero inoxidable Inza. Drenaje inox para industria","article_modified_time":"2026-03-29T21:53:29+00:00","og_image":[{"width":350,"height":613,"url":"https:\/\/inzainox.com\/wp-content\/uploads\/2026\/02\/Canales-de-Acero-Inoxidable.png","type":"image\/png"}],"twitter_card":"summary_large_image","twitter_misc":{"Tempo estimado de leitura":"2 minutos"},"schema":{"@context":"https:\/\/schema.org","@graph":[{"@type":"WebPage","@id":"https:\/\/inzainox.com\/pt-pt\/descargas\/","url":"https:\/\/inzainox.com\/pt-pt\/descargas\/","name":"Discharge - Canales y sumideros de acero inoxidable Inza. Drenaje inox para industria","isPartOf":{"@id":"https:\/\/inzainox.com\/pt-pt\/#website"},"datePublished":"2020-08-13T08:13:08+00:00","dateModified":"2026-03-29T21:53:29+00:00","breadcrumb":{"@id":"https:\/\/inzainox.com\/pt-pt\/descargas\/#breadcrumb"},"inLanguage":"pt-PT","potentialAction":[{"@type":"ReadAction","target":["https:\/\/inzainox.com\/pt-pt\/descargas\/"]}]},{"@type":"BreadcrumbList","@id":"https:\/\/inzainox.com\/pt-pt\/descargas\/#breadcrumb","itemListElement":[{"@type":"ListItem","position":1,"name":"P\u00e1gina inicial","item":"https:\/\/inzainox.com\/pt-pt\/nova-pagina-inicial\/"},{"@type":"ListItem","position":2,"name":"Discharge"}]},{"@type":"WebSite","@id":"https:\/\/inzainox.com\/pt-pt\/#website","url":"https:\/\/inzainox.com\/pt-pt\/","name":"Canales y sumideros de acero inoxidable Inza. Drenaje inox para industria","description":"Drenaje de acero inoxidable para industria","publisher":{"@id":"https:\/\/inzainox.com\/pt-pt\/#organization"},"alternateName":"Inza Inox","potentialAction":[{"@type":"SearchAction","target":{"@type":"EntryPoint","urlTemplate":"https:\/\/inzainox.com\/pt-pt\/?s={search_term_string}"},"query-input":{"@type":"PropertyValueSpecification","valueRequired":true,"valueName":"search_term_string"}}],"inLanguage":"pt-PT"},{"@type":"Organization","@id":"https:\/\/inzainox.com\/pt-pt\/#organization","name":"Inza Inox S.L.","alternateName":"Inza","url":"https:\/\/inzainox.com\/pt-pt\/","logo":{"@type":"ImageObject","inLanguage":"pt-PT","@id":"https:\/\/inzainox.com\/pt-pt\/#\/schema\/logo\/image\/","url":"https:\/\/inzainox.com\/wp-content\/uploads\/2020\/05\/cropped-NUEVA-INZA-2-5.png","contentUrl":"https:\/\/inzainox.com\/wp-content\/uploads\/2020\/05\/cropped-NUEVA-INZA-2-5.png","width":549,"height":264,"caption":"Inza Inox S.L."},"image":{"@id":"https:\/\/inzainox.com\/pt-pt\/#\/schema\/logo\/image\/"}}]}},"_links":{"self":[{"href":"https:\/\/inzainox.com\/pt-pt\/wp-json\/wp\/v2\/pages\/6498","targetHints":{"allow":["GET"]}}],"collection":[{"href":"https:\/\/inzainox.com\/pt-pt\/wp-json\/wp\/v2\/pages"}],"about":[{"href":"https:\/\/inzainox.com\/pt-pt\/wp-json\/wp\/v2\/types\/page"}],"author":[{"embeddable":true,"href":"https:\/\/inzainox.com\/pt-pt\/wp-json\/wp\/v2\/users\/1"}],"replies":[{"embeddable":true,"href":"https:\/\/inzainox.com\/pt-pt\/wp-json\/wp\/v2\/comments?post=6498"}],"version-history":[{"count":3,"href":"https:\/\/inzainox.com\/pt-pt\/wp-json\/wp\/v2\/pages\/6498\/revisions"}],"predecessor-version":[{"id":7866,"href":"https:\/\/inzainox.com\/pt-pt\/wp-json\/wp\/v2\/pages\/6498\/revisions\/7866"}],"wp:attachment":[{"href":"https:\/\/inzainox.com\/pt-pt\/wp-json\/wp\/v2\/media?parent=6498"}],"curies":[{"name":"wp","href":"https:\/\/api.w.org\/{rel}","templated":true}]}}