{"id":6487,"date":"2020-05-05T18:06:42","date_gmt":"2020-05-05T18:06:42","guid":{"rendered":"https:\/\/inzainox.com\/politica-de-privacidade\/"},"modified":"2026-03-29T21:56:27","modified_gmt":"2026-03-29T21:56:27","slug":"politica-de-privacidade","status":"publish","type":"page","link":"https:\/\/inzainox.com\/pt-pt\/politica-de-privacidade\/","title":{"rendered":"Pol\u00edtica de privacidade"},"content":{"rendered":"\t\t<div data-elementor-type=\"wp-page\" data-elementor-id=\"6487\" class=\"elementor elementor-6487 elementor-388\">\n\t\t\t\t\t\t<section class=\"elementor-section elementor-top-section elementor-element elementor-element-70b13fe1 elementor-section-boxed elementor-section-height-default elementor-section-height-default\" data-id=\"70b13fe1\" data-element_type=\"section\" data-e-type=\"section\">\n\t\t\t\t\t\t<div class=\"elementor-container elementor-column-gap-default\">\n\t\t\t\t\t<div class=\"elementor-column elementor-col-100 elementor-top-column elementor-element elementor-element-3e7772bc\" data-id=\"3e7772bc\" data-element_type=\"column\" data-e-type=\"column\">\n\t\t\t<div class=\"elementor-widget-wrap elementor-element-populated\">\n\t\t\t\t\t\t<div class=\"elementor-element elementor-element-12219a8f elementor-widget elementor-widget-text-editor\" data-id=\"12219a8f\" data-element_type=\"widget\" data-e-type=\"widget\" data-widget_type=\"text-editor.default\">\n\t\t\t\t<div class=\"elementor-widget-container\">\n\t\t\t\t\t\t\t\t\t<p data-path-to-node=\"5\">Em conformidade com o disposto no Regulamento (UE) 2016\/679 (RGPD) e na legisla\u00e7\u00e3o vigente, o respons\u00e1vel pelo website informa os utilizadores de que os seus dados pessoais ser\u00e3o tratados de forma l\u00edcita, leal e transparente.<\/p>\n<p data-path-to-node=\"6\">Finalidades do tratamento: Os utilizadores, atrav\u00e9s da marca\u00e7\u00e3o da caixa de sele\u00e7\u00e3o, aceitam que os seus dados sejam tratados para:<\/p>\n<ul data-path-to-node=\"7\">\n<li>\n<p data-path-to-node=\"7,0,0\">Envio de comunica\u00e7\u00f5es comerciais publicit\u00e1rias por e-mail ou outros meios eletr\u00f3nicos ou f\u00edsicos. Estas comunica\u00e7\u00f5es ser\u00e3o sobre produtos e servi\u00e7os relacionados com o setor do prestador. <\/p>\n<\/li>\n<li>\n<p data-path-to-node=\"7,1,0\">Realiza\u00e7\u00e3o de estudos estat\u00edsticos e an\u00e1lise de tr\u00e1fego<\/p>\n<\/li>\n<li>\n<p data-path-to-node=\"7,2,0\">Processamento de encomendas, solicita\u00e7\u00f5es ou pedidos realizados pelo utilizador.<\/p>\n<\/li>\n<li>\n<p data-path-to-node=\"7,3,0\">Envio do boletim de not\u00edcias (newsletter).<\/p>\n<\/li>\n<\/ul>\n<p data-path-to-node=\"8\">Legitima\u00e7\u00e3o e Seguran\u00e7a: O tratamento baseia-se no consentimento do interessado. O prestador garante que os dados n\u00e3o ser\u00e3o cedidos a terceiros sem consentimento pr\u00e9vio, salvo obriga\u00e7\u00e3o legal. Al\u00e9m disso, foram adotadas todas as medidas t\u00e9cnicas de seguran\u00e7a (firewalls, criptografia) para garantir a integridade dos dados.  <\/p>\n<p data-path-to-node=\"9\">Direitos do Utilizador: O utilizador pode exercer os seus direitos de acesso, retifica\u00e7\u00e3o, apagamento (esquecimento), limita\u00e7\u00e3o, portabilidade e oposi\u00e7\u00e3o. Para tal, deve enviar um pedido acompanhado de uma c\u00f3pia do seu documento de identifica\u00e7\u00e3o para: <\/p>\n<ul data-path-to-node=\"10\">\n<li>\n<p data-path-to-node=\"10,0,0\"><b data-path-to-node=\"10,0,0\" data-index-in-node=\"0\">E-Mail:<\/b> info@inzainox.com<\/p>\n<\/li>\n<li>\n<p data-path-to-node=\"10,1,0\"><b data-path-to-node=\"10,1,0\" data-index-in-node=\"0\">Morada:<\/b> C\/ Maria Auxiliadora 35, CP 28221 Majadahonda (Madrid)<\/p>\n<\/li>\n<\/ul>\n<p><\/p>\t\t\t\t\t\t\t\t<\/div>\n\t\t\t\t<\/div>\n\t\t\t\t\t<\/div>\n\t\t<\/div>\n\t\t\t\t\t<\/div>\n\t\t<\/section>\n\t\t\t\t<\/div>\n\t\t","protected":false},"excerpt":{"rendered":"<p>Em conformidade com o disposto no Regulamento (UE) 2016\/679 (RGPD) e na legisla\u00e7\u00e3o vigente, o respons\u00e1vel pelo website informa os utilizadores de que os seus dados pessoais ser\u00e3o tratados de forma l\u00edcita, leal e transparente. Finalidades do tratamento: Os utilizadores, atrav\u00e9s da marca\u00e7\u00e3o da caixa de sele\u00e7\u00e3o, aceitam que os seus dados sejam tratados para: &#8230; <a title=\"Pol\u00edtica de privacidade\" class=\"read-more\" href=\"https:\/\/inzainox.com\/pt-pt\/politica-de-privacidade\/\" aria-label=\"Leia mais sobre Pol\u00edtica de privacidade\">Ler mais<\/a><\/p>\n","protected":false},"author":1,"featured_media":0,"parent":0,"menu_order":0,"comment_status":"closed","ping_status":"closed","template":"","meta":{"footnotes":""},"class_list":["post-6487","page","type-page","status-publish"],"yoast_head":"<!-- This site is optimized with the Yoast SEO plugin v27.1.1 - https:\/\/yoast.com\/product\/yoast-seo-wordpress\/ -->\n<title>Pol\u00edtica de privacidade - Canales y sumideros de acero inoxidable Inza. Drenaje inox para industria<\/title>\n<meta name=\"robots\" content=\"noindex, nofollow\" \/>\n<meta property=\"og:locale\" content=\"pt_PT\" \/>\n<meta property=\"og:type\" content=\"article\" \/>\n<meta property=\"og:title\" content=\"Pol\u00edtica de privacidade - Canales y sumideros de acero inoxidable Inza. Drenaje inox para industria\" \/>\n<meta property=\"og:description\" content=\"Em conformidade com o disposto no Regulamento (UE) 2016\/679 (RGPD) e na legisla\u00e7\u00e3o vigente, o respons\u00e1vel pelo website informa os utilizadores de que os seus dados pessoais ser\u00e3o tratados de forma l\u00edcita, leal e transparente. Finalidades do tratamento: Os utilizadores, atrav\u00e9s da marca\u00e7\u00e3o da caixa de sele\u00e7\u00e3o, aceitam que os seus dados sejam tratados para: ... Ler mais\" \/>\n<meta property=\"og:url\" content=\"https:\/\/inzainox.com\/pt-pt\/politica-de-privacidade\/\" \/>\n<meta property=\"og:site_name\" content=\"Canales y sumideros de acero inoxidable Inza. Drenaje inox para industria\" \/>\n<meta property=\"article:modified_time\" content=\"2026-03-29T21:56:27+00:00\" \/>\n<meta property=\"og:image\" content=\"https:\/\/inzainox.com\/wp-content\/uploads\/2026\/02\/Canales-de-Acero-Inoxidable.png\" \/>\n\t<meta property=\"og:image:width\" content=\"350\" \/>\n\t<meta property=\"og:image:height\" content=\"613\" \/>\n\t<meta property=\"og:image:type\" content=\"image\/png\" \/>\n<meta name=\"twitter:card\" content=\"summary_large_image\" \/>\n<meta name=\"twitter:label1\" content=\"Tempo estimado de leitura\" \/>\n\t<meta name=\"twitter:data1\" content=\"1 minuto\" \/>\n<!-- \/ Yoast SEO plugin. -->","yoast_head_json":{"title":"Pol\u00edtica de privacidade - Canales y sumideros de acero inoxidable Inza. Drenaje inox para industria","robots":{"index":"noindex","follow":"nofollow"},"og_locale":"pt_PT","og_type":"article","og_title":"Pol\u00edtica de privacidade - Canales y sumideros de acero inoxidable Inza. Drenaje inox para industria","og_description":"Em conformidade com o disposto no Regulamento (UE) 2016\/679 (RGPD) e na legisla\u00e7\u00e3o vigente, o respons\u00e1vel pelo website informa os utilizadores de que os seus dados pessoais ser\u00e3o tratados de forma l\u00edcita, leal e transparente. Finalidades do tratamento: Os utilizadores, atrav\u00e9s da marca\u00e7\u00e3o da caixa de sele\u00e7\u00e3o, aceitam que os seus dados sejam tratados para: ... Ler mais","og_url":"https:\/\/inzainox.com\/pt-pt\/politica-de-privacidade\/","og_site_name":"Canales y sumideros de acero inoxidable Inza. Drenaje inox para industria","article_modified_time":"2026-03-29T21:56:27+00:00","og_image":[{"width":350,"height":613,"url":"https:\/\/inzainox.com\/wp-content\/uploads\/2026\/02\/Canales-de-Acero-Inoxidable.png","type":"image\/png"}],"twitter_card":"summary_large_image","twitter_misc":{"Tempo estimado de leitura":"1 minuto"},"schema":{"@context":"https:\/\/schema.org","@graph":[{"@type":"WebPage","@id":"https:\/\/inzainox.com\/pt-pt\/politica-de-privacidade\/","url":"https:\/\/inzainox.com\/pt-pt\/politica-de-privacidade\/","name":"Pol\u00edtica de privacidade - Canales y sumideros de acero inoxidable Inza. Drenaje inox para industria","isPartOf":{"@id":"https:\/\/inzainox.com\/pt-pt\/#website"},"datePublished":"2020-05-05T18:06:42+00:00","dateModified":"2026-03-29T21:56:27+00:00","breadcrumb":{"@id":"https:\/\/inzainox.com\/pt-pt\/politica-de-privacidade\/#breadcrumb"},"inLanguage":"pt-PT","potentialAction":[{"@type":"ReadAction","target":["https:\/\/inzainox.com\/pt-pt\/politica-de-privacidade\/"]}]},{"@type":"BreadcrumbList","@id":"https:\/\/inzainox.com\/pt-pt\/politica-de-privacidade\/#breadcrumb","itemListElement":[{"@type":"ListItem","position":1,"name":"P\u00e1gina inicial","item":"https:\/\/inzainox.com\/pt-pt\/nova-pagina-inicial\/"},{"@type":"ListItem","position":2,"name":"Pol\u00edtica de privacidade"}]},{"@type":"WebSite","@id":"https:\/\/inzainox.com\/pt-pt\/#website","url":"https:\/\/inzainox.com\/pt-pt\/","name":"Canales y sumideros de acero inoxidable Inza. Drenaje inox para industria","description":"Drenaje de acero inoxidable para industria","publisher":{"@id":"https:\/\/inzainox.com\/pt-pt\/#organization"},"alternateName":"Inza Inox","potentialAction":[{"@type":"SearchAction","target":{"@type":"EntryPoint","urlTemplate":"https:\/\/inzainox.com\/pt-pt\/?s={search_term_string}"},"query-input":{"@type":"PropertyValueSpecification","valueRequired":true,"valueName":"search_term_string"}}],"inLanguage":"pt-PT"},{"@type":"Organization","@id":"https:\/\/inzainox.com\/pt-pt\/#organization","name":"Inza Inox S.L.","alternateName":"Inza","url":"https:\/\/inzainox.com\/pt-pt\/","logo":{"@type":"ImageObject","inLanguage":"pt-PT","@id":"https:\/\/inzainox.com\/pt-pt\/#\/schema\/logo\/image\/","url":"https:\/\/inzainox.com\/wp-content\/uploads\/2020\/05\/cropped-NUEVA-INZA-2-5.png","contentUrl":"https:\/\/inzainox.com\/wp-content\/uploads\/2020\/05\/cropped-NUEVA-INZA-2-5.png","width":549,"height":264,"caption":"Inza Inox S.L."},"image":{"@id":"https:\/\/inzainox.com\/pt-pt\/#\/schema\/logo\/image\/"}}]}},"_links":{"self":[{"href":"https:\/\/inzainox.com\/pt-pt\/wp-json\/wp\/v2\/pages\/6487","targetHints":{"allow":["GET"]}}],"collection":[{"href":"https:\/\/inzainox.com\/pt-pt\/wp-json\/wp\/v2\/pages"}],"about":[{"href":"https:\/\/inzainox.com\/pt-pt\/wp-json\/wp\/v2\/types\/page"}],"author":[{"embeddable":true,"href":"https:\/\/inzainox.com\/pt-pt\/wp-json\/wp\/v2\/users\/1"}],"replies":[{"embeddable":true,"href":"https:\/\/inzainox.com\/pt-pt\/wp-json\/wp\/v2\/comments?post=6487"}],"version-history":[{"count":1,"href":"https:\/\/inzainox.com\/pt-pt\/wp-json\/wp\/v2\/pages\/6487\/revisions"}],"predecessor-version":[{"id":6488,"href":"https:\/\/inzainox.com\/pt-pt\/wp-json\/wp\/v2\/pages\/6487\/revisions\/6488"}],"wp:attachment":[{"href":"https:\/\/inzainox.com\/pt-pt\/wp-json\/wp\/v2\/media?parent=6487"}],"curies":[{"name":"wp","href":"https:\/\/api.w.org\/{rel}","templated":true}]}}