{"id":6481,"date":"2020-05-05T13:30:13","date_gmt":"2020-05-05T13:30:13","guid":{"rendered":"https:\/\/inzainox.com\/politica-de-cookies\/"},"modified":"2026-03-29T21:56:07","modified_gmt":"2026-03-29T21:56:07","slug":"politica-de-cookies","status":"publish","type":"page","link":"https:\/\/inzainox.com\/pt-pt\/politica-de-cookies\/","title":{"rendered":"Cookie Policy"},"content":{"rendered":"\t\t<div data-elementor-type=\"wp-page\" data-elementor-id=\"6481\" class=\"elementor elementor-6481 elementor-358\">\n\t\t\t\t\t\t<section class=\"elementor-section elementor-top-section elementor-element elementor-element-c0c666b elementor-section-boxed elementor-section-height-default elementor-section-height-default\" data-id=\"c0c666b\" data-element_type=\"section\" data-e-type=\"section\">\n\t\t\t\t\t\t<div class=\"elementor-container elementor-column-gap-default\">\n\t\t\t\t\t<div class=\"elementor-column elementor-col-100 elementor-top-column elementor-element elementor-element-92863f4\" data-id=\"92863f4\" data-element_type=\"column\" data-e-type=\"column\">\n\t\t\t<div class=\"elementor-widget-wrap elementor-element-populated\">\n\t\t\t\t\t\t<div class=\"elementor-element elementor-element-24e78ce elementor-widget elementor-widget-text-editor\" data-id=\"24e78ce\" data-element_type=\"widget\" data-e-type=\"widget\" data-widget_type=\"text-editor.default\">\n\t\t\t\t<div class=\"elementor-widget-container\">\n\t\t\t\t\t\t\t\t\t<p> <\/p><p data-path-to-node=\"6\">Em inzainox.com utilizamos cookies para que a sua experi\u00eancia de navega\u00e7\u00e3o seja mais \u00fatil e simples. Abaixo, explicamos o que s\u00e3o, quais utilizamos e como pode configur\u00e1-las ou desativ\u00e1-las de acordo com as suas prefer\u00eancias. <\/p><p data-path-to-node=\"7\"><b data-path-to-node=\"7\" data-index-in-node=\"0\">1. O que s\u00e3o cookies?<\/b><\/p><p style=\"padding-left: 40px;\" data-path-to-node=\"7\">Um cookie \u00e9 um ficheiro que \u00e9 descarregado para o seu equipamento para armazenar dados que poder\u00e3o ser recuperados pela entidade respons\u00e1vel pela sua instala\u00e7\u00e3o. S\u00e3o utilizados para permitir o funcionamento l\u00f3gico da web (como manter produtos no carrinho) e para recolher informa\u00e7\u00e3o estat\u00edstica. <\/p><p data-path-to-node=\"8\"><b data-path-to-node=\"8\" data-index-in-node=\"0\">2. Tipos de cookies segundo a sua gest\u00e3o, tempo e finalidade<\/b><\/p><ul data-path-to-node=\"9\"><li><p data-path-to-node=\"9,0,0\">Pr\u00f3prios: Geridos por inzainox.com<\/p><\/li><li><p data-path-to-node=\"9,1,0\">De terceiros: Geridos por outras entidades (ex: Google Analytics)<\/p><\/li><li><p data-path-to-node=\"9,2,0\">De sess\u00e3o: Armazenam dados apenas durante a navega\u00e7\u00e3o atual.<\/p><\/li><li><p data-path-to-node=\"9,3,0\">Persistentes: Os dados permanecem armazenados durante um per\u00edodo definido.<\/p><\/li><li><p data-path-to-node=\"9,4,0\">T\u00e9cnicos (Necess\u00e1rios): Imprescind\u00edveis para o funcionamento do site (identificar sess\u00e3o, processo de compra)<\/p><\/li><li><p data-path-to-node=\"9,5,0\">De personaliza\u00e7\u00e3o: Recordam op\u00e7\u00f5es como o idioma.<\/p><\/li><li><p data-path-to-node=\"9,6,0\">De an\u00e1lise: Permitem medir a atividade do site para introduzir melhorias.<\/p><\/li><\/ul><p data-path-to-node=\"10\"><b data-path-to-node=\"10\" data-index-in-node=\"0\">3. Cookies utilizados neste site<\/b><\/p><ul data-path-to-node=\"11\"><li><p data-path-to-node=\"11,0,0\">Estritamente necess\u00e1rios: Cookies t\u00e9cnicos para o carrinho e navega\u00e7\u00e3o segura.<\/p><\/li><li><p data-path-to-node=\"11,1,0\">Anal\u00edticos: Utilizamos o Google Analytics para analisar o tr\u00e1fego de forma agregada<\/p><\/li><\/ul><p data-path-to-node=\"12\"><b data-path-to-node=\"12\" data-index-in-node=\"0\">4. Gest\u00e3o e consentimento<\/b><\/p><p style=\"padding-left: 40px;\" data-path-to-node=\"12\">Pode aceitar todos os cookies, rejeit\u00e1-los ou configurar as suas prefer\u00eancias atrav\u00e9s do nosso Painel de Configura\u00e7\u00e3o. Tamb\u00e9m pode geri-los atrav\u00e9s das defini\u00e7\u00f5es do seu navegador (Chrome, Firefox, Safari, Edge). <\/p><p style=\"padding-left: 40px;\" data-path-to-node=\"12\">Nota: O bloqueio de certos cookies pode afetar a funcionalidade da loja online.<\/p>\t\t\t\t\t\t\t\t<\/div>\n\t\t\t\t<\/div>\n\t\t\t\t\t<\/div>\n\t\t<\/div>\n\t\t\t\t\t<\/div>\n\t\t<\/section>\n\t\t\t\t<\/div>\n\t\t","protected":false},"excerpt":{"rendered":"<p>Em inzainox.com utilizamos cookies para que a sua experi\u00eancia de navega\u00e7\u00e3o seja mais \u00fatil e simples. Abaixo, explicamos o que s\u00e3o, quais utilizamos e como pode configur\u00e1-las ou desativ\u00e1-las de acordo com as suas prefer\u00eancias. 1. O que s\u00e3o cookies? Um cookie \u00e9 um ficheiro que \u00e9 descarregado para o seu equipamento para armazenar dados &#8230; <a title=\"Cookie Policy\" class=\"read-more\" href=\"https:\/\/inzainox.com\/pt-pt\/politica-de-cookies\/\" aria-label=\"Leia mais sobre Cookie Policy\">Ler mais<\/a><\/p>\n","protected":false},"author":1,"featured_media":0,"parent":0,"menu_order":0,"comment_status":"closed","ping_status":"closed","template":"","meta":{"footnotes":""},"class_list":["post-6481","page","type-page","status-publish"],"yoast_head":"<!-- This site is optimized with the Yoast SEO plugin v27.1.1 - https:\/\/yoast.com\/product\/yoast-seo-wordpress\/ -->\n<title>Cookie Policy - Canales y sumideros de acero inoxidable Inza. Drenaje inox para industria<\/title>\n<meta name=\"robots\" content=\"noindex, follow\" \/>\n<meta property=\"og:locale\" content=\"pt_PT\" \/>\n<meta property=\"og:type\" content=\"article\" \/>\n<meta property=\"og:title\" content=\"Cookie Policy - Canales y sumideros de acero inoxidable Inza. Drenaje inox para industria\" \/>\n<meta property=\"og:description\" content=\"Em inzainox.com utilizamos cookies para que a sua experi\u00eancia de navega\u00e7\u00e3o seja mais \u00fatil e simples. Abaixo, explicamos o que s\u00e3o, quais utilizamos e como pode configur\u00e1-las ou desativ\u00e1-las de acordo com as suas prefer\u00eancias. 1. O que s\u00e3o cookies? Um cookie \u00e9 um ficheiro que \u00e9 descarregado para o seu equipamento para armazenar dados ... Ler mais\" \/>\n<meta property=\"og:url\" content=\"https:\/\/inzainox.com\/pt-pt\/politica-de-cookies\/\" \/>\n<meta property=\"og:site_name\" content=\"Canales y sumideros de acero inoxidable Inza. Drenaje inox para industria\" \/>\n<meta property=\"article:modified_time\" content=\"2026-03-29T21:56:07+00:00\" \/>\n<meta property=\"og:image\" content=\"https:\/\/inzainox.com\/wp-content\/uploads\/2026\/02\/Canales-de-Acero-Inoxidable.png\" \/>\n\t<meta property=\"og:image:width\" content=\"350\" \/>\n\t<meta property=\"og:image:height\" content=\"613\" \/>\n\t<meta property=\"og:image:type\" content=\"image\/png\" \/>\n<meta name=\"twitter:card\" content=\"summary_large_image\" \/>\n<meta name=\"twitter:label1\" content=\"Tempo estimado de leitura\" \/>\n\t<meta name=\"twitter:data1\" content=\"1 minuto\" \/>\n<!-- \/ Yoast SEO plugin. -->","yoast_head_json":{"title":"Cookie Policy - Canales y sumideros de acero inoxidable Inza. Drenaje inox para industria","robots":{"index":"noindex","follow":"follow"},"og_locale":"pt_PT","og_type":"article","og_title":"Cookie Policy - Canales y sumideros de acero inoxidable Inza. Drenaje inox para industria","og_description":"Em inzainox.com utilizamos cookies para que a sua experi\u00eancia de navega\u00e7\u00e3o seja mais \u00fatil e simples. Abaixo, explicamos o que s\u00e3o, quais utilizamos e como pode configur\u00e1-las ou desativ\u00e1-las de acordo com as suas prefer\u00eancias. 1. O que s\u00e3o cookies? Um cookie \u00e9 um ficheiro que \u00e9 descarregado para o seu equipamento para armazenar dados ... Ler mais","og_url":"https:\/\/inzainox.com\/pt-pt\/politica-de-cookies\/","og_site_name":"Canales y sumideros de acero inoxidable Inza. Drenaje inox para industria","article_modified_time":"2026-03-29T21:56:07+00:00","og_image":[{"width":350,"height":613,"url":"https:\/\/inzainox.com\/wp-content\/uploads\/2026\/02\/Canales-de-Acero-Inoxidable.png","type":"image\/png"}],"twitter_card":"summary_large_image","twitter_misc":{"Tempo estimado de leitura":"1 minuto"},"schema":{"@context":"https:\/\/schema.org","@graph":[{"@type":"WebPage","@id":"https:\/\/inzainox.com\/pt-pt\/politica-de-cookies\/","url":"https:\/\/inzainox.com\/pt-pt\/politica-de-cookies\/","name":"Cookie Policy - Canales y sumideros de acero inoxidable Inza. Drenaje inox para industria","isPartOf":{"@id":"https:\/\/inzainox.com\/pt-pt\/#website"},"datePublished":"2020-05-05T13:30:13+00:00","dateModified":"2026-03-29T21:56:07+00:00","breadcrumb":{"@id":"https:\/\/inzainox.com\/pt-pt\/politica-de-cookies\/#breadcrumb"},"inLanguage":"pt-PT","potentialAction":[{"@type":"ReadAction","target":["https:\/\/inzainox.com\/pt-pt\/politica-de-cookies\/"]}]},{"@type":"BreadcrumbList","@id":"https:\/\/inzainox.com\/pt-pt\/politica-de-cookies\/#breadcrumb","itemListElement":[{"@type":"ListItem","position":1,"name":"P\u00e1gina inicial","item":"https:\/\/inzainox.com\/pt-pt\/nova-pagina-inicial\/"},{"@type":"ListItem","position":2,"name":"Cookie Policy"}]},{"@type":"WebSite","@id":"https:\/\/inzainox.com\/pt-pt\/#website","url":"https:\/\/inzainox.com\/pt-pt\/","name":"Canales y sumideros de acero inoxidable Inza. Drenaje inox para industria","description":"Drenaje de acero inoxidable para industria","publisher":{"@id":"https:\/\/inzainox.com\/pt-pt\/#organization"},"alternateName":"Inza Inox","potentialAction":[{"@type":"SearchAction","target":{"@type":"EntryPoint","urlTemplate":"https:\/\/inzainox.com\/pt-pt\/?s={search_term_string}"},"query-input":{"@type":"PropertyValueSpecification","valueRequired":true,"valueName":"search_term_string"}}],"inLanguage":"pt-PT"},{"@type":"Organization","@id":"https:\/\/inzainox.com\/pt-pt\/#organization","name":"Inza Inox S.L.","alternateName":"Inza","url":"https:\/\/inzainox.com\/pt-pt\/","logo":{"@type":"ImageObject","inLanguage":"pt-PT","@id":"https:\/\/inzainox.com\/pt-pt\/#\/schema\/logo\/image\/","url":"https:\/\/inzainox.com\/wp-content\/uploads\/2020\/05\/cropped-NUEVA-INZA-2-5.png","contentUrl":"https:\/\/inzainox.com\/wp-content\/uploads\/2020\/05\/cropped-NUEVA-INZA-2-5.png","width":549,"height":264,"caption":"Inza Inox S.L."},"image":{"@id":"https:\/\/inzainox.com\/pt-pt\/#\/schema\/logo\/image\/"}}]}},"_links":{"self":[{"href":"https:\/\/inzainox.com\/pt-pt\/wp-json\/wp\/v2\/pages\/6481","targetHints":{"allow":["GET"]}}],"collection":[{"href":"https:\/\/inzainox.com\/pt-pt\/wp-json\/wp\/v2\/pages"}],"about":[{"href":"https:\/\/inzainox.com\/pt-pt\/wp-json\/wp\/v2\/types\/page"}],"author":[{"embeddable":true,"href":"https:\/\/inzainox.com\/pt-pt\/wp-json\/wp\/v2\/users\/1"}],"replies":[{"embeddable":true,"href":"https:\/\/inzainox.com\/pt-pt\/wp-json\/wp\/v2\/comments?post=6481"}],"version-history":[{"count":2,"href":"https:\/\/inzainox.com\/pt-pt\/wp-json\/wp\/v2\/pages\/6481\/revisions"}],"predecessor-version":[{"id":7898,"href":"https:\/\/inzainox.com\/pt-pt\/wp-json\/wp\/v2\/pages\/6481\/revisions\/7898"}],"wp:attachment":[{"href":"https:\/\/inzainox.com\/pt-pt\/wp-json\/wp\/v2\/media?parent=6481"}],"curies":[{"name":"wp","href":"https:\/\/api.w.org\/{rel}","templated":true}]}}