{"id":6414,"date":"2021-12-21T11:56:37","date_gmt":"2021-12-21T11:56:37","guid":{"rendered":"https:\/\/inzainox.com\/aviso-legal\/"},"modified":"2026-03-29T21:56:47","modified_gmt":"2026-03-29T21:56:47","slug":"aviso-legal","status":"publish","type":"page","link":"https:\/\/inzainox.com\/pt-pt\/aviso-legal\/","title":{"rendered":"Legal Notice"},"content":{"rendered":"\t\t<div data-elementor-type=\"wp-page\" data-elementor-id=\"6414\" class=\"elementor elementor-6414 elementor-2188\">\n\t\t\t\t\t\t<section class=\"elementor-section elementor-top-section elementor-element elementor-element-70b13fe1 elementor-section-boxed elementor-section-height-default elementor-section-height-default\" data-id=\"70b13fe1\" data-element_type=\"section\" data-e-type=\"section\">\n\t\t\t\t\t\t<div class=\"elementor-container elementor-column-gap-default\">\n\t\t\t\t\t<div class=\"elementor-column elementor-col-100 elementor-top-column elementor-element elementor-element-3e7772bc\" data-id=\"3e7772bc\" data-element_type=\"column\" data-e-type=\"column\">\n\t\t\t<div class=\"elementor-widget-wrap elementor-element-populated\">\n\t\t\t\t\t\t<div class=\"elementor-element elementor-element-12219a8f elementor-widget elementor-widget-text-editor\" data-id=\"12219a8f\" data-element_type=\"widget\" data-e-type=\"widget\" data-widget_type=\"text-editor.default\">\n\t\t\t\t<div class=\"elementor-widget-container\">\n\t\t\t\t\t\t\t\t\t<p><strong>Aviso Legal<\/strong><\/p><ol><li><strong> Dados de Identifica\u00e7\u00e3o<\/strong><\/li><\/ol><p>Em cumprimento do dever de informa\u00e7\u00e3o previsto no artigo 10.\u00ba da Lei 34\/2002, de 11 de julho, dos Servi\u00e7os da Sociedade da Informa\u00e7\u00e3o e do Com\u00e9rcio Eletr\u00f3nico, apresentam-se em seguida os seguintes dados:<\/p><p>Denomina\u00e7\u00e3o Social: Inza Inox, S.L.<\/p><p>Nome Comercial: Inza<\/p><p>Calle Mar\u00eda Auxiliadora 35, CP 28221 Majadahonda (Madrid)<\/p><p>CIF \/ NIF: B-16678591<\/p><p>e-Mail: info@inzainox.com<\/p><p>Nome de dom\u00ednio: inzainox.com<\/p><ol start=\"2\"><li><strong> UTILIZADORES<\/strong><\/li><\/ol><p>O acesso e\/ou utiliza\u00e7\u00e3o deste portal da Inza atribui a condi\u00e7\u00e3o de UTILIZADOR, que aceita, a partir do referido acesso e\/ou utiliza\u00e7\u00e3o, as Condi\u00e7\u00f5es Gerais de Utiliza\u00e7\u00e3o aqui estipuladas. As referidas Condi\u00e7\u00f5es ser\u00e3o aplic\u00e1veis independentemente das Condi\u00e7\u00f5es Gerais de Contrata\u00e7\u00e3o que, consoante o caso, sejam de cumprimento obrigat\u00f3rio. <\/p><ol start=\"3\"><li><strong> UTILIZA\u00c7\u00c3O DO PORTAL<\/strong><\/li><\/ol><p>Aqu\u00ed tienes la traducci\u00f3n adaptada al rigor y la terminolog\u00eda jur\u00eddica del portugu\u00e9s de Portugal (PT-PT):<br>&#8220;A Inza proporciona o acesso a uma multiplicidade de informa\u00e7\u00f5es, servi\u00e7os, programas ou dados (doravante, &#8220;os conte\u00fados&#8221;) na Internet, pertencentes \u00e0 Inza ou aos seus licenciantes, aos quais o UTILIZADOR possa ter acesso. O UTILIZADOR assume a responsabilidade pela utiliza\u00e7\u00e3o do portal. Esta responsabilidade estende-se ao registo que seja necess\u00e1rio para aceder a determinados servi\u00e7os ou conte\u00fados. No referido registo, o UTILIZADOR ser\u00e1 respons\u00e1vel por fornecer informa\u00e7\u00e3o verdadeira e l\u00edcita. Como consequ\u00eancia deste registo, pode ser fornecida ao UTILIZADOR uma palavra-passe, pela qual ser\u00e1 respons\u00e1vel, comprometendo-se a fazer uma utiliza\u00e7\u00e3o diligente e confidencial da mesma.    <\/p><p>O UTILIZADOR compromete-se a fazer uma utiliza\u00e7\u00e3o adequada dos conte\u00fados que a Inza oferece atrav\u00e9s do seu portal e, a t\u00edtulo enunciativo mas n\u00e3o limitativo, a n\u00e3o os utilizar para: (i) incorrer em atividades il\u00edcitas, ilegais ou contr\u00e1rias \u00e0 boa-f\u00e9 e \u00e0 ordem p\u00fablica; (ii) difundir conte\u00fados ou propaganda de car\u00e1ter racista, xen\u00f3fobo, pornogr\u00e1fico ilegal, de apologia ao terrorismo ou atentat\u00f3rio contra os direitos humanos; (iii) provocar danos nos sistemas f\u00edsicos e l\u00f3gicos da Inza, dos seus fornecedores ou de terceiros, introduzir ou difundir na rede v\u00edrus inform\u00e1ticos ou quaisquer outros sistemas f\u00edsicos ou l\u00f3gicos que sejam suscet\u00edveis de provocar os danos anteriormente mencionados; (iv) tentar aceder e, se aplic\u00e1vel, utilizar as contas de correio eletr\u00f3nico de outros utilizadores e modificar ou manipular as suas mensagens.<br>A Inza reserva-se o direito de retirar todos os coment\u00e1rios e contributos que violem o respeito pela dignidade da pessoa, que sejam discriminat\u00f3rios, xen\u00f3fobos, racistas, pornogr\u00e1ficos, que atentem contra a juventude ou a inf\u00e2ncia, a ordem ou a seguran\u00e7a p\u00fablica ou que, a seu crit\u00e9rio, n\u00e3o se revelem adequados para publica\u00e7\u00e3o. Em qualquer caso, a Inza n\u00e3o ser\u00e1 respons\u00e1vel pelas opini\u00f5es expressas pelos utilizadores atrav\u00e9s dos f\u00f3runs, chats ou outras ferramentas de participa\u00e7\u00e3o.      <\/p><ol start=\"4\"><li><strong> PROTE\u00c7\u00c3O DE DADOS<\/strong><\/li><\/ol><p data-path-to-node=\"4,1\">A Inza cumpre as diretrizes do Regulamento (UE) 2016\/679 do Parlamento Europeu e do Conselho, de 27 de abril de 2016, relativo \u00e0 prote\u00e7\u00e3o das pessoas singulares (RGPD), bem como a Lei Org\u00e2nica 3\/2018, de 5 de dezembro, de Prote\u00e7\u00e3o de Dados Pessoais e garantia dos direitos digitais (LOPDGDD), e demais legisla\u00e7\u00e3o em vigor a cada momento, zelando por garantir uma correta utiliza\u00e7\u00e3o e tratamento dos dados pessoais do utilizador.<\/p><p data-path-to-node=\"4,2\">Para o efeito, a Inza coloca \u00e0 disposi\u00e7\u00e3o dos utilizadores a Pol\u00edtica de Privacidade da entidade, informando os utilizadores sobre os seguintes aspetos:<\/p><div class=\"source-inline-chip-container ng-star-inserted\"> <\/div><ul data-path-to-node=\"4,3\"><li><p data-path-to-node=\"4,3,0,0\"><span class=\"citation-146 citation-end-146\">Dados do Respons\u00e1vel pelo tratamento.<\/span><\/p><div class=\"source-inline-chip-container ng-star-inserted\"> <\/div><\/li><li><p data-path-to-node=\"4,3,1,0\"><span class=\"citation-145 citation-end-145\">Dados tratados e finalidade do tratamento.<\/span><\/p><div class=\"source-inline-chip-container ng-star-inserted\"> <\/div><\/li><li><p data-path-to-node=\"4,3,2,0\">Base de licitude e prazo de conserva\u00e7\u00e3o dos dados.<\/p><div class=\"source-inline-chip-container ng-star-inserted\"> <\/div><\/li><li><p data-path-to-node=\"4,3,3,0\">Obrigatoriedade ou n\u00e3o de os facultar, bem como as consequ\u00eancias em caso de n\u00e3o o fazer.<\/p><\/li><li><p data-path-to-node=\"4,3,4,0\">Sobre os direitos que assistem a todos os utilizadores (acesso, retifica\u00e7\u00e3o, apagamento, limita\u00e7\u00e3o, portabilidade e oposi\u00e7\u00e3o) e o procedimento para os exercer.<\/p><\/li><\/ul><ol start=\"5\"><li><strong> PROPRIEDADE INTELECTUAL E INDUSTRIAL<\/strong><\/li><\/ol><p>O website, incluindo, a t\u00edtulo enunciativo mas n\u00e3o limitativo, a sua programa\u00e7\u00e3o, edi\u00e7\u00e3o, compila\u00e7\u00e3o e demais elementos necess\u00e1rios para o seu funcionamento, os designs, log\u00f3tipos, texto e\/ou gr\u00e1ficos, s\u00e3o propriedade da Inza ou, consoante o caso, esta disp\u00f5e de licen\u00e7a ou autoriza\u00e7\u00e3o expressa por parte dos autores. Todos os conte\u00fados do website encontram-se devidamente protegidos pela legisla\u00e7\u00e3o de propriedade intelectual e industrial, bem como inscritos nos registos p\u00fablicos correspondentes. <\/p><p>Independentemente da finalidade a que se destinem, a reprodu\u00e7\u00e3o total ou parcial, utiliza\u00e7\u00e3o, explora\u00e7\u00e3o, distribui\u00e7\u00e3o e comercializa\u00e7\u00e3o exigem, em qualquer caso, a autoriza\u00e7\u00e3o pr\u00e9via por escrito por parte da Inza. Qualquer utiliza\u00e7\u00e3o n\u00e3o previamente autorizada pela Inza ser\u00e1 considerada um incumprimento grave dos direitos de propriedade intelectual ou industrial do autor. <\/p><p>Os designs, log\u00f3tipos, texto e\/ou gr\u00e1ficos alheios \u00e0 Inza e que possam aparecer no website pertencem aos seus respetivos propriet\u00e1rios, sendo estes respons\u00e1veis por qualquer eventual controv\u00e9rsia que possa surgir relativamente aos mesmos. Em qualquer caso, o prestador conta com a autoriza\u00e7\u00e3o expressa e pr\u00e9via por parte dos mesmos. <\/p><p>A Inza autoriza expressamente que terceiros possam redirecionar diretamente para os conte\u00fados espec\u00edficos do website.<\/p><p>A Inza reconhece a favor dos seus titulares os correspondentes direitos de propriedade industrial e intelectual, n\u00e3o implicando a sua simples men\u00e7\u00e3o ou aparecimento no website a exist\u00eancia de quaisquer direitos ou responsabilidade da Inza sobre os mesmos, nem qualquer apoio, patroc\u00ednio ou recomenda\u00e7\u00e3o por parte desta.<\/p><p>Para efetuar qualquer tipo de observa\u00e7\u00e3o relativamente a eventuais incumprimentos dos direitos de propriedade intelectual ou industrial, bem como sobre qualquer um dos conte\u00fados do website, poder\u00e1 faz\u00ea-lo atrav\u00e9s do seguinte correio eletr\u00f3nico: info@inzainox.com<\/p><ol start=\"6\"><li><strong> EXCLUS\u00c3O DE GARANTIAS E RESPONSABILIDADE<\/strong><\/li><\/ol><p>A Inza exime-se de qualquer tipo de responsabilidade resultante da informa\u00e7\u00e3o publicada no seu website, sempre que essa informa\u00e7\u00e3o tenha sido manipulada ou introduzida por um terceiro alheio ao mesmo.<\/p><p>O website pode utilizar cookies (pequenos ficheiros de informa\u00e7\u00e3o que o servidor envia para o computador de quem acede \u00e0 p\u00e1gina) para executar determinadas fun\u00e7\u00f5es que s\u00e3o consideradas imprescind\u00edveis para o correto funcionamento e visualiza\u00e7\u00e3o do site. Os cookies utilizados no website t\u00eam, em qualquer caso, car\u00e1ter tempor\u00e1rio com a \u00fanica finalidade de tornar mais eficaz a sua transmiss\u00e3o posterior e desaparecem ao terminar a sess\u00e3o do utilizador. Em caso algum os cookies ser\u00e3o utilizados para recolher informa\u00e7\u00e3o de car\u00e1ter pessoal.  <\/p><p>A partir do website, \u00e9 poss\u00edvel que o utilizador seja redirecionado para conte\u00fados de websites de terceiros. Dado que a Inza n\u00e3o pode controlar sempre os conte\u00fados introduzidos por terceiros nos seus websites, n\u00e3o assume qualquer tipo de responsabilidade relativamente aos referidos conte\u00fados. Em qualquer caso, a Inza declara que proceder\u00e1 \u00e0 remo\u00e7\u00e3o imediata de qualquer conte\u00fado que possa contravir a legisla\u00e7\u00e3o nacional ou internacional, a moral ou a ordem p\u00fablica, procedendo \u00e0 remo\u00e7\u00e3o imediata do redirecionamento para o referido website, e comunicando o conte\u00fado em quest\u00e3o \u00e0s autoridades competentes.  <\/p><p>A Inza n\u00e3o se responsabiliza pela informa\u00e7\u00e3o e conte\u00fados armazenados, a t\u00edtulo enunciativo mas n\u00e3o limitativo, em f\u00f3runs, chats, geradores de blogues, coment\u00e1rios, redes sociais ou qualquer outro meio que permita a terceiros publicar conte\u00fados de forma independente na p\u00e1gina web. N\u00e3o obstante, e em cumprimento do disposto nos artigos 11.\u00ba e 16.\u00ba da LSSI-CE, o prestador coloca-se \u00e0 disposi\u00e7\u00e3o de todos os utilizadores, autoridades e for\u00e7as de seguran\u00e7a, colaborando de forma ativa na remo\u00e7\u00e3o ou, se aplic\u00e1vel, no bloqueio de todos os conte\u00fados que possam afetar ou contravir a legisla\u00e7\u00e3o nacional ou internacional, os direitos de terceiros ou a moral e a ordem p\u00fablica. Caso o utilizador considere que existe no website algum conte\u00fado que possa ser suscet\u00edvel desta classifica\u00e7\u00e3o, solicita-se que o notifique de forma imediata ao administrador do website.  <\/p><p>Este website foi revisto e testado para que funcione corretamente. Em princ\u00edpio, pode garantir-se o correto funcionamento nos 365 dias do ano, 24 horas por dia. N\u00e3o obstante, o prestador n\u00e3o descarta a possibilidade de existirem determinados erros de programa\u00e7\u00e3o, ou de ocorrerem causas de for\u00e7a maior, cat\u00e1strofes naturais, greves ou circunst\u00e2ncias semelhantes que impossibilitem o acesso \u00e0 p\u00e1gina web.  <\/p><ol start=\"7\"><li><strong> ALTERA\u00c7\u00d5ES<\/strong><\/li><\/ol><p>A Inza reserva-se o direito de efetuar, sem aviso pr\u00e9vio, as altera\u00e7\u00f5es que considerar oportunas no seu portal, podendo alterar, suprimir ou adicionar tanto os conte\u00fados e servi\u00e7os prestados atrav\u00e9s do mesmo, como a forma como estes s\u00e3o apresentados ou localizados no seu portal.<\/p><ol start=\"8\"><li><strong> LIGA\u00c7\u00d5ES (LINKS)<\/strong><\/li><\/ol><p>No caso de o nome de dom\u00ednio disponibilizar liga\u00e7\u00f5es ou hiperliga\u00e7\u00f5es para outros sites da Internet, a Inza n\u00e3o exercer\u00e1 qualquer tipo de controlo sobre esses sites e conte\u00fados. Em caso algum a Inza assumir\u00e1 qualquer responsabilidade pelos conte\u00fados de alguma liga\u00e7\u00e3o pertencente a um website alheio, nem garantir\u00e1 a disponibilidade t\u00e9cnica, qualidade, fiabilidade, exatid\u00e3o, amplitude, veracidade, validade e constitucionalidade de qualquer material ou informa\u00e7\u00e3o contida em nenhuma dessas hiperliga\u00e7\u00f5es ou noutros sites da Internet. De igual modo, a inclus\u00e3o destas liga\u00e7\u00f5es externas n\u00e3o implicar\u00e1 qualquer tipo de associa\u00e7\u00e3o, fus\u00e3o ou participa\u00e7\u00e3o com as entidades conectadas.  <\/p><ol start=\"9\"><li><strong> DIREITO DE EXCLUS\u00c3O<\/strong><\/li><\/ol><p>A Inza reserva-se o direito de recusar ou retirar o acesso ao portal e\/ou aos servi\u00e7os oferecidos, sem necessidade de aviso pr\u00e9vio, por iniciativa pr\u00f3pria ou de um terceiro, \u00e0queles utilizadores que incumpram as presentes Condi\u00e7\u00f5es Gerais de Utiliza\u00e7\u00e3o.<\/p><ol start=\"10\"><li><strong> GENERALIDADES<\/strong><\/li><\/ol><p>A Inza perseguir\u00e1 o incumprimento das presentes condi\u00e7\u00f5es, bem como qualquer utiliza\u00e7\u00e3o indevida do seu portal, exercendo todas as a\u00e7\u00f5es civis e penais que lhe assistam por direito.<\/p><ol start=\"11\"><li><strong> ALTERA\u00c7\u00c3O DAS PRESENTES CONDI\u00c7\u00d5ES E DURA\u00c7\u00c3O<\/strong><\/li><\/ol><p>A Inza poder\u00e1 alterar, em qualquer momento, as condi\u00e7\u00f5es aqui determinadas, sendo devidamente publicadas tal como aqui se apresentam. A vig\u00eancia das referidas condi\u00e7\u00f5es depender\u00e1 da sua exposi\u00e7\u00e3o e estas manter-se-\u00e3o em vigor at\u00e9 que sejam alteradas por outras devidamente publicadas. <\/p><ol start=\"12\"><li><strong> LEGISLA\u00c7\u00c3O APLIC\u00c1VEL E JURISDI\u00c7\u00c3O<\/strong><\/li><\/ol><p>A rela\u00e7\u00e3o entre a Inza e o UTILIZADOR reger-se-\u00e1 pela legisla\u00e7\u00e3o espanhola em vigor e qualquer lit\u00edgio ser\u00e1 submetido aos Tribunais de Madrid.<\/p>\t\t\t\t\t\t\t\t<\/div>\n\t\t\t\t<\/div>\n\t\t\t\t\t<\/div>\n\t\t<\/div>\n\t\t\t\t\t<\/div>\n\t\t<\/section>\n\t\t\t\t<\/div>\n\t\t","protected":false},"excerpt":{"rendered":"<p>Aviso Legal Dados de Identifica\u00e7\u00e3o Em cumprimento do dever de informa\u00e7\u00e3o previsto no artigo 10.\u00ba da Lei 34\/2002, de 11 de julho, dos Servi\u00e7os da Sociedade da Informa\u00e7\u00e3o e do Com\u00e9rcio Eletr\u00f3nico, apresentam-se em seguida os seguintes dados: Denomina\u00e7\u00e3o Social: Inza Inox, S.L. Nome Comercial: Inza Calle Mar\u00eda Auxiliadora 35, CP 28221 Majadahonda (Madrid) CIF &#8230; <a title=\"Legal Notice\" class=\"read-more\" href=\"https:\/\/inzainox.com\/pt-pt\/aviso-legal\/\" aria-label=\"Leia mais sobre Legal Notice\">Ler mais<\/a><\/p>\n","protected":false},"author":1,"featured_media":0,"parent":0,"menu_order":0,"comment_status":"closed","ping_status":"closed","template":"","meta":{"footnotes":""},"class_list":["post-6414","page","type-page","status-publish"],"yoast_head":"<!-- This site is optimized with the Yoast SEO plugin v27.1.1 - https:\/\/yoast.com\/product\/yoast-seo-wordpress\/ -->\n<title>Legal Notice - Canales y sumideros de acero inoxidable Inza. Drenaje inox para industria<\/title>\n<meta name=\"robots\" content=\"noindex, nofollow\" \/>\n<meta property=\"og:locale\" content=\"pt_PT\" \/>\n<meta property=\"og:type\" content=\"article\" \/>\n<meta property=\"og:title\" content=\"Legal Notice - Canales y sumideros de acero inoxidable Inza. Drenaje inox para industria\" \/>\n<meta property=\"og:description\" content=\"Aviso Legal Dados de Identifica\u00e7\u00e3o Em cumprimento do dever de informa\u00e7\u00e3o previsto no artigo 10.\u00ba da Lei 34\/2002, de 11 de julho, dos Servi\u00e7os da Sociedade da Informa\u00e7\u00e3o e do Com\u00e9rcio Eletr\u00f3nico, apresentam-se em seguida os seguintes dados: Denomina\u00e7\u00e3o Social: Inza Inox, S.L. Nome Comercial: Inza Calle Mar\u00eda Auxiliadora 35, CP 28221 Majadahonda (Madrid) CIF ... Ler mais\" \/>\n<meta property=\"og:url\" content=\"https:\/\/inzainox.com\/pt-pt\/aviso-legal\/\" \/>\n<meta property=\"og:site_name\" content=\"Canales y sumideros de acero inoxidable Inza. Drenaje inox para industria\" \/>\n<meta property=\"article:modified_time\" content=\"2026-03-29T21:56:47+00:00\" \/>\n<meta property=\"og:image\" content=\"https:\/\/inzainox.com\/wp-content\/uploads\/2026\/02\/Canales-de-Acero-Inoxidable.png\" \/>\n\t<meta property=\"og:image:width\" content=\"350\" \/>\n\t<meta property=\"og:image:height\" content=\"613\" \/>\n\t<meta property=\"og:image:type\" content=\"image\/png\" \/>\n<meta name=\"twitter:card\" content=\"summary_large_image\" \/>\n<meta name=\"twitter:label1\" content=\"Tempo estimado de leitura\" \/>\n\t<meta name=\"twitter:data1\" content=\"9 minutos\" \/>\n<!-- \/ Yoast SEO plugin. -->","yoast_head_json":{"title":"Legal Notice - Canales y sumideros de acero inoxidable Inza. Drenaje inox para industria","robots":{"index":"noindex","follow":"nofollow"},"og_locale":"pt_PT","og_type":"article","og_title":"Legal Notice - Canales y sumideros de acero inoxidable Inza. Drenaje inox para industria","og_description":"Aviso Legal Dados de Identifica\u00e7\u00e3o Em cumprimento do dever de informa\u00e7\u00e3o previsto no artigo 10.\u00ba da Lei 34\/2002, de 11 de julho, dos Servi\u00e7os da Sociedade da Informa\u00e7\u00e3o e do Com\u00e9rcio Eletr\u00f3nico, apresentam-se em seguida os seguintes dados: Denomina\u00e7\u00e3o Social: Inza Inox, S.L. Nome Comercial: Inza Calle Mar\u00eda Auxiliadora 35, CP 28221 Majadahonda (Madrid) CIF ... Ler mais","og_url":"https:\/\/inzainox.com\/pt-pt\/aviso-legal\/","og_site_name":"Canales y sumideros de acero inoxidable Inza. Drenaje inox para industria","article_modified_time":"2026-03-29T21:56:47+00:00","og_image":[{"width":350,"height":613,"url":"https:\/\/inzainox.com\/wp-content\/uploads\/2026\/02\/Canales-de-Acero-Inoxidable.png","type":"image\/png"}],"twitter_card":"summary_large_image","twitter_misc":{"Tempo estimado de leitura":"9 minutos"},"schema":{"@context":"https:\/\/schema.org","@graph":[{"@type":"WebPage","@id":"https:\/\/inzainox.com\/pt-pt\/aviso-legal\/","url":"https:\/\/inzainox.com\/pt-pt\/aviso-legal\/","name":"Legal Notice - Canales y sumideros de acero inoxidable Inza. Drenaje inox para industria","isPartOf":{"@id":"https:\/\/inzainox.com\/pt-pt\/#website"},"datePublished":"2021-12-21T11:56:37+00:00","dateModified":"2026-03-29T21:56:47+00:00","breadcrumb":{"@id":"https:\/\/inzainox.com\/pt-pt\/aviso-legal\/#breadcrumb"},"inLanguage":"pt-PT","potentialAction":[{"@type":"ReadAction","target":["https:\/\/inzainox.com\/pt-pt\/aviso-legal\/"]}]},{"@type":"BreadcrumbList","@id":"https:\/\/inzainox.com\/pt-pt\/aviso-legal\/#breadcrumb","itemListElement":[{"@type":"ListItem","position":1,"name":"P\u00e1gina inicial","item":"https:\/\/inzainox.com\/pt-pt\/nova-pagina-inicial\/"},{"@type":"ListItem","position":2,"name":"Legal Notice"}]},{"@type":"WebSite","@id":"https:\/\/inzainox.com\/pt-pt\/#website","url":"https:\/\/inzainox.com\/pt-pt\/","name":"Canales y sumideros de acero inoxidable Inza. Drenaje inox para industria","description":"Drenaje de acero inoxidable para industria","publisher":{"@id":"https:\/\/inzainox.com\/pt-pt\/#organization"},"alternateName":"Inza Inox","potentialAction":[{"@type":"SearchAction","target":{"@type":"EntryPoint","urlTemplate":"https:\/\/inzainox.com\/pt-pt\/?s={search_term_string}"},"query-input":{"@type":"PropertyValueSpecification","valueRequired":true,"valueName":"search_term_string"}}],"inLanguage":"pt-PT"},{"@type":"Organization","@id":"https:\/\/inzainox.com\/pt-pt\/#organization","name":"Inza Inox S.L.","alternateName":"Inza","url":"https:\/\/inzainox.com\/pt-pt\/","logo":{"@type":"ImageObject","inLanguage":"pt-PT","@id":"https:\/\/inzainox.com\/pt-pt\/#\/schema\/logo\/image\/","url":"https:\/\/inzainox.com\/wp-content\/uploads\/2020\/05\/cropped-cropped-NUEVA-INZA-2-1.png","contentUrl":"https:\/\/inzainox.com\/wp-content\/uploads\/2020\/05\/cropped-cropped-NUEVA-INZA-2-1.png","width":487,"height":165,"caption":"Inza Inox S.L."},"image":{"@id":"https:\/\/inzainox.com\/pt-pt\/#\/schema\/logo\/image\/"}}]}},"_links":{"self":[{"href":"https:\/\/inzainox.com\/pt-pt\/wp-json\/wp\/v2\/pages\/6414","targetHints":{"allow":["GET"]}}],"collection":[{"href":"https:\/\/inzainox.com\/pt-pt\/wp-json\/wp\/v2\/pages"}],"about":[{"href":"https:\/\/inzainox.com\/pt-pt\/wp-json\/wp\/v2\/types\/page"}],"author":[{"embeddable":true,"href":"https:\/\/inzainox.com\/pt-pt\/wp-json\/wp\/v2\/users\/1"}],"replies":[{"embeddable":true,"href":"https:\/\/inzainox.com\/pt-pt\/wp-json\/wp\/v2\/comments?post=6414"}],"version-history":[{"count":3,"href":"https:\/\/inzainox.com\/pt-pt\/wp-json\/wp\/v2\/pages\/6414\/revisions"}],"predecessor-version":[{"id":7903,"href":"https:\/\/inzainox.com\/pt-pt\/wp-json\/wp\/v2\/pages\/6414\/revisions\/7903"}],"wp:attachment":[{"href":"https:\/\/inzainox.com\/pt-pt\/wp-json\/wp\/v2\/media?parent=6414"}],"curies":[{"name":"wp","href":"https:\/\/api.w.org\/{rel}","templated":true}]}}