{"id":9793,"date":"2026-03-04T16:50:11","date_gmt":"2026-03-04T16:50:11","guid":{"rendered":"https:\/\/inzainox.com\/producto\/chiusino-a-tenuta-liscio-in-acciaio-inossidabile-aisi304-con-pozzetto-sifonico-centrale\/"},"modified":"2026-03-30T13:35:21","modified_gmt":"2026-03-30T13:35:21","slug":"chiusino-a-tenuta-liscio-in-acciaio-inossidabile-aisi304-con-pozzetto-sifonico-centrale","status":"publish","type":"product","link":"https:\/\/inzainox.com\/it\/prodotto\/chiusino-a-tenuta-liscio-in-acciaio-inossidabile-aisi304-con-pozzetto-sifonico-centrale\/","title":{"rendered":"Chiusino a tenuta liscio in acciaio inossidabile AISI304 con pozzetto sifonico centrale"},"content":{"rendered":"\t\t<div data-elementor-type=\"wp-post\" data-elementor-id=\"9793\" class=\"elementor elementor-9793 elementor-6190\">\n\t\t\t\t<div class=\"elementor-element elementor-element-e436c71 e-flex e-con-boxed e-con e-parent\" data-id=\"e436c71\" data-element_type=\"container\" data-e-type=\"container\">\n\t\t\t\t\t<div class=\"e-con-inner\">\n\t\t\t\t<div class=\"elementor-element elementor-element-bfdd8b3 elementor-widget elementor-widget-text-editor\" data-id=\"bfdd8b3\" data-element_type=\"widget\" data-e-type=\"widget\" data-widget_type=\"text-editor.default\">\n\t\t\t\t<div class=\"elementor-widget-container\">\n\t\t\t\t\t\t\t\t\t<p> <\/p><p>Chiusino e telaio per pozzetto ispezionabile, con pozzetto sifonico centrale, fabbricato in acciaio inossidabile AISI304 da riempire con la pavimentazione del suolo.<\/p><p>Possibilit\u00e0 di fabbricazione in acciaio inossidabile AISI316L per installazioni con ambiente particolarmente aggressivo o ambienti marittimi.<\/p><p>\u00c8 un chiusino a tenuta per evitare odori grazie a una chiusura mediante guarnizione in EPDM e giunzione con 4 viti inox negli angoli del chiusino. <\/p><p>Progettato per essere riempito con la stessa pavimentazione circostante, il chiusino d&#8217;ispezione installato risulta praticamente invisibile, offrendo una soluzione perfettamente integrata. Il fondo permette la pavimentazione con masselli di diverse altezze, piastrelle in ceramica, legno o altri tipi di suolo. <\/p><p>Forniamo delle maniglie che si avvitano nell&#8217;alloggiamento delle viti per facilitarne l&#8217;apertura con comodit\u00e0. Queste maniglie con impugnatura sono incluse nel prezzo. <\/p><p><iframe title=\"Tapa de arqueta estanca lisa de acero inoxidable o galvanizado\" width=\"1200\" height=\"675\" src=\"https:\/\/www.youtube.com\/embed\/i-ht3desZic?feature=oembed\" frameborder=\"0\" allow=\"accelerometer; autoplay; clipboard-write; encrypted-media; gyroscope; picture-in-picture; web-share\" referrerpolicy=\"strict-origin-when-cross-origin\" allowfullscreen><\/iframe><\/p><p>Chiusino standard per carichi di traffico pedonale A15. <\/p><p>Chiusini quadrati di diverse dimensioni da 300&#215;300 mm fino a 700&#215;700 mm.<\/p><p><span style=\"color: #339966;\"><strong><a style=\"color: #339966;\" href=\"https:\/\/inzainox.com\/wp-content\/uploads\/2022\/03\/Tapas-estancas-de-acero-inoxidable-lisas.pdf\">SCHEDA TECNICA<\/a><\/strong><\/span><\/p><p>Consultare chiusini rotondi e di misure speciali.<\/p><p>Esistono chiusini per carichi pesanti e apertura assistita da pistoni.<\/p><p><img fetchpriority=\"high\" decoding=\"async\" src=\"https:\/\/inzainox.com\/wp-content\/uploads\/2020\/11\/plano-tapa-lisa.jpg\" alt=\"disegno chiusini inox a tenuta lisci\" width=\"1191\" height=\"466\"><img decoding=\"async\" src=\"https:\/\/inzainox.com\/wp-content\/uploads\/2020\/04\/TAPAS-GENERAL-DIMENSIONES.jpg\" alt=\"Dimensioni generali dei chiusini a tenuta stagna INZA\" width=\"728\" height=\"265\"><\/p>\t\t\t\t\t\t\t\t<\/div>\n\t\t\t\t<\/div>\n\t\t\t\t\t<\/div>\n\t\t\t\t<\/div>\n\t\t\t\t<\/div>\n\t\t","protected":false},"excerpt":{"rendered":"<p>Trasporto incluso nel prezzo<\/p>\n<p>Se hai qualche esigenza speciale, lo fabbrichiamo per te su ordinazione. Ci vorr\u00e0 1 settimana <\/p>\n<p>Se hai dubbi, chiamaci al T. +34 91 127 90 05<\/p>\n<p>Chiusino per pozzetto a tenuta liscio in acciaio inossidabile AISI 304 con pozzetto sifonico centrale. Chiusura con quattro viti e giunzione con guarnizione in EPDM. Chiusino semplice per passaggio pedonale (classe di carico A15) con pozzetto sifonico da 150&#215;150 o da 250&#215;250  <\/p>\n<p>Tutti i chiusini sono forniti con gli attrezzi per l&#8217;apertura.<\/p>\n","protected":false},"featured_media":6197,"comment_status":"open","ping_status":"closed","template":"","meta":[],"product_brand":[],"product_cat":[482,483],"product_tag":[],"class_list":{"0":"post-9793","1":"product","2":"type-product","3":"status-publish","4":"has-post-thumbnail","6":"product_cat-chiusini-a-tenuta-stagna","7":"product_cat-chiusini-a-tenuta-stagna-in-acciaio-inox","8":"pa_dimensiones-30x30","9":"pa_dimensiones-40x40","10":"pa_dimensiones-50x50","11":"pa_dimensiones-60x60","12":"pa_dimensiones-70x70","14":"first","15":"instock","16":"taxable","17":"shipping-taxable","18":"purchasable","19":"product-type-variable"},"yoast_head":"<!-- This site is optimized with the Yoast SEO plugin v27.1.1 - https:\/\/yoast.com\/product\/yoast-seo-wordpress\/ -->\n<title>Chiusino a tenuta liscio con pozzetto sifonico centrale in acciaio inossidabile<\/title>\n<meta name=\"description\" content=\"Massima igiene, facile pulizia e resistenza per ogni tipo di drenaggio. Conformit\u00e0 normativa e alta durabilit\u00e0. Consulta le misure. Informati!\" \/>\n<meta name=\"robots\" content=\"index, follow, max-snippet:-1, max-image-preview:large, max-video-preview:-1\" \/>\n<link rel=\"canonical\" href=\"https:\/\/inzainox.com\/it\/prodotto\/chiusino-a-tenuta-liscio-in-acciaio-inossidabile-aisi304-con-pozzetto-sifonico-centrale\/\" \/>\n<meta property=\"og:locale\" content=\"it_IT\" \/>\n<meta property=\"og:type\" content=\"article\" \/>\n<meta property=\"og:title\" content=\"Chiusino a tenuta liscio con pozzetto sifonico centrale in acciaio inossidabile\" \/>\n<meta property=\"og:description\" content=\"Massima igiene, facile pulizia e resistenza per ogni tipo di drenaggio. Conformit\u00e0 normativa e alta durabilit\u00e0. Consulta le misure. Informati!\" \/>\n<meta property=\"og:url\" content=\"https:\/\/inzainox.com\/it\/prodotto\/chiusino-a-tenuta-liscio-in-acciaio-inossidabile-aisi304-con-pozzetto-sifonico-centrale\/\" \/>\n<meta property=\"og:site_name\" content=\"Canaline e chiusini in acciaio inox Inza. Drenaggio inox per l&#039;industria\" \/>\n<meta property=\"article:modified_time\" content=\"2026-03-30T13:35:21+00:00\" \/>\n<meta property=\"og:image\" content=\"https:\/\/inzainox.com\/wp-content\/uploads\/2026\/03\/tapa-estanca-lisa-acero-inoxidable-con-sumidero-sifonico-central.jpg\" \/>\n\t<meta property=\"og:image:width\" content=\"2368\" \/>\n\t<meta property=\"og:image:height\" content=\"1792\" \/>\n\t<meta property=\"og:image:type\" content=\"image\/jpeg\" \/>\n<meta name=\"twitter:card\" content=\"summary_large_image\" \/>\n<meta name=\"twitter:label1\" content=\"Tempo di lettura stimato\" \/>\n\t<meta name=\"twitter:data1\" content=\"1 minuto\" \/>\n<!-- \/ Yoast SEO plugin. -->","yoast_head_json":{"title":"Chiusino a tenuta liscio con pozzetto sifonico centrale in acciaio inossidabile","description":"Massima igiene, facile pulizia e resistenza per ogni tipo di drenaggio. Conformit\u00e0 normativa e alta durabilit\u00e0. Consulta le misure. Informati!","robots":{"index":"index","follow":"follow","max-snippet":"max-snippet:-1","max-image-preview":"max-image-preview:large","max-video-preview":"max-video-preview:-1"},"canonical":"https:\/\/inzainox.com\/it\/prodotto\/chiusino-a-tenuta-liscio-in-acciaio-inossidabile-aisi304-con-pozzetto-sifonico-centrale\/","og_locale":"it_IT","og_type":"article","og_title":"Chiusino a tenuta liscio con pozzetto sifonico centrale in acciaio inossidabile","og_description":"Massima igiene, facile pulizia e resistenza per ogni tipo di drenaggio. Conformit\u00e0 normativa e alta durabilit\u00e0. Consulta le misure. Informati!","og_url":"https:\/\/inzainox.com\/it\/prodotto\/chiusino-a-tenuta-liscio-in-acciaio-inossidabile-aisi304-con-pozzetto-sifonico-centrale\/","og_site_name":"Canaline e chiusini in acciaio inox Inza. Drenaggio inox per l'industria","article_modified_time":"2026-03-30T13:35:21+00:00","og_image":[{"width":2368,"height":1792,"url":"https:\/\/inzainox.com\/wp-content\/uploads\/2026\/03\/tapa-estanca-lisa-acero-inoxidable-con-sumidero-sifonico-central.jpg","type":"image\/jpeg"}],"twitter_card":"summary_large_image","twitter_misc":{"Tempo di lettura stimato":"1 minuto"},"schema":{"@context":"https:\/\/schema.org","@graph":[{"@type":"WebPage","@id":"https:\/\/inzainox.com\/it\/prodotto\/chiusino-a-tenuta-liscio-in-acciaio-inossidabile-aisi304-con-pozzetto-sifonico-centrale\/","url":"https:\/\/inzainox.com\/it\/prodotto\/chiusino-a-tenuta-liscio-in-acciaio-inossidabile-aisi304-con-pozzetto-sifonico-centrale\/","name":"Chiusino a tenuta liscio con pozzetto sifonico centrale in acciaio inossidabile","isPartOf":{"@id":"https:\/\/inzainox.com\/it\/#website"},"primaryImageOfPage":{"@id":"https:\/\/inzainox.com\/it\/prodotto\/chiusino-a-tenuta-liscio-in-acciaio-inossidabile-aisi304-con-pozzetto-sifonico-centrale\/#primaryimage"},"image":{"@id":"https:\/\/inzainox.com\/it\/prodotto\/chiusino-a-tenuta-liscio-in-acciaio-inossidabile-aisi304-con-pozzetto-sifonico-centrale\/#primaryimage"},"thumbnailUrl":"https:\/\/inzainox.com\/wp-content\/uploads\/2026\/03\/tapa-estanca-lisa-acero-inoxidable-con-sumidero-sifonico-central.jpg","datePublished":"2026-03-04T16:50:11+00:00","dateModified":"2026-03-30T13:35:21+00:00","description":"Massima igiene, facile pulizia e resistenza per ogni tipo di drenaggio. Conformit\u00e0 normativa e alta durabilit\u00e0. Consulta le misure. Informati!","breadcrumb":{"@id":"https:\/\/inzainox.com\/it\/prodotto\/chiusino-a-tenuta-liscio-in-acciaio-inossidabile-aisi304-con-pozzetto-sifonico-centrale\/#breadcrumb"},"inLanguage":"it-IT","potentialAction":[{"@type":"ReadAction","target":["https:\/\/inzainox.com\/it\/prodotto\/chiusino-a-tenuta-liscio-in-acciaio-inossidabile-aisi304-con-pozzetto-sifonico-centrale\/"]}]},{"@type":"ImageObject","inLanguage":"it-IT","@id":"https:\/\/inzainox.com\/it\/prodotto\/chiusino-a-tenuta-liscio-in-acciaio-inossidabile-aisi304-con-pozzetto-sifonico-centrale\/#primaryimage","url":"https:\/\/inzainox.com\/wp-content\/uploads\/2026\/03\/tapa-estanca-lisa-acero-inoxidable-con-sumidero-sifonico-central.jpg","contentUrl":"https:\/\/inzainox.com\/wp-content\/uploads\/2026\/03\/tapa-estanca-lisa-acero-inoxidable-con-sumidero-sifonico-central.jpg","width":2368,"height":1792,"caption":"Tapa estanca lisa de acero inoxidable con sumidero sif\u00f3nico central y rejilla para sistemas de drenaje industrial y alimentario. Registro estanco de acero inoxidable liso con desag\u00fce sif\u00f3nico. Tapa de inspecci\u00f3n para saneamiento industrial dise\u00f1ada para evitar olores y garantizar la estanqueidad en zonas con altos requisitos de higiene"},{"@type":"BreadcrumbList","@id":"https:\/\/inzainox.com\/it\/prodotto\/chiusino-a-tenuta-liscio-in-acciaio-inossidabile-aisi304-con-pozzetto-sifonico-centrale\/#breadcrumb","itemListElement":[{"@type":"ListItem","position":1,"name":"Home","item":"https:\/\/inzainox.com\/it\/nuova-home\/"},{"@type":"ListItem","position":2,"name":"Negozio Inza","item":"https:\/\/inzainox.com\/it\/negozio-inza\/"},{"@type":"ListItem","position":3,"name":"Chiusino a tenuta liscio in acciaio inossidabile AISI304 con pozzetto sifonico centrale"}]},{"@type":"WebSite","@id":"https:\/\/inzainox.com\/it\/#website","url":"https:\/\/inzainox.com\/it\/","name":"Canaline e chiusini in acciaio inox Inza. Drenaggio inox per l'industria","description":"Drenaggio in acciaio inox per l'industria","publisher":{"@id":"https:\/\/inzainox.com\/it\/#organization"},"alternateName":"Inza Inox","potentialAction":[{"@type":"SearchAction","target":{"@type":"EntryPoint","urlTemplate":"https:\/\/inzainox.com\/it\/?s={search_term_string}"},"query-input":{"@type":"PropertyValueSpecification","valueRequired":true,"valueName":"search_term_string"}}],"inLanguage":"it-IT"},{"@type":"Organization","@id":"https:\/\/inzainox.com\/it\/#organization","name":"Inza Inox S.L.","alternateName":"Inza","url":"https:\/\/inzainox.com\/it\/","logo":{"@type":"ImageObject","inLanguage":"it-IT","@id":"https:\/\/inzainox.com\/it\/#\/schema\/logo\/image\/","url":"https:\/\/inzainox.com\/wp-content\/uploads\/2020\/05\/cropped-NUEVA-INZA-2-5.png","contentUrl":"https:\/\/inzainox.com\/wp-content\/uploads\/2020\/05\/cropped-NUEVA-INZA-2-5.png","width":549,"height":264,"caption":"Inza Inox S.L."},"image":{"@id":"https:\/\/inzainox.com\/it\/#\/schema\/logo\/image\/"}}]}},"_links":{"self":[{"href":"https:\/\/inzainox.com\/it\/wp-json\/wp\/v2\/product\/9793","targetHints":{"allow":["GET"]}}],"collection":[{"href":"https:\/\/inzainox.com\/it\/wp-json\/wp\/v2\/product"}],"about":[{"href":"https:\/\/inzainox.com\/it\/wp-json\/wp\/v2\/types\/product"}],"replies":[{"embeddable":true,"href":"https:\/\/inzainox.com\/it\/wp-json\/wp\/v2\/comments?post=9793"}],"version-history":[{"count":1,"href":"https:\/\/inzainox.com\/it\/wp-json\/wp\/v2\/product\/9793\/revisions"}],"predecessor-version":[{"id":9801,"href":"https:\/\/inzainox.com\/it\/wp-json\/wp\/v2\/product\/9793\/revisions\/9801"}],"wp:featuredmedia":[{"embeddable":true,"href":"https:\/\/inzainox.com\/it\/wp-json\/wp\/v2\/media\/6197"}],"wp:attachment":[{"href":"https:\/\/inzainox.com\/it\/wp-json\/wp\/v2\/media?parent=9793"}],"wp:term":[{"taxonomy":"product_brand","embeddable":true,"href":"https:\/\/inzainox.com\/it\/wp-json\/wp\/v2\/product_brand?post=9793"},{"taxonomy":"product_cat","embeddable":true,"href":"https:\/\/inzainox.com\/it\/wp-json\/wp\/v2\/product_cat?post=9793"},{"taxonomy":"product_tag","embeddable":true,"href":"https:\/\/inzainox.com\/it\/wp-json\/wp\/v2\/product_tag?post=9793"}],"curies":[{"name":"wp","href":"https:\/\/api.w.org\/{rel}","templated":true}]}}