{"id":9376,"date":"2025-04-18T07:01:17","date_gmt":"2025-04-18T07:01:17","guid":{"rendered":"https:\/\/inzainox.com\/producto\/canaline-per-cucina-in-acciaio-inox\/"},"modified":"2026-03-30T13:32:30","modified_gmt":"2026-03-30T13:32:30","slug":"canaline-per-cucina-in-acciaio-inox","status":"publish","type":"product","link":"https:\/\/inzainox.com\/it\/prodotto\/canaline-per-cucina-in-acciaio-inox\/","title":{"rendered":"Canaline per cucina in acciaio inox"},"content":{"rendered":"\t\t<div data-elementor-type=\"wp-post\" data-elementor-id=\"9376\" class=\"elementor elementor-9376 elementor-4424\">\n\t\t\t\t<div class=\"elementor-element elementor-element-156c8aaf e-flex e-con-boxed e-con e-parent\" data-id=\"156c8aaf\" data-element_type=\"container\" data-e-type=\"container\">\n\t\t\t\t\t<div class=\"e-con-inner\">\n\t\t\t\t<div class=\"elementor-element elementor-element-69cbc51d elementor-widget elementor-widget-text-editor\" data-id=\"69cbc51d\" data-element_type=\"widget\" data-e-type=\"widget\" data-widget_type=\"text-editor.default\">\n\t\t\t\t<div class=\"elementor-widget-container\">\n\t\t\t\t\t\t\t\t\t<p>Canali da cucina in acciaio inox AISI 304 o AISI 316. Con sifone estraibile e cestello di raccolta solidi. Con griglie a maglia realizzate in acciaio inox.  <\/p><p>Realizzati in diverse larghezze e lunghezze. Disponiamo di una gamma standard con stock delle referenze pi\u00f9 comuni e realizziamo su misura il canale di cui ha bisogno la tua attivit\u00e0. <\/p><p>I canali da cucina Inza hanno un\u2019elevata capacit\u00e0 idraulica. Di norma sono canali a bassa altezza per facilitarne l\u2019installazione su un solaio. Le uscite possono essere verticali o orizzontali con diametri D160, 110 e 75 mm. Possiamo posizionare l\u2019uscita a un\u2019estremit\u00e0 del canale o spostarla dove ti \u00e8 pi\u00f9 comodo. I canali sono realizzati con fondo a \u201cV\u201d per migliorare il comportamento idraulico e facilitarne l\u2019autopulizia. Sono canali con pendenza incorporata, cos\u00ec i liquidi restano il meno possibile nel canale e raggiungono lo scarico nel minor tempo possibile; in questo modo le cucine risultano pi\u00f9 asciutte e meglio drenate, evitando rischi di focolai di contaminazione. I canali in acciaio inox sono molto durevoli e progettati appositamente per essere puliti con il minimo sforzo, garantendo una manutenzione perfetta.      <\/p><p>Disponiamo di diversi tipi di griglie per applicazioni in cui i canali verranno installati in zone con traffico di veicoli o attivit\u00e0 industriale.<\/p><p>Possiamo realizzare i canali con finiture appositamente progettate per adattarsi a contesti specifici, come canali con serraggio per pavimenti vinilici. Possiamo realizzare i canali con un\u2019ala per ricevere l\u2019impermeabilizzazione nel canale o nell\u2019uscita. <\/p><p>Disponiamo di canali con lunghezze standard di 1000, 1500 e 2000 mm, ma possiamo realizzarli con la lunghezza che ti serve. A partire da 3000 mm i canali vengono inviati in cantiere a moduli, assemblati tramite giunzioni stagne con guarnizioni e viti in acciaio inox. <\/p><p>Sia i nostri canali sia le nostre griglie ricevono un trattamento finale di decapaggio.<\/p>\t\t\t\t\t\t\t\t<\/div>\n\t\t\t\t<\/div>\n\t\t\t\t\t<\/div>\n\t\t\t\t<\/div>\n\t\t\t\t<\/div>\n\t\t","protected":false},"excerpt":{"rendered":"<p>Canali da cucina in acciaio inox AISI 304 o AISI 316. Con sifone estraibile e cestello di raccolta solidi. Con griglie a maglia realizzate in acciaio inox.  <\/p>\n<p>Realizzati in diverse larghezze e lunghezze. Disponiamo di una gamma standard con stock delle referenze pi\u00f9 comuni e realizziamo su misura il canale di cui ha bisogno la tua attivit\u00e0. <\/p>\n","protected":false},"featured_media":3976,"comment_status":"open","ping_status":"closed","template":"","meta":[],"product_brand":[],"product_cat":[556,530],"product_tag":[],"class_list":{"0":"post-9376","1":"product","2":"type-product","3":"status-publish","4":"has-post-thumbnail","6":"product_cat-canali-per-cucina","7":"product_cat-canaline-di-drenaggio-con-griglia","9":"first","10":"instock","11":"taxable","12":"shipping-taxable","13":"purchasable","14":"product-type-variable"},"yoast_head":"<!-- This site is optimized with the Yoast SEO plugin v27.1.1 - https:\/\/yoast.com\/product\/yoast-seo-wordpress\/ -->\n<title>Canalina per cucina in acciaio inox<\/title>\n<meta name=\"description\" content=\"Canali da cucina in acciaio inox con diverse altezze e larghezze. Con sifone estraibile e cestello di raccolta solidi. Disponibilit\u00e0 a stock in base alle misure\" \/>\n<meta name=\"robots\" content=\"index, follow, max-snippet:-1, max-image-preview:large, max-video-preview:-1\" \/>\n<link rel=\"canonical\" href=\"https:\/\/inzainox.com\/it\/prodotto\/canaline-per-cucina-in-acciaio-inox\/\" \/>\n<meta property=\"og:locale\" content=\"it_IT\" \/>\n<meta property=\"og:type\" content=\"article\" \/>\n<meta property=\"og:title\" content=\"Canalina per cucina in acciaio inox\" \/>\n<meta property=\"og:description\" content=\"Canali da cucina in acciaio inox con diverse altezze e larghezze. Con sifone estraibile e cestello di raccolta solidi. Disponibilit\u00e0 a stock in base alle misure\" \/>\n<meta property=\"og:url\" content=\"https:\/\/inzainox.com\/it\/prodotto\/canaline-per-cucina-in-acciaio-inox\/\" \/>\n<meta property=\"og:site_name\" content=\"Canaline e chiusini in acciaio inox Inza. Drenaggio inox per l&#039;industria\" \/>\n<meta property=\"article:modified_time\" content=\"2026-03-30T13:32:30+00:00\" \/>\n<meta property=\"og:image\" content=\"https:\/\/inzainox.com\/wp-content\/uploads\/2025\/03\/RV3.20.jpg\" \/>\n\t<meta property=\"og:image:width\" content=\"1600\" \/>\n\t<meta property=\"og:image:height\" content=\"905\" \/>\n\t<meta property=\"og:image:type\" content=\"image\/jpeg\" \/>\n<meta name=\"twitter:card\" content=\"summary_large_image\" \/>\n<meta name=\"twitter:label1\" content=\"Tempo di lettura stimato\" \/>\n\t<meta name=\"twitter:data1\" content=\"1 minuto\" \/>\n<!-- \/ Yoast SEO plugin. -->","yoast_head_json":{"title":"Canalina per cucina in acciaio inox","description":"Canali da cucina in acciaio inox con diverse altezze e larghezze. Con sifone estraibile e cestello di raccolta solidi. Disponibilit\u00e0 a stock in base alle misure","robots":{"index":"index","follow":"follow","max-snippet":"max-snippet:-1","max-image-preview":"max-image-preview:large","max-video-preview":"max-video-preview:-1"},"canonical":"https:\/\/inzainox.com\/it\/prodotto\/canaline-per-cucina-in-acciaio-inox\/","og_locale":"it_IT","og_type":"article","og_title":"Canalina per cucina in acciaio inox","og_description":"Canali da cucina in acciaio inox con diverse altezze e larghezze. Con sifone estraibile e cestello di raccolta solidi. Disponibilit\u00e0 a stock in base alle misure","og_url":"https:\/\/inzainox.com\/it\/prodotto\/canaline-per-cucina-in-acciaio-inox\/","og_site_name":"Canaline e chiusini in acciaio inox Inza. Drenaggio inox per l'industria","article_modified_time":"2026-03-30T13:32:30+00:00","og_image":[{"width":1600,"height":905,"url":"https:\/\/inzainox.com\/wp-content\/uploads\/2025\/03\/RV3.20.jpg","type":"image\/jpeg"}],"twitter_card":"summary_large_image","twitter_misc":{"Tempo di lettura stimato":"1 minuto"},"schema":{"@context":"https:\/\/schema.org","@graph":[{"@type":"WebPage","@id":"https:\/\/inzainox.com\/it\/prodotto\/canaline-per-cucina-in-acciaio-inox\/","url":"https:\/\/inzainox.com\/it\/prodotto\/canaline-per-cucina-in-acciaio-inox\/","name":"Canalina per cucina in acciaio inox","isPartOf":{"@id":"https:\/\/inzainox.com\/it\/#website"},"primaryImageOfPage":{"@id":"https:\/\/inzainox.com\/it\/prodotto\/canaline-per-cucina-in-acciaio-inox\/#primaryimage"},"image":{"@id":"https:\/\/inzainox.com\/it\/prodotto\/canaline-per-cucina-in-acciaio-inox\/#primaryimage"},"thumbnailUrl":"https:\/\/inzainox.com\/wp-content\/uploads\/2025\/03\/RV3.20.jpg","datePublished":"2025-04-18T07:01:17+00:00","dateModified":"2026-03-30T13:32:30+00:00","description":"Canali da cucina in acciaio inox con diverse altezze e larghezze. Con sifone estraibile e cestello di raccolta solidi. Disponibilit\u00e0 a stock in base alle misure","breadcrumb":{"@id":"https:\/\/inzainox.com\/it\/prodotto\/canaline-per-cucina-in-acciaio-inox\/#breadcrumb"},"inLanguage":"it-IT","potentialAction":[{"@type":"ReadAction","target":["https:\/\/inzainox.com\/it\/prodotto\/canaline-per-cucina-in-acciaio-inox\/"]}]},{"@type":"ImageObject","inLanguage":"it-IT","@id":"https:\/\/inzainox.com\/it\/prodotto\/canaline-per-cucina-in-acciaio-inox\/#primaryimage","url":"https:\/\/inzainox.com\/wp-content\/uploads\/2025\/03\/RV3.20.jpg","contentUrl":"https:\/\/inzainox.com\/wp-content\/uploads\/2025\/03\/RV3.20.jpg","width":1600,"height":905,"caption":"Canale cucina in acciaio inox Inza"},{"@type":"BreadcrumbList","@id":"https:\/\/inzainox.com\/it\/prodotto\/canaline-per-cucina-in-acciaio-inox\/#breadcrumb","itemListElement":[{"@type":"ListItem","position":1,"name":"Home","item":"https:\/\/inzainox.com\/it\/nuova-home\/"},{"@type":"ListItem","position":2,"name":"Negozio Inza","item":"https:\/\/inzainox.com\/it\/negozio-inza\/"},{"@type":"ListItem","position":3,"name":"Canaline per cucina in acciaio inox"}]},{"@type":"WebSite","@id":"https:\/\/inzainox.com\/it\/#website","url":"https:\/\/inzainox.com\/it\/","name":"Canaline e chiusini in acciaio inox Inza. Drenaggio inox per l'industria","description":"Drenaggio in acciaio inox per l'industria","publisher":{"@id":"https:\/\/inzainox.com\/it\/#organization"},"alternateName":"Inza Inox","potentialAction":[{"@type":"SearchAction","target":{"@type":"EntryPoint","urlTemplate":"https:\/\/inzainox.com\/it\/?s={search_term_string}"},"query-input":{"@type":"PropertyValueSpecification","valueRequired":true,"valueName":"search_term_string"}}],"inLanguage":"it-IT"},{"@type":"Organization","@id":"https:\/\/inzainox.com\/it\/#organization","name":"Inza Inox S.L.","alternateName":"Inza","url":"https:\/\/inzainox.com\/it\/","logo":{"@type":"ImageObject","inLanguage":"it-IT","@id":"https:\/\/inzainox.com\/it\/#\/schema\/logo\/image\/","url":"https:\/\/inzainox.com\/wp-content\/uploads\/2020\/05\/cropped-NUEVA-INZA-2-5.png","contentUrl":"https:\/\/inzainox.com\/wp-content\/uploads\/2020\/05\/cropped-NUEVA-INZA-2-5.png","width":549,"height":264,"caption":"Inza Inox S.L."},"image":{"@id":"https:\/\/inzainox.com\/it\/#\/schema\/logo\/image\/"}}]}},"_links":{"self":[{"href":"https:\/\/inzainox.com\/it\/wp-json\/wp\/v2\/product\/9376","targetHints":{"allow":["GET"]}}],"collection":[{"href":"https:\/\/inzainox.com\/it\/wp-json\/wp\/v2\/product"}],"about":[{"href":"https:\/\/inzainox.com\/it\/wp-json\/wp\/v2\/types\/product"}],"replies":[{"embeddable":true,"href":"https:\/\/inzainox.com\/it\/wp-json\/wp\/v2\/comments?post=9376"}],"version-history":[{"count":1,"href":"https:\/\/inzainox.com\/it\/wp-json\/wp\/v2\/product\/9376\/revisions"}],"predecessor-version":[{"id":9414,"href":"https:\/\/inzainox.com\/it\/wp-json\/wp\/v2\/product\/9376\/revisions\/9414"}],"wp:featuredmedia":[{"embeddable":true,"href":"https:\/\/inzainox.com\/it\/wp-json\/wp\/v2\/media\/3976"}],"wp:attachment":[{"href":"https:\/\/inzainox.com\/it\/wp-json\/wp\/v2\/media?parent=9376"}],"wp:term":[{"taxonomy":"product_brand","embeddable":true,"href":"https:\/\/inzainox.com\/it\/wp-json\/wp\/v2\/product_brand?post=9376"},{"taxonomy":"product_cat","embeddable":true,"href":"https:\/\/inzainox.com\/it\/wp-json\/wp\/v2\/product_cat?post=9376"},{"taxonomy":"product_tag","embeddable":true,"href":"https:\/\/inzainox.com\/it\/wp-json\/wp\/v2\/product_tag?post=9376"}],"curies":[{"name":"wp","href":"https:\/\/api.w.org\/{rel}","templated":true}]}}