{"id":8291,"date":"2023-12-11T16:21:52","date_gmt":"2023-12-11T16:21:52","guid":{"rendered":"https:\/\/inzainox.com\/producto\/canaline-di-drenaggio-inza-pd-in-calcestruzzo-polimerico-per-traffico-pesante\/"},"modified":"2026-03-29T23:44:17","modified_gmt":"2026-03-29T23:44:17","slug":"canaline-di-drenaggio-inza-pd-in-calcestruzzo-polimerico-per-traffico-pesante","status":"publish","type":"product","link":"https:\/\/inzainox.com\/it\/prodotto\/canaline-di-drenaggio-inza-pd-in-calcestruzzo-polimerico-per-traffico-pesante\/","title":{"rendered":"Canaline di drenaggio INZA PD in calcestruzzo polimerico per traffico pesante"},"content":{"rendered":"\t\t<div data-elementor-type=\"wp-post\" data-elementor-id=\"8291\" class=\"elementor elementor-8291 elementor-3207\">\n\t\t\t\t<div class=\"elementor-element elementor-element-55da888c e-flex e-con-boxed e-con e-parent\" data-id=\"55da888c\" data-element_type=\"container\" data-e-type=\"container\">\n\t\t\t\t\t<div class=\"e-con-inner\">\n\t\t\t\t<div class=\"elementor-element elementor-element-63282da8 elementor-widget elementor-widget-text-editor\" data-id=\"63282da8\" data-element_type=\"widget\" data-e-type=\"widget\" data-widget_type=\"text-editor.default\">\n\t\t\t\t<div class=\"elementor-widget-container\">\n\t\t\t\t\t\t\t\t\t<p>Canalina di drenaggio INZA PD in calcestruzzo polimerico con griglia in ghisa D400 per traffico pesante di camion. Di larghezza esterna 130, 200, 250, 300 e 350 mm. Griglie avvitate su profili laterali in acciaio. Sono canaline prefabbricate per realizzare un&#8217;installazione interrata in cantiere e raccogliere l&#8217;acqua di scorrimento di piattaforme pavimentate mediante un sistema di pendenze a 2 acque semplificando la loro installazione rispetto ai sistemi convenzionali di pozzetti puntuali o caditoie. Le canaline con griglia per camion hanno una resistenza straordinaria e possono raccogliere acqua in quelle zone suscettibili di essere calpestate da camion.<br>Una canalina con griglia per il traffico di camion si unisce alla successiva mediante incastro maschio-femmina che pu\u00f2 essere sigillato per ottenere un collegamento stagna. Tutti i pezzi hanno premarcature per poter aprire uscite di diversi diametri per poterli collegare a tubazioni di evacuazione.<br>Esistono altre canaline di diverse larghezze e con griglie con diverse classi di carico. Le griglie in ghisa duttile D400 sono fabbricate per sopportare carichi di camion. Hanno una lunghezza di 500 mm e sono avvitate al corpo della canalina in calcestruzzo polimerico mediante 4 viti. Le griglie in ghisa duttile hanno una finitura con vernice nera di grande resistenza. Le canaline in calcestruzzo polimerico sono fabbricate in tratti da 1000 mm per cui portano 2 griglie per unit\u00e0. Il calcestruzzo polimerico \u00e8 una miscela di inerti con resine che conferisce alla canalina una grande resistenza con un peso minore. Inoltre la superficie non \u00e8 porosa per cui si evitano problemi di erosione con i liquidi che drena. Le resine della miscela forniscono alle canaline un coefficiente di rugosit\u00e0 molto basso per cui la velocit\u00e0 di drenaggio aumenta ottenendo migliori risultati nella capacit\u00e0 idraulica delle canaline, necessitando di dimensioni minori per evacuare la stessa portata, oltre a provocare un maggiore trascinamento di sedimenti in un effetto di autopulizia.            <\/p><p> <\/p>\t\t\t\t\t\t\t\t<\/div>\n\t\t\t\t<\/div>\n\t\t\t\t\t<\/div>\n\t\t\t\t<\/div>\n\t\t\t\t<\/div>\n\t\t","protected":false},"excerpt":{"rendered":"<p>Canalina di drenaggio in calcestruzzo polimerico PD con 2 griglie in ghisa classe di carico D400 per traffico pesante di camion. Le canaline hanno diverse dimensioni in funzione della capacit\u00e0 idraulica richiesta. Con profili laterali in acciaio per il supporto di 2 griglie in ghisa duttile avvitate. I collegamenti tra le canaline avvengono tramite incastro maschio-femmina dei corpi delle canaline in calcestruzzo polimerico alle estremit\u00e0.   <\/p>\n","protected":false},"featured_media":3191,"comment_status":"open","ping_status":"closed","template":"","meta":[],"product_brand":[],"product_cat":[530,531],"product_tag":[],"class_list":{"0":"post-8291","1":"product","2":"type-product","3":"status-publish","4":"has-post-thumbnail","6":"product_cat-canaline-di-drenaggio-con-griglia","7":"product_cat-canaline-in-calcestruzzo-polimerico","9":"first","10":"instock","11":"taxable","12":"shipping-taxable","13":"purchasable","14":"product-type-variable"},"yoast_head":"<!-- This site is optimized with the Yoast SEO plugin v27.1.1 - https:\/\/yoast.com\/product\/yoast-seo-wordpress\/ -->\n<title>Canalina in calcestruzzo polimerico per traffico pesante<\/title>\n<meta name=\"description\" content=\"Disponibile. Canalina di drenaggio con griglia per traffico pesante. Realizzata in calcestruzzo polimerico, con griglia in ghisa duttile. Diverse larghezze e altezze.\" \/>\n<meta name=\"robots\" content=\"index, follow, max-snippet:-1, max-image-preview:large, max-video-preview:-1\" \/>\n<link rel=\"canonical\" href=\"https:\/\/inzainox.com\/it\/prodotto\/canaline-di-drenaggio-inza-pd-in-calcestruzzo-polimerico-per-traffico-pesante\/\" \/>\n<meta property=\"og:locale\" content=\"it_IT\" \/>\n<meta property=\"og:type\" content=\"article\" \/>\n<meta property=\"og:title\" content=\"Canalina in calcestruzzo polimerico per traffico pesante\" \/>\n<meta property=\"og:description\" content=\"Disponibile. Canalina di drenaggio con griglia per traffico pesante. Realizzata in calcestruzzo polimerico, con griglia in ghisa duttile. Diverse larghezze e altezze.\" \/>\n<meta property=\"og:url\" content=\"https:\/\/inzainox.com\/it\/prodotto\/canaline-di-drenaggio-inza-pd-in-calcestruzzo-polimerico-per-traffico-pesante\/\" \/>\n<meta property=\"og:site_name\" content=\"Canaline e chiusini in acciaio inox Inza. Drenaggio inox per l&#039;industria\" \/>\n<meta property=\"article:modified_time\" content=\"2026-03-29T23:44:17+00:00\" \/>\n<meta property=\"og:image\" content=\"https:\/\/inzainox.com\/wp-content\/uploads\/2023\/12\/P100.jpg\" \/>\n\t<meta property=\"og:image:width\" content=\"630\" \/>\n\t<meta property=\"og:image:height\" content=\"438\" \/>\n\t<meta property=\"og:image:type\" content=\"image\/jpeg\" \/>\n<meta name=\"twitter:card\" content=\"summary_large_image\" \/>\n<meta name=\"twitter:label1\" content=\"Tempo di lettura stimato\" \/>\n\t<meta name=\"twitter:data1\" content=\"1 minuto\" \/>\n<!-- \/ Yoast SEO plugin. -->","yoast_head_json":{"title":"Canalina in calcestruzzo polimerico per traffico pesante","description":"Disponibile. Canalina di drenaggio con griglia per traffico pesante. Realizzata in calcestruzzo polimerico, con griglia in ghisa duttile. Diverse larghezze e altezze.","robots":{"index":"index","follow":"follow","max-snippet":"max-snippet:-1","max-image-preview":"max-image-preview:large","max-video-preview":"max-video-preview:-1"},"canonical":"https:\/\/inzainox.com\/it\/prodotto\/canaline-di-drenaggio-inza-pd-in-calcestruzzo-polimerico-per-traffico-pesante\/","og_locale":"it_IT","og_type":"article","og_title":"Canalina in calcestruzzo polimerico per traffico pesante","og_description":"Disponibile. Canalina di drenaggio con griglia per traffico pesante. Realizzata in calcestruzzo polimerico, con griglia in ghisa duttile. Diverse larghezze e altezze.","og_url":"https:\/\/inzainox.com\/it\/prodotto\/canaline-di-drenaggio-inza-pd-in-calcestruzzo-polimerico-per-traffico-pesante\/","og_site_name":"Canaline e chiusini in acciaio inox Inza. Drenaggio inox per l'industria","article_modified_time":"2026-03-29T23:44:17+00:00","og_image":[{"width":630,"height":438,"url":"https:\/\/inzainox.com\/wp-content\/uploads\/2023\/12\/P100.jpg","type":"image\/jpeg"}],"twitter_card":"summary_large_image","twitter_misc":{"Tempo di lettura stimato":"1 minuto"},"schema":{"@context":"https:\/\/schema.org","@graph":[{"@type":"WebPage","@id":"https:\/\/inzainox.com\/it\/prodotto\/canaline-di-drenaggio-inza-pd-in-calcestruzzo-polimerico-per-traffico-pesante\/","url":"https:\/\/inzainox.com\/it\/prodotto\/canaline-di-drenaggio-inza-pd-in-calcestruzzo-polimerico-per-traffico-pesante\/","name":"Canalina in calcestruzzo polimerico per traffico pesante","isPartOf":{"@id":"https:\/\/inzainox.com\/it\/#website"},"primaryImageOfPage":{"@id":"https:\/\/inzainox.com\/it\/prodotto\/canaline-di-drenaggio-inza-pd-in-calcestruzzo-polimerico-per-traffico-pesante\/#primaryimage"},"image":{"@id":"https:\/\/inzainox.com\/it\/prodotto\/canaline-di-drenaggio-inza-pd-in-calcestruzzo-polimerico-per-traffico-pesante\/#primaryimage"},"thumbnailUrl":"https:\/\/inzainox.com\/wp-content\/uploads\/2023\/12\/P100.jpg","datePublished":"2023-12-11T16:21:52+00:00","dateModified":"2026-03-29T23:44:17+00:00","description":"Disponibile. Canalina di drenaggio con griglia per traffico pesante. Realizzata in calcestruzzo polimerico, con griglia in ghisa duttile. Diverse larghezze e altezze.","breadcrumb":{"@id":"https:\/\/inzainox.com\/it\/prodotto\/canaline-di-drenaggio-inza-pd-in-calcestruzzo-polimerico-per-traffico-pesante\/#breadcrumb"},"inLanguage":"it-IT","potentialAction":[{"@type":"ReadAction","target":["https:\/\/inzainox.com\/it\/prodotto\/canaline-di-drenaggio-inza-pd-in-calcestruzzo-polimerico-per-traffico-pesante\/"]}]},{"@type":"ImageObject","inLanguage":"it-IT","@id":"https:\/\/inzainox.com\/it\/prodotto\/canaline-di-drenaggio-inza-pd-in-calcestruzzo-polimerico-per-traffico-pesante\/#primaryimage","url":"https:\/\/inzainox.com\/wp-content\/uploads\/2023\/12\/P100.jpg","contentUrl":"https:\/\/inzainox.com\/wp-content\/uploads\/2023\/12\/P100.jpg","width":630,"height":438,"caption":"Canal de hormig\u00f3n pol\u00edmero y rejas de fundici\u00f3n d\u00factil para tr\u00e1fico rodado"},{"@type":"BreadcrumbList","@id":"https:\/\/inzainox.com\/it\/prodotto\/canaline-di-drenaggio-inza-pd-in-calcestruzzo-polimerico-per-traffico-pesante\/#breadcrumb","itemListElement":[{"@type":"ListItem","position":1,"name":"Home","item":"https:\/\/inzainox.com\/it\/nuova-home\/"},{"@type":"ListItem","position":2,"name":"Negozio Inza","item":"https:\/\/inzainox.com\/it\/negozio-inza\/"},{"@type":"ListItem","position":3,"name":"Canaline di drenaggio INZA PD in calcestruzzo polimerico per traffico pesante"}]},{"@type":"WebSite","@id":"https:\/\/inzainox.com\/it\/#website","url":"https:\/\/inzainox.com\/it\/","name":"Canaline e chiusini in acciaio inox Inza. Drenaggio inox per l'industria","description":"Drenaggio in acciaio inox per l'industria","publisher":{"@id":"https:\/\/inzainox.com\/it\/#organization"},"alternateName":"Inza Inox","potentialAction":[{"@type":"SearchAction","target":{"@type":"EntryPoint","urlTemplate":"https:\/\/inzainox.com\/it\/?s={search_term_string}"},"query-input":{"@type":"PropertyValueSpecification","valueRequired":true,"valueName":"search_term_string"}}],"inLanguage":"it-IT"},{"@type":"Organization","@id":"https:\/\/inzainox.com\/it\/#organization","name":"Inza Inox S.L.","alternateName":"Inza","url":"https:\/\/inzainox.com\/it\/","logo":{"@type":"ImageObject","inLanguage":"it-IT","@id":"https:\/\/inzainox.com\/it\/#\/schema\/logo\/image\/","url":"https:\/\/inzainox.com\/wp-content\/uploads\/2020\/05\/cropped-cropped-NUEVA-INZA-2-1.png","contentUrl":"https:\/\/inzainox.com\/wp-content\/uploads\/2020\/05\/cropped-cropped-NUEVA-INZA-2-1.png","width":487,"height":165,"caption":"Inza Inox S.L."},"image":{"@id":"https:\/\/inzainox.com\/it\/#\/schema\/logo\/image\/"}}]}},"_links":{"self":[{"href":"https:\/\/inzainox.com\/it\/wp-json\/wp\/v2\/product\/8291","targetHints":{"allow":["GET"]}}],"collection":[{"href":"https:\/\/inzainox.com\/it\/wp-json\/wp\/v2\/product"}],"about":[{"href":"https:\/\/inzainox.com\/it\/wp-json\/wp\/v2\/types\/product"}],"replies":[{"embeddable":true,"href":"https:\/\/inzainox.com\/it\/wp-json\/wp\/v2\/comments?post=8291"}],"version-history":[{"count":1,"href":"https:\/\/inzainox.com\/it\/wp-json\/wp\/v2\/product\/8291\/revisions"}],"predecessor-version":[{"id":8299,"href":"https:\/\/inzainox.com\/it\/wp-json\/wp\/v2\/product\/8291\/revisions\/8299"}],"wp:featuredmedia":[{"embeddable":true,"href":"https:\/\/inzainox.com\/it\/wp-json\/wp\/v2\/media\/3191"}],"wp:attachment":[{"href":"https:\/\/inzainox.com\/it\/wp-json\/wp\/v2\/media?parent=8291"}],"wp:term":[{"taxonomy":"product_brand","embeddable":true,"href":"https:\/\/inzainox.com\/it\/wp-json\/wp\/v2\/product_brand?post=8291"},{"taxonomy":"product_cat","embeddable":true,"href":"https:\/\/inzainox.com\/it\/wp-json\/wp\/v2\/product_cat?post=8291"},{"taxonomy":"product_tag","embeddable":true,"href":"https:\/\/inzainox.com\/it\/wp-json\/wp\/v2\/product_tag?post=8291"}],"curies":[{"name":"wp","href":"https:\/\/api.w.org\/{rel}","templated":true}]}}