{"id":10953,"date":"2026-03-02T19:19:25","date_gmt":"2026-03-02T19:19:25","guid":{"rendered":"https:\/\/inzainox.com\/producto\/coperchio-a-tenuta-riempibile-in-acciaio-inox-aisi-304-con-pozzetto-sifonato-centrale\/"},"modified":"2026-03-30T15:03:47","modified_gmt":"2026-03-30T15:03:47","slug":"coperchio-a-tenuta-riempibile-in-acciaio-inox-aisi-304-con-pozzetto-sifonato-centrale","status":"publish","type":"product","link":"https:\/\/inzainox.com\/it\/prodotto\/coperchio-a-tenuta-riempibile-in-acciaio-inox-aisi-304-con-pozzetto-sifonato-centrale\/","title":{"rendered":"Coperchio a tenuta riempibile in acciaio inox AISI 304 con pozzetto sifonato centrale"},"content":{"rendered":"\t\t<div data-elementor-type=\"wp-post\" data-elementor-id=\"10953\" class=\"elementor elementor-10953 elementor-6155\">\n\t\t\t\t<div class=\"elementor-element elementor-element-e436c71 e-flex e-con-boxed e-con e-parent\" data-id=\"e436c71\" data-element_type=\"container\" data-e-type=\"container\">\n\t\t\t\t\t<div class=\"e-con-inner\">\n\t\t\t\t<div class=\"elementor-element elementor-element-bfdd8b3 elementor-widget elementor-widget-text-editor\" data-id=\"bfdd8b3\" data-element_type=\"widget\" data-e-type=\"widget\" data-widget_type=\"text-editor.default\">\n\t\t\t\t<div class=\"elementor-widget-container\">\n\t\t\t\t\t\t\t\t\t<p> <\/p><p>Coperchio e telaio per pozzetto liscio, con pozzetto sifonato centrale, realizzati in acciaio inox AISI 304.<\/p><p>Possibilit\u00e0 di produzione in acciaio inox AISI 316L per installazioni in ambienti particolarmente aggressivi o in contesti marittimi.<\/p><p>\u00c8 un chiusino a tenuta stagna anti-odore grazie alla chiusura con guarnizione in EPDM e al fissaggio con 4 viti in inox negli angoli.<\/p><p>Il prezzo del chiusino include gli attrezzi per rimuovere le viti<\/p><p>Forniamo delle maniglie che si avvitano nell&#8217;alloggiamento delle viti per facilitarne l&#8217;apertura con comodit\u00e0. Queste maniglie con impugnatura sono incluse nel prezzo. <\/p><p><iframe title=\"Tapa de arqueta estanca lisa de acero inoxidable o galvanizado\" width=\"1200\" height=\"675\" src=\"https:\/\/www.youtube.com\/embed\/i-ht3desZic?feature=oembed\" frameborder=\"0\" allow=\"accelerometer; autoplay; clipboard-write; encrypted-media; gyroscope; picture-in-picture; web-share\" referrerpolicy=\"strict-origin-when-cross-origin\" allowfullscreen><\/iframe><\/p><p>Coperchio standard per carichi pedonali A15. <\/p><p>Coperchi quadrati di diverse dimensioni da 300&#215;300 mm a 700&#215;700 mm.<\/p><p><span style=\"color: #339966;\"><strong><a style=\"color: #339966;\" href=\"https:\/\/inzainox.com\/wp-content\/uploads\/2022\/03\/Tapas-estancas-de-acero-inoxidable-lisas.pdf\">SCHEDA TECNICA<\/a><\/strong><\/span><\/p><p>Chiedi informazioni su coperchi rotondi e misure speciali.<\/p><p>Esistono chiusini per carichi pesanti e apertura assistita da pistoni.<\/p><p><img fetchpriority=\"high\" decoding=\"async\" class=\"alignnone size-full wp-image-1662\" src=\"https:\/\/inzainox.com\/wp-content\/uploads\/2020\/11\/plano-tapa-lisa.jpg\" alt=\"disegno registri inox a tenuta lisci\" width=\"1191\" height=\"466\" srcset=\"https:\/\/inzainox.com\/wp-content\/uploads\/2020\/11\/plano-tapa-lisa.jpg 1191w, https:\/\/inzainox.com\/wp-content\/uploads\/2020\/11\/plano-tapa-lisa-300x117.jpg 300w, https:\/\/inzainox.com\/wp-content\/uploads\/2020\/11\/plano-tapa-lisa-1024x401.jpg 1024w, https:\/\/inzainox.com\/wp-content\/uploads\/2020\/11\/plano-tapa-lisa-768x300.jpg 768w, https:\/\/inzainox.com\/wp-content\/uploads\/2020\/11\/plano-tapa-lisa-600x235.jpg 600w\" sizes=\"(max-width: 1191px) 100vw, 1191px\" \/><img decoding=\"async\" class=\"size-full wp-image-1592 aligncenter\" src=\"https:\/\/inzainox.com\/wp-content\/uploads\/2020\/04\/TAPAS-GENERAL-DIMENSIONES.jpg\" alt=\"Dimensioni generali dei chiusini a tenuta stagna INZA\" width=\"728\" height=\"265\" srcset=\"https:\/\/inzainox.com\/wp-content\/uploads\/2020\/04\/TAPAS-GENERAL-DIMENSIONES.jpg 728w, https:\/\/inzainox.com\/wp-content\/uploads\/2020\/04\/TAPAS-GENERAL-DIMENSIONES-300x109.jpg 300w, https:\/\/inzainox.com\/wp-content\/uploads\/2020\/04\/TAPAS-GENERAL-DIMENSIONES-600x218.jpg 600w\" sizes=\"(max-width: 728px) 100vw, 728px\" \/><\/p>\t\t\t\t\t\t\t\t<\/div>\n\t\t\t\t<\/div>\n\t\t\t\t\t<\/div>\n\t\t\t\t<\/div>\n\t\t\t\t<\/div>\n\t\t","protected":false},"excerpt":{"rendered":"<p>Trasporto incluso nel prezzo<\/p>\n<p>Se hai qualche esigenza speciale, lo realizziamo su misura per te. Ci vorr\u00e0 1 settimana <\/p>\n<p>Se hai dubbi, chiamaci al T. +34 91 127 90 05<\/p>\n<p>Coperchio per pozzetto a tenuta riempibile in acciaio inox AISI 304 con pozzetto sifonato centrale. Chiusura con quattro viti e tenuta con guarnizione in EPDM. Coperchio semplice per passaggio pedonale (classe di carico A15) con pozzetto sifonato 150&#215;150 o 250&#215;250  <\/p>\n<p>Tutti i chiusini sono forniti con gli attrezzi per l&#8217;apertura.<\/p>\n","protected":false},"featured_media":6196,"comment_status":"open","ping_status":"closed","template":"","meta":[],"product_brand":[],"product_cat":[482,483],"product_tag":[],"class_list":{"0":"post-10953","1":"product","2":"type-product","3":"status-publish","4":"has-post-thumbnail","6":"product_cat-chiusini-a-tenuta-stagna","7":"product_cat-chiusini-a-tenuta-stagna-in-acciaio-inox","8":"pa_dimensiones-30x30","9":"pa_dimensiones-40x40","10":"pa_dimensiones-50x50","11":"pa_dimensiones-60x60","12":"pa_dimensiones-70x70","14":"first","15":"instock","16":"taxable","17":"shipping-taxable","18":"purchasable","19":"product-type-variable"},"yoast_head":"<!-- This site is optimized with the Yoast SEO plugin v27.1.1 - https:\/\/yoast.com\/product\/yoast-seo-wordpress\/ -->\n<title>Coperchio a tenuta riempibile con pozzetto sifonato centrale in acciaio inox<\/title>\n<meta name=\"description\" content=\"Massima igiene, facile pulizia e resistenza per ogni tipo di drenaggio. Conformit\u00e0 normativa e alta durabilit\u00e0. Consulta le misure. Informati!&quot;\" \/>\n<meta name=\"robots\" content=\"index, follow, max-snippet:-1, max-image-preview:large, max-video-preview:-1\" \/>\n<link rel=\"canonical\" href=\"https:\/\/inzainox.com\/it\/prodotto\/coperchio-a-tenuta-riempibile-in-acciaio-inox-aisi-304-con-pozzetto-sifonato-centrale\/\" \/>\n<meta property=\"og:locale\" content=\"it_IT\" \/>\n<meta property=\"og:type\" content=\"article\" \/>\n<meta property=\"og:title\" content=\"Coperchio a tenuta riempibile con pozzetto sifonato centrale in acciaio inox\" \/>\n<meta property=\"og:description\" content=\"Massima igiene, facile pulizia e resistenza per ogni tipo di drenaggio. Conformit\u00e0 normativa e alta durabilit\u00e0. Consulta le misure. Informati!&quot;\" \/>\n<meta property=\"og:url\" content=\"https:\/\/inzainox.com\/it\/prodotto\/coperchio-a-tenuta-riempibile-in-acciaio-inox-aisi-304-con-pozzetto-sifonato-centrale\/\" \/>\n<meta property=\"og:site_name\" content=\"Canaline e chiusini in acciaio inox Inza. Drenaggio inox per l&#039;industria\" \/>\n<meta property=\"article:modified_time\" content=\"2026-03-30T15:03:47+00:00\" \/>\n<meta property=\"og:image\" content=\"https:\/\/inzainox.com\/wp-content\/uploads\/2026\/03\/tapa-estanca-rellenable-acero-inoxidable-con-sumidero-sifonico-central.jpg\" \/>\n\t<meta property=\"og:image:width\" content=\"2560\" \/>\n\t<meta property=\"og:image:height\" content=\"1664\" \/>\n\t<meta property=\"og:image:type\" content=\"image\/jpeg\" \/>\n<meta name=\"twitter:card\" content=\"summary_large_image\" \/>\n<meta name=\"twitter:label1\" content=\"Tempo di lettura stimato\" \/>\n\t<meta name=\"twitter:data1\" content=\"1 minuto\" \/>\n<!-- \/ Yoast SEO plugin. -->","yoast_head_json":{"title":"Coperchio a tenuta riempibile con pozzetto sifonato centrale in acciaio inox","description":"Massima igiene, facile pulizia e resistenza per ogni tipo di drenaggio. Conformit\u00e0 normativa e alta durabilit\u00e0. Consulta le misure. Informati!\"","robots":{"index":"index","follow":"follow","max-snippet":"max-snippet:-1","max-image-preview":"max-image-preview:large","max-video-preview":"max-video-preview:-1"},"canonical":"https:\/\/inzainox.com\/it\/prodotto\/coperchio-a-tenuta-riempibile-in-acciaio-inox-aisi-304-con-pozzetto-sifonato-centrale\/","og_locale":"it_IT","og_type":"article","og_title":"Coperchio a tenuta riempibile con pozzetto sifonato centrale in acciaio inox","og_description":"Massima igiene, facile pulizia e resistenza per ogni tipo di drenaggio. Conformit\u00e0 normativa e alta durabilit\u00e0. Consulta le misure. Informati!\"","og_url":"https:\/\/inzainox.com\/it\/prodotto\/coperchio-a-tenuta-riempibile-in-acciaio-inox-aisi-304-con-pozzetto-sifonato-centrale\/","og_site_name":"Canaline e chiusini in acciaio inox Inza. Drenaggio inox per l'industria","article_modified_time":"2026-03-30T15:03:47+00:00","og_image":[{"width":2560,"height":1664,"url":"https:\/\/inzainox.com\/wp-content\/uploads\/2026\/03\/tapa-estanca-rellenable-acero-inoxidable-con-sumidero-sifonico-central.jpg","type":"image\/jpeg"}],"twitter_card":"summary_large_image","twitter_misc":{"Tempo di lettura stimato":"1 minuto"},"schema":{"@context":"https:\/\/schema.org","@graph":[{"@type":"WebPage","@id":"https:\/\/inzainox.com\/it\/prodotto\/coperchio-a-tenuta-riempibile-in-acciaio-inox-aisi-304-con-pozzetto-sifonato-centrale\/","url":"https:\/\/inzainox.com\/it\/prodotto\/coperchio-a-tenuta-riempibile-in-acciaio-inox-aisi-304-con-pozzetto-sifonato-centrale\/","name":"Coperchio a tenuta riempibile con pozzetto sifonato centrale in acciaio inox","isPartOf":{"@id":"https:\/\/inzainox.com\/it\/#website"},"primaryImageOfPage":{"@id":"https:\/\/inzainox.com\/it\/prodotto\/coperchio-a-tenuta-riempibile-in-acciaio-inox-aisi-304-con-pozzetto-sifonato-centrale\/#primaryimage"},"image":{"@id":"https:\/\/inzainox.com\/it\/prodotto\/coperchio-a-tenuta-riempibile-in-acciaio-inox-aisi-304-con-pozzetto-sifonato-centrale\/#primaryimage"},"thumbnailUrl":"https:\/\/inzainox.com\/wp-content\/uploads\/2026\/03\/tapa-estanca-rellenable-acero-inoxidable-con-sumidero-sifonico-central.jpg","datePublished":"2026-03-02T19:19:25+00:00","dateModified":"2026-03-30T15:03:47+00:00","description":"Massima igiene, facile pulizia e resistenza per ogni tipo di drenaggio. Conformit\u00e0 normativa e alta durabilit\u00e0. Consulta le misure. Informati!\"","breadcrumb":{"@id":"https:\/\/inzainox.com\/it\/prodotto\/coperchio-a-tenuta-riempibile-in-acciaio-inox-aisi-304-con-pozzetto-sifonato-centrale\/#breadcrumb"},"inLanguage":"it-IT","potentialAction":[{"@type":"ReadAction","target":["https:\/\/inzainox.com\/it\/prodotto\/coperchio-a-tenuta-riempibile-in-acciaio-inox-aisi-304-con-pozzetto-sifonato-centrale\/"]}]},{"@type":"ImageObject","inLanguage":"it-IT","@id":"https:\/\/inzainox.com\/it\/prodotto\/coperchio-a-tenuta-riempibile-in-acciaio-inox-aisi-304-con-pozzetto-sifonato-centrale\/#primaryimage","url":"https:\/\/inzainox.com\/wp-content\/uploads\/2026\/03\/tapa-estanca-rellenable-acero-inoxidable-con-sumidero-sifonico-central.jpg","contentUrl":"https:\/\/inzainox.com\/wp-content\/uploads\/2026\/03\/tapa-estanca-rellenable-acero-inoxidable-con-sumidero-sifonico-central.jpg","width":2560,"height":1664,"caption":"Tapa estanca rellenable de acero inoxidable con sumidero sif\u00f3nico central y rejilla para sistemas de drenaje industrial y alimentario. Registro estanco de acero inoxidable rellenable con desag\u00fce sif\u00f3nico. Tapa de inspecci\u00f3n para saneamiento industrial dise\u00f1ada para evitar olores y garantizar la estanqueidad en zonas con altos requisitos de higiene"},{"@type":"BreadcrumbList","@id":"https:\/\/inzainox.com\/it\/prodotto\/coperchio-a-tenuta-riempibile-in-acciaio-inox-aisi-304-con-pozzetto-sifonato-centrale\/#breadcrumb","itemListElement":[{"@type":"ListItem","position":1,"name":"Home","item":"https:\/\/inzainox.com\/it\/nuova-home\/"},{"@type":"ListItem","position":2,"name":"Negozio Inza","item":"https:\/\/inzainox.com\/it\/negozio-inza\/"},{"@type":"ListItem","position":3,"name":"Coperchio a tenuta riempibile in acciaio inox AISI 304 con pozzetto sifonato centrale"}]},{"@type":"WebSite","@id":"https:\/\/inzainox.com\/it\/#website","url":"https:\/\/inzainox.com\/it\/","name":"Canaline e chiusini in acciaio inox Inza. Drenaggio inox per l'industria","description":"Drenaggio in acciaio inox per l'industria","publisher":{"@id":"https:\/\/inzainox.com\/it\/#organization"},"alternateName":"Inza Inox","potentialAction":[{"@type":"SearchAction","target":{"@type":"EntryPoint","urlTemplate":"https:\/\/inzainox.com\/it\/?s={search_term_string}"},"query-input":{"@type":"PropertyValueSpecification","valueRequired":true,"valueName":"search_term_string"}}],"inLanguage":"it-IT"},{"@type":"Organization","@id":"https:\/\/inzainox.com\/it\/#organization","name":"Inza Inox S.L.","alternateName":"Inza","url":"https:\/\/inzainox.com\/it\/","logo":{"@type":"ImageObject","inLanguage":"it-IT","@id":"https:\/\/inzainox.com\/it\/#\/schema\/logo\/image\/","url":"https:\/\/inzainox.com\/wp-content\/uploads\/2020\/05\/cropped-NUEVA-INZA-2-5.png","contentUrl":"https:\/\/inzainox.com\/wp-content\/uploads\/2020\/05\/cropped-NUEVA-INZA-2-5.png","width":549,"height":264,"caption":"Inza Inox S.L."},"image":{"@id":"https:\/\/inzainox.com\/it\/#\/schema\/logo\/image\/"}}]}},"_links":{"self":[{"href":"https:\/\/inzainox.com\/it\/wp-json\/wp\/v2\/product\/10953","targetHints":{"allow":["GET"]}}],"collection":[{"href":"https:\/\/inzainox.com\/it\/wp-json\/wp\/v2\/product"}],"about":[{"href":"https:\/\/inzainox.com\/it\/wp-json\/wp\/v2\/types\/product"}],"replies":[{"embeddable":true,"href":"https:\/\/inzainox.com\/it\/wp-json\/wp\/v2\/comments?post=10953"}],"version-history":[{"count":1,"href":"https:\/\/inzainox.com\/it\/wp-json\/wp\/v2\/product\/10953\/revisions"}],"predecessor-version":[{"id":10973,"href":"https:\/\/inzainox.com\/it\/wp-json\/wp\/v2\/product\/10953\/revisions\/10973"}],"wp:featuredmedia":[{"embeddable":true,"href":"https:\/\/inzainox.com\/it\/wp-json\/wp\/v2\/media\/6196"}],"wp:attachment":[{"href":"https:\/\/inzainox.com\/it\/wp-json\/wp\/v2\/media?parent=10953"}],"wp:term":[{"taxonomy":"product_brand","embeddable":true,"href":"https:\/\/inzainox.com\/it\/wp-json\/wp\/v2\/product_brand?post=10953"},{"taxonomy":"product_cat","embeddable":true,"href":"https:\/\/inzainox.com\/it\/wp-json\/wp\/v2\/product_cat?post=10953"},{"taxonomy":"product_tag","embeddable":true,"href":"https:\/\/inzainox.com\/it\/wp-json\/wp\/v2\/product_tag?post=10953"}],"curies":[{"name":"wp","href":"https:\/\/api.w.org\/{rel}","templated":true}]}}