{"id":10705,"date":"2025-09-04T17:21:04","date_gmt":"2025-09-04T17:21:04","guid":{"rendered":"https:\/\/inzainox.com\/producto\/separatori-di-grassi-industriali-e-per-cucine-per-installazione-verticale\/"},"modified":"2026-03-30T15:03:35","modified_gmt":"2026-03-30T15:03:35","slug":"separatori-di-grassi-industriali-e-per-cucine-per-installazione-verticale","status":"publish","type":"product","link":"https:\/\/inzainox.com\/it\/prodotto\/separatori-di-grassi-industriali-e-per-cucine-per-installazione-verticale\/","title":{"rendered":"Separatori di grassi industriali e per cucine per installazione verticale"},"content":{"rendered":"\t\t<div data-elementor-type=\"wp-post\" data-elementor-id=\"10705\" class=\"elementor elementor-10705 elementor-5323\">\n\t\t\t\t<div class=\"elementor-element elementor-element-758b215d e-flex e-con-boxed e-con e-parent\" data-id=\"758b215d\" data-element_type=\"container\" data-e-type=\"container\">\n\t\t\t\t\t<div class=\"e-con-inner\">\n\t\t\t\t<div class=\"elementor-element elementor-element-102539dc elementor-widget elementor-widget-text-editor\" data-id=\"102539dc\" data-element_type=\"widget\" data-e-type=\"widget\" data-widget_type=\"text-editor.default\">\n\t\t\t\t<div class=\"elementor-widget-container\">\n\t\t\t\t\t\t\t\t\t<p>I separatori di grassi e oli ISGP sono utilizzati per la separazione e la ritenzione di grassi e oli vegetali e\/o animali contenuti nelle acque di scarico delle cucine. Queste apparecchiature sono costruite secondo la norma UNE-EN 1825-1. <\/p><p>\uf061Durata: materiali inerti a grassi e oli.<\/p><p>\uf061Conformit\u00e0: marcatura CE secondo la norma UNE-EN 1825-1.<\/p><p>\uf061Movimentazione: apparecchiature leggere di facile installazione.<\/p><p>\uf061Disponibilit\u00e0: apparecchiature in stock.<\/p>\t\t\t\t\t\t\t\t<\/div>\n\t\t\t\t<\/div>\n\t\t\t\t\t<\/div>\n\t\t\t\t<\/div>\n\t\t<div class=\"elementor-element elementor-element-021c17d e-flex e-con-boxed e-con e-parent\" data-id=\"021c17d\" data-element_type=\"container\" data-e-type=\"container\">\n\t\t\t\t\t<div class=\"e-con-inner\">\n\t\t\t\t<div class=\"elementor-element elementor-element-41a7de8 elementor-widget elementor-widget-heading\" data-id=\"41a7de8\" data-element_type=\"widget\" data-e-type=\"widget\" data-widget_type=\"heading.default\">\n\t\t\t\t<div class=\"elementor-widget-container\">\n\t\t\t\t\t<h2 class=\"elementor-heading-title elementor-size-medium\">Separatori di grassi per cucina<\/h2>\t\t\t\t<\/div>\n\t\t\t\t<\/div>\n\t\t\t\t\t<\/div>\n\t\t\t\t<\/div>\n\t\t<div class=\"elementor-element elementor-element-799a19c e-flex e-con-boxed e-con e-parent\" data-id=\"799a19c\" data-element_type=\"container\" data-e-type=\"container\">\n\t\t\t\t\t<div class=\"e-con-inner\">\n\t\t\t\t<div class=\"elementor-element elementor-element-eeb55a7 elementor-widget elementor-widget-image\" data-id=\"eeb55a7\" data-element_type=\"widget\" data-e-type=\"widget\" data-widget_type=\"image.default\">\n\t\t\t\t<div class=\"elementor-widget-container\">\n\t\t\t\t\t\t\t\t\t\t\t\t\t\t\t<img fetchpriority=\"high\" decoding=\"async\" width=\"332\" height=\"188\" src=\"https:\/\/inzainox.com\/wp-content\/uploads\/2025\/09\/ISGPV-cotas.png\" class=\"attachment-large size-large wp-image-10708\" alt=\"\" srcset=\"https:\/\/inzainox.com\/wp-content\/uploads\/2025\/09\/ISGPV-cotas.png 332w, https:\/\/inzainox.com\/wp-content\/uploads\/2025\/09\/ISGPV-cotas-300x170.png 300w\" sizes=\"(max-width: 332px) 100vw, 332px\" \/>\t\t\t\t\t\t\t\t\t\t\t\t\t\t\t<\/div>\n\t\t\t\t<\/div>\n\t\t\t\t<div class=\"elementor-element elementor-element-fa8c204 elementor-widget elementor-widget-image\" data-id=\"fa8c204\" data-element_type=\"widget\" data-e-type=\"widget\" data-widget_type=\"image.default\">\n\t\t\t\t<div class=\"elementor-widget-container\">\n\t\t\t\t\t\t\t\t\t\t\t\t\t\t\t<img decoding=\"async\" width=\"949\" height=\"247\" src=\"https:\/\/inzainox.com\/wp-content\/uploads\/2025\/09\/ISGPV-1.png\" class=\"attachment-large size-large wp-image-10707\" alt=\"Inza Separatori grassi PEAD verticali\" srcset=\"https:\/\/inzainox.com\/wp-content\/uploads\/2025\/09\/ISGPV-1.png 949w, https:\/\/inzainox.com\/wp-content\/uploads\/2025\/09\/ISGPV-1-300x78.png 300w, https:\/\/inzainox.com\/wp-content\/uploads\/2025\/09\/ISGPV-1-768x200.png 768w, https:\/\/inzainox.com\/wp-content\/uploads\/2025\/09\/ISGPV-1-600x156.png 600w\" sizes=\"(max-width: 949px) 100vw, 949px\" \/>\t\t\t\t\t\t\t\t\t\t\t\t\t\t\t<\/div>\n\t\t\t\t<\/div>\n\t\t\t\t<div class=\"elementor-element elementor-element-ee2a370 elementor-widget elementor-widget-text-editor\" data-id=\"ee2a370\" data-element_type=\"widget\" data-e-type=\"widget\" data-widget_type=\"text-editor.default\">\n\t\t\t\t<div class=\"elementor-widget-container\">\n\t\t\t\t\t\t\t\t\t<p>FUNZIONAMENTO<\/p><p>La differenza di densit\u00e0 dei diversi contaminanti permette la separazione in due fasi: i solidi pi\u00f9 grossolani, come residui alimentari o altri scarti, si depositano sul fondo del separatore, mentre grassi e oli galleggiano in superficie a causa della loro minore densit\u00e0. Il funzionamento dell&#8217;apparecchiatura \u00e8 garantito a condizione che sia correttamente dimensionata e che vengano effettuate le operazioni di manutenzione. Rendimento di depurazione: grassi e oli vegetali e animali &lt; 40%; solidi sospesi &lt; 90%.  <\/p><p>INSTALLAZIONE<\/p><p>L&#8217;apparecchiatura deve essere installata su un piano orizzontale. Riempire d&#8217;acqua prima della messa in funzione e dopo ogni svuotamento. <\/p><p>MANUTENZIONE<\/p><p>Lo svuotamento e la pulizia dell&#8217;apparecchiatura devono essere effettuati secondo la frequenza di intervento descritta nella norma EN1825-2, ovvero una volta al mese e preferibilmente ogni 15 giorni.<\/p>\t\t\t\t\t\t\t\t<\/div>\n\t\t\t\t<\/div>\n\t\t\t\t\t<\/div>\n\t\t\t\t<\/div>\n\t\t\t\t<\/div>\n\t\t","protected":false},"excerpt":{"rendered":"<p>I separatori di grassi in plastica sono apparecchiature che facilitano la separazione e la rimozione dei grassi di origine vegetale e animale generati in cucina, mantenendo i pi\u00f9 alti standard di manutenzione e qualit\u00e0. Si tratta di unit\u00e0 compatte e leggere per facilitarne l&#8217;installazione. Sono ideali per installare un separatore di grassi durante la ristrutturazione o l&#8217;ampliamento di una cucina senza necessit\u00e0 di opere murarie.  <\/p>\n","protected":false},"featured_media":5300,"comment_status":"open","ping_status":"closed","template":"","meta":[],"product_brand":[],"product_cat":[851],"product_tag":[],"class_list":{"0":"post-10705","1":"product","2":"type-product","3":"status-publish","4":"has-post-thumbnail","6":"product_cat-separatori-di-grassi","8":"first","9":"instock","10":"taxable","11":"shipping-taxable","12":"purchasable","13":"product-type-variable"},"yoast_head":"<!-- This site is optimized with the Yoast SEO plugin v27.1.1 - https:\/\/yoast.com\/product\/yoast-seo-wordpress\/ -->\n<title>Separatori di grassi industriali e per cucine per installazione verticale<\/title>\n<meta name=\"description\" content=\"Separatore di grassi in PEAD (polietilene ad alta densit\u00e0) per industria e cucine. Per installazione di tipo verticale\" \/>\n<meta name=\"robots\" content=\"index, follow, max-snippet:-1, max-image-preview:large, max-video-preview:-1\" \/>\n<link rel=\"canonical\" href=\"https:\/\/inzainox.com\/it\/prodotto\/separatori-di-grassi-industriali-e-per-cucine-per-installazione-verticale\/\" \/>\n<meta property=\"og:locale\" content=\"it_IT\" \/>\n<meta property=\"og:type\" content=\"article\" \/>\n<meta property=\"og:title\" content=\"Separatori di grassi industriali e per cucine per installazione verticale\" \/>\n<meta property=\"og:description\" content=\"Separatore di grassi in PEAD (polietilene ad alta densit\u00e0) per industria e cucine. Per installazione di tipo verticale\" \/>\n<meta property=\"og:url\" content=\"https:\/\/inzainox.com\/it\/prodotto\/separatori-di-grassi-industriali-e-per-cucine-per-installazione-verticale\/\" \/>\n<meta property=\"og:site_name\" content=\"Canaline e chiusini in acciaio inox Inza. Drenaggio inox per l&#039;industria\" \/>\n<meta property=\"article:modified_time\" content=\"2026-03-30T15:03:35+00:00\" \/>\n<meta property=\"og:image\" content=\"https:\/\/inzainox.com\/wp-content\/uploads\/2025\/09\/ISGPV.png\" \/>\n\t<meta property=\"og:image:width\" content=\"260\" \/>\n\t<meta property=\"og:image:height\" content=\"322\" \/>\n\t<meta property=\"og:image:type\" content=\"image\/png\" \/>\n<meta name=\"twitter:card\" content=\"summary_large_image\" \/>\n<meta name=\"twitter:label1\" content=\"Tempo di lettura stimato\" \/>\n\t<meta name=\"twitter:data1\" content=\"1 minuto\" \/>\n<!-- \/ Yoast SEO plugin. -->","yoast_head_json":{"title":"Separatori di grassi industriali e per cucine per installazione verticale","description":"Separatore di grassi in PEAD (polietilene ad alta densit\u00e0) per industria e cucine. Per installazione di tipo verticale","robots":{"index":"index","follow":"follow","max-snippet":"max-snippet:-1","max-image-preview":"max-image-preview:large","max-video-preview":"max-video-preview:-1"},"canonical":"https:\/\/inzainox.com\/it\/prodotto\/separatori-di-grassi-industriali-e-per-cucine-per-installazione-verticale\/","og_locale":"it_IT","og_type":"article","og_title":"Separatori di grassi industriali e per cucine per installazione verticale","og_description":"Separatore di grassi in PEAD (polietilene ad alta densit\u00e0) per industria e cucine. Per installazione di tipo verticale","og_url":"https:\/\/inzainox.com\/it\/prodotto\/separatori-di-grassi-industriali-e-per-cucine-per-installazione-verticale\/","og_site_name":"Canaline e chiusini in acciaio inox Inza. Drenaggio inox per l'industria","article_modified_time":"2026-03-30T15:03:35+00:00","og_image":[{"width":260,"height":322,"url":"https:\/\/inzainox.com\/wp-content\/uploads\/2025\/09\/ISGPV.png","type":"image\/png"}],"twitter_card":"summary_large_image","twitter_misc":{"Tempo di lettura stimato":"1 minuto"},"schema":{"@context":"https:\/\/schema.org","@graph":[{"@type":"WebPage","@id":"https:\/\/inzainox.com\/it\/prodotto\/separatori-di-grassi-industriali-e-per-cucine-per-installazione-verticale\/","url":"https:\/\/inzainox.com\/it\/prodotto\/separatori-di-grassi-industriali-e-per-cucine-per-installazione-verticale\/","name":"Separatori di grassi industriali e per cucine per installazione verticale","isPartOf":{"@id":"https:\/\/inzainox.com\/it\/#website"},"primaryImageOfPage":{"@id":"https:\/\/inzainox.com\/it\/prodotto\/separatori-di-grassi-industriali-e-per-cucine-per-installazione-verticale\/#primaryimage"},"image":{"@id":"https:\/\/inzainox.com\/it\/prodotto\/separatori-di-grassi-industriali-e-per-cucine-per-installazione-verticale\/#primaryimage"},"thumbnailUrl":"https:\/\/inzainox.com\/wp-content\/uploads\/2025\/09\/ISGPV.png","datePublished":"2025-09-04T17:21:04+00:00","dateModified":"2026-03-30T15:03:35+00:00","description":"Separatore di grassi in PEAD (polietilene ad alta densit\u00e0) per industria e cucine. Per installazione di tipo verticale","breadcrumb":{"@id":"https:\/\/inzainox.com\/it\/prodotto\/separatori-di-grassi-industriali-e-per-cucine-per-installazione-verticale\/#breadcrumb"},"inLanguage":"it-IT","potentialAction":[{"@type":"ReadAction","target":["https:\/\/inzainox.com\/it\/prodotto\/separatori-di-grassi-industriali-e-per-cucine-per-installazione-verticale\/"]}]},{"@type":"ImageObject","inLanguage":"it-IT","@id":"https:\/\/inzainox.com\/it\/prodotto\/separatori-di-grassi-industriali-e-per-cucine-per-installazione-verticale\/#primaryimage","url":"https:\/\/inzainox.com\/wp-content\/uploads\/2025\/09\/ISGPV.png","contentUrl":"https:\/\/inzainox.com\/wp-content\/uploads\/2025\/09\/ISGPV.png","width":260,"height":322,"caption":"Inza Separador grasas PEAD instalaci\u00f3n vertical"},{"@type":"BreadcrumbList","@id":"https:\/\/inzainox.com\/it\/prodotto\/separatori-di-grassi-industriali-e-per-cucine-per-installazione-verticale\/#breadcrumb","itemListElement":[{"@type":"ListItem","position":1,"name":"Home","item":"https:\/\/inzainox.com\/it\/nuova-home\/"},{"@type":"ListItem","position":2,"name":"Negozio Inza","item":"https:\/\/inzainox.com\/it\/negozio-inza\/"},{"@type":"ListItem","position":3,"name":"Separatori di grassi industriali e per cucine per installazione verticale"}]},{"@type":"WebSite","@id":"https:\/\/inzainox.com\/it\/#website","url":"https:\/\/inzainox.com\/it\/","name":"Canaline e chiusini in acciaio inox Inza. Drenaggio inox per l'industria","description":"Drenaggio in acciaio inox per l'industria","publisher":{"@id":"https:\/\/inzainox.com\/it\/#organization"},"alternateName":"Inza Inox","potentialAction":[{"@type":"SearchAction","target":{"@type":"EntryPoint","urlTemplate":"https:\/\/inzainox.com\/it\/?s={search_term_string}"},"query-input":{"@type":"PropertyValueSpecification","valueRequired":true,"valueName":"search_term_string"}}],"inLanguage":"it-IT"},{"@type":"Organization","@id":"https:\/\/inzainox.com\/it\/#organization","name":"Inza Inox S.L.","alternateName":"Inza","url":"https:\/\/inzainox.com\/it\/","logo":{"@type":"ImageObject","inLanguage":"it-IT","@id":"https:\/\/inzainox.com\/it\/#\/schema\/logo\/image\/","url":"https:\/\/inzainox.com\/wp-content\/uploads\/2020\/05\/cropped-NUEVA-INZA-2-5.png","contentUrl":"https:\/\/inzainox.com\/wp-content\/uploads\/2020\/05\/cropped-NUEVA-INZA-2-5.png","width":549,"height":264,"caption":"Inza Inox S.L."},"image":{"@id":"https:\/\/inzainox.com\/it\/#\/schema\/logo\/image\/"}}]}},"_links":{"self":[{"href":"https:\/\/inzainox.com\/it\/wp-json\/wp\/v2\/product\/10705","targetHints":{"allow":["GET"]}}],"collection":[{"href":"https:\/\/inzainox.com\/it\/wp-json\/wp\/v2\/product"}],"about":[{"href":"https:\/\/inzainox.com\/it\/wp-json\/wp\/v2\/types\/product"}],"replies":[{"embeddable":true,"href":"https:\/\/inzainox.com\/it\/wp-json\/wp\/v2\/comments?post=10705"}],"version-history":[{"count":1,"href":"https:\/\/inzainox.com\/it\/wp-json\/wp\/v2\/product\/10705\/revisions"}],"predecessor-version":[{"id":10727,"href":"https:\/\/inzainox.com\/it\/wp-json\/wp\/v2\/product\/10705\/revisions\/10727"}],"wp:featuredmedia":[{"embeddable":true,"href":"https:\/\/inzainox.com\/it\/wp-json\/wp\/v2\/media\/5300"}],"wp:attachment":[{"href":"https:\/\/inzainox.com\/it\/wp-json\/wp\/v2\/media?parent=10705"}],"wp:term":[{"taxonomy":"product_brand","embeddable":true,"href":"https:\/\/inzainox.com\/it\/wp-json\/wp\/v2\/product_brand?post=10705"},{"taxonomy":"product_cat","embeddable":true,"href":"https:\/\/inzainox.com\/it\/wp-json\/wp\/v2\/product_cat?post=10705"},{"taxonomy":"product_tag","embeddable":true,"href":"https:\/\/inzainox.com\/it\/wp-json\/wp\/v2\/product_tag?post=10705"}],"curies":[{"name":"wp","href":"https:\/\/api.w.org\/{rel}","templated":true}]}}