{"id":8679,"date":"2020-08-13T08:13:08","date_gmt":"2020-08-13T08:13:08","guid":{"rendered":"https:\/\/inzainox.com\/download\/"},"modified":"2026-03-30T12:01:27","modified_gmt":"2026-03-30T12:01:27","slug":"download","status":"publish","type":"page","link":"https:\/\/inzainox.com\/it\/download\/","title":{"rendered":"Download"},"content":{"rendered":"\t\t<div data-elementor-type=\"wp-post\" data-elementor-id=\"8679\" class=\"elementor elementor-8679 elementor-725\">\n\t\t\t\t\t\t<section class=\"elementor-section elementor-top-section elementor-element elementor-element-80acb2f elementor-section-content-middle elementor-section-boxed elementor-section-height-default elementor-section-height-default\" data-id=\"80acb2f\" data-element_type=\"section\" data-e-type=\"section\">\n\t\t\t\t\t\t<div class=\"elementor-container elementor-column-gap-default\">\n\t\t\t\t\t<div class=\"elementor-column elementor-col-100 elementor-top-column elementor-element elementor-element-1403654\" data-id=\"1403654\" data-element_type=\"column\" data-e-type=\"column\">\n\t\t\t<div class=\"elementor-widget-wrap elementor-element-populated\">\n\t\t\t\t\t\t<div class=\"elementor-element elementor-element-e633d8e elementor-widget elementor-widget-text-editor\" data-id=\"e633d8e\" data-element_type=\"widget\" data-e-type=\"widget\" data-widget_type=\"text-editor.default\">\n\t\t\t\t<div class=\"elementor-widget-container\">\n\t\t\t\t\t\t\t\t\t<h1 style=\"text-align: center;\"><a class=\"aligncenter\" href=\"https:\/\/inzainox.com\/wp-content\/uploads\/2023\/06\/Catalogo-general-INZA-2023.pdf\">CATALOGO INZA DRENAJE INDUSTRIAL 2026<\/a><\/h1>\t\t\t\t\t\t\t\t<\/div>\n\t\t\t\t<\/div>\n\t\t\t\t<div class=\"elementor-element elementor-element-44f347d elementor-widget elementor-widget-text-editor\" data-id=\"44f347d\" data-element_type=\"widget\" data-e-type=\"widget\" data-widget_type=\"text-editor.default\">\n\t\t\t\t<div class=\"elementor-widget-container\">\n\t\t\t\t\t\t\t\t\t<h2>I prodotti Inza Inox S.L.<\/h2><p>Il catalogo di Inza Inox S.L. \u00e8 una vetrina d&#8217;eccellenza della nostra ampia gamma di prodotti realizzati in acciaio inossidabile, specializzati in canali e chiusini per l&#8217;industria alimentare. Il nostro obiettivo principale \u00e8 fornire soluzioni di qualit\u00e0, durata ed elevate prestazioni, rispettando i pi\u00f9 rigorosi standard di igiene e sicurezza alimentare. <\/p><p>I nostri canali e chiusini in acciaio inossidabile sono progettati con cura per soddisfare le esigenze specifiche dell&#8217;industria alimentare. Offriamo una variet\u00e0 di design e dimensioni che si adattano a diversi ambienti di lavorazione e produzione. Questi prodotti sono fabbricati con acciaio inossidabile di prima qualit\u00e0, il che garantisce resistenza alla corrosione, durata e facilit\u00e0 di pulizia.  <\/p><p>L&#8217;igiene \u00e8 un aspetto critico nell&#8217;industria alimentare, per questo i nostri canali e chiusini sono progettati per facilitare la pulizia e prevenire l&#8217;accumulo di residui e batteri. La superficie liscia in acciaio inossidabile evita l&#8217;adesione dello sporco, facilitandone la manutenzione e rispettando i pi\u00f9 esigenti standard di qualit\u00e0 e sicurezza alimentare. <\/p><p>Oltre alla funzionalit\u00e0 e alla resistenza, offriamo opzioni personalizzate nel nostro catalogo per adattarci alle necessit\u00e0 specifiche di ogni cliente. Il nostro team di esperti lavora a stretto contatto con i clienti per comprendere i loro requisiti e offrire soluzioni su misura che ottimizzino i processi di produzione. <\/p><p>In sintesi, il catalogo di Inza Inox S.L. rispecchia la nostra dedizione nel fornire canali e chiusini in acciaio inossidabile di alta qualit\u00e0 per l&#8217;industria alimentare. Ci impegniamo a offrire soluzioni affidabili, durature e sicure che soddisfino i pi\u00f9 alti standard di igiene e qualit\u00e0 alimentare. Affidati a noi per soddisfare le tue esigenze e superare le tue aspettative nell&#8217;ambito del drenaggio e del trattamento dei liquidi nell&#8217;industria alimentare.  <\/p>\t\t\t\t\t\t\t\t<\/div>\n\t\t\t\t<\/div>\n\t\t\t\t<div class=\"elementor-element elementor-element-ec732f6 elementor-widget elementor-widget-text-editor\" data-id=\"ec732f6\" data-element_type=\"widget\" data-e-type=\"widget\" data-widget_type=\"text-editor.default\">\n\t\t\t\t<div class=\"elementor-widget-container\">\n\t\t\t\t\t\t\t\t\t<h2>SCHEDE TECNICHE<\/h2>\t\t\t\t\t\t\t\t<\/div>\n\t\t\t\t<\/div>\n\t\t\t\t\t<\/div>\n\t\t<\/div>\n\t\t\t\t\t<\/div>\n\t\t<\/section>\n\t\t\t\t<\/div>\n\t\t","protected":false},"excerpt":{"rendered":"<p>CATALOGO INZA DRENAJE INDUSTRIAL 2026 I prodotti Inza Inox S.L. Il catalogo di Inza Inox S.L. \u00e8 una vetrina d&#8217;eccellenza della nostra ampia gamma di prodotti realizzati in acciaio inossidabile, specializzati in canali e chiusini per l&#8217;industria alimentare. Il nostro obiettivo principale \u00e8 fornire soluzioni di qualit\u00e0, durata ed elevate prestazioni, rispettando i pi\u00f9 rigorosi &#8230; <a title=\"Download\" class=\"read-more\" href=\"https:\/\/inzainox.com\/it\/download\/\" aria-label=\"Per saperne di pi\u00f9 su Download\">Leggi tutto<\/a><\/p>\n","protected":false},"author":1,"featured_media":0,"parent":0,"menu_order":0,"comment_status":"closed","ping_status":"closed","template":"","meta":{"footnotes":""},"class_list":["post-8679","page","type-page","status-publish"],"yoast_head":"<!-- This site is optimized with the Yoast SEO plugin v27.1.1 - https:\/\/yoast.com\/product\/yoast-seo-wordpress\/ -->\n<title>Download - Canaline e chiusini in acciaio inox Inza. Drenaggio inox per l&#039;industria<\/title>\n<meta name=\"robots\" content=\"index, follow, max-snippet:-1, max-image-preview:large, max-video-preview:-1\" \/>\n<link rel=\"canonical\" href=\"https:\/\/inzainox.com\/it\/download\/\" \/>\n<meta property=\"og:locale\" content=\"it_IT\" \/>\n<meta property=\"og:type\" content=\"article\" \/>\n<meta property=\"og:title\" content=\"Download - Canaline e chiusini in acciaio inox Inza. Drenaggio inox per l&#039;industria\" \/>\n<meta property=\"og:description\" content=\"CATALOGO INZA DRENAJE INDUSTRIAL 2026 I prodotti Inza Inox S.L. Il catalogo di Inza Inox S.L. \u00e8 una vetrina d&#8217;eccellenza della nostra ampia gamma di prodotti realizzati in acciaio inossidabile, specializzati in canali e chiusini per l&#8217;industria alimentare. Il nostro obiettivo principale \u00e8 fornire soluzioni di qualit\u00e0, durata ed elevate prestazioni, rispettando i pi\u00f9 rigorosi ... Leggi tutto\" \/>\n<meta property=\"og:url\" content=\"https:\/\/inzainox.com\/it\/download\/\" \/>\n<meta property=\"og:site_name\" content=\"Canaline e chiusini in acciaio inox Inza. Drenaggio inox per l&#039;industria\" \/>\n<meta property=\"article:modified_time\" content=\"2026-03-30T12:01:27+00:00\" \/>\n<meta property=\"og:image\" content=\"https:\/\/inzainox.com\/wp-content\/uploads\/2026\/02\/Canales-de-Acero-Inoxidable.png\" \/>\n\t<meta property=\"og:image:width\" content=\"350\" \/>\n\t<meta property=\"og:image:height\" content=\"613\" \/>\n\t<meta property=\"og:image:type\" content=\"image\/png\" \/>\n<meta name=\"twitter:card\" content=\"summary_large_image\" \/>\n<meta name=\"twitter:label1\" content=\"Tempo di lettura stimato\" \/>\n\t<meta name=\"twitter:data1\" content=\"1 minuto\" \/>\n<!-- \/ Yoast SEO plugin. -->","yoast_head_json":{"title":"Download - Canaline e chiusini in acciaio inox Inza. Drenaggio inox per l'industria","robots":{"index":"index","follow":"follow","max-snippet":"max-snippet:-1","max-image-preview":"max-image-preview:large","max-video-preview":"max-video-preview:-1"},"canonical":"https:\/\/inzainox.com\/it\/download\/","og_locale":"it_IT","og_type":"article","og_title":"Download - Canaline e chiusini in acciaio inox Inza. Drenaggio inox per l'industria","og_description":"CATALOGO INZA DRENAJE INDUSTRIAL 2026 I prodotti Inza Inox S.L. Il catalogo di Inza Inox S.L. \u00e8 una vetrina d&#8217;eccellenza della nostra ampia gamma di prodotti realizzati in acciaio inossidabile, specializzati in canali e chiusini per l&#8217;industria alimentare. Il nostro obiettivo principale \u00e8 fornire soluzioni di qualit\u00e0, durata ed elevate prestazioni, rispettando i pi\u00f9 rigorosi ... Leggi tutto","og_url":"https:\/\/inzainox.com\/it\/download\/","og_site_name":"Canaline e chiusini in acciaio inox Inza. Drenaggio inox per l'industria","article_modified_time":"2026-03-30T12:01:27+00:00","og_image":[{"width":350,"height":613,"url":"https:\/\/inzainox.com\/wp-content\/uploads\/2026\/02\/Canales-de-Acero-Inoxidable.png","type":"image\/png"}],"twitter_card":"summary_large_image","twitter_misc":{"Tempo di lettura stimato":"1 minuto"},"schema":{"@context":"https:\/\/schema.org","@graph":[{"@type":"WebPage","@id":"https:\/\/inzainox.com\/it\/download\/","url":"https:\/\/inzainox.com\/it\/download\/","name":"Download - Canaline e chiusini in acciaio inox Inza. Drenaggio inox per l'industria","isPartOf":{"@id":"https:\/\/inzainox.com\/it\/#website"},"datePublished":"2020-08-13T08:13:08+00:00","dateModified":"2026-03-30T12:01:27+00:00","breadcrumb":{"@id":"https:\/\/inzainox.com\/it\/download\/#breadcrumb"},"inLanguage":"it-IT","potentialAction":[{"@type":"ReadAction","target":["https:\/\/inzainox.com\/it\/download\/"]}]},{"@type":"BreadcrumbList","@id":"https:\/\/inzainox.com\/it\/download\/#breadcrumb","itemListElement":[{"@type":"ListItem","position":1,"name":"Home","item":"https:\/\/inzainox.com\/it\/nuova-home\/"},{"@type":"ListItem","position":2,"name":"Download"}]},{"@type":"WebSite","@id":"https:\/\/inzainox.com\/it\/#website","url":"https:\/\/inzainox.com\/it\/","name":"Canaline e chiusini in acciaio inox Inza. Drenaggio inox per l'industria","description":"Drenaggio in acciaio inox per l'industria","publisher":{"@id":"https:\/\/inzainox.com\/it\/#organization"},"alternateName":"Inza Inox","potentialAction":[{"@type":"SearchAction","target":{"@type":"EntryPoint","urlTemplate":"https:\/\/inzainox.com\/it\/?s={search_term_string}"},"query-input":{"@type":"PropertyValueSpecification","valueRequired":true,"valueName":"search_term_string"}}],"inLanguage":"it-IT"},{"@type":"Organization","@id":"https:\/\/inzainox.com\/it\/#organization","name":"Inza Inox S.L.","alternateName":"Inza","url":"https:\/\/inzainox.com\/it\/","logo":{"@type":"ImageObject","inLanguage":"it-IT","@id":"https:\/\/inzainox.com\/it\/#\/schema\/logo\/image\/","url":"https:\/\/inzainox.com\/wp-content\/uploads\/2020\/05\/cropped-NUEVA-INZA-2-5.png","contentUrl":"https:\/\/inzainox.com\/wp-content\/uploads\/2020\/05\/cropped-NUEVA-INZA-2-5.png","width":549,"height":264,"caption":"Inza Inox S.L."},"image":{"@id":"https:\/\/inzainox.com\/it\/#\/schema\/logo\/image\/"}}]}},"_links":{"self":[{"href":"https:\/\/inzainox.com\/it\/wp-json\/wp\/v2\/pages\/8679","targetHints":{"allow":["GET"]}}],"collection":[{"href":"https:\/\/inzainox.com\/it\/wp-json\/wp\/v2\/pages"}],"about":[{"href":"https:\/\/inzainox.com\/it\/wp-json\/wp\/v2\/types\/page"}],"author":[{"embeddable":true,"href":"https:\/\/inzainox.com\/it\/wp-json\/wp\/v2\/users\/1"}],"replies":[{"embeddable":true,"href":"https:\/\/inzainox.com\/it\/wp-json\/wp\/v2\/comments?post=8679"}],"version-history":[{"count":1,"href":"https:\/\/inzainox.com\/it\/wp-json\/wp\/v2\/pages\/8679\/revisions"}],"predecessor-version":[{"id":8680,"href":"https:\/\/inzainox.com\/it\/wp-json\/wp\/v2\/pages\/8679\/revisions\/8680"}],"wp:attachment":[{"href":"https:\/\/inzainox.com\/it\/wp-json\/wp\/v2\/media?parent=8679"}],"curies":[{"name":"wp","href":"https:\/\/api.w.org\/{rel}","templated":true}]}}