{"id":8544,"date":"2021-12-21T11:56:37","date_gmt":"2021-12-21T11:56:37","guid":{"rendered":"https:\/\/inzainox.com\/avviso-legale\/"},"modified":"2026-03-30T11:55:06","modified_gmt":"2026-03-30T11:55:06","slug":"avviso-legale","status":"publish","type":"page","link":"https:\/\/inzainox.com\/it\/avviso-legale\/","title":{"rendered":"Avviso Legale"},"content":{"rendered":"\t\t<div data-elementor-type=\"wp-page\" data-elementor-id=\"8544\" class=\"elementor elementor-8544 elementor-2188\">\n\t\t\t\t\t\t<section class=\"elementor-section elementor-top-section elementor-element elementor-element-70b13fe1 elementor-section-boxed elementor-section-height-default elementor-section-height-default\" data-id=\"70b13fe1\" data-element_type=\"section\" data-e-type=\"section\">\n\t\t\t\t\t\t<div class=\"elementor-container elementor-column-gap-default\">\n\t\t\t\t\t<div class=\"elementor-column elementor-col-100 elementor-top-column elementor-element elementor-element-3e7772bc\" data-id=\"3e7772bc\" data-element_type=\"column\" data-e-type=\"column\">\n\t\t\t<div class=\"elementor-widget-wrap elementor-element-populated\">\n\t\t\t\t\t\t<div class=\"elementor-element elementor-element-12219a8f elementor-widget elementor-widget-text-editor\" data-id=\"12219a8f\" data-element_type=\"widget\" data-e-type=\"widget\" data-widget_type=\"text-editor.default\">\n\t\t\t\t<div class=\"elementor-widget-container\">\n\t\t\t\t\t\t\t\t\t<p><strong>Avviso Legale<\/strong><\/p><ol><li><strong>  DATI IDENTIFICATIVI<\/strong><\/li><\/ol><p>In conformit\u00e0 con il dovere di informazione stabilito dall&#8217;articolo 10 della Legge 34\/2002, dell&#8217;11 luglio, sui Servizi della Societ\u00e0 dell&#8217;Informazione e del Commercio Elettronico, di seguito sono riportati i seguenti dati:<\/p><p>Ragione Sociale: Inza Inox, S.L.<\/p><p>Nome Commerciale: Inza<\/p><p>Sede Legale: C\/Mar\u00eda Auxiliadora 35, CP28221 Majadahonda (Madrid)<\/p><p>P.IVA \/ NIF: B-16678591<\/p><p>E-mail: info@inzainox.com<\/p><p>Nome di dominio: inzainox.com<\/p><ol start=\"2\"><li><strong>  UTENTI<\/strong><\/li><\/ol><p>L&#8217;accesso e\/o l&#8217;uso di questo portale di Inza attribuisce la condizione di UTENTE, che accetta, da tale accesso e\/o uso, le Condizioni Generali d&#8217;Uso qui riportate. Le suddette Condizioni saranno applicabili indipendentemente dalle Condizioni Generali di Contratto che, se del caso, risultino di obbligatoria osservanza. <\/p><ol start=\"3\"><li><strong>  USO DEL PORTALE<\/strong><\/li><\/ol><p>Inza fornisce l&#8217;accesso a una moltitudine di informazioni, servizi, programmi o dati (di seguito, &#8220;i contenuti&#8221;) su Internet appartenenti a Inza o ai suoi licenziatari a cui l&#8217;UTENTE pu\u00f2 avere accesso. L&#8217;UTENTE si assume la responsabilit\u00e0 dell&#8217;uso del portale. Tale responsabilit\u00e0 si estende alla registrazione che fosse necessaria per accedere a determinati servizi o contenuti. In tale registrazione l&#8217;UTENTE sar\u00e0 responsabile di fornire informazioni veritiere e lecite. Come conseguenza di questa registrazione, all&#8217;UTENTE pu\u00f2 essere fornita una password di cui sar\u00e0 responsabile, impegnandosi a farne un uso diligente e confidenziale.    <\/p><p>L&#8217;UTENTE si impegna a fare un uso adeguato dei contenuti che Inza offre attraverso il suo portale e, a titolo esemplificativo ma non esaustivo, a non utilizzarli per (i) intraprendere attivit\u00e0 illecite, illegali o contrarie alla buona fede e all&#8217;ordine pubblico; (ii) diffondere contenuti o propaganda di carattere razzista, xenofobo, pornografico-illegale, di apologia del terrorismo o lesivo dei diritti umani; (iii) provocare danni ai sistemi fisici e logici di Inza, dei suoi fornitori o di terzi, introdurre o diffondere in rete virus informatici o qualsiasi altro sistema fisico o logico suscettibile di provocare i danni precedentemente menzionati; (iv) tentare di accedere e, se del caso, utilizzare gli account di posta elettronica di altri utenti e modificare o manipolare i loro messaggi. Inza si riserva il diritto di ritirare tutti quei commenti e contributi che violino il rispetto della dignit\u00e0 della persona, che siano discriminatori, xenofobi, razzisti, pornografici, che attentino contro la giovent\u00f9 o l&#8217;infanzia, l&#8217;ordine o la sicurezza pubblica o che, a suo giudizio, non risultino adeguati per la pubblicazione. In ogni caso, Inza non sar\u00e0 responsabile delle opinioni espresse dagli utenti attraverso i forum, le chat o altri strumenti di partecipazione.      <\/p><ol start=\"4\"><li><strong>  PROTEZIONE DEI DATI<\/strong><\/li><\/ol><p data-path-to-node=\"4,1\">Inza \u00e8 conforme alle direttive del Regolamento (UE) 2016\/679 del Parlamento Europeo e del Consiglio, del 27 aprile 2016, relativo alla protezione delle persone fisiche (RGPD), nonch\u00e9 alla Legge Organica 3\/2018, del 5 dicembre, sulla Protezione dei Dati Personali e garanzia dei diritti digitali (LOPDGDD), e alle altre normative vigenti in ogni momento, garantendo un corretto uso e trattamento dei dati personali dell&#8217;utente.<\/p><p data-path-to-node=\"4,2\">A tal fine, Inza mette a disposizione degli utenti la <span class=\"citation-147 citation-end-147\">Politica sulla Privacy dell&#8217;entit\u00e0 informando gli utenti riguardo ai seguenti aspetti:<\/span><\/p><div class=\"source-inline-chip-container ng-star-inserted\"> <\/div><ul data-path-to-node=\"4,3\"><li><p data-path-to-node=\"4,3,0,0\"><span class=\"citation-146 citation-end-146\">Dati del Titolare del trattamento.<\/span><\/p><div class=\"source-inline-chip-container ng-star-inserted\"> <\/div><\/li><li><p data-path-to-node=\"4,3,1,0\"><span class=\"citation-145 citation-end-145\">Dati trattati e finalit\u00e0 del trattamento.<\/span><\/p><div class=\"source-inline-chip-container ng-star-inserted\"> <\/div><\/li><li><p data-path-to-node=\"4,3,2,0\"><span class=\"citation-144 citation-end-144\">Base giuri<\/span>dica e periodo di conservazione dei dati.<\/p><div class=\"source-inline-chip-container ng-star-inserted\"> <\/div><\/li><li><p data-path-to-node=\"4,3,3,0\">Obbligatoriet\u00e0 o meno di fornirli, nonch\u00e9 le conseguenze in caso di mancata fornitura.<\/p><\/li><li><p data-path-to-node=\"4,3,4,0\">Sui diritti che spettano a ogni utente (accesso, rettifica, cancellazione, limitazione, portabilit\u00e0 e opposizione) e la procedura per esercitarli.<\/p><\/li><\/ul><ol start=\"5\"><li><strong>  PROPRIET\u00c0 INTELLETTUALE E INDUSTRIALE<\/strong><\/li><\/ol><p>Il sito web, inclusi a titolo esemplificativo ma non esaustivo la sua programmazione, edizione, compilazione e gli altri elementi necessari per il suo funzionamento, i design, i loghi, il testo e\/o la grafica sono propriet\u00e0 di Inza o, se del caso, dispone di licenza o autorizzazione espressa da parte degli autori. Tutti i contenuti del sito web sono debitamente protetti dalla normativa sulla propriet\u00e0 intellettuale e industriale, nonch\u00e9 iscritti nei registri pubblici corrispondenti. <\/p><p>Indipendentemente dalla finalit\u00e0 per cui fossero destinati, la riproduzione totale o parziale, l&#8217;uso, lo sfruttamento, la distribuzione e la commercializzazione, richiedono in ogni caso la previa autorizzazione scritta da parte di Inza. Qualsiasi uso non autorizzato preventivamente da parte di Inza sar\u00e0 considerato una grave violazione dei diritti di propriet\u00e0 intellettuale o industriale dell&#8217;autore. <\/p><p>I design, i loghi, il testo e\/o la grafica estranei a Inza e che potessero apparire sul sito web, appartengono ai rispettivi proprietari, essendo essi stessi responsabili di qualsiasi possibile controversia che potesse sorgere al riguardo. In ogni caso, il fornitore dispone dell&#8217;autorizzazione espressa e previa da parte degli stessi. <\/p><p>Inza autorizza espressamente che terzi possano reindirizzare direttamente ai contenuti specifici del sito web.<\/p><p>Inza riconosce a favore dei suoi titolari i corrispondenti diritti di propriet\u00e0 industriale e intellettuale, non implicando la loro sola menzione o apparizione sul sito web l&#8217;esistenza di diritti o responsabilit\u00e0 alcuna di Inza sugli stessi, n\u00e9 tantomeno sostegno, sponsorizzazione o raccomandazione da parte dello stesso.<\/p><p>Per effettuare qualsiasi tipo di osservazione riguardo a possibili violazioni dei diritti di propriet\u00e0 intellettuale o industriale, nonch\u00e9 su qualsiasi contenuto del sito web, \u00e8 possibile farlo tramite il seguente indirizzo e-mail: info@inzainox.com<\/p><ol start=\"6\"><li><strong>  ESCLUSIONE DI GARANZIE E RESPONSABILIT\u00c0<\/strong><\/li><\/ol><p>Inza si esime da qualsiasi tipo di responsabilit\u00e0 derivante dalle informazioni pubblicate sul suo sito web, sempre che tali informazioni siano state manipolate o introdotte da un terzo estraneo allo stesso.<\/p><p>Il sito web pu\u00f2 utilizzare cookie (piccoli file di informazioni che il server invia al computer di chi accede alla pagina) per svolgere determinate funzioni considerate indispensabili per il corretto funzionamento e la visualizzazione del sito. I cookie utilizzati sul sito web hanno, in ogni caso, carattere temporaneo con l&#8217;unica finalit\u00e0 di rendere pi\u00f9 efficace la loro successiva trasmissione e scompaiono al termine della sessione dell&#8217;utente. In nessun caso i cookie saranno utilizzati per raccogliere informazioni di carattere personale.  <\/p><p>Dal sito web \u00e8 possibile che si venga reindirizzati a contenuti di siti web di terzi. Dato che Inza non pu\u00f2 sempre controllare i contenuti introdotti da terzi nei loro siti web, non si assume alcun tipo di responsabilit\u00e0 riguardo a tali contenuti. In ogni caso, Inza dichiara che proceder\u00e0 al ritiro immediato di qualsiasi contenuto che potesse contravvenire alla legislazione nazionale o internazionale, alla morale o all&#8217;ordine pubblico, procedendo al ritiro immediato del reindirizzamento a tale sito web, portando a conoscenza delle autorit\u00e0 competenti il contenuto in questione.  <\/p><p>Inza non \u00e8 responsabile delle informazioni e dei contenuti memorizzati, a titolo esemplificativo ma non esaustivo, in forum, chat, generatori di blog, commenti, social network o qualsiasi altro mezzo che permetta a terzi di pubblicare contenuti in modo indipendente sulla pagina web. Nonostante ci\u00f2 e in conformit\u00e0 con quanto disposto dagli artt. 11 e 16 della LSSI-CE, il fornitore si mette a disposizione di tutti gli utenti, autorit\u00e0 e forze di sicurezza, e collaborando attivamente al ritiro o, se del caso, al blocco di tutti quei contenuti che potessero ledere o contravvenire la legislazione nazionale o internazionale, i diritti di terzi o la morale e l&#8217;ordine pubblico. Nel caso in cui l&#8217;utente ritenga che sul sito web esista un contenuto che possa rientrare in questa classificazione, si prega di notificarlo immediatamente all&#8217;amministratore del sito web.  <\/p><p>Questo sito web \u00e8 stato revisionato e testato per garantirne il corretto funzionamento. In linea di principio, si pu\u00f2 garantire il corretto funzionamento 365 giorni all&#8217;anno, 24 ore al giorno. Nonostante ci\u00f2, il fornitore non esclude la possibilit\u00e0 che esistano certi errori di programmazione, o che si verifichino cause di forza maggiore, catastrofi naturali, scioperi o circostanze simili che rendano impossibile l&#8217;accesso alla pagina web.  <\/p><ol start=\"7\"><li><strong>  MODIFICHE<\/strong><\/li><\/ol><p>Inza si riserva il diritto di effettuare senza preavviso le modifiche che ritenga opportune nel suo portale, potendo cambiare, sopprimere o aggiungere sia i contenuti e i servizi che vengono forniti attraverso lo stesso sia la forma in cui questi appaiono presentati o localizzati nel suo portale.<\/p><ol start=\"8\"><li><strong>  COLLEGAMENTI<\/strong><\/li><\/ol><p>Nel caso in cui nel nome del dominio fossero presenti collegamenti o hyperlink ad altri siti Internet, Inza non eserciter\u00e0 alcun tipo di controllo su tali siti e contenuti. In nessun caso Inza si assumer\u00e0 alcuna responsabilit\u00e0 per i contenuti di qualsiasi collegamento appartenente a un sito web esterno, n\u00e9 garantir\u00e0 la disponibilit\u00e0 tecnica, la qualit\u00e0, l&#8217;affidabilit\u00e0, l&#8217;accuratezza, l&#8217;ampiezza, la veridicit\u00e0, la validit\u00e0 e la costituzionalit\u00e0 di qualsiasi materiale o informazione contenuta in nessuno di tali hyperlink o altri siti Internet. Allo stesso modo, l&#8217;inclusione di queste connessioni esterne non implicher\u00e0 alcun tipo di associazione, fusione o partecipazione con le entit\u00e0 collegate.  <\/p><ol start=\"9\"><li><strong>  DIRITTO DI ESCLUSIONE<\/strong><\/li><\/ol><p>Inza si riserva il diritto di negare o ritirare l&#8217;accesso al portale e\/o ai servizi offerti senza necessit\u00e0 di preavviso, su propria istanza o di un terzo, a quegli utenti che violino le presenti Condizioni Generali d&#8217;Uso.<\/p><ol start=\"10\"><li><strong>  GENERALIT\u00c0<\/strong><\/li><\/ol><p>Inza perseguir\u00e0 l&#8217;inadempimento delle presenti condizioni, nonch\u00e9 qualsiasi utilizzo improprio del suo portale esercitando tutte le azioni civili e penali che le possano spettare per legge.<\/p><ol start=\"11\"><li><strong>  MODIFICA DELLE PRESENTI CONDIZIONI E DURATA<\/strong><\/li><\/ol><p>Inza potr\u00e0 modificare in qualsiasi momento le condizioni qui determinate, essendo debitamente pubblicate come qui appaiono. La validit\u00e0 delle suddette condizioni dipender\u00e0 dalla loro esposizione e saranno valide fino a quando non saranno modificate da altre debitamente pubblicate. <\/p><ol start=\"12\"><li><strong>  LEGISLAZIONE APPLICABILE E GIURISDIZIONE<\/strong><\/li><\/ol><p>Il rapporto tra Inza e l&#8217;UTENTE sar\u00e0 regolato dalla normativa spagnola vigente e qualsiasi controversia sar\u00e0 sottoposta ai Giudici e tribunali di Madrid.<\/p>\t\t\t\t\t\t\t\t<\/div>\n\t\t\t\t<\/div>\n\t\t\t\t\t<\/div>\n\t\t<\/div>\n\t\t\t\t\t<\/div>\n\t\t<\/section>\n\t\t\t\t<\/div>\n\t\t","protected":false},"excerpt":{"rendered":"<p>Avviso Legale DATI IDENTIFICATIVI In conformit\u00e0 con il dovere di informazione stabilito dall&#8217;articolo 10 della Legge 34\/2002, dell&#8217;11 luglio, sui Servizi della Societ\u00e0 dell&#8217;Informazione e del Commercio Elettronico, di seguito sono riportati i seguenti dati: Ragione Sociale: Inza Inox, S.L. Nome Commerciale: Inza Sede Legale: C\/Mar\u00eda Auxiliadora 35, CP28221 Majadahonda (Madrid) P.IVA \/ NIF: B-16678591 &#8230; <a title=\"Avviso Legale\" class=\"read-more\" href=\"https:\/\/inzainox.com\/it\/avviso-legale\/\" aria-label=\"Per saperne di pi\u00f9 su Avviso Legale\">Leggi tutto<\/a><\/p>\n","protected":false},"author":1,"featured_media":0,"parent":0,"menu_order":0,"comment_status":"closed","ping_status":"closed","template":"","meta":{"footnotes":""},"class_list":["post-8544","page","type-page","status-publish"],"yoast_head":"<!-- This site is optimized with the Yoast SEO plugin v27.1.1 - https:\/\/yoast.com\/product\/yoast-seo-wordpress\/ -->\n<title>Avviso Legale - Canaline e chiusini in acciaio inox Inza. Drenaggio inox per l&#039;industria<\/title>\n<meta name=\"robots\" content=\"noindex, nofollow\" \/>\n<meta property=\"og:locale\" content=\"it_IT\" \/>\n<meta property=\"og:type\" content=\"article\" \/>\n<meta property=\"og:title\" content=\"Avviso Legale - Canaline e chiusini in acciaio inox Inza. Drenaggio inox per l&#039;industria\" \/>\n<meta property=\"og:description\" content=\"Avviso Legale DATI IDENTIFICATIVI In conformit\u00e0 con il dovere di informazione stabilito dall&#8217;articolo 10 della Legge 34\/2002, dell&#8217;11 luglio, sui Servizi della Societ\u00e0 dell&#8217;Informazione e del Commercio Elettronico, di seguito sono riportati i seguenti dati: Ragione Sociale: Inza Inox, S.L. Nome Commerciale: Inza Sede Legale: C\/Mar\u00eda Auxiliadora 35, CP28221 Majadahonda (Madrid) P.IVA \/ NIF: B-16678591 ... Leggi tutto\" \/>\n<meta property=\"og:url\" content=\"https:\/\/inzainox.com\/it\/avviso-legale\/\" \/>\n<meta property=\"og:site_name\" content=\"Canaline e chiusini in acciaio inox Inza. Drenaggio inox per l&#039;industria\" \/>\n<meta property=\"article:modified_time\" content=\"2026-03-30T11:55:06+00:00\" \/>\n<meta property=\"og:image\" content=\"https:\/\/inzainox.com\/wp-content\/uploads\/2026\/02\/Canales-de-Acero-Inoxidable.png\" \/>\n\t<meta property=\"og:image:width\" content=\"350\" \/>\n\t<meta property=\"og:image:height\" content=\"613\" \/>\n\t<meta property=\"og:image:type\" content=\"image\/png\" \/>\n<meta name=\"twitter:card\" content=\"summary_large_image\" \/>\n<meta name=\"twitter:label1\" content=\"Tempo di lettura stimato\" \/>\n\t<meta name=\"twitter:data1\" content=\"7 minuti\" \/>\n<!-- \/ Yoast SEO plugin. -->","yoast_head_json":{"title":"Avviso Legale - Canaline e chiusini in acciaio inox Inza. Drenaggio inox per l'industria","robots":{"index":"noindex","follow":"nofollow"},"og_locale":"it_IT","og_type":"article","og_title":"Avviso Legale - Canaline e chiusini in acciaio inox Inza. Drenaggio inox per l'industria","og_description":"Avviso Legale DATI IDENTIFICATIVI In conformit\u00e0 con il dovere di informazione stabilito dall&#8217;articolo 10 della Legge 34\/2002, dell&#8217;11 luglio, sui Servizi della Societ\u00e0 dell&#8217;Informazione e del Commercio Elettronico, di seguito sono riportati i seguenti dati: Ragione Sociale: Inza Inox, S.L. Nome Commerciale: Inza Sede Legale: C\/Mar\u00eda Auxiliadora 35, CP28221 Majadahonda (Madrid) P.IVA \/ NIF: B-16678591 ... Leggi tutto","og_url":"https:\/\/inzainox.com\/it\/avviso-legale\/","og_site_name":"Canaline e chiusini in acciaio inox Inza. Drenaggio inox per l'industria","article_modified_time":"2026-03-30T11:55:06+00:00","og_image":[{"width":350,"height":613,"url":"https:\/\/inzainox.com\/wp-content\/uploads\/2026\/02\/Canales-de-Acero-Inoxidable.png","type":"image\/png"}],"twitter_card":"summary_large_image","twitter_misc":{"Tempo di lettura stimato":"7 minuti"},"schema":{"@context":"https:\/\/schema.org","@graph":[{"@type":"WebPage","@id":"https:\/\/inzainox.com\/it\/avviso-legale\/","url":"https:\/\/inzainox.com\/it\/avviso-legale\/","name":"Avviso Legale - Canaline e chiusini in acciaio inox Inza. Drenaggio inox per l'industria","isPartOf":{"@id":"https:\/\/inzainox.com\/it\/#website"},"datePublished":"2021-12-21T11:56:37+00:00","dateModified":"2026-03-30T11:55:06+00:00","breadcrumb":{"@id":"https:\/\/inzainox.com\/it\/avviso-legale\/#breadcrumb"},"inLanguage":"it-IT","potentialAction":[{"@type":"ReadAction","target":["https:\/\/inzainox.com\/it\/avviso-legale\/"]}]},{"@type":"BreadcrumbList","@id":"https:\/\/inzainox.com\/it\/avviso-legale\/#breadcrumb","itemListElement":[{"@type":"ListItem","position":1,"name":"Home","item":"https:\/\/inzainox.com\/it\/nuova-home\/"},{"@type":"ListItem","position":2,"name":"Avviso Legale"}]},{"@type":"WebSite","@id":"https:\/\/inzainox.com\/it\/#website","url":"https:\/\/inzainox.com\/it\/","name":"Canaline e chiusini in acciaio inox Inza. Drenaggio inox per l'industria","description":"Drenaggio in acciaio inox per l'industria","publisher":{"@id":"https:\/\/inzainox.com\/it\/#organization"},"alternateName":"Inza Inox","potentialAction":[{"@type":"SearchAction","target":{"@type":"EntryPoint","urlTemplate":"https:\/\/inzainox.com\/it\/?s={search_term_string}"},"query-input":{"@type":"PropertyValueSpecification","valueRequired":true,"valueName":"search_term_string"}}],"inLanguage":"it-IT"},{"@type":"Organization","@id":"https:\/\/inzainox.com\/it\/#organization","name":"Inza Inox S.L.","alternateName":"Inza","url":"https:\/\/inzainox.com\/it\/","logo":{"@type":"ImageObject","inLanguage":"it-IT","@id":"https:\/\/inzainox.com\/it\/#\/schema\/logo\/image\/","url":"https:\/\/inzainox.com\/wp-content\/uploads\/2020\/05\/cropped-NUEVA-INZA-2-5.png","contentUrl":"https:\/\/inzainox.com\/wp-content\/uploads\/2020\/05\/cropped-NUEVA-INZA-2-5.png","width":549,"height":264,"caption":"Inza Inox S.L."},"image":{"@id":"https:\/\/inzainox.com\/it\/#\/schema\/logo\/image\/"}}]}},"_links":{"self":[{"href":"https:\/\/inzainox.com\/it\/wp-json\/wp\/v2\/pages\/8544","targetHints":{"allow":["GET"]}}],"collection":[{"href":"https:\/\/inzainox.com\/it\/wp-json\/wp\/v2\/pages"}],"about":[{"href":"https:\/\/inzainox.com\/it\/wp-json\/wp\/v2\/types\/page"}],"author":[{"embeddable":true,"href":"https:\/\/inzainox.com\/it\/wp-json\/wp\/v2\/users\/1"}],"replies":[{"embeddable":true,"href":"https:\/\/inzainox.com\/it\/wp-json\/wp\/v2\/comments?post=8544"}],"version-history":[{"count":1,"href":"https:\/\/inzainox.com\/it\/wp-json\/wp\/v2\/pages\/8544\/revisions"}],"predecessor-version":[{"id":8546,"href":"https:\/\/inzainox.com\/it\/wp-json\/wp\/v2\/pages\/8544\/revisions\/8546"}],"wp:attachment":[{"href":"https:\/\/inzainox.com\/it\/wp-json\/wp\/v2\/media?parent=8544"}],"curies":[{"name":"wp","href":"https:\/\/api.w.org\/{rel}","templated":true}]}}