{"id":9910,"date":"2020-11-03T16:02:18","date_gmt":"2020-11-03T16:02:18","guid":{"rendered":"https:\/\/inzainox.com\/producto\/tampon-de-regard-etanche-lisse-en-acier-galvanise\/"},"modified":"2020-11-03T16:02:18","modified_gmt":"2020-11-03T16:02:18","slug":"tampon-de-regard-etanche-lisse-en-acier-galvanise","status":"publish","type":"product","link":"https:\/\/inzainox.com\/fr\/produit\/tampon-de-regard-etanche-lisse-en-acier-galvanise\/","title":{"rendered":"Tampon de regard \u00e9tanche lisse en acier galvanis\u00e9"},"content":{"rendered":"<p>Couvercle et cadre pour regard visitable fabriqu\u00e9s en acier galvanis\u00e9. Avec une finition lisse tr\u00e8s soign\u00e9e, le couvercle est tr\u00e8s r\u00e9sistant et facile \u00e0 maintenir en parfait \u00e9tat. <\/p>\n<p>C\u2019est un couvercle \u00e9tanche pour \u00e9viter les odeurs gr\u00e2ce \u00e0 une fermeture par joint EPDM et une fixation par 4 vis aux angles du couvercle.<\/p>\n<p>Le prix du couvercle inclut les outils pour retirer les vis.<\/p>\n<p>Nous fournissons des poign\u00e9es \u00e0 visser dans le logement des vis pour faciliter l\u2019ouverture. Ces poign\u00e9es sont \u00e9galement incluses dans le prix. <\/p>\n<p>Couvercle standard pour trafic pi\u00e9tonnier et couvercles renforc\u00e9s pour trafic routier. Nous proposons des couvercles pour les classes de charge A15, B125, C250 et D400. <\/p>\n<p><iframe title=\"Tapa de arqueta estanca lisa de acero inoxidable o galvanizado\" width=\"1200\" height=\"675\" src=\"https:\/\/www.youtube.com\/embed\/i-ht3desZic?feature=oembed\" frameborder=\"0\" allow=\"accelerometer; autoplay; clipboard-write; encrypted-media; gyroscope; picture-in-picture; web-share\" referrerpolicy=\"strict-origin-when-cross-origin\" allowfullscreen><\/iframe><\/p>\n<p>Couvercles carr\u00e9s de diff\u00e9rentes dimensions, de 300&#215;300 mm \u00e0 1000&#215;1000 mm.<\/p>\n<p><span style=\"color: #339966;\"><strong><a style=\"color: #339966;\" href=\"https:\/\/inzainox.com\/wp-content\/uploads\/2022\/03\/Tapas-estancas-de-acero-galvanizado-lisas.pdf\">FICHE TECHNIQUE<\/a><\/strong><\/span><\/p>\n<p>Consulter pour les couvercles ronds et les dimensions sp\u00e9ciales<img fetchpriority=\"high\" decoding=\"async\" class=\"alignnone size-full wp-image-1662\" src=\"https:\/\/inzainox.com\/wp-content\/uploads\/2020\/11\/plano-tapa-lisa.jpg\" alt=\"plan regards inox \u00e9tanches lisses\" width=\"1191\" height=\"466\" srcset=\"https:\/\/inzainox.com\/wp-content\/uploads\/2020\/11\/plano-tapa-lisa.jpg 1191w, https:\/\/inzainox.com\/wp-content\/uploads\/2020\/11\/plano-tapa-lisa-300x117.jpg 300w, https:\/\/inzainox.com\/wp-content\/uploads\/2020\/11\/plano-tapa-lisa-1024x401.jpg 1024w, https:\/\/inzainox.com\/wp-content\/uploads\/2020\/11\/plano-tapa-lisa-768x300.jpg 768w, https:\/\/inzainox.com\/wp-content\/uploads\/2020\/11\/plano-tapa-lisa-600x235.jpg 600w\" sizes=\"(max-width: 1191px) 100vw, 1191px\" \/><img decoding=\"async\" class=\"size-full wp-image-1592 aligncenter\" src=\"https:\/\/inzainox.com\/wp-content\/uploads\/2020\/04\/TAPAS-GENERAL-DIMENSIONES.jpg\" alt=\"Dimensions g\u00e9n\u00e9rales des couvercles \u00e9tanches INZA\" width=\"728\" height=\"265\" srcset=\"https:\/\/inzainox.com\/wp-content\/uploads\/2020\/04\/TAPAS-GENERAL-DIMENSIONES.jpg 728w, https:\/\/inzainox.com\/wp-content\/uploads\/2020\/04\/TAPAS-GENERAL-DIMENSIONES-300x109.jpg 300w, https:\/\/inzainox.com\/wp-content\/uploads\/2020\/04\/TAPAS-GENERAL-DIMENSIONES-600x218.jpg 600w\" sizes=\"(max-width: 728px) 100vw, 728px\" \/><\/p>\n<p>&nbsp;<\/p>\n","protected":false},"excerpt":{"rendered":"<p>Transport inclus dans le prix<\/p>\n<p>Nous vous le livrons sous 24-48 h<\/p>\n<p>Pour toute question, contactez-nous au +34 91 127 90 05<\/p>\n<p>Tampon de regard \u00e9tanche lisse en acier galvanis\u00e9. Fermeture par quatre vis et \u00e9tanch\u00e9it\u00e9 par joint EPDM. Disponible en version simple pour passage pi\u00e9ton (classe de charge A15) ou renforc\u00e9e pour passage de v\u00e9hicules (classe de charge B125) ou applications urbaines (classe de charge C250).  <\/p>\n<p>Tous les couvercles sont livr\u00e9s avec les outils d\u2019ouverture.<\/p>\n","protected":false},"featured_media":73,"comment_status":"open","ping_status":"closed","template":"","meta":[],"product_brand":[],"product_cat":[469,598],"product_tag":[],"class_list":{"0":"post-9910","1":"product","2":"type-product","3":"status-publish","4":"has-post-thumbnail","6":"product_cat-couvercles-etanches","7":"product_cat-couvercles-etanches-en-acier-galvanise","8":"pa_dimensiones-1000x1000","9":"pa_dimensiones-30x30","10":"pa_dimensiones-40x40","11":"pa_dimensiones-50x50","12":"pa_dimensiones-60x60","13":"pa_dimensiones-70x70","14":"pa_dimensiones-80x80","15":"pa_dimensiones-90x90","17":"first","18":"instock","19":"taxable","20":"shipping-taxable","21":"purchasable","22":"product-type-variable"},"yoast_head":"<!-- This site is optimized with the Yoast SEO plugin v27.1.1 - https:\/\/yoast.com\/product\/yoast-seo-wordpress\/ -->\n<title>Tampon de regard \u00e9tanche lisse en acier galvanis\u00e9<\/title>\n<meta name=\"description\" content=\"Stock disponible de tampons de regard \u00e9tanches lisses en acier galvanis\u00e9 pour regards de visite. S\u00e9lectionnez et achetez la solution anti-odeurs.\" \/>\n<meta name=\"robots\" content=\"index, follow, max-snippet:-1, max-image-preview:large, max-video-preview:-1\" \/>\n<link rel=\"canonical\" href=\"https:\/\/inzainox.com\/fr\/produit\/tampon-de-regard-etanche-lisse-en-acier-galvanise\/\" \/>\n<meta property=\"og:locale\" content=\"fr_FR\" \/>\n<meta property=\"og:type\" content=\"article\" \/>\n<meta property=\"og:title\" content=\"Tampon de regard \u00e9tanche lisse en acier galvanis\u00e9\" \/>\n<meta property=\"og:description\" content=\"Stock disponible de tampons de regard \u00e9tanches lisses en acier galvanis\u00e9 pour regards de visite. S\u00e9lectionnez et achetez la solution anti-odeurs.\" \/>\n<meta property=\"og:url\" content=\"https:\/\/inzainox.com\/fr\/produit\/tampon-de-regard-etanche-lisse-en-acier-galvanise\/\" \/>\n<meta property=\"og:site_name\" content=\"Caniveaux et siphons en acier inoxydable Inza. Drainage inox pour l\u2019industrie\" \/>\n<meta property=\"og:image\" content=\"https:\/\/inzainox.com\/wp-content\/uploads\/2020\/04\/lisa.jpg\" \/>\n\t<meta property=\"og:image:width\" content=\"688\" \/>\n\t<meta property=\"og:image:height\" content=\"480\" \/>\n\t<meta property=\"og:image:type\" content=\"image\/jpeg\" \/>\n<meta name=\"twitter:card\" content=\"summary_large_image\" \/>\n<meta name=\"twitter:label1\" content=\"Dur\u00e9e de lecture estim\u00e9e\" \/>\n\t<meta name=\"twitter:data1\" content=\"1 minute\" \/>\n<!-- \/ Yoast SEO plugin. -->","yoast_head_json":{"title":"Tampon de regard \u00e9tanche lisse en acier galvanis\u00e9","description":"Stock disponible de tampons de regard \u00e9tanches lisses en acier galvanis\u00e9 pour regards de visite. S\u00e9lectionnez et achetez la solution anti-odeurs.","robots":{"index":"index","follow":"follow","max-snippet":"max-snippet:-1","max-image-preview":"max-image-preview:large","max-video-preview":"max-video-preview:-1"},"canonical":"https:\/\/inzainox.com\/fr\/produit\/tampon-de-regard-etanche-lisse-en-acier-galvanise\/","og_locale":"fr_FR","og_type":"article","og_title":"Tampon de regard \u00e9tanche lisse en acier galvanis\u00e9","og_description":"Stock disponible de tampons de regard \u00e9tanches lisses en acier galvanis\u00e9 pour regards de visite. S\u00e9lectionnez et achetez la solution anti-odeurs.","og_url":"https:\/\/inzainox.com\/fr\/produit\/tampon-de-regard-etanche-lisse-en-acier-galvanise\/","og_site_name":"Caniveaux et siphons en acier inoxydable Inza. Drainage inox pour l\u2019industrie","og_image":[{"width":688,"height":480,"url":"https:\/\/inzainox.com\/wp-content\/uploads\/2020\/04\/lisa.jpg","type":"image\/jpeg"}],"twitter_card":"summary_large_image","twitter_misc":{"Dur\u00e9e de lecture estim\u00e9e":"1 minute"},"schema":{"@context":"https:\/\/schema.org","@graph":[{"@type":"WebPage","@id":"https:\/\/inzainox.com\/fr\/produit\/tampon-de-regard-etanche-lisse-en-acier-galvanise\/","url":"https:\/\/inzainox.com\/fr\/produit\/tampon-de-regard-etanche-lisse-en-acier-galvanise\/","name":"Tampon de regard \u00e9tanche lisse en acier galvanis\u00e9","isPartOf":{"@id":"https:\/\/inzainox.com\/fr\/#website"},"primaryImageOfPage":{"@id":"https:\/\/inzainox.com\/fr\/produit\/tampon-de-regard-etanche-lisse-en-acier-galvanise\/#primaryimage"},"image":{"@id":"https:\/\/inzainox.com\/fr\/produit\/tampon-de-regard-etanche-lisse-en-acier-galvanise\/#primaryimage"},"thumbnailUrl":"https:\/\/inzainox.com\/wp-content\/uploads\/2020\/04\/lisa.jpg","datePublished":"2020-11-03T16:02:18+00:00","description":"Stock disponible de tampons de regard \u00e9tanches lisses en acier galvanis\u00e9 pour regards de visite. S\u00e9lectionnez et achetez la solution anti-odeurs.","breadcrumb":{"@id":"https:\/\/inzainox.com\/fr\/produit\/tampon-de-regard-etanche-lisse-en-acier-galvanise\/#breadcrumb"},"inLanguage":"fr-FR","potentialAction":[{"@type":"ReadAction","target":["https:\/\/inzainox.com\/fr\/produit\/tampon-de-regard-etanche-lisse-en-acier-galvanise\/"]}]},{"@type":"ImageObject","inLanguage":"fr-FR","@id":"https:\/\/inzainox.com\/fr\/produit\/tampon-de-regard-etanche-lisse-en-acier-galvanise\/#primaryimage","url":"https:\/\/inzainox.com\/wp-content\/uploads\/2020\/04\/lisa.jpg","contentUrl":"https:\/\/inzainox.com\/wp-content\/uploads\/2020\/04\/lisa.jpg","width":688,"height":480,"caption":"Tapa estanca de acero inoxidable con terminaci\u00f3n lisa"},{"@type":"BreadcrumbList","@id":"https:\/\/inzainox.com\/fr\/produit\/tampon-de-regard-etanche-lisse-en-acier-galvanise\/#breadcrumb","itemListElement":[{"@type":"ListItem","position":1,"name":"Accueil","item":"https:\/\/inzainox.com\/fr\/nouvel-accueil\/"},{"@type":"ListItem","position":2,"name":"Boutique Inza","item":"https:\/\/inzainox.com\/fr\/boutique-inza\/"},{"@type":"ListItem","position":3,"name":"Tampon de regard \u00e9tanche lisse en acier galvanis\u00e9"}]},{"@type":"WebSite","@id":"https:\/\/inzainox.com\/fr\/#website","url":"https:\/\/inzainox.com\/fr\/","name":"Caniveaux et siphons en acier inoxydable Inza. Drainage inox pour l\u2019industrie","description":"Drainage en acier inoxydable pour l\u2019industrie","publisher":{"@id":"https:\/\/inzainox.com\/fr\/#organization"},"alternateName":"Inza Inox","potentialAction":[{"@type":"SearchAction","target":{"@type":"EntryPoint","urlTemplate":"https:\/\/inzainox.com\/fr\/?s={search_term_string}"},"query-input":{"@type":"PropertyValueSpecification","valueRequired":true,"valueName":"search_term_string"}}],"inLanguage":"fr-FR"},{"@type":"Organization","@id":"https:\/\/inzainox.com\/fr\/#organization","name":"Inza Inox S.L.","alternateName":"Inza","url":"https:\/\/inzainox.com\/fr\/","logo":{"@type":"ImageObject","inLanguage":"fr-FR","@id":"https:\/\/inzainox.com\/fr\/#\/schema\/logo\/image\/","url":"https:\/\/inzainox.com\/wp-content\/uploads\/2020\/05\/cropped-NUEVA-INZA-2-5.png","contentUrl":"https:\/\/inzainox.com\/wp-content\/uploads\/2020\/05\/cropped-NUEVA-INZA-2-5.png","width":549,"height":264,"caption":"Inza Inox S.L."},"image":{"@id":"https:\/\/inzainox.com\/fr\/#\/schema\/logo\/image\/"}}]}},"_links":{"self":[{"href":"https:\/\/inzainox.com\/fr\/wp-json\/wp\/v2\/product\/9910","targetHints":{"allow":["GET"]}}],"collection":[{"href":"https:\/\/inzainox.com\/fr\/wp-json\/wp\/v2\/product"}],"about":[{"href":"https:\/\/inzainox.com\/fr\/wp-json\/wp\/v2\/types\/product"}],"replies":[{"embeddable":true,"href":"https:\/\/inzainox.com\/fr\/wp-json\/wp\/v2\/comments?post=9910"}],"version-history":[{"count":0,"href":"https:\/\/inzainox.com\/fr\/wp-json\/wp\/v2\/product\/9910\/revisions"}],"wp:featuredmedia":[{"embeddable":true,"href":"https:\/\/inzainox.com\/fr\/wp-json\/wp\/v2\/media\/73"}],"wp:attachment":[{"href":"https:\/\/inzainox.com\/fr\/wp-json\/wp\/v2\/media?parent=9910"}],"wp:term":[{"taxonomy":"product_brand","embeddable":true,"href":"https:\/\/inzainox.com\/fr\/wp-json\/wp\/v2\/product_brand?post=9910"},{"taxonomy":"product_cat","embeddable":true,"href":"https:\/\/inzainox.com\/fr\/wp-json\/wp\/v2\/product_cat?post=9910"},{"taxonomy":"product_tag","embeddable":true,"href":"https:\/\/inzainox.com\/fr\/wp-json\/wp\/v2\/product_tag?post=9910"}],"curies":[{"name":"wp","href":"https:\/\/api.w.org\/{rel}","templated":true}]}}