{"id":9884,"date":"2020-11-03T15:31:56","date_gmt":"2020-11-03T15:31:56","guid":{"rendered":"https:\/\/inzainox.com\/producto\/couvercle-etanche-remplissable-en-acier-galvanise\/"},"modified":"2026-03-30T13:38:02","modified_gmt":"2026-03-30T13:38:02","slug":"couvercle-etanche-remplissable-en-acier-galvanise","status":"publish","type":"product","link":"https:\/\/inzainox.com\/fr\/produit\/couvercle-etanche-remplissable-en-acier-galvanise\/","title":{"rendered":"Couvercle \u00e9tanche remplissable en acier galvanis\u00e9"},"content":{"rendered":"\t\t<div data-elementor-type=\"wp-post\" data-elementor-id=\"9884\" class=\"elementor elementor-9884 elementor-1146\">\n\t\t\t\t<div class=\"elementor-element elementor-element-492da20b e-flex e-con-boxed e-con e-parent\" data-id=\"492da20b\" data-element_type=\"container\" data-e-type=\"container\">\n\t\t\t\t\t<div class=\"e-con-inner\">\n\t\t\t\t<div class=\"elementor-element elementor-element-3958742d elementor-widget elementor-widget-text-editor\" data-id=\"3958742d\" data-element_type=\"widget\" data-e-type=\"widget\" data-widget_type=\"text-editor.default\">\n\t\t\t\t<div class=\"elementor-widget-container\">\n\t\t\t\t\t\t\t\t\tCouvercle \u00e9tanche remplissable en acier galvanis\u00e9 pour regards n\u00e9cessitant d\u2019\u00e9viter l\u2019entr\u00e9e d\u2019eau ou la sortie d\u2019odeurs. Solution compos\u00e9e d\u2019un couvercle et d\u2019un cadre pour installation sur regard visitable, en acier galvanis\u00e9, \u00e0 remplir avec le rev\u00eatement de sol. \r\n\r\nIl s\u2019agit d\u2019un couvercle \u00e9tanche anti-odeurs gr\u00e2ce \u00e0 une fermeture par joint EPDM et une fixation par 4 vis en inox aux angles.\r\n\r\nCon\u00e7u pour \u00eatre rempli avec le m\u00eame rev\u00eatement que le reste du sol, le couvercle de regard install\u00e9 est pratiquement invisible, offrant une solution parfaitement int\u00e9gr\u00e9e. Le fond du couvercle permet un pavage avec des pav\u00e9s de diff\u00e9rentes hauteurs, des carreaux de c\u00e9ramique, du bois ou d\u2019autres types de sols. \r\n\r\nLe prix du couvercle inclut les outils pour retirer les vis.\r\n\r\nNous fournissons des poign\u00e9es qui se vissent dans le logement des vis afin de faciliter une ouverture confortable. Ces poign\u00e9es avec anse sont \u00e9galement incluses dans le prix. \r\n\r\n<iframe title=\"Tapa de arqueta rellenable estanca de acero inoxidable\" width=\"1200\" height=\"675\" src=\"https:\/\/www.youtube.com\/embed\/VVrkmHR3nho?feature=oembed\" frameborder=\"0\" allow=\"accelerometer; autoplay; clipboard-write; encrypted-media; gyroscope; picture-in-picture; web-share\" referrerpolicy=\"strict-origin-when-cross-origin\" allowfullscreen><\/iframe>\r\n\r\nCouvercle standard pour charges de trafic pi\u00e9ton et couvercles sp\u00e9cialement renforc\u00e9s pour charges de trafic de v\u00e9hicules. Nous proposons des couvercles pour les classes de charge A15, B125, C250 et D400 \r\n\r\nCouvercles carr\u00e9s de diff\u00e9rentes dimensions, de 300&#215;300 mm \u00e0 1000&#215;1000 mm.\r\n\r\nLes couvercles \u00e9tanches remplissables sont fabriqu\u00e9s en acier galvanis\u00e9 afin d\u2019offrir une bonne r\u00e9sistance aux charges m\u00e9caniques comme aux agressions chimiques. Ce sont des couvercles sp\u00e9cialement con\u00e7us pour \u00eatre install\u00e9s sur des regards d\u2019assainissement o\u00f9 l\u2019environnement est majoritairement humide. Pour les installations o\u00f9 l\u2019environnement peut \u00eatre extr\u00eamement agressif ou en pr\u00e9sence d\u2019eau de mer, nous proposons ces m\u00eames couvercles \u00e9tanches remplissables en acier inoxydable AISI304 et AISI316L  \r\n\r\nPeut \u00eatre fourni en option avec un treillis pour le b\u00e9tonnage ult\u00e9rieur.\r\n\r\n<span style=\"color: #339966;\"><a style=\"color: #339966;\" href=\"https:\/\/inzainox.com\/wp-content\/uploads\/2022\/03\/Tapas-estancas-de-acero-galvanizado-rellenables.pdf\">FICHE TECHNIQUE<\/a><\/span>\r\n\r\nConsulter pour les couvercles ronds et les dimensions sp\u00e9ciales\r\n\r\n<img fetchpriority=\"high\" decoding=\"async\" class=\"size-full wp-image-1594 aligncenter\" src=\"https:\/\/inzainox.com\/wp-content\/uploads\/2020\/04\/TAPAS-GENERAL-DIMENSIONES-1.jpg\" alt=\"DIMENSIONS G\u00c9N\u00c9RALES COUVERCLES \u00c9TANCHES INZA\" width=\"491\" height=\"449\" srcset=\"https:\/\/inzainox.com\/wp-content\/uploads\/2020\/04\/TAPAS-GENERAL-DIMENSIONES-1.jpg 491w, https:\/\/inzainox.com\/wp-content\/uploads\/2020\/04\/TAPAS-GENERAL-DIMENSIONES-1-300x274.jpg 300w\" sizes=\"(max-width: 491px) 100vw, 491px\" \/>\r\n\r\n<img decoding=\"async\" class=\"size-full wp-image-1592 aligncenter\" src=\"https:\/\/inzainox.com\/wp-content\/uploads\/2020\/04\/TAPAS-GENERAL-DIMENSIONES.jpg\" alt=\"Dimensions g\u00e9n\u00e9rales des couvercles \u00e9tanches INZA\" width=\"728\" height=\"265\" srcset=\"https:\/\/inzainox.com\/wp-content\/uploads\/2020\/04\/TAPAS-GENERAL-DIMENSIONES.jpg 728w, https:\/\/inzainox.com\/wp-content\/uploads\/2020\/04\/TAPAS-GENERAL-DIMENSIONES-300x109.jpg 300w, https:\/\/inzainox.com\/wp-content\/uploads\/2020\/04\/TAPAS-GENERAL-DIMENSIONES-600x218.jpg 600w\" sizes=\"(max-width: 728px) 100vw, 728px\" \/>\t\t\t\t\t\t\t\t<\/div>\n\t\t\t\t<\/div>\n\t\t\t\t\t<\/div>\n\t\t\t\t<\/div>\n\t\t\t\t<\/div>\n\t\t","protected":false},"excerpt":{"rendered":"<p>Transport inclus dans le prix<\/p>\n<p>Nous vous le livrons sous 24-48 h<\/p>\n<p>Pour toute question, contactez-nous au +34 91 127 90 05<\/p>\n<p>Couvercle de regard \u00e9tanche remplissable en acier galvanis\u00e9. Fermeture par quatre vis et \u00e9tanch\u00e9it\u00e9 par joint EPDM. Peut \u00eatre standard pour passage pi\u00e9ton (classe de charge A15) ou renforc\u00e9 pour passage de v\u00e9hicules (classe de charge B125) ou applications urbaines (classe de charge C250)  <\/p>\n<p>Tous les couvercles sont fournis avec les outils d\u2019ouverture et 2 poign\u00e9es filet\u00e9es facilitant l\u2019ouverture avec le minimum d\u2019effort possible.<\/p>\n","protected":false},"featured_media":56,"comment_status":"open","ping_status":"closed","template":"","meta":[],"product_brand":[],"product_cat":[469,471,598],"product_tag":[],"class_list":{"0":"post-9884","1":"product","2":"type-product","3":"status-publish","4":"has-post-thumbnail","6":"product_cat-couvercles-etanches","7":"product_cat-couvercles-etanches-a-remplir","8":"product_cat-couvercles-etanches-en-acier-galvanise","9":"pa_dimensiones-1000x1000","10":"pa_dimensiones-30x30","11":"pa_dimensiones-40x40","12":"pa_dimensiones-50x50","13":"pa_dimensiones-60x60","14":"pa_dimensiones-70x70","15":"pa_dimensiones-80x80","16":"pa_dimensiones-90x90","18":"first","19":"instock","20":"taxable","21":"shipping-taxable","22":"purchasable","23":"product-type-variable"},"yoast_head":"<!-- This site is optimized with the Yoast SEO plugin v27.1.1 - https:\/\/yoast.com\/product\/yoast-seo-wordpress\/ -->\n<title>Couvercle \u00e9tanche remplissable en acier galvanis\u00e9<\/title>\n<meta name=\"description\" content=\"Stock disponible de couvercles \u00e9tanches remplissables en acier galvanis\u00e9 pour regard de bo\u00eete de visite. S\u00e9lectionnez et achetez votre solution anti-odeurs\" \/>\n<meta name=\"robots\" content=\"index, follow, max-snippet:-1, max-image-preview:large, max-video-preview:-1\" \/>\n<link rel=\"canonical\" href=\"https:\/\/inzainox.com\/fr\/produit\/couvercle-etanche-remplissable-en-acier-galvanise\/\" \/>\n<meta property=\"og:locale\" content=\"fr_FR\" \/>\n<meta property=\"og:type\" content=\"article\" \/>\n<meta property=\"og:title\" content=\"Couvercle \u00e9tanche remplissable en acier galvanis\u00e9\" \/>\n<meta property=\"og:description\" content=\"Stock disponible de couvercles \u00e9tanches remplissables en acier galvanis\u00e9 pour regard de bo\u00eete de visite. S\u00e9lectionnez et achetez votre solution anti-odeurs\" \/>\n<meta property=\"og:url\" content=\"https:\/\/inzainox.com\/fr\/produit\/couvercle-etanche-remplissable-en-acier-galvanise\/\" \/>\n<meta property=\"og:site_name\" content=\"Caniveaux et siphons en acier inoxydable Inza. Drainage inox pour l\u2019industrie\" \/>\n<meta property=\"article:modified_time\" content=\"2026-03-30T13:38:02+00:00\" \/>\n<meta property=\"og:image\" content=\"https:\/\/inzainox.com\/wp-content\/uploads\/2020\/04\/rellenable.jpg\" \/>\n\t<meta property=\"og:image:width\" content=\"709\" \/>\n\t<meta property=\"og:image:height\" content=\"447\" \/>\n\t<meta property=\"og:image:type\" content=\"image\/jpeg\" \/>\n<meta name=\"twitter:card\" content=\"summary_large_image\" \/>\n<meta name=\"twitter:label1\" content=\"Dur\u00e9e de lecture estim\u00e9e\" \/>\n\t<meta name=\"twitter:data1\" content=\"2 minutes\" \/>\n<!-- \/ Yoast SEO plugin. -->","yoast_head_json":{"title":"Couvercle \u00e9tanche remplissable en acier galvanis\u00e9","description":"Stock disponible de couvercles \u00e9tanches remplissables en acier galvanis\u00e9 pour regard de bo\u00eete de visite. S\u00e9lectionnez et achetez votre solution anti-odeurs","robots":{"index":"index","follow":"follow","max-snippet":"max-snippet:-1","max-image-preview":"max-image-preview:large","max-video-preview":"max-video-preview:-1"},"canonical":"https:\/\/inzainox.com\/fr\/produit\/couvercle-etanche-remplissable-en-acier-galvanise\/","og_locale":"fr_FR","og_type":"article","og_title":"Couvercle \u00e9tanche remplissable en acier galvanis\u00e9","og_description":"Stock disponible de couvercles \u00e9tanches remplissables en acier galvanis\u00e9 pour regard de bo\u00eete de visite. S\u00e9lectionnez et achetez votre solution anti-odeurs","og_url":"https:\/\/inzainox.com\/fr\/produit\/couvercle-etanche-remplissable-en-acier-galvanise\/","og_site_name":"Caniveaux et siphons en acier inoxydable Inza. Drainage inox pour l\u2019industrie","article_modified_time":"2026-03-30T13:38:02+00:00","og_image":[{"width":709,"height":447,"url":"https:\/\/inzainox.com\/wp-content\/uploads\/2020\/04\/rellenable.jpg","type":"image\/jpeg"}],"twitter_card":"summary_large_image","twitter_misc":{"Dur\u00e9e de lecture estim\u00e9e":"2 minutes"},"schema":{"@context":"https:\/\/schema.org","@graph":[{"@type":"WebPage","@id":"https:\/\/inzainox.com\/fr\/produit\/couvercle-etanche-remplissable-en-acier-galvanise\/","url":"https:\/\/inzainox.com\/fr\/produit\/couvercle-etanche-remplissable-en-acier-galvanise\/","name":"Couvercle \u00e9tanche remplissable en acier galvanis\u00e9","isPartOf":{"@id":"https:\/\/inzainox.com\/fr\/#website"},"primaryImageOfPage":{"@id":"https:\/\/inzainox.com\/fr\/produit\/couvercle-etanche-remplissable-en-acier-galvanise\/#primaryimage"},"image":{"@id":"https:\/\/inzainox.com\/fr\/produit\/couvercle-etanche-remplissable-en-acier-galvanise\/#primaryimage"},"thumbnailUrl":"https:\/\/inzainox.com\/wp-content\/uploads\/2020\/04\/rellenable.jpg","datePublished":"2020-11-03T15:31:56+00:00","dateModified":"2026-03-30T13:38:02+00:00","description":"Stock disponible de couvercles \u00e9tanches remplissables en acier galvanis\u00e9 pour regard de bo\u00eete de visite. S\u00e9lectionnez et achetez votre solution anti-odeurs","breadcrumb":{"@id":"https:\/\/inzainox.com\/fr\/produit\/couvercle-etanche-remplissable-en-acier-galvanise\/#breadcrumb"},"inLanguage":"fr-FR","potentialAction":[{"@type":"ReadAction","target":["https:\/\/inzainox.com\/fr\/produit\/couvercle-etanche-remplissable-en-acier-galvanise\/"]}]},{"@type":"ImageObject","inLanguage":"fr-FR","@id":"https:\/\/inzainox.com\/fr\/produit\/couvercle-etanche-remplissable-en-acier-galvanise\/#primaryimage","url":"https:\/\/inzainox.com\/wp-content\/uploads\/2020\/04\/rellenable.jpg","contentUrl":"https:\/\/inzainox.com\/wp-content\/uploads\/2020\/04\/rellenable.jpg","width":709,"height":447,"caption":"tapa de arqueta estanca rellenable"},{"@type":"BreadcrumbList","@id":"https:\/\/inzainox.com\/fr\/produit\/couvercle-etanche-remplissable-en-acier-galvanise\/#breadcrumb","itemListElement":[{"@type":"ListItem","position":1,"name":"Accueil","item":"https:\/\/inzainox.com\/fr\/nouvel-accueil\/"},{"@type":"ListItem","position":2,"name":"Boutique Inza","item":"https:\/\/inzainox.com\/fr\/boutique-inza\/"},{"@type":"ListItem","position":3,"name":"Couvercle \u00e9tanche remplissable en acier galvanis\u00e9"}]},{"@type":"WebSite","@id":"https:\/\/inzainox.com\/fr\/#website","url":"https:\/\/inzainox.com\/fr\/","name":"Caniveaux et siphons en acier inoxydable Inza. Drainage inox pour l\u2019industrie","description":"Drainage en acier inoxydable pour l\u2019industrie","publisher":{"@id":"https:\/\/inzainox.com\/fr\/#organization"},"alternateName":"Inza Inox","potentialAction":[{"@type":"SearchAction","target":{"@type":"EntryPoint","urlTemplate":"https:\/\/inzainox.com\/fr\/?s={search_term_string}"},"query-input":{"@type":"PropertyValueSpecification","valueRequired":true,"valueName":"search_term_string"}}],"inLanguage":"fr-FR"},{"@type":"Organization","@id":"https:\/\/inzainox.com\/fr\/#organization","name":"Inza Inox S.L.","alternateName":"Inza","url":"https:\/\/inzainox.com\/fr\/","logo":{"@type":"ImageObject","inLanguage":"fr-FR","@id":"https:\/\/inzainox.com\/fr\/#\/schema\/logo\/image\/","url":"https:\/\/inzainox.com\/wp-content\/uploads\/2020\/05\/cropped-NUEVA-INZA-2-5.png","contentUrl":"https:\/\/inzainox.com\/wp-content\/uploads\/2020\/05\/cropped-NUEVA-INZA-2-5.png","width":549,"height":264,"caption":"Inza Inox S.L."},"image":{"@id":"https:\/\/inzainox.com\/fr\/#\/schema\/logo\/image\/"}}]}},"_links":{"self":[{"href":"https:\/\/inzainox.com\/fr\/wp-json\/wp\/v2\/product\/9884","targetHints":{"allow":["GET"]}}],"collection":[{"href":"https:\/\/inzainox.com\/fr\/wp-json\/wp\/v2\/product"}],"about":[{"href":"https:\/\/inzainox.com\/fr\/wp-json\/wp\/v2\/types\/product"}],"replies":[{"embeddable":true,"href":"https:\/\/inzainox.com\/fr\/wp-json\/wp\/v2\/comments?post=9884"}],"version-history":[{"count":1,"href":"https:\/\/inzainox.com\/fr\/wp-json\/wp\/v2\/product\/9884\/revisions"}],"predecessor-version":[{"id":9909,"href":"https:\/\/inzainox.com\/fr\/wp-json\/wp\/v2\/product\/9884\/revisions\/9909"}],"wp:featuredmedia":[{"embeddable":true,"href":"https:\/\/inzainox.com\/fr\/wp-json\/wp\/v2\/media\/56"}],"wp:attachment":[{"href":"https:\/\/inzainox.com\/fr\/wp-json\/wp\/v2\/media?parent=9884"}],"wp:term":[{"taxonomy":"product_brand","embeddable":true,"href":"https:\/\/inzainox.com\/fr\/wp-json\/wp\/v2\/product_brand?post=9884"},{"taxonomy":"product_cat","embeddable":true,"href":"https:\/\/inzainox.com\/fr\/wp-json\/wp\/v2\/product_cat?post=9884"},{"taxonomy":"product_tag","embeddable":true,"href":"https:\/\/inzainox.com\/fr\/wp-json\/wp\/v2\/product_tag?post=9884"}],"curies":[{"name":"wp","href":"https:\/\/api.w.org\/{rel}","templated":true}]}}