{"id":9821,"date":"2025-10-01T06:48:55","date_gmt":"2025-10-01T06:48:55","guid":{"rendered":"https:\/\/inzainox.com\/producto\/tampons-en-fonte-ductile-a-remplir\/"},"modified":"2025-10-01T06:48:55","modified_gmt":"2025-10-01T06:48:55","slug":"tampons-en-fonte-ductile-a-remplir","status":"publish","type":"product","link":"https:\/\/inzainox.com\/fr\/produit\/tampons-en-fonte-ductile-a-remplir\/","title":{"rendered":"Tampons en fonte ductile \u00e0 remplir"},"content":{"rendered":"<p>Tampon et cadre en fonte ductile \u00e0 remplir carr\u00e9s, rectangulaires et circulaires<\/p>\n<p>Pour l\u2019acc\u00e8s aux regards avec r\u00e9sistance au trafic de v\u00e9hicules<\/p>\n<p>Avec profondeur de remplissage de 34 et 60 mm selon les mod\u00e8les<\/p>\n<p>Avec 1 ou 2 poign\u00e9es pour faciliter l\u2019ouverture<\/p>\n<p>Avec syst\u00e8mes multi-tampons pour regards de grandes dimensions<\/p>\n<p>Diff\u00e9rentes classes de charge selon l\u2019application.<\/p>\n<ul>\n<li>Pi\u00e9ton (A15)<\/li>\n<li>Trafic de v\u00e9hicules (B125)<\/li>\n<li>Applications urbaines (C250)<\/li>\n<li>Trafic lourd (D400)<\/li>\n<\/ul>\n<p>Nous offrons la possibilit\u00e9 de r\u00e9aliser des inscriptions en haut-relief de logos et blasons<\/p>\n<p>Dans tous les cas, contactez-nous \u00e0 info@inzainox.com ou au 91 127 90 05.<\/p>\n","protected":false},"excerpt":{"rendered":"<p>Tampon et cadre en fonte ductile \u00e0 remplir pour l\u2019acc\u00e8s aux regards soumis au trafic de v\u00e9hicules.<\/p>\n<p>Ce sont des tampons \u00e0 paver, permettant d\u2019installer \u00e0 l\u2019int\u00e9rieur le type de rev\u00eatement environnant pour s\u2019int\u00e9grer au pavage sans laisser appara\u00eetre une plaque lisse en fonte.<\/p>\n<p>Pour les zones de votre projet o\u00f9 l\u2019esth\u00e9tique est importante et o\u00f9 un acc\u00e8s r\u00e9sistant au passage de v\u00e9hicules est requis.<\/p>\n","protected":false},"featured_media":5603,"comment_status":"open","ping_status":"closed","template":"","meta":[],"product_brand":[],"product_cat":[634],"product_tag":[],"class_list":{"0":"post-9821","1":"product","2":"type-product","3":"status-publish","4":"has-post-thumbnail","6":"product_cat-tampons-en-fonte","8":"first","9":"instock","10":"taxable","11":"shipping-taxable","12":"purchasable","13":"product-type-variable"},"yoast_head":"<!-- This site is optimized with the Yoast SEO plugin v27.1.1 - https:\/\/yoast.com\/product\/yoast-seo-wordpress\/ -->\n<title>Tampons en fonte ductile \u00e0 remplir<\/title>\n<meta name=\"description\" content=\"Tampons de regard en fonte ductile \u00e0 remplir. R\u00e9sistants au trafic de v\u00e9hicules. Diff\u00e9rentes tailles. Possibilit\u00e9 d\u2019inscription de logo et blason.\" \/>\n<meta name=\"robots\" content=\"index, follow, max-snippet:-1, max-image-preview:large, max-video-preview:-1\" \/>\n<link rel=\"canonical\" href=\"https:\/\/inzainox.com\/fr\/produit\/tampons-en-fonte-ductile-a-remplir\/\" \/>\n<meta property=\"og:locale\" content=\"fr_FR\" \/>\n<meta property=\"og:type\" content=\"article\" \/>\n<meta property=\"og:title\" content=\"Tampons en fonte ductile \u00e0 remplir\" \/>\n<meta property=\"og:description\" content=\"Tampons de regard en fonte ductile \u00e0 remplir. R\u00e9sistants au trafic de v\u00e9hicules. Diff\u00e9rentes tailles. Possibilit\u00e9 d\u2019inscription de logo et blason.\" \/>\n<meta property=\"og:url\" content=\"https:\/\/inzainox.com\/fr\/produit\/tampons-en-fonte-ductile-a-remplir\/\" \/>\n<meta property=\"og:site_name\" content=\"Caniveaux et siphons en acier inoxydable Inza. Drainage inox pour l\u2019industrie\" \/>\n<meta property=\"og:image\" content=\"https:\/\/inzainox.com\/wp-content\/uploads\/2025\/10\/rellanble-1.jpg\" \/>\n\t<meta property=\"og:image:width\" content=\"562\" \/>\n\t<meta property=\"og:image:height\" content=\"389\" \/>\n\t<meta property=\"og:image:type\" content=\"image\/jpeg\" \/>\n<meta name=\"twitter:card\" content=\"summary_large_image\" \/>\n<meta name=\"twitter:label1\" content=\"Dur\u00e9e de lecture estim\u00e9e\" \/>\n\t<meta name=\"twitter:data1\" content=\"1 minute\" \/>\n<!-- \/ Yoast SEO plugin. -->","yoast_head_json":{"title":"Tampons en fonte ductile \u00e0 remplir","description":"Tampons de regard en fonte ductile \u00e0 remplir. R\u00e9sistants au trafic de v\u00e9hicules. Diff\u00e9rentes tailles. Possibilit\u00e9 d\u2019inscription de logo et blason.","robots":{"index":"index","follow":"follow","max-snippet":"max-snippet:-1","max-image-preview":"max-image-preview:large","max-video-preview":"max-video-preview:-1"},"canonical":"https:\/\/inzainox.com\/fr\/produit\/tampons-en-fonte-ductile-a-remplir\/","og_locale":"fr_FR","og_type":"article","og_title":"Tampons en fonte ductile \u00e0 remplir","og_description":"Tampons de regard en fonte ductile \u00e0 remplir. R\u00e9sistants au trafic de v\u00e9hicules. Diff\u00e9rentes tailles. Possibilit\u00e9 d\u2019inscription de logo et blason.","og_url":"https:\/\/inzainox.com\/fr\/produit\/tampons-en-fonte-ductile-a-remplir\/","og_site_name":"Caniveaux et siphons en acier inoxydable Inza. Drainage inox pour l\u2019industrie","og_image":[{"width":562,"height":389,"url":"https:\/\/inzainox.com\/wp-content\/uploads\/2025\/10\/rellanble-1.jpg","type":"image\/jpeg"}],"twitter_card":"summary_large_image","twitter_misc":{"Dur\u00e9e de lecture estim\u00e9e":"1 minute"},"schema":{"@context":"https:\/\/schema.org","@graph":[{"@type":"WebPage","@id":"https:\/\/inzainox.com\/fr\/produit\/tampons-en-fonte-ductile-a-remplir\/","url":"https:\/\/inzainox.com\/fr\/produit\/tampons-en-fonte-ductile-a-remplir\/","name":"Tampons en fonte ductile \u00e0 remplir","isPartOf":{"@id":"https:\/\/inzainox.com\/fr\/#website"},"primaryImageOfPage":{"@id":"https:\/\/inzainox.com\/fr\/produit\/tampons-en-fonte-ductile-a-remplir\/#primaryimage"},"image":{"@id":"https:\/\/inzainox.com\/fr\/produit\/tampons-en-fonte-ductile-a-remplir\/#primaryimage"},"thumbnailUrl":"https:\/\/inzainox.com\/wp-content\/uploads\/2025\/10\/rellanble-1.jpg","datePublished":"2025-10-01T06:48:55+00:00","description":"Tampons de regard en fonte ductile \u00e0 remplir. R\u00e9sistants au trafic de v\u00e9hicules. Diff\u00e9rentes tailles. Possibilit\u00e9 d\u2019inscription de logo et blason.","breadcrumb":{"@id":"https:\/\/inzainox.com\/fr\/produit\/tampons-en-fonte-ductile-a-remplir\/#breadcrumb"},"inLanguage":"fr-FR","potentialAction":[{"@type":"ReadAction","target":["https:\/\/inzainox.com\/fr\/produit\/tampons-en-fonte-ductile-a-remplir\/"]}]},{"@type":"ImageObject","inLanguage":"fr-FR","@id":"https:\/\/inzainox.com\/fr\/produit\/tampons-en-fonte-ductile-a-remplir\/#primaryimage","url":"https:\/\/inzainox.com\/wp-content\/uploads\/2025\/10\/rellanble-1.jpg","contentUrl":"https:\/\/inzainox.com\/wp-content\/uploads\/2025\/10\/rellanble-1.jpg","width":562,"height":389},{"@type":"BreadcrumbList","@id":"https:\/\/inzainox.com\/fr\/produit\/tampons-en-fonte-ductile-a-remplir\/#breadcrumb","itemListElement":[{"@type":"ListItem","position":1,"name":"Accueil","item":"https:\/\/inzainox.com\/fr\/nouvel-accueil\/"},{"@type":"ListItem","position":2,"name":"Boutique Inza","item":"https:\/\/inzainox.com\/fr\/boutique-inza\/"},{"@type":"ListItem","position":3,"name":"Tampons en fonte ductile \u00e0 remplir"}]},{"@type":"WebSite","@id":"https:\/\/inzainox.com\/fr\/#website","url":"https:\/\/inzainox.com\/fr\/","name":"Caniveaux et siphons en acier inoxydable Inza. Drainage inox pour l\u2019industrie","description":"Drainage en acier inoxydable pour l\u2019industrie","publisher":{"@id":"https:\/\/inzainox.com\/fr\/#organization"},"alternateName":"Inza Inox","potentialAction":[{"@type":"SearchAction","target":{"@type":"EntryPoint","urlTemplate":"https:\/\/inzainox.com\/fr\/?s={search_term_string}"},"query-input":{"@type":"PropertyValueSpecification","valueRequired":true,"valueName":"search_term_string"}}],"inLanguage":"fr-FR"},{"@type":"Organization","@id":"https:\/\/inzainox.com\/fr\/#organization","name":"Inza Inox S.L.","alternateName":"Inza","url":"https:\/\/inzainox.com\/fr\/","logo":{"@type":"ImageObject","inLanguage":"fr-FR","@id":"https:\/\/inzainox.com\/fr\/#\/schema\/logo\/image\/","url":"https:\/\/inzainox.com\/wp-content\/uploads\/2020\/05\/cropped-NUEVA-INZA-2-5.png","contentUrl":"https:\/\/inzainox.com\/wp-content\/uploads\/2020\/05\/cropped-NUEVA-INZA-2-5.png","width":549,"height":264,"caption":"Inza Inox S.L."},"image":{"@id":"https:\/\/inzainox.com\/fr\/#\/schema\/logo\/image\/"}}]}},"_links":{"self":[{"href":"https:\/\/inzainox.com\/fr\/wp-json\/wp\/v2\/product\/9821","targetHints":{"allow":["GET"]}}],"collection":[{"href":"https:\/\/inzainox.com\/fr\/wp-json\/wp\/v2\/product"}],"about":[{"href":"https:\/\/inzainox.com\/fr\/wp-json\/wp\/v2\/types\/product"}],"replies":[{"embeddable":true,"href":"https:\/\/inzainox.com\/fr\/wp-json\/wp\/v2\/comments?post=9821"}],"version-history":[{"count":0,"href":"https:\/\/inzainox.com\/fr\/wp-json\/wp\/v2\/product\/9821\/revisions"}],"wp:featuredmedia":[{"embeddable":true,"href":"https:\/\/inzainox.com\/fr\/wp-json\/wp\/v2\/media\/5603"}],"wp:attachment":[{"href":"https:\/\/inzainox.com\/fr\/wp-json\/wp\/v2\/media?parent=9821"}],"wp:term":[{"taxonomy":"product_brand","embeddable":true,"href":"https:\/\/inzainox.com\/fr\/wp-json\/wp\/v2\/product_brand?post=9821"},{"taxonomy":"product_cat","embeddable":true,"href":"https:\/\/inzainox.com\/fr\/wp-json\/wp\/v2\/product_cat?post=9821"},{"taxonomy":"product_tag","embeddable":true,"href":"https:\/\/inzainox.com\/fr\/wp-json\/wp\/v2\/product_tag?post=9821"}],"curies":[{"name":"wp","href":"https:\/\/api.w.org\/{rel}","templated":true}]}}