{"id":9802,"date":"2026-02-17T11:48:28","date_gmt":"2026-02-17T11:48:28","guid":{"rendered":"https:\/\/inzainox.com\/producto\/couvercle-etanche-lisse-en-acier-inoxydable-aisi316l\/"},"modified":"2026-03-30T13:35:31","modified_gmt":"2026-03-30T13:35:31","slug":"couvercle-etanche-lisse-en-acier-inoxydable-aisi316l","status":"publish","type":"product","link":"https:\/\/inzainox.com\/fr\/produit\/couvercle-etanche-lisse-en-acier-inoxydable-aisi316l\/","title":{"rendered":"Couvercle \u00e9tanche lisse en acier inoxydable AISI316L"},"content":{"rendered":"\t\t<div data-elementor-type=\"wp-post\" data-elementor-id=\"9802\" class=\"elementor elementor-9802 elementor-5932\">\n\t\t\t\t<div class=\"elementor-element elementor-element-1c0f95ed e-flex e-con-boxed e-con e-parent\" data-id=\"1c0f95ed\" data-element_type=\"container\" data-e-type=\"container\">\n\t\t\t\t\t<div class=\"e-con-inner\">\n\t\t\t\t<div class=\"elementor-element elementor-element-6e3e585b elementor-widget elementor-widget-text-editor\" data-id=\"6e3e585b\" data-element_type=\"widget\" data-e-type=\"widget\" data-widget_type=\"text-editor.default\">\n\t\t\t\t<div class=\"elementor-widget-container\">\n\t\t\t\t\t\t\t\t\t<p>Couvercle et cadre pour regard de visite en acier inoxydable AISI316 avec finition lisse pour affleurer le sol.<\/p><p>La fabrication en acier inoxydable AISI 316L rend ces couvercles particuli\u00e8rement r\u00e9sistants \u00e0 l\u2019oxydation dans des conditions exigeantes : milieux marins, fortes concentrations de sel, exposition \u00e0 des agents chimiques agressifs, etc.<\/p><p>Ces couvercles offrent une grande durabilit\u00e9 et sont parfaits pour les zones o\u00f9 les conditions pourraient alt\u00e9rer l\u2019aspect esth\u00e9tique d\u2019un couvercle en acier inoxydable AISI 304.<\/p><p>Il s\u2019agit d\u2019un couvercle \u00e9tanche anti-odeurs gr\u00e2ce \u00e0 une fermeture par joint EPDM et une fixation par 4 vis en inox aux angles.<\/p><p>Con\u00e7u pour \u00eatre affleurant au rev\u00eatement, il pr\u00e9sente une finition lisse en acier inoxydable 2B<\/p><p>Le prix du couvercle inclut les outils pour retirer les vis.<\/p><p>Nous fournissons des poign\u00e9es \u00e0 visser dans le logement des vis pour faciliter l\u2019ouverture. Ces poign\u00e9es sont \u00e9galement incluses dans le prix. <\/p><p><iframe title=\"Tapa de arqueta rellenable estanca de acero inoxidable\" width=\"1200\" height=\"675\" src=\"https:\/\/www.youtube.com\/embed\/VVrkmHR3nho?feature=oembed\" frameborder=\"0\" allow=\"accelerometer; autoplay; clipboard-write; encrypted-media; gyroscope; picture-in-picture; web-share\" referrerpolicy=\"strict-origin-when-cross-origin\" allowfullscreen><\/iframe><\/p><p>Couvercle standard pour trafic pi\u00e9tonnier et couvercles renforc\u00e9s pour trafic routier. Nous proposons des couvercles pour les classes de charge A15, B125, C250 et D400. <\/p><p>Couvercles carr\u00e9s de diff\u00e9rentes dimensions, de 300&#215;300 mm \u00e0 1000&#215;1000 mm.<\/p><p>Peut \u00eatre fourni en option avec un treillis pour le b\u00e9tonnage ult\u00e9rieur.<\/p><p><span style=\"color: #339966;\"><strong><a style=\"color: #339966;\" href=\"https:\/\/inzainox.com\/wp-content\/uploads\/2022\/03\/Tapas-estancas-de-acero-inoxidable-rellenables.pdf\">FICHE TECHNIQUE<\/a><\/strong><\/span><\/p><p>Consulter pour les couvercles ronds et les dimensions sp\u00e9ciales<\/p><p><img fetchpriority=\"high\" decoding=\"async\" class=\"aligncenter wp-image-1662 size-large\" src=\"https:\/\/inzainox.com\/wp-content\/uploads\/2020\/11\/plano-tapa-lisa-1024x401.jpg\" alt=\"plans regards inox \u00e9tanches lisses\" width=\"1024\" height=\"401\" srcset=\"https:\/\/inzainox.com\/wp-content\/uploads\/2020\/11\/plano-tapa-lisa-1024x401.jpg 1024w, https:\/\/inzainox.com\/wp-content\/uploads\/2020\/11\/plano-tapa-lisa-300x117.jpg 300w, https:\/\/inzainox.com\/wp-content\/uploads\/2020\/11\/plano-tapa-lisa-768x300.jpg 768w, https:\/\/inzainox.com\/wp-content\/uploads\/2020\/11\/plano-tapa-lisa-600x235.jpg 600w, https:\/\/inzainox.com\/wp-content\/uploads\/2020\/11\/plano-tapa-lisa.jpg 1191w\" sizes=\"(max-width: 1024px) 100vw, 1024px\" \/><img decoding=\"async\" class=\"wp-image-1592 aligncenter\" src=\"https:\/\/inzainox.com\/wp-content\/uploads\/2020\/04\/TAPAS-GENERAL-DIMENSIONES.jpg\" alt=\"Dimensions g\u00e9n\u00e9rales des couvercles \u00e9tanches INZA\" width=\"791\" height=\"288\" srcset=\"https:\/\/inzainox.com\/wp-content\/uploads\/2020\/04\/TAPAS-GENERAL-DIMENSIONES.jpg 728w, https:\/\/inzainox.com\/wp-content\/uploads\/2020\/04\/TAPAS-GENERAL-DIMENSIONES-300x109.jpg 300w, https:\/\/inzainox.com\/wp-content\/uploads\/2020\/04\/TAPAS-GENERAL-DIMENSIONES-600x218.jpg 600w\" sizes=\"(max-width: 791px) 100vw, 791px\" \/><\/p><p><a href=\"https:\/\/inzainox.com\/producto\/tapa-estanca-lisa-de-acero-inoxidable\/\">Fiche technique des couvercles \u00e9tanches lisses en acier inoxydable<\/a><\/p>\t\t\t\t\t\t\t\t<\/div>\n\t\t\t\t<\/div>\n\t\t\t\t\t<\/div>\n\t\t\t\t<\/div>\n\t\t\t\t<\/div>\n\t\t","protected":false},"excerpt":{"rendered":"<p>Transport inclus dans le prix<\/p>\n<p>Fabrication sur commande. D\u00e9lai : 1 semaine <\/p>\n<p>Pour toute question, contactez-nous au +34 91 127 90 05<\/p>\n<p>Couvercle de regard \u00e9tanche lisse en acier inoxydable AISI 316. Fermeture par quatre vis et joint d&rsquo;\u00e9tanch\u00e9it\u00e9 en EPDM. Il peut \u00eatre simple pour passage pi\u00e9ton (classe de charge A15) ou renforc\u00e9 pour passage de v\u00e9hicules (classe de charge B125).  <\/p>\n<p>Tous les couvercles sont livr\u00e9s avec les outils d\u2019ouverture.<\/p>\n","protected":false},"featured_media":73,"comment_status":"open","ping_status":"closed","template":"","meta":[],"product_brand":[],"product_cat":[469,470],"product_tag":[],"class_list":{"0":"post-9802","1":"product","2":"type-product","3":"status-publish","4":"has-post-thumbnail","6":"product_cat-couvercles-etanches","7":"product_cat-couvercles-etanches-en-acier-inoxydable","8":"pa_dimensiones-1000x1000","9":"pa_dimensiones-30x30","10":"pa_dimensiones-40x40","11":"pa_dimensiones-50x50","12":"pa_dimensiones-60x60","13":"pa_dimensiones-70x70","14":"pa_dimensiones-80x80","15":"pa_dimensiones-90x90","17":"first","18":"instock","19":"taxable","20":"shipping-taxable","21":"purchasable","22":"product-type-variable"},"yoast_head":"<!-- This site is optimized with the Yoast SEO plugin v27.1.1 - https:\/\/yoast.com\/product\/yoast-seo-wordpress\/ -->\n<title>Couvercle \u00e9tanche lisse en acier inoxydable AISI316L<\/title>\n<meta name=\"description\" content=\"Couvercles \u00e9tanches lisses en acier inoxydable AISI316L pour regard de visite. Sp\u00e9cialement fabriqu\u00e9s pour r\u00e9sister aux environnements agressifs.\" \/>\n<meta name=\"robots\" content=\"index, follow, max-snippet:-1, max-image-preview:large, max-video-preview:-1\" \/>\n<link rel=\"canonical\" href=\"https:\/\/inzainox.com\/fr\/produit\/couvercle-etanche-lisse-en-acier-inoxydable-aisi316l\/\" \/>\n<meta property=\"og:locale\" content=\"fr_FR\" \/>\n<meta property=\"og:type\" content=\"article\" \/>\n<meta property=\"og:title\" content=\"Couvercle \u00e9tanche lisse en acier inoxydable AISI316L\" \/>\n<meta property=\"og:description\" content=\"Couvercles \u00e9tanches lisses en acier inoxydable AISI316L pour regard de visite. Sp\u00e9cialement fabriqu\u00e9s pour r\u00e9sister aux environnements agressifs.\" \/>\n<meta property=\"og:url\" content=\"https:\/\/inzainox.com\/fr\/produit\/couvercle-etanche-lisse-en-acier-inoxydable-aisi316l\/\" \/>\n<meta property=\"og:site_name\" content=\"Caniveaux et siphons en acier inoxydable Inza. Drainage inox pour l\u2019industrie\" \/>\n<meta property=\"article:modified_time\" content=\"2026-03-30T13:35:31+00:00\" \/>\n<meta property=\"og:image\" content=\"https:\/\/inzainox.com\/wp-content\/uploads\/2020\/04\/lisa.jpg\" \/>\n\t<meta property=\"og:image:width\" content=\"688\" \/>\n\t<meta property=\"og:image:height\" content=\"480\" \/>\n\t<meta property=\"og:image:type\" content=\"image\/jpeg\" \/>\n<meta name=\"twitter:card\" content=\"summary_large_image\" \/>\n<meta name=\"twitter:label1\" content=\"Dur\u00e9e de lecture estim\u00e9e\" \/>\n\t<meta name=\"twitter:data1\" content=\"1 minute\" \/>\n<!-- \/ Yoast SEO plugin. -->","yoast_head_json":{"title":"Couvercle \u00e9tanche lisse en acier inoxydable AISI316L","description":"Couvercles \u00e9tanches lisses en acier inoxydable AISI316L pour regard de visite. Sp\u00e9cialement fabriqu\u00e9s pour r\u00e9sister aux environnements agressifs.","robots":{"index":"index","follow":"follow","max-snippet":"max-snippet:-1","max-image-preview":"max-image-preview:large","max-video-preview":"max-video-preview:-1"},"canonical":"https:\/\/inzainox.com\/fr\/produit\/couvercle-etanche-lisse-en-acier-inoxydable-aisi316l\/","og_locale":"fr_FR","og_type":"article","og_title":"Couvercle \u00e9tanche lisse en acier inoxydable AISI316L","og_description":"Couvercles \u00e9tanches lisses en acier inoxydable AISI316L pour regard de visite. Sp\u00e9cialement fabriqu\u00e9s pour r\u00e9sister aux environnements agressifs.","og_url":"https:\/\/inzainox.com\/fr\/produit\/couvercle-etanche-lisse-en-acier-inoxydable-aisi316l\/","og_site_name":"Caniveaux et siphons en acier inoxydable Inza. Drainage inox pour l\u2019industrie","article_modified_time":"2026-03-30T13:35:31+00:00","og_image":[{"width":688,"height":480,"url":"https:\/\/inzainox.com\/wp-content\/uploads\/2020\/04\/lisa.jpg","type":"image\/jpeg"}],"twitter_card":"summary_large_image","twitter_misc":{"Dur\u00e9e de lecture estim\u00e9e":"1 minute"},"schema":{"@context":"https:\/\/schema.org","@graph":[{"@type":"WebPage","@id":"https:\/\/inzainox.com\/fr\/produit\/couvercle-etanche-lisse-en-acier-inoxydable-aisi316l\/","url":"https:\/\/inzainox.com\/fr\/produit\/couvercle-etanche-lisse-en-acier-inoxydable-aisi316l\/","name":"Couvercle \u00e9tanche lisse en acier inoxydable AISI316L","isPartOf":{"@id":"https:\/\/inzainox.com\/fr\/#website"},"primaryImageOfPage":{"@id":"https:\/\/inzainox.com\/fr\/produit\/couvercle-etanche-lisse-en-acier-inoxydable-aisi316l\/#primaryimage"},"image":{"@id":"https:\/\/inzainox.com\/fr\/produit\/couvercle-etanche-lisse-en-acier-inoxydable-aisi316l\/#primaryimage"},"thumbnailUrl":"https:\/\/inzainox.com\/wp-content\/uploads\/2020\/04\/lisa.jpg","datePublished":"2026-02-17T11:48:28+00:00","dateModified":"2026-03-30T13:35:31+00:00","description":"Couvercles \u00e9tanches lisses en acier inoxydable AISI316L pour regard de visite. Sp\u00e9cialement fabriqu\u00e9s pour r\u00e9sister aux environnements agressifs.","breadcrumb":{"@id":"https:\/\/inzainox.com\/fr\/produit\/couvercle-etanche-lisse-en-acier-inoxydable-aisi316l\/#breadcrumb"},"inLanguage":"fr-FR","potentialAction":[{"@type":"ReadAction","target":["https:\/\/inzainox.com\/fr\/produit\/couvercle-etanche-lisse-en-acier-inoxydable-aisi316l\/"]}]},{"@type":"ImageObject","inLanguage":"fr-FR","@id":"https:\/\/inzainox.com\/fr\/produit\/couvercle-etanche-lisse-en-acier-inoxydable-aisi316l\/#primaryimage","url":"https:\/\/inzainox.com\/wp-content\/uploads\/2020\/04\/lisa.jpg","contentUrl":"https:\/\/inzainox.com\/wp-content\/uploads\/2020\/04\/lisa.jpg","width":688,"height":480,"caption":"Tapa estanca de acero inoxidable con terminaci\u00f3n lisa"},{"@type":"BreadcrumbList","@id":"https:\/\/inzainox.com\/fr\/produit\/couvercle-etanche-lisse-en-acier-inoxydable-aisi316l\/#breadcrumb","itemListElement":[{"@type":"ListItem","position":1,"name":"Accueil","item":"https:\/\/inzainox.com\/fr\/nouvel-accueil\/"},{"@type":"ListItem","position":2,"name":"Boutique Inza","item":"https:\/\/inzainox.com\/fr\/boutique-inza\/"},{"@type":"ListItem","position":3,"name":"Couvercle \u00e9tanche lisse en acier inoxydable AISI316L"}]},{"@type":"WebSite","@id":"https:\/\/inzainox.com\/fr\/#website","url":"https:\/\/inzainox.com\/fr\/","name":"Caniveaux et siphons en acier inoxydable Inza. Drainage inox pour l\u2019industrie","description":"Drainage en acier inoxydable pour l\u2019industrie","publisher":{"@id":"https:\/\/inzainox.com\/fr\/#organization"},"alternateName":"Inza Inox","potentialAction":[{"@type":"SearchAction","target":{"@type":"EntryPoint","urlTemplate":"https:\/\/inzainox.com\/fr\/?s={search_term_string}"},"query-input":{"@type":"PropertyValueSpecification","valueRequired":true,"valueName":"search_term_string"}}],"inLanguage":"fr-FR"},{"@type":"Organization","@id":"https:\/\/inzainox.com\/fr\/#organization","name":"Inza Inox S.L.","alternateName":"Inza","url":"https:\/\/inzainox.com\/fr\/","logo":{"@type":"ImageObject","inLanguage":"fr-FR","@id":"https:\/\/inzainox.com\/fr\/#\/schema\/logo\/image\/","url":"https:\/\/inzainox.com\/wp-content\/uploads\/2020\/05\/cropped-NUEVA-INZA-2-5.png","contentUrl":"https:\/\/inzainox.com\/wp-content\/uploads\/2020\/05\/cropped-NUEVA-INZA-2-5.png","width":549,"height":264,"caption":"Inza Inox S.L."},"image":{"@id":"https:\/\/inzainox.com\/fr\/#\/schema\/logo\/image\/"}}]}},"_links":{"self":[{"href":"https:\/\/inzainox.com\/fr\/wp-json\/wp\/v2\/product\/9802","targetHints":{"allow":["GET"]}}],"collection":[{"href":"https:\/\/inzainox.com\/fr\/wp-json\/wp\/v2\/product"}],"about":[{"href":"https:\/\/inzainox.com\/fr\/wp-json\/wp\/v2\/types\/product"}],"replies":[{"embeddable":true,"href":"https:\/\/inzainox.com\/fr\/wp-json\/wp\/v2\/comments?post=9802"}],"version-history":[{"count":1,"href":"https:\/\/inzainox.com\/fr\/wp-json\/wp\/v2\/product\/9802\/revisions"}],"predecessor-version":[{"id":9820,"href":"https:\/\/inzainox.com\/fr\/wp-json\/wp\/v2\/product\/9802\/revisions\/9820"}],"wp:featuredmedia":[{"embeddable":true,"href":"https:\/\/inzainox.com\/fr\/wp-json\/wp\/v2\/media\/73"}],"wp:attachment":[{"href":"https:\/\/inzainox.com\/fr\/wp-json\/wp\/v2\/media?parent=9802"}],"wp:term":[{"taxonomy":"product_brand","embeddable":true,"href":"https:\/\/inzainox.com\/fr\/wp-json\/wp\/v2\/product_brand?post=9802"},{"taxonomy":"product_cat","embeddable":true,"href":"https:\/\/inzainox.com\/fr\/wp-json\/wp\/v2\/product_cat?post=9802"},{"taxonomy":"product_tag","embeddable":true,"href":"https:\/\/inzainox.com\/fr\/wp-json\/wp\/v2\/product_tag?post=9802"}],"curies":[{"name":"wp","href":"https:\/\/api.w.org\/{rel}","templated":true}]}}