{"id":9481,"date":"2025-04-18T07:01:17","date_gmt":"2025-04-18T07:01:17","guid":{"rendered":"https:\/\/inzainox.com\/producto\/canaux-de-cuisine-en-acier-inoxydable\/"},"modified":"2026-03-30T13:32:31","modified_gmt":"2026-03-30T13:32:31","slug":"canaux-de-cuisine-en-acier-inoxydable","status":"publish","type":"product","link":"https:\/\/inzainox.com\/fr\/produit\/canaux-de-cuisine-en-acier-inoxydable\/","title":{"rendered":"Canaux de cuisine en acier inoxydable"},"content":{"rendered":"\t\t<div data-elementor-type=\"wp-post\" data-elementor-id=\"9481\" class=\"elementor elementor-9481 elementor-4424\">\n\t\t\t\t<div class=\"elementor-element elementor-element-156c8aaf e-flex e-con-boxed e-con e-parent\" data-id=\"156c8aaf\" data-element_type=\"container\" data-e-type=\"container\">\n\t\t\t\t\t<div class=\"e-con-inner\">\n\t\t\t\t<div class=\"elementor-element elementor-element-69cbc51d elementor-widget elementor-widget-text-editor\" data-id=\"69cbc51d\" data-element_type=\"widget\" data-e-type=\"widget\" data-widget_type=\"text-editor.default\">\n\t\t\t\t<div class=\"elementor-widget-container\">\n\t\t\t\t\t\t\t\t\t<p>Caniveaux de cuisine en acier inoxydable AISI304 ou AISI316. Avec siphon amovible et panier de r\u00e9cup\u00e9ration des solides. Avec grilles caillebotis fabriqu\u00e9es en acier inoxydable.  <\/p><p>Ils sont fabriqu\u00e9s avec diff\u00e9rentes largeurs et longueurs. Nous disposons d\u2019une gamme standard avec un stock des r\u00e9f\u00e9rences les plus courantes et nous fabriquons sur mesure le caniveau dont votre entreprise a besoin. <\/p><p>Les caniveaux de cuisine Inza sont des caniveaux \u00e0 grande capacit\u00e9 hydraulique. Ce sont g\u00e9n\u00e9ralement des caniveaux de faible hauteur pour faciliter leur installation sur une dalle. Les sorties peuvent \u00eatre verticales ou horizontales avec des diam\u00e8tres D160, 110 et 75 mm. Nous pouvons situer la sortie \u00e0 une extr\u00e9mit\u00e9 du caniveau ou la d\u00e9placer l\u00e0 o\u00f9 cela vous convient le mieux. Les caniveaux sont fabriqu\u00e9s avec un fond en forme de \u00ab V \u00bb pour am\u00e9liorer leur comportement hydraulique et faciliter leur autonettoyage. Ce sont des caniveaux avec pente int\u00e9gr\u00e9e pour que les liquides restent le moins de temps possible dans le caniveau et atteignent l\u2019\u00e9vacuation le plus rapidement possible ; nous parvenons ainsi \u00e0 ce que les cuisines soient des espaces plus secs, mieux drain\u00e9s, \u00e9vitant les risques de foyers de contamination. Les caniveaux en acier inoxydable sont tr\u00e8s durables et sont sp\u00e9cialement con\u00e7us pour \u00eatre nettoy\u00e9s avec un minimum d\u2019effort, assurant un entretien parfait.      <\/p><p>Nous disposons de diff\u00e9rents types de grilles pour les applications o\u00f9 les caniveaux seront install\u00e9s dans des zones de trafic de v\u00e9hicules ou d\u2019activit\u00e9 industrielle.<\/p><p>Nous pouvons fabriquer les caniveaux avec des finitions sp\u00e9cialement con\u00e7ues pour s\u2019adapter \u00e0 un environnement, comme des caniveaux avec pincement pour sols vinyles. Nous pouvons fabriquer les caniveaux avec une aile pour recevoir l\u2019imperm\u00e9abilisation sur le caniveau ou sur la sortie. <\/p><p>Nous disposons de caniveaux avec une longueur standard de 1 000, 1 500 et 2 000 mm, mais nous pouvons les fabriquer \u00e0 la longueur dont vous avez besoin. \u00c0 partir de 3 000 mm, les caniveaux sont envoy\u00e9s sur chantier par modules qui s\u2019assemblent via des unions \u00e9tanches avec joints et vis en acier inoxydable. <\/p><p>Nos caniveaux ainsi que nos grilles re\u00e7oivent un traitement final de d\u00e9capage.<\/p>\t\t\t\t\t\t\t\t<\/div>\n\t\t\t\t<\/div>\n\t\t\t\t\t<\/div>\n\t\t\t\t<\/div>\n\t\t\t\t<\/div>\n\t\t","protected":false},"excerpt":{"rendered":"<p>Caniveaux de cuisine en acier inoxydable AISI304 ou AISI316. Avec siphon amovible et panier de r\u00e9cup\u00e9ration des solides. Avec grilles caillebotis fabriqu\u00e9es en acier inoxydable.  <\/p>\n<p>Ils sont fabriqu\u00e9s avec diff\u00e9rentes largeurs et longueurs. Nous disposons d\u2019une gamme standard avec un stock des r\u00e9f\u00e9rences les plus courantes et nous fabriquons sur mesure le caniveau dont votre entreprise a besoin. <\/p>\n","protected":false},"featured_media":3976,"comment_status":"open","ping_status":"closed","template":"","meta":[],"product_brand":[],"product_cat":[516,580],"product_tag":[],"class_list":{"0":"post-9481","1":"product","2":"type-product","3":"status-publish","4":"has-post-thumbnail","6":"product_cat-canaux-de-drainage-avec-grille","7":"product_cat-caniveaux-de-cuisine","9":"first","10":"instock","11":"taxable","12":"shipping-taxable","13":"purchasable","14":"product-type-variable"},"yoast_head":"<!-- This site is optimized with the Yoast SEO plugin v27.1.1 - https:\/\/yoast.com\/product\/yoast-seo-wordpress\/ -->\n<title>Canal de cuisine en acier inoxydable<\/title>\n<meta name=\"description\" content=\"Caniveaux de cuisine en acier inoxydable avec diff\u00e9rentes hauteurs et largeurs. Avec siphon amovible et panier de r\u00e9cup\u00e9ration des solides. Stock selon dimensions.\" \/>\n<meta name=\"robots\" content=\"index, follow, max-snippet:-1, max-image-preview:large, max-video-preview:-1\" \/>\n<link rel=\"canonical\" href=\"https:\/\/inzainox.com\/fr\/produit\/canaux-de-cuisine-en-acier-inoxydable\/\" \/>\n<meta property=\"og:locale\" content=\"fr_FR\" \/>\n<meta property=\"og:type\" content=\"article\" \/>\n<meta property=\"og:title\" content=\"Canal de cuisine en acier inoxydable\" \/>\n<meta property=\"og:description\" content=\"Caniveaux de cuisine en acier inoxydable avec diff\u00e9rentes hauteurs et largeurs. Avec siphon amovible et panier de r\u00e9cup\u00e9ration des solides. Stock selon dimensions.\" \/>\n<meta property=\"og:url\" content=\"https:\/\/inzainox.com\/fr\/produit\/canaux-de-cuisine-en-acier-inoxydable\/\" \/>\n<meta property=\"og:site_name\" content=\"Caniveaux et siphons en acier inoxydable Inza. Drainage inox pour l\u2019industrie\" \/>\n<meta property=\"article:modified_time\" content=\"2026-03-30T13:32:31+00:00\" \/>\n<meta property=\"og:image\" content=\"https:\/\/inzainox.com\/wp-content\/uploads\/2025\/03\/RV3.20.jpg\" \/>\n\t<meta property=\"og:image:width\" content=\"1600\" \/>\n\t<meta property=\"og:image:height\" content=\"905\" \/>\n\t<meta property=\"og:image:type\" content=\"image\/jpeg\" \/>\n<meta name=\"twitter:card\" content=\"summary_large_image\" \/>\n<meta name=\"twitter:label1\" content=\"Dur\u00e9e de lecture estim\u00e9e\" \/>\n\t<meta name=\"twitter:data1\" content=\"2 minutes\" \/>\n<!-- \/ Yoast SEO plugin. -->","yoast_head_json":{"title":"Canal de cuisine en acier inoxydable","description":"Caniveaux de cuisine en acier inoxydable avec diff\u00e9rentes hauteurs et largeurs. Avec siphon amovible et panier de r\u00e9cup\u00e9ration des solides. Stock selon dimensions.","robots":{"index":"index","follow":"follow","max-snippet":"max-snippet:-1","max-image-preview":"max-image-preview:large","max-video-preview":"max-video-preview:-1"},"canonical":"https:\/\/inzainox.com\/fr\/produit\/canaux-de-cuisine-en-acier-inoxydable\/","og_locale":"fr_FR","og_type":"article","og_title":"Canal de cuisine en acier inoxydable","og_description":"Caniveaux de cuisine en acier inoxydable avec diff\u00e9rentes hauteurs et largeurs. Avec siphon amovible et panier de r\u00e9cup\u00e9ration des solides. Stock selon dimensions.","og_url":"https:\/\/inzainox.com\/fr\/produit\/canaux-de-cuisine-en-acier-inoxydable\/","og_site_name":"Caniveaux et siphons en acier inoxydable Inza. Drainage inox pour l\u2019industrie","article_modified_time":"2026-03-30T13:32:31+00:00","og_image":[{"width":1600,"height":905,"url":"https:\/\/inzainox.com\/wp-content\/uploads\/2025\/03\/RV3.20.jpg","type":"image\/jpeg"}],"twitter_card":"summary_large_image","twitter_misc":{"Dur\u00e9e de lecture estim\u00e9e":"2 minutes"},"schema":{"@context":"https:\/\/schema.org","@graph":[{"@type":"WebPage","@id":"https:\/\/inzainox.com\/fr\/produit\/canaux-de-cuisine-en-acier-inoxydable\/","url":"https:\/\/inzainox.com\/fr\/produit\/canaux-de-cuisine-en-acier-inoxydable\/","name":"Canal de cuisine en acier inoxydable","isPartOf":{"@id":"https:\/\/inzainox.com\/fr\/#website"},"primaryImageOfPage":{"@id":"https:\/\/inzainox.com\/fr\/produit\/canaux-de-cuisine-en-acier-inoxydable\/#primaryimage"},"image":{"@id":"https:\/\/inzainox.com\/fr\/produit\/canaux-de-cuisine-en-acier-inoxydable\/#primaryimage"},"thumbnailUrl":"https:\/\/inzainox.com\/wp-content\/uploads\/2025\/03\/RV3.20.jpg","datePublished":"2025-04-18T07:01:17+00:00","dateModified":"2026-03-30T13:32:31+00:00","description":"Caniveaux de cuisine en acier inoxydable avec diff\u00e9rentes hauteurs et largeurs. Avec siphon amovible et panier de r\u00e9cup\u00e9ration des solides. Stock selon dimensions.","breadcrumb":{"@id":"https:\/\/inzainox.com\/fr\/produit\/canaux-de-cuisine-en-acier-inoxydable\/#breadcrumb"},"inLanguage":"fr-FR","potentialAction":[{"@type":"ReadAction","target":["https:\/\/inzainox.com\/fr\/produit\/canaux-de-cuisine-en-acier-inoxydable\/"]}]},{"@type":"ImageObject","inLanguage":"fr-FR","@id":"https:\/\/inzainox.com\/fr\/produit\/canaux-de-cuisine-en-acier-inoxydable\/#primaryimage","url":"https:\/\/inzainox.com\/wp-content\/uploads\/2025\/03\/RV3.20.jpg","contentUrl":"https:\/\/inzainox.com\/wp-content\/uploads\/2025\/03\/RV3.20.jpg","width":1600,"height":905,"caption":"Caniveau de cuisine en acier inoxydable Inza"},{"@type":"BreadcrumbList","@id":"https:\/\/inzainox.com\/fr\/produit\/canaux-de-cuisine-en-acier-inoxydable\/#breadcrumb","itemListElement":[{"@type":"ListItem","position":1,"name":"Accueil","item":"https:\/\/inzainox.com\/fr\/nouvel-accueil\/"},{"@type":"ListItem","position":2,"name":"Boutique Inza","item":"https:\/\/inzainox.com\/fr\/boutique-inza\/"},{"@type":"ListItem","position":3,"name":"Canaux de cuisine en acier inoxydable"}]},{"@type":"WebSite","@id":"https:\/\/inzainox.com\/fr\/#website","url":"https:\/\/inzainox.com\/fr\/","name":"Caniveaux et siphons en acier inoxydable Inza. Drainage inox pour l\u2019industrie","description":"Drainage en acier inoxydable pour l\u2019industrie","publisher":{"@id":"https:\/\/inzainox.com\/fr\/#organization"},"alternateName":"Inza Inox","potentialAction":[{"@type":"SearchAction","target":{"@type":"EntryPoint","urlTemplate":"https:\/\/inzainox.com\/fr\/?s={search_term_string}"},"query-input":{"@type":"PropertyValueSpecification","valueRequired":true,"valueName":"search_term_string"}}],"inLanguage":"fr-FR"},{"@type":"Organization","@id":"https:\/\/inzainox.com\/fr\/#organization","name":"Inza Inox S.L.","alternateName":"Inza","url":"https:\/\/inzainox.com\/fr\/","logo":{"@type":"ImageObject","inLanguage":"fr-FR","@id":"https:\/\/inzainox.com\/fr\/#\/schema\/logo\/image\/","url":"https:\/\/inzainox.com\/wp-content\/uploads\/2020\/05\/cropped-NUEVA-INZA-2-5.png","contentUrl":"https:\/\/inzainox.com\/wp-content\/uploads\/2020\/05\/cropped-NUEVA-INZA-2-5.png","width":549,"height":264,"caption":"Inza Inox S.L."},"image":{"@id":"https:\/\/inzainox.com\/fr\/#\/schema\/logo\/image\/"}}]}},"_links":{"self":[{"href":"https:\/\/inzainox.com\/fr\/wp-json\/wp\/v2\/product\/9481","targetHints":{"allow":["GET"]}}],"collection":[{"href":"https:\/\/inzainox.com\/fr\/wp-json\/wp\/v2\/product"}],"about":[{"href":"https:\/\/inzainox.com\/fr\/wp-json\/wp\/v2\/types\/product"}],"replies":[{"embeddable":true,"href":"https:\/\/inzainox.com\/fr\/wp-json\/wp\/v2\/comments?post=9481"}],"version-history":[{"count":1,"href":"https:\/\/inzainox.com\/fr\/wp-json\/wp\/v2\/product\/9481\/revisions"}],"predecessor-version":[{"id":9529,"href":"https:\/\/inzainox.com\/fr\/wp-json\/wp\/v2\/product\/9481\/revisions\/9529"}],"wp:featuredmedia":[{"embeddable":true,"href":"https:\/\/inzainox.com\/fr\/wp-json\/wp\/v2\/media\/3976"}],"wp:attachment":[{"href":"https:\/\/inzainox.com\/fr\/wp-json\/wp\/v2\/media?parent=9481"}],"wp:term":[{"taxonomy":"product_brand","embeddable":true,"href":"https:\/\/inzainox.com\/fr\/wp-json\/wp\/v2\/product_brand?post=9481"},{"taxonomy":"product_cat","embeddable":true,"href":"https:\/\/inzainox.com\/fr\/wp-json\/wp\/v2\/product_cat?post=9481"},{"taxonomy":"product_tag","embeddable":true,"href":"https:\/\/inzainox.com\/fr\/wp-json\/wp\/v2\/product_tag?post=9481"}],"curies":[{"name":"wp","href":"https:\/\/api.w.org\/{rel}","templated":true}]}}