{"id":9415,"date":"2020-11-03T13:28:26","date_gmt":"2020-11-03T13:28:26","guid":{"rendered":"https:\/\/inzainox.com\/producto\/couvercle-etanche-lisse-antiderapant-en-acier-inoxydable\/"},"modified":"2020-11-03T13:28:26","modified_gmt":"2020-11-03T13:28:26","slug":"couvercle-etanche-lisse-antiderapant-en-acier-inoxydable","status":"publish","type":"product","link":"https:\/\/inzainox.com\/fr\/produit\/couvercle-etanche-lisse-antiderapant-en-acier-inoxydable\/","title":{"rendered":"Couvercle \u00e9tanche lisse antid\u00e9rapant en acier inoxydable"},"content":{"rendered":"<p>Couvercle et cadre pour bo\u00eete de visite lisse antid\u00e9rapante fabriqu\u00e9s en acier inoxydable AISI304.<\/p>\n<p>Possibilit\u00e9 de fabrication en acier inoxydable AISI316L pour des installations en ambiance particuli\u00e8rement agressive ou en environnements maritimes.<\/p>\n<p>Il s\u2019agit d\u2019un couvercle \u00e9tanche anti-odeurs gr\u00e2ce \u00e0 une fermeture par joint EPDM et une fixation par 4 vis en inox aux angles.<\/p>\n<p>Le prix du couvercle inclut les outils pour retirer les vis.<\/p>\n<p>Nous fournissons des poign\u00e9es \u00e0 visser dans le logement des vis pour faciliter l\u2019ouverture. Ces poign\u00e9es sont \u00e9galement incluses dans le prix. <\/p>\n<p>Couvercle standard pour trafic pi\u00e9tonnier et couvercles renforc\u00e9s pour trafic routier. Nous proposons des couvercles pour les classes de charge A15, B125, C250 et D400.  Partie sup\u00e9rieure du couvercle fabriqu\u00e9e en t\u00f4le d\u2019acier inoxydable antid\u00e9rapante de 5 mm<\/p>\n<p>Couvercles carr\u00e9s de diff\u00e9rentes dimensions, de 300&#215;300 mm \u00e0 1000&#215;1000 mm.<\/p>\n<p><span style=\"color: #339966;\"><strong><a style=\"color: #339966;\" href=\"https:\/\/inzainox.com\/wp-content\/uploads\/2022\/03\/Tapas-estancas-de-acero-inoxidable-antideslizante.pdf\">FICHE TECHNIQUE<\/a><\/strong><\/span><\/p>\n<p>Consultez les couvercles ronds et les dimensions sp\u00e9ciales.<\/p>\n<p>Il existe des couvercles pour fortes charges et \u00e0 ouverture assist\u00e9e par v\u00e9rins.<\/p>\n<p><img fetchpriority=\"high\" decoding=\"async\" class=\"alignnone size-full wp-image-1687\" src=\"https:\/\/inzainox.com\/wp-content\/uploads\/2020\/11\/PLANO-GENERAL-ANTIDESLIZANTES.jpg\" alt=\"plan des couvercles \u00e9tanches antid\u00e9rapants  \" width=\"1213\" height=\"454\" srcset=\"https:\/\/inzainox.com\/wp-content\/uploads\/2020\/11\/PLANO-GENERAL-ANTIDESLIZANTES.jpg 1213w, https:\/\/inzainox.com\/wp-content\/uploads\/2020\/11\/PLANO-GENERAL-ANTIDESLIZANTES-300x112.jpg 300w, https:\/\/inzainox.com\/wp-content\/uploads\/2020\/11\/PLANO-GENERAL-ANTIDESLIZANTES-1024x383.jpg 1024w, https:\/\/inzainox.com\/wp-content\/uploads\/2020\/11\/PLANO-GENERAL-ANTIDESLIZANTES-768x287.jpg 768w, https:\/\/inzainox.com\/wp-content\/uploads\/2020\/11\/PLANO-GENERAL-ANTIDESLIZANTES-600x225.jpg 600w\" sizes=\"(max-width: 1213px) 100vw, 1213px\" \/><img decoding=\"async\" class=\"size-full wp-image-1592 aligncenter\" src=\"https:\/\/inzainox.com\/wp-content\/uploads\/2020\/04\/TAPAS-GENERAL-DIMENSIONES.jpg\" alt=\"Dimensions g\u00e9n\u00e9rales des couvercles \u00e9tanches INZA\" width=\"728\" height=\"265\" srcset=\"https:\/\/inzainox.com\/wp-content\/uploads\/2020\/04\/TAPAS-GENERAL-DIMENSIONES.jpg 728w, https:\/\/inzainox.com\/wp-content\/uploads\/2020\/04\/TAPAS-GENERAL-DIMENSIONES-300x109.jpg 300w, https:\/\/inzainox.com\/wp-content\/uploads\/2020\/04\/TAPAS-GENERAL-DIMENSIONES-600x218.jpg 600w\" sizes=\"(max-width: 728px) 100vw, 728px\" \/><\/p>\n<p>&nbsp;<\/p>\n","protected":false},"excerpt":{"rendered":"<p>Transport inclus dans le prix<\/p>\n<p>Pour toute question, contactez-nous au +34 91 127 90 05<\/p>\n<p>Couvercle de bo\u00eete de visite \u00e9tanche lisse en acier inoxydable AISI304. Fermeture par quatre vis et \u00e9tanch\u00e9it\u00e9 par joint EPDM. Peut \u00eatre simple pour passage pi\u00e9ton (classe de charge A15) ou renforc\u00e9 pour passage de v\u00e9hicules (classe de charge B125).  <\/p>\n<p>Tous les couvercles sont livr\u00e9s avec les outils d\u2019ouverture.<\/p>\n","protected":false},"featured_media":790,"comment_status":"open","ping_status":"closed","template":"","meta":[],"product_brand":[],"product_cat":[469,470],"product_tag":[],"class_list":{"0":"post-9415","1":"product","2":"type-product","3":"status-publish","4":"has-post-thumbnail","6":"product_cat-couvercles-etanches","7":"product_cat-couvercles-etanches-en-acier-inoxydable","8":"pa_dimensiones-1000x1000","9":"pa_dimensiones-30x30","10":"pa_dimensiones-40x40","11":"pa_dimensiones-50x50","12":"pa_dimensiones-60x60","13":"pa_dimensiones-70x70","14":"pa_dimensiones-80x80","15":"pa_dimensiones-90x90","17":"first","18":"instock","19":"taxable","20":"shipping-taxable","21":"purchasable","22":"product-type-variable"},"yoast_head":"<!-- This site is optimized with the Yoast SEO plugin v27.1.1 - https:\/\/yoast.com\/product\/yoast-seo-wordpress\/ -->\n<title>Couvercle \u00e9tanche lisse antid\u00e9rapant en acier inoxydable<\/title>\n<meta name=\"description\" content=\"Stock disponible de couvercles \u00e9tanches lisses antid\u00e9rapants en acier inoxydable pour regard de bo\u00eete de visite. S\u00e9lectionnez et achetez la solution anti-odeurs\" \/>\n<meta name=\"robots\" content=\"index, follow, max-snippet:-1, max-image-preview:large, max-video-preview:-1\" \/>\n<link rel=\"canonical\" href=\"https:\/\/inzainox.com\/fr\/produit\/couvercle-etanche-lisse-antiderapant-en-acier-inoxydable\/\" \/>\n<meta property=\"og:locale\" content=\"fr_FR\" \/>\n<meta property=\"og:type\" content=\"article\" \/>\n<meta property=\"og:title\" content=\"Couvercle \u00e9tanche lisse antid\u00e9rapant en acier inoxydable\" \/>\n<meta property=\"og:description\" content=\"Stock disponible de couvercles \u00e9tanches lisses antid\u00e9rapants en acier inoxydable pour regard de bo\u00eete de visite. S\u00e9lectionnez et achetez la solution anti-odeurs\" \/>\n<meta property=\"og:url\" content=\"https:\/\/inzainox.com\/fr\/produit\/couvercle-etanche-lisse-antiderapant-en-acier-inoxydable\/\" \/>\n<meta property=\"og:site_name\" content=\"Caniveaux et siphons en acier inoxydable Inza. Drainage inox pour l\u2019industrie\" \/>\n<meta property=\"og:image\" content=\"https:\/\/inzainox.com\/wp-content\/uploads\/2020\/04\/tapas-inox-antideslizantes.jpg\" \/>\n\t<meta property=\"og:image:width\" content=\"695\" \/>\n\t<meta property=\"og:image:height\" content=\"493\" \/>\n\t<meta property=\"og:image:type\" content=\"image\/jpeg\" \/>\n<meta name=\"twitter:card\" content=\"summary_large_image\" \/>\n<meta name=\"twitter:label1\" content=\"Dur\u00e9e de lecture estim\u00e9e\" \/>\n\t<meta name=\"twitter:data1\" content=\"1 minute\" \/>\n<!-- \/ Yoast SEO plugin. -->","yoast_head_json":{"title":"Couvercle \u00e9tanche lisse antid\u00e9rapant en acier inoxydable","description":"Stock disponible de couvercles \u00e9tanches lisses antid\u00e9rapants en acier inoxydable pour regard de bo\u00eete de visite. S\u00e9lectionnez et achetez la solution anti-odeurs","robots":{"index":"index","follow":"follow","max-snippet":"max-snippet:-1","max-image-preview":"max-image-preview:large","max-video-preview":"max-video-preview:-1"},"canonical":"https:\/\/inzainox.com\/fr\/produit\/couvercle-etanche-lisse-antiderapant-en-acier-inoxydable\/","og_locale":"fr_FR","og_type":"article","og_title":"Couvercle \u00e9tanche lisse antid\u00e9rapant en acier inoxydable","og_description":"Stock disponible de couvercles \u00e9tanches lisses antid\u00e9rapants en acier inoxydable pour regard de bo\u00eete de visite. S\u00e9lectionnez et achetez la solution anti-odeurs","og_url":"https:\/\/inzainox.com\/fr\/produit\/couvercle-etanche-lisse-antiderapant-en-acier-inoxydable\/","og_site_name":"Caniveaux et siphons en acier inoxydable Inza. Drainage inox pour l\u2019industrie","og_image":[{"width":695,"height":493,"url":"https:\/\/inzainox.com\/wp-content\/uploads\/2020\/04\/tapas-inox-antideslizantes.jpg","type":"image\/jpeg"}],"twitter_card":"summary_large_image","twitter_misc":{"Dur\u00e9e de lecture estim\u00e9e":"1 minute"},"schema":{"@context":"https:\/\/schema.org","@graph":[{"@type":"WebPage","@id":"https:\/\/inzainox.com\/fr\/produit\/couvercle-etanche-lisse-antiderapant-en-acier-inoxydable\/","url":"https:\/\/inzainox.com\/fr\/produit\/couvercle-etanche-lisse-antiderapant-en-acier-inoxydable\/","name":"Couvercle \u00e9tanche lisse antid\u00e9rapant en acier inoxydable","isPartOf":{"@id":"https:\/\/inzainox.com\/fr\/#website"},"primaryImageOfPage":{"@id":"https:\/\/inzainox.com\/fr\/produit\/couvercle-etanche-lisse-antiderapant-en-acier-inoxydable\/#primaryimage"},"image":{"@id":"https:\/\/inzainox.com\/fr\/produit\/couvercle-etanche-lisse-antiderapant-en-acier-inoxydable\/#primaryimage"},"thumbnailUrl":"https:\/\/inzainox.com\/wp-content\/uploads\/2020\/04\/tapas-inox-antideslizantes.jpg","datePublished":"2020-11-03T13:28:26+00:00","description":"Stock disponible de couvercles \u00e9tanches lisses antid\u00e9rapants en acier inoxydable pour regard de bo\u00eete de visite. S\u00e9lectionnez et achetez la solution anti-odeurs","breadcrumb":{"@id":"https:\/\/inzainox.com\/fr\/produit\/couvercle-etanche-lisse-antiderapant-en-acier-inoxydable\/#breadcrumb"},"inLanguage":"fr-FR","potentialAction":[{"@type":"ReadAction","target":["https:\/\/inzainox.com\/fr\/produit\/couvercle-etanche-lisse-antiderapant-en-acier-inoxydable\/"]}]},{"@type":"ImageObject","inLanguage":"fr-FR","@id":"https:\/\/inzainox.com\/fr\/produit\/couvercle-etanche-lisse-antiderapant-en-acier-inoxydable\/#primaryimage","url":"https:\/\/inzainox.com\/wp-content\/uploads\/2020\/04\/tapas-inox-antideslizantes.jpg","contentUrl":"https:\/\/inzainox.com\/wp-content\/uploads\/2020\/04\/tapas-inox-antideslizantes.jpg","width":695,"height":493,"caption":"Tapa de registro estanca de acero inoxidable INZA con superficie antideslizante tipo chapa palillo, damero, lagrima, m\u00e1xima seguridad y sellado anti-olores para pavimentos industriales"},{"@type":"BreadcrumbList","@id":"https:\/\/inzainox.com\/fr\/produit\/couvercle-etanche-lisse-antiderapant-en-acier-inoxydable\/#breadcrumb","itemListElement":[{"@type":"ListItem","position":1,"name":"Accueil","item":"https:\/\/inzainox.com\/fr\/nouvel-accueil\/"},{"@type":"ListItem","position":2,"name":"Boutique Inza","item":"https:\/\/inzainox.com\/fr\/boutique-inza\/"},{"@type":"ListItem","position":3,"name":"Couvercle \u00e9tanche lisse antid\u00e9rapant en acier inoxydable"}]},{"@type":"WebSite","@id":"https:\/\/inzainox.com\/fr\/#website","url":"https:\/\/inzainox.com\/fr\/","name":"Caniveaux et siphons en acier inoxydable Inza. Drainage inox pour l\u2019industrie","description":"Drainage en acier inoxydable pour l\u2019industrie","publisher":{"@id":"https:\/\/inzainox.com\/fr\/#organization"},"alternateName":"Inza Inox","potentialAction":[{"@type":"SearchAction","target":{"@type":"EntryPoint","urlTemplate":"https:\/\/inzainox.com\/fr\/?s={search_term_string}"},"query-input":{"@type":"PropertyValueSpecification","valueRequired":true,"valueName":"search_term_string"}}],"inLanguage":"fr-FR"},{"@type":"Organization","@id":"https:\/\/inzainox.com\/fr\/#organization","name":"Inza Inox S.L.","alternateName":"Inza","url":"https:\/\/inzainox.com\/fr\/","logo":{"@type":"ImageObject","inLanguage":"fr-FR","@id":"https:\/\/inzainox.com\/fr\/#\/schema\/logo\/image\/","url":"https:\/\/inzainox.com\/wp-content\/uploads\/2020\/05\/cropped-NUEVA-INZA-2-5.png","contentUrl":"https:\/\/inzainox.com\/wp-content\/uploads\/2020\/05\/cropped-NUEVA-INZA-2-5.png","width":549,"height":264,"caption":"Inza Inox S.L."},"image":{"@id":"https:\/\/inzainox.com\/fr\/#\/schema\/logo\/image\/"}}]}},"_links":{"self":[{"href":"https:\/\/inzainox.com\/fr\/wp-json\/wp\/v2\/product\/9415","targetHints":{"allow":["GET"]}}],"collection":[{"href":"https:\/\/inzainox.com\/fr\/wp-json\/wp\/v2\/product"}],"about":[{"href":"https:\/\/inzainox.com\/fr\/wp-json\/wp\/v2\/types\/product"}],"replies":[{"embeddable":true,"href":"https:\/\/inzainox.com\/fr\/wp-json\/wp\/v2\/comments?post=9415"}],"version-history":[{"count":0,"href":"https:\/\/inzainox.com\/fr\/wp-json\/wp\/v2\/product\/9415\/revisions"}],"wp:featuredmedia":[{"embeddable":true,"href":"https:\/\/inzainox.com\/fr\/wp-json\/wp\/v2\/media\/790"}],"wp:attachment":[{"href":"https:\/\/inzainox.com\/fr\/wp-json\/wp\/v2\/media?parent=9415"}],"wp:term":[{"taxonomy":"product_brand","embeddable":true,"href":"https:\/\/inzainox.com\/fr\/wp-json\/wp\/v2\/product_brand?post=9415"},{"taxonomy":"product_cat","embeddable":true,"href":"https:\/\/inzainox.com\/fr\/wp-json\/wp\/v2\/product_cat?post=9415"},{"taxonomy":"product_tag","embeddable":true,"href":"https:\/\/inzainox.com\/fr\/wp-json\/wp\/v2\/product_tag?post=9415"}],"curies":[{"name":"wp","href":"https:\/\/api.w.org\/{rel}","templated":true}]}}