{"id":8273,"date":"2023-12-11T16:21:52","date_gmt":"2023-12-11T16:21:52","guid":{"rendered":"https:\/\/inzainox.com\/producto\/canaux-de-drainage-inza-pd-en-beton-polymere-pour-trafic-lourd\/"},"modified":"2026-03-29T23:43:44","modified_gmt":"2026-03-29T23:43:44","slug":"canaux-de-drainage-inza-pd-en-beton-polymere-pour-trafic-lourd","status":"publish","type":"product","link":"https:\/\/inzainox.com\/fr\/produit\/canaux-de-drainage-inza-pd-en-beton-polymere-pour-trafic-lourd\/","title":{"rendered":"Canaux de drainage INZA PD en b\u00e9ton polym\u00e8re pour trafic lourd"},"content":{"rendered":"\t\t<div data-elementor-type=\"wp-post\" data-elementor-id=\"8273\" class=\"elementor elementor-8273 elementor-3207\">\n\t\t\t\t<div class=\"elementor-element elementor-element-55da888c e-flex e-con-boxed e-con e-parent\" data-id=\"55da888c\" data-element_type=\"container\" data-e-type=\"container\">\n\t\t\t\t\t<div class=\"e-con-inner\">\n\t\t\t\t<div class=\"elementor-element elementor-element-63282da8 elementor-widget elementor-widget-text-editor\" data-id=\"63282da8\" data-element_type=\"widget\" data-e-type=\"widget\" data-widget_type=\"text-editor.default\">\n\t\t\t\t<div class=\"elementor-widget-container\">\n\t\t\t\t\t\t\t\t\t<p>Canal de drainage INZA PD en b\u00e9ton polym\u00e8re avec grille en fonte D400 pour le trafic lourd de camions. De largeur ext\u00e9rieure 130, 200, 250, 300 et 350 mm. Grilles boulonn\u00e9es sur des profil\u00e9s lat\u00e9raux en acier. Ce sont des canaux pr\u00e9fabriqu\u00e9s pour une installation enterr\u00e9e sur site afin de recueillir l&rsquo;eau de ruissellement des plateformes pav\u00e9es gr\u00e2ce \u00e0 un syst\u00e8me de pentes \u00e0 deux versants, simplifiant ainsi leur installation par rapport aux syst\u00e8mes conventionnels de siphons ponctuels ou d&rsquo;avaloirs. Les canaux avec grille pour camions ont une r\u00e9sistance extraordinaire et peuvent recueillir l&rsquo;eau dans les zones susceptibles d&rsquo;\u00eatre foul\u00e9es par les camions.<br>Un canal avec grille pour le trafic de camions est reli\u00e9 au suivant par embo\u00eetement qui peut \u00eatre scell\u00e9 pour obtenir une jonction \u00e9tanche. Toutes les pi\u00e8ces ont des pr\u00e9-marquages pour pouvoir ouvrir des sorties de diff\u00e9rents diam\u00e8tres afin de les connecter aux tuyaux d&rsquo;\u00e9vacuation.<br>Il existe d&rsquo;autres canaux de diff\u00e9rentes largeurs et avec des grilles de diff\u00e9rentes classes de charge. Les grilles en fonte ductile D400 sont fabriqu\u00e9es pour supporter les charges des camions. Elles ont une longueur de 500 mm et sont boulonn\u00e9es au corps du canal en b\u00e9ton polym\u00e8re par 4 vis. Les grilles en fonte ductile ont une finition avec une peinture noire de grande r\u00e9sistance. Les canaux en b\u00e9ton polym\u00e8re sont fabriqu\u00e9s en sections de 1000 mm, ils comportent donc 2 grilles par unit\u00e9. Le b\u00e9ton polym\u00e8re est un m\u00e9lange de granulats avec des r\u00e9sines qui conf\u00e8re au canal une grande r\u00e9sistance avec un poids r\u00e9duit. De plus, la surface n&rsquo;est pas poreuse, ce qui \u00e9vite les probl\u00e8mes d&rsquo;\u00e9rosion avec les liquides qu&rsquo;il draine. Les r\u00e9sines du m\u00e9lange conf\u00e8rent aux canaux un coefficient de rugosit\u00e9 tr\u00e8s faible, ce qui augmente la vitesse de drainage et permet d&rsquo;obtenir de meilleurs r\u00e9sultats en termes de capacit\u00e9 hydraulique des canaux, n\u00e9cessitant une taille moindre pour \u00e9vacuer le m\u00eame d\u00e9bit, en plus de provoquer un plus grand entra\u00eenement des s\u00e9diments dans un effet d&rsquo;auto-nettoyage.            <\/p><p> <\/p>\t\t\t\t\t\t\t\t<\/div>\n\t\t\t\t<\/div>\n\t\t\t\t\t<\/div>\n\t\t\t\t<\/div>\n\t\t\t\t<\/div>\n\t\t","protected":false},"excerpt":{"rendered":"<p>Canal de drainage en b\u00e9ton polym\u00e8re PD avec 2 grilles en fonte de classe de charge D400 pour le trafic lourd de camions. Les canaux ont diff\u00e9rentes dimensions en fonction de la capacit\u00e9 hydraulique requise. Avec des profil\u00e9s lat\u00e9raux en acier pour le support de 2 grilles en fonte ductile boulonn\u00e9es. Les jonctions entre les caniveaux se font par embo\u00eetement des corps des canaux en b\u00e9ton polym\u00e8re \u00e0 leurs extr\u00e9mit\u00e9s.   <\/p>\n","protected":false},"featured_media":3191,"comment_status":"open","ping_status":"closed","template":"","meta":[],"product_brand":[],"product_cat":[516,517],"product_tag":[],"class_list":{"0":"post-8273","1":"product","2":"type-product","3":"status-publish","4":"has-post-thumbnail","6":"product_cat-canaux-de-drainage-avec-grille","7":"product_cat-canaux-en-beton-polymere","9":"first","10":"instock","11":"taxable","12":"shipping-taxable","13":"purchasable","14":"product-type-variable"},"yoast_head":"<!-- This site is optimized with the Yoast SEO plugin v27.1.1 - https:\/\/yoast.com\/product\/yoast-seo-wordpress\/ -->\n<title>Canal en b\u00e9ton polym\u00e8re pour trafic lourd<\/title>\n<meta name=\"description\" content=\"En stock. Canal de drainage avec grille pour trafic lourd. Fabriqu\u00e9 en b\u00e9ton polym\u00e8re, avec grille en fonte ductile. Diff\u00e9rentes largeurs et hauteurs.\" \/>\n<meta name=\"robots\" content=\"index, follow, max-snippet:-1, max-image-preview:large, max-video-preview:-1\" \/>\n<link rel=\"canonical\" href=\"https:\/\/inzainox.com\/fr\/produit\/canaux-de-drainage-inza-pd-en-beton-polymere-pour-trafic-lourd\/\" \/>\n<meta property=\"og:locale\" content=\"fr_FR\" \/>\n<meta property=\"og:type\" content=\"article\" \/>\n<meta property=\"og:title\" content=\"Canal en b\u00e9ton polym\u00e8re pour trafic lourd\" \/>\n<meta property=\"og:description\" content=\"En stock. Canal de drainage avec grille pour trafic lourd. Fabriqu\u00e9 en b\u00e9ton polym\u00e8re, avec grille en fonte ductile. Diff\u00e9rentes largeurs et hauteurs.\" \/>\n<meta property=\"og:url\" content=\"https:\/\/inzainox.com\/fr\/produit\/canaux-de-drainage-inza-pd-en-beton-polymere-pour-trafic-lourd\/\" \/>\n<meta property=\"og:site_name\" content=\"Caniveaux et siphons en acier inoxydable Inza. Drainage inox pour l\u2019industrie\" \/>\n<meta property=\"article:modified_time\" content=\"2026-03-29T23:43:44+00:00\" \/>\n<meta property=\"og:image\" content=\"https:\/\/inzainox.com\/wp-content\/uploads\/2023\/12\/P100.jpg\" \/>\n\t<meta property=\"og:image:width\" content=\"630\" \/>\n\t<meta property=\"og:image:height\" content=\"438\" \/>\n\t<meta property=\"og:image:type\" content=\"image\/jpeg\" \/>\n<meta name=\"twitter:card\" content=\"summary_large_image\" \/>\n<meta name=\"twitter:label1\" content=\"Dur\u00e9e de lecture estim\u00e9e\" \/>\n\t<meta name=\"twitter:data1\" content=\"2 minutes\" \/>\n<!-- \/ Yoast SEO plugin. -->","yoast_head_json":{"title":"Canal en b\u00e9ton polym\u00e8re pour trafic lourd","description":"En stock. Canal de drainage avec grille pour trafic lourd. Fabriqu\u00e9 en b\u00e9ton polym\u00e8re, avec grille en fonte ductile. Diff\u00e9rentes largeurs et hauteurs.","robots":{"index":"index","follow":"follow","max-snippet":"max-snippet:-1","max-image-preview":"max-image-preview:large","max-video-preview":"max-video-preview:-1"},"canonical":"https:\/\/inzainox.com\/fr\/produit\/canaux-de-drainage-inza-pd-en-beton-polymere-pour-trafic-lourd\/","og_locale":"fr_FR","og_type":"article","og_title":"Canal en b\u00e9ton polym\u00e8re pour trafic lourd","og_description":"En stock. Canal de drainage avec grille pour trafic lourd. Fabriqu\u00e9 en b\u00e9ton polym\u00e8re, avec grille en fonte ductile. Diff\u00e9rentes largeurs et hauteurs.","og_url":"https:\/\/inzainox.com\/fr\/produit\/canaux-de-drainage-inza-pd-en-beton-polymere-pour-trafic-lourd\/","og_site_name":"Caniveaux et siphons en acier inoxydable Inza. Drainage inox pour l\u2019industrie","article_modified_time":"2026-03-29T23:43:44+00:00","og_image":[{"width":630,"height":438,"url":"https:\/\/inzainox.com\/wp-content\/uploads\/2023\/12\/P100.jpg","type":"image\/jpeg"}],"twitter_card":"summary_large_image","twitter_misc":{"Dur\u00e9e de lecture estim\u00e9e":"2 minutes"},"schema":{"@context":"https:\/\/schema.org","@graph":[{"@type":"WebPage","@id":"https:\/\/inzainox.com\/fr\/produit\/canaux-de-drainage-inza-pd-en-beton-polymere-pour-trafic-lourd\/","url":"https:\/\/inzainox.com\/fr\/produit\/canaux-de-drainage-inza-pd-en-beton-polymere-pour-trafic-lourd\/","name":"Canal en b\u00e9ton polym\u00e8re pour trafic lourd","isPartOf":{"@id":"https:\/\/inzainox.com\/fr\/#website"},"primaryImageOfPage":{"@id":"https:\/\/inzainox.com\/fr\/produit\/canaux-de-drainage-inza-pd-en-beton-polymere-pour-trafic-lourd\/#primaryimage"},"image":{"@id":"https:\/\/inzainox.com\/fr\/produit\/canaux-de-drainage-inza-pd-en-beton-polymere-pour-trafic-lourd\/#primaryimage"},"thumbnailUrl":"https:\/\/inzainox.com\/wp-content\/uploads\/2023\/12\/P100.jpg","datePublished":"2023-12-11T16:21:52+00:00","dateModified":"2026-03-29T23:43:44+00:00","description":"En stock. Canal de drainage avec grille pour trafic lourd. Fabriqu\u00e9 en b\u00e9ton polym\u00e8re, avec grille en fonte ductile. Diff\u00e9rentes largeurs et hauteurs.","breadcrumb":{"@id":"https:\/\/inzainox.com\/fr\/produit\/canaux-de-drainage-inza-pd-en-beton-polymere-pour-trafic-lourd\/#breadcrumb"},"inLanguage":"fr-FR","potentialAction":[{"@type":"ReadAction","target":["https:\/\/inzainox.com\/fr\/produit\/canaux-de-drainage-inza-pd-en-beton-polymere-pour-trafic-lourd\/"]}]},{"@type":"ImageObject","inLanguage":"fr-FR","@id":"https:\/\/inzainox.com\/fr\/produit\/canaux-de-drainage-inza-pd-en-beton-polymere-pour-trafic-lourd\/#primaryimage","url":"https:\/\/inzainox.com\/wp-content\/uploads\/2023\/12\/P100.jpg","contentUrl":"https:\/\/inzainox.com\/wp-content\/uploads\/2023\/12\/P100.jpg","width":630,"height":438,"caption":"Canal de hormig\u00f3n pol\u00edmero y rejas de fundici\u00f3n d\u00factil para tr\u00e1fico rodado"},{"@type":"BreadcrumbList","@id":"https:\/\/inzainox.com\/fr\/produit\/canaux-de-drainage-inza-pd-en-beton-polymere-pour-trafic-lourd\/#breadcrumb","itemListElement":[{"@type":"ListItem","position":1,"name":"Accueil","item":"https:\/\/inzainox.com\/fr\/nouvel-accueil\/"},{"@type":"ListItem","position":2,"name":"Boutique Inza","item":"https:\/\/inzainox.com\/fr\/boutique-inza\/"},{"@type":"ListItem","position":3,"name":"Canaux de drainage INZA PD en b\u00e9ton polym\u00e8re pour trafic lourd"}]},{"@type":"WebSite","@id":"https:\/\/inzainox.com\/fr\/#website","url":"https:\/\/inzainox.com\/fr\/","name":"Caniveaux et siphons en acier inoxydable Inza. Drainage inox pour l\u2019industrie","description":"Drainage en acier inoxydable pour l\u2019industrie","publisher":{"@id":"https:\/\/inzainox.com\/fr\/#organization"},"alternateName":"Inza Inox","potentialAction":[{"@type":"SearchAction","target":{"@type":"EntryPoint","urlTemplate":"https:\/\/inzainox.com\/fr\/?s={search_term_string}"},"query-input":{"@type":"PropertyValueSpecification","valueRequired":true,"valueName":"search_term_string"}}],"inLanguage":"fr-FR"},{"@type":"Organization","@id":"https:\/\/inzainox.com\/fr\/#organization","name":"Inza Inox S.L.","alternateName":"Inza","url":"https:\/\/inzainox.com\/fr\/","logo":{"@type":"ImageObject","inLanguage":"fr-FR","@id":"https:\/\/inzainox.com\/fr\/#\/schema\/logo\/image\/","url":"https:\/\/inzainox.com\/wp-content\/uploads\/2020\/05\/cropped-NUEVA-INZA-2-5.png","contentUrl":"https:\/\/inzainox.com\/wp-content\/uploads\/2020\/05\/cropped-NUEVA-INZA-2-5.png","width":549,"height":264,"caption":"Inza Inox S.L."},"image":{"@id":"https:\/\/inzainox.com\/fr\/#\/schema\/logo\/image\/"}}]}},"_links":{"self":[{"href":"https:\/\/inzainox.com\/fr\/wp-json\/wp\/v2\/product\/8273","targetHints":{"allow":["GET"]}}],"collection":[{"href":"https:\/\/inzainox.com\/fr\/wp-json\/wp\/v2\/product"}],"about":[{"href":"https:\/\/inzainox.com\/fr\/wp-json\/wp\/v2\/types\/product"}],"replies":[{"embeddable":true,"href":"https:\/\/inzainox.com\/fr\/wp-json\/wp\/v2\/comments?post=8273"}],"version-history":[{"count":1,"href":"https:\/\/inzainox.com\/fr\/wp-json\/wp\/v2\/product\/8273\/revisions"}],"predecessor-version":[{"id":8281,"href":"https:\/\/inzainox.com\/fr\/wp-json\/wp\/v2\/product\/8273\/revisions\/8281"}],"wp:featuredmedia":[{"embeddable":true,"href":"https:\/\/inzainox.com\/fr\/wp-json\/wp\/v2\/media\/3191"}],"wp:attachment":[{"href":"https:\/\/inzainox.com\/fr\/wp-json\/wp\/v2\/media?parent=8273"}],"wp:term":[{"taxonomy":"product_brand","embeddable":true,"href":"https:\/\/inzainox.com\/fr\/wp-json\/wp\/v2\/product_brand?post=8273"},{"taxonomy":"product_cat","embeddable":true,"href":"https:\/\/inzainox.com\/fr\/wp-json\/wp\/v2\/product_cat?post=8273"},{"taxonomy":"product_tag","embeddable":true,"href":"https:\/\/inzainox.com\/fr\/wp-json\/wp\/v2\/product_tag?post=8273"}],"curies":[{"name":"wp","href":"https:\/\/api.w.org\/{rel}","templated":true}]}}