{"id":10983,"date":"2026-03-05T00:14:09","date_gmt":"2026-03-05T00:14:09","guid":{"rendered":"https:\/\/inzainox.com\/producto\/couvercle-etanche-rond-lisse-en-acier-inoxydable\/"},"modified":"2026-03-05T00:14:09","modified_gmt":"2026-03-05T00:14:09","slug":"couvercle-etanche-rond-lisse-en-acier-inoxydable","status":"publish","type":"product","link":"https:\/\/inzainox.com\/fr\/produit\/couvercle-etanche-rond-lisse-en-acier-inoxydable\/","title":{"rendered":"Couvercle \u00e9tanche rond lisse en acier inoxydable"},"content":{"rendered":"<p>Couvercle et cadre pour regard rond lisse fabriqu\u00e9 en acier inoxydable AISI304. Possibilit\u00e9 de fabrication en acier inoxydable AISI316L pour les installations avec un environnement particuli\u00e8rement agressif ou les milieux marins. <\/p>\n<p>Sans angles, sa g\u00e9om\u00e9trie circulaire garantit une r\u00e9partition radiale et uniforme des contraintes, minimisant les points faibles structurels et r\u00e9duisant significativement le risque de d\u00e9formations ou de fissures du rev\u00eatement sous fortes charges.<\/p>\n<p>C\u2019est un couvercle \u00e9tanche circulaire pour \u00e9viter les odeurs gr\u00e2ce \u00e0 une fermeture par joint EPDM et une fixation par 4 vis inox aux angles du couvercle. Le prix du couvercle inclut les outils pour retirer les vis.<\/p>\n<p>Nous fournissons des poign\u00e9es qui se vissent dans le logement des vis afin de faciliter une ouverture confortable. Ces poign\u00e9es avec anse sont \u00e9galement incluses dans le prix.  La proc\u00e9dure de d\u00e9montage du couvercle est similaire \u00e0 celle pr\u00e9sent\u00e9e dans la vid\u00e9o suivante de d\u00e9montage d\u2019un couvercle \u00e9tanche carr\u00e9.<\/p>\n<p>Couvercle standard pour trafic pi\u00e9tonnier et couvercles renforc\u00e9s pour trafic routier. Nous proposons des couvercles pour les classes de charge A15, B125, C250 et D400. <\/p>\n<p><iframe title=\"Tapa de arqueta estanca lisa de acero inoxidable o galvanizado\" width=\"1200\" height=\"675\" src=\"https:\/\/www.youtube.com\/embed\/i-ht3desZic?feature=oembed\" frameborder=\"0\" allow=\"accelerometer; autoplay; clipboard-write; encrypted-media; gyroscope; picture-in-picture; web-share\" referrerpolicy=\"strict-origin-when-cross-origin\" allowfullscreen><\/iframe><\/p>\n<p>Couvercles carr\u00e9s en stock de diff\u00e9rentes dimensions, de 300 x 300 mm \u00e0 1000 x 1000 mm.<\/p>\n<p><a href=\"https:\/\/inzainox.com\/wp-content\/uploads\/2026\/03\/FT-TRIL-Circular-Lisa.pdf\"><strong>FICHE TECHNIQUE<\/strong><\/a><\/p>\n<p>Consultez-nous pour tout autre type de couvercles, dans d\u2019autres mat\u00e9riaux et en dimensions sp\u00e9ciales.<\/p>\n<p>Il existe des couvercles pour fortes charges et \u00e0 ouverture assist\u00e9e par v\u00e9rins.<\/p>\n<p><img fetchpriority=\"high\" decoding=\"async\" src=\"https:\/\/inzainox.com\/wp-content\/uploads\/2026\/03\/FT-TRIL-Circular-Lisa.png\" alt=\"\" width=\"755\" height=\"1053\"><\/p>\n","protected":false},"excerpt":{"rendered":"<p>Transport inclus dans le prix<\/p>\n<p>Nous vous le livrons sous 24-48 h<\/p>\n<p>Pour toute question, contactez-nous au +34 91 127 90 05<\/p>\n<p>Couvercle de regard \u00e9tanche rond en acier inoxydable AISI304. Fermeture par quatre vis et joint EPDM. Peut \u00eatre simple pour passage pi\u00e9ton (classe de charge A15) ou renforc\u00e9 pour passage de v\u00e9hicules (classe de charge B125).  <\/p>\n<p>Son design circulaire r\u00e9partit le poids de mani\u00e8re uniforme, sans points de contrainte, ce qui maximise sa r\u00e9sistance \u00e0 la pression et \u00e9vite efficacement l\u2019apparition de fissures dans le rev\u00eatement adjacent.<\/p>\n<p>Tous les couvercles sont livr\u00e9s avec les outils d\u2019ouverture.<\/p>\n","protected":false},"featured_media":6254,"comment_status":"open","ping_status":"closed","template":"","meta":[],"product_brand":[],"product_cat":[469,470,553],"product_tag":[],"class_list":{"0":"post-10983","1":"product","2":"type-product","3":"status-publish","4":"has-post-thumbnail","6":"product_cat-couvercles-etanches","7":"product_cat-couvercles-etanches-en-acier-inoxydable","8":"product_cat-couvercles-etanches-ronds-en-acier-inoxydable","10":"first","11":"instock","12":"taxable","13":"shipping-taxable","14":"purchasable","15":"product-type-variable"},"yoast_head":"<!-- This site is optimized with the Yoast SEO plugin v27.1.1 - https:\/\/yoast.com\/product\/yoast-seo-wordpress\/ -->\n<title>Couvercle \u00e9tanche rond lisse en acier inoxydable<\/title>\n<meta name=\"description\" content=\"Stock disponible de couvercles \u00e9tanches ronds en acier inoxydable pour regard de visite. S\u00e9lectionnez et achetez la solution anti-odeurs\" \/>\n<meta name=\"robots\" content=\"index, follow, max-snippet:-1, max-image-preview:large, max-video-preview:-1\" \/>\n<link rel=\"canonical\" href=\"https:\/\/inzainox.com\/fr\/produit\/couvercle-etanche-rond-lisse-en-acier-inoxydable\/\" \/>\n<meta property=\"og:locale\" content=\"fr_FR\" \/>\n<meta property=\"og:type\" content=\"article\" \/>\n<meta property=\"og:title\" content=\"Couvercle \u00e9tanche rond lisse en acier inoxydable\" \/>\n<meta property=\"og:description\" content=\"Stock disponible de couvercles \u00e9tanches ronds en acier inoxydable pour regard de visite. S\u00e9lectionnez et achetez la solution anti-odeurs\" \/>\n<meta property=\"og:url\" content=\"https:\/\/inzainox.com\/fr\/produit\/couvercle-etanche-rond-lisse-en-acier-inoxydable\/\" \/>\n<meta property=\"og:site_name\" content=\"Caniveaux et siphons en acier inoxydable Inza. Drainage inox pour l\u2019industrie\" \/>\n<meta property=\"og:image\" content=\"https:\/\/inzainox.com\/wp-content\/uploads\/2026\/03\/tapa-estanca-lisa-redonda.jpg\" \/>\n\t<meta property=\"og:image:width\" content=\"2478\" \/>\n\t<meta property=\"og:image:height\" content=\"1728\" \/>\n\t<meta property=\"og:image:type\" content=\"image\/jpeg\" \/>\n<meta name=\"twitter:card\" content=\"summary_large_image\" \/>\n<meta name=\"twitter:label1\" content=\"Dur\u00e9e de lecture estim\u00e9e\" \/>\n\t<meta name=\"twitter:data1\" content=\"1 minute\" \/>\n<!-- \/ Yoast SEO plugin. -->","yoast_head_json":{"title":"Couvercle \u00e9tanche rond lisse en acier inoxydable","description":"Stock disponible de couvercles \u00e9tanches ronds en acier inoxydable pour regard de visite. S\u00e9lectionnez et achetez la solution anti-odeurs","robots":{"index":"index","follow":"follow","max-snippet":"max-snippet:-1","max-image-preview":"max-image-preview:large","max-video-preview":"max-video-preview:-1"},"canonical":"https:\/\/inzainox.com\/fr\/produit\/couvercle-etanche-rond-lisse-en-acier-inoxydable\/","og_locale":"fr_FR","og_type":"article","og_title":"Couvercle \u00e9tanche rond lisse en acier inoxydable","og_description":"Stock disponible de couvercles \u00e9tanches ronds en acier inoxydable pour regard de visite. S\u00e9lectionnez et achetez la solution anti-odeurs","og_url":"https:\/\/inzainox.com\/fr\/produit\/couvercle-etanche-rond-lisse-en-acier-inoxydable\/","og_site_name":"Caniveaux et siphons en acier inoxydable Inza. Drainage inox pour l\u2019industrie","og_image":[{"width":2478,"height":1728,"url":"https:\/\/inzainox.com\/wp-content\/uploads\/2026\/03\/tapa-estanca-lisa-redonda.jpg","type":"image\/jpeg"}],"twitter_card":"summary_large_image","twitter_misc":{"Dur\u00e9e de lecture estim\u00e9e":"1 minute"},"schema":{"@context":"https:\/\/schema.org","@graph":[{"@type":"WebPage","@id":"https:\/\/inzainox.com\/fr\/produit\/couvercle-etanche-rond-lisse-en-acier-inoxydable\/","url":"https:\/\/inzainox.com\/fr\/produit\/couvercle-etanche-rond-lisse-en-acier-inoxydable\/","name":"Couvercle \u00e9tanche rond lisse en acier inoxydable","isPartOf":{"@id":"https:\/\/inzainox.com\/fr\/#website"},"primaryImageOfPage":{"@id":"https:\/\/inzainox.com\/fr\/produit\/couvercle-etanche-rond-lisse-en-acier-inoxydable\/#primaryimage"},"image":{"@id":"https:\/\/inzainox.com\/fr\/produit\/couvercle-etanche-rond-lisse-en-acier-inoxydable\/#primaryimage"},"thumbnailUrl":"https:\/\/inzainox.com\/wp-content\/uploads\/2026\/03\/tapa-estanca-lisa-redonda.jpg","datePublished":"2026-03-05T00:14:09+00:00","description":"Stock disponible de couvercles \u00e9tanches ronds en acier inoxydable pour regard de visite. S\u00e9lectionnez et achetez la solution anti-odeurs","breadcrumb":{"@id":"https:\/\/inzainox.com\/fr\/produit\/couvercle-etanche-rond-lisse-en-acier-inoxydable\/#breadcrumb"},"inLanguage":"fr-FR","potentialAction":[{"@type":"ReadAction","target":["https:\/\/inzainox.com\/fr\/produit\/couvercle-etanche-rond-lisse-en-acier-inoxydable\/"]}]},{"@type":"ImageObject","inLanguage":"fr-FR","@id":"https:\/\/inzainox.com\/fr\/produit\/couvercle-etanche-rond-lisse-en-acier-inoxydable\/#primaryimage","url":"https:\/\/inzainox.com\/wp-content\/uploads\/2026\/03\/tapa-estanca-lisa-redonda.jpg","contentUrl":"https:\/\/inzainox.com\/wp-content\/uploads\/2026\/03\/tapa-estanca-lisa-redonda.jpg","width":2478,"height":1728,"caption":"tapa estanca lisa redonda de acero inoxidable para sistemas de drenaje industrial y alimentario. Registro estanco circular de acero inoxidable liso. Tapa de inspecci\u00f3n para saneamiento industrial o residencial dise\u00f1ada para evitar olores y garantizar la estanqueidad en zonas con altos requisitos de higiene"},{"@type":"BreadcrumbList","@id":"https:\/\/inzainox.com\/fr\/produit\/couvercle-etanche-rond-lisse-en-acier-inoxydable\/#breadcrumb","itemListElement":[{"@type":"ListItem","position":1,"name":"Accueil","item":"https:\/\/inzainox.com\/fr\/nouvel-accueil\/"},{"@type":"ListItem","position":2,"name":"Boutique Inza","item":"https:\/\/inzainox.com\/fr\/boutique-inza\/"},{"@type":"ListItem","position":3,"name":"Couvercle \u00e9tanche rond lisse en acier inoxydable"}]},{"@type":"WebSite","@id":"https:\/\/inzainox.com\/fr\/#website","url":"https:\/\/inzainox.com\/fr\/","name":"Caniveaux et siphons en acier inoxydable Inza. Drainage inox pour l\u2019industrie","description":"Drainage en acier inoxydable pour l\u2019industrie","publisher":{"@id":"https:\/\/inzainox.com\/fr\/#organization"},"alternateName":"Inza Inox","potentialAction":[{"@type":"SearchAction","target":{"@type":"EntryPoint","urlTemplate":"https:\/\/inzainox.com\/fr\/?s={search_term_string}"},"query-input":{"@type":"PropertyValueSpecification","valueRequired":true,"valueName":"search_term_string"}}],"inLanguage":"fr-FR"},{"@type":"Organization","@id":"https:\/\/inzainox.com\/fr\/#organization","name":"Inza Inox S.L.","alternateName":"Inza","url":"https:\/\/inzainox.com\/fr\/","logo":{"@type":"ImageObject","inLanguage":"fr-FR","@id":"https:\/\/inzainox.com\/fr\/#\/schema\/logo\/image\/","url":"https:\/\/inzainox.com\/wp-content\/uploads\/2020\/05\/cropped-NUEVA-INZA-2-5.png","contentUrl":"https:\/\/inzainox.com\/wp-content\/uploads\/2020\/05\/cropped-NUEVA-INZA-2-5.png","width":549,"height":264,"caption":"Inza Inox S.L."},"image":{"@id":"https:\/\/inzainox.com\/fr\/#\/schema\/logo\/image\/"}}]}},"_links":{"self":[{"href":"https:\/\/inzainox.com\/fr\/wp-json\/wp\/v2\/product\/10983","targetHints":{"allow":["GET"]}}],"collection":[{"href":"https:\/\/inzainox.com\/fr\/wp-json\/wp\/v2\/product"}],"about":[{"href":"https:\/\/inzainox.com\/fr\/wp-json\/wp\/v2\/types\/product"}],"replies":[{"embeddable":true,"href":"https:\/\/inzainox.com\/fr\/wp-json\/wp\/v2\/comments?post=10983"}],"version-history":[{"count":0,"href":"https:\/\/inzainox.com\/fr\/wp-json\/wp\/v2\/product\/10983\/revisions"}],"wp:featuredmedia":[{"embeddable":true,"href":"https:\/\/inzainox.com\/fr\/wp-json\/wp\/v2\/media\/6254"}],"wp:attachment":[{"href":"https:\/\/inzainox.com\/fr\/wp-json\/wp\/v2\/media?parent=10983"}],"wp:term":[{"taxonomy":"product_brand","embeddable":true,"href":"https:\/\/inzainox.com\/fr\/wp-json\/wp\/v2\/product_brand?post=10983"},{"taxonomy":"product_cat","embeddable":true,"href":"https:\/\/inzainox.com\/fr\/wp-json\/wp\/v2\/product_cat?post=10983"},{"taxonomy":"product_tag","embeddable":true,"href":"https:\/\/inzainox.com\/fr\/wp-json\/wp\/v2\/product_tag?post=10983"}],"curies":[{"name":"wp","href":"https:\/\/api.w.org\/{rel}","templated":true}]}}