{"id":10982,"date":"2020-11-03T13:08:26","date_gmt":"2020-11-03T13:08:26","guid":{"rendered":"https:\/\/inzainox.com\/producto\/tampon-etanche-lisse-en-acier-inoxydable\/"},"modified":"2020-11-03T13:08:26","modified_gmt":"2020-11-03T13:08:26","slug":"tampon-etanche-lisse-en-acier-inoxydable","status":"publish","type":"product","link":"https:\/\/inzainox.com\/fr\/produit\/tampon-etanche-lisse-en-acier-inoxydable\/","title":{"rendered":"Tampon \u00e9tanche lisse en acier inoxydable"},"content":{"rendered":"<p>Tampon et cadre pour puisard lisse fabriqu\u00e9s en acier inoxydable AISI304.<\/p>\n<p>Possibilit\u00e9 de fabrication en acier inoxydable AISI316L pour installations avec un environnement particuli\u00e8rement agressif ou milieux maritimes.<\/p>\n<p>Il s\u2019agit d\u2019un couvercle \u00e9tanche anti-odeurs gr\u00e2ce \u00e0 une fermeture par joint EPDM et une fixation par 4 vis en inox aux angles.<\/p>\n<p>Le prix du couvercle inclut les outils pour retirer les vis.<\/p>\n<p>Nous fournissons des poign\u00e9es qui se vissent dans le logement des vis afin de faciliter une ouverture confortable. Ces poign\u00e9es avec anse sont \u00e9galement incluses dans le prix. <\/p>\n<p><iframe title=\"Tapa de arqueta estanca lisa de acero inoxidable o galvanizado\" width=\"1200\" height=\"675\" src=\"https:\/\/www.youtube.com\/embed\/i-ht3desZic?feature=oembed\" frameborder=\"0\" allow=\"accelerometer; autoplay; clipboard-write; encrypted-media; gyroscope; picture-in-picture; web-share\" referrerpolicy=\"strict-origin-when-cross-origin\" allowfullscreen><\/iframe><\/p>\n<p>Couvercle standard pour trafic pi\u00e9tonnier et couvercles renforc\u00e9s pour trafic routier. Nous proposons des couvercles pour les classes de charge A15, B125, C250 et D400. <\/p>\n<p>Couvercles carr\u00e9s de diff\u00e9rentes dimensions, de 300&#215;300 mm \u00e0 1000&#215;1000 mm.<\/p>\n<p><span style=\"color: #339966;\"><strong><a style=\"color: #339966;\" href=\"https:\/\/inzainox.com\/wp-content\/uploads\/2022\/03\/Tapas-estancas-de-acero-inoxidable-lisas.pdf\">FICHE TECHNIQUE<\/a><\/strong><\/span><\/p>\n<p>Consulter tampons ronds et dimensions sp\u00e9ciales.<\/p>\n<p>Il existe des couvercles pour fortes charges et \u00e0 ouverture assist\u00e9e par v\u00e9rins.<\/p>\n<p>&nbsp;<\/p>\n<p><img fetchpriority=\"high\" decoding=\"async\" class=\"alignnone size-full wp-image-1662\" src=\"https:\/\/inzainox.com\/wp-content\/uploads\/2020\/11\/plano-tapa-lisa.jpg\" alt=\"plan regards inox \u00e9tanches lisses\" width=\"1191\" height=\"466\" srcset=\"https:\/\/inzainox.com\/wp-content\/uploads\/2020\/11\/plano-tapa-lisa.jpg 1191w, https:\/\/inzainox.com\/wp-content\/uploads\/2020\/11\/plano-tapa-lisa-300x117.jpg 300w, https:\/\/inzainox.com\/wp-content\/uploads\/2020\/11\/plano-tapa-lisa-1024x401.jpg 1024w, https:\/\/inzainox.com\/wp-content\/uploads\/2020\/11\/plano-tapa-lisa-768x300.jpg 768w, https:\/\/inzainox.com\/wp-content\/uploads\/2020\/11\/plano-tapa-lisa-600x235.jpg 600w\" sizes=\"(max-width: 1191px) 100vw, 1191px\" \/><img decoding=\"async\" class=\"size-full wp-image-1592 aligncenter\" src=\"https:\/\/inzainox.com\/wp-content\/uploads\/2020\/04\/TAPAS-GENERAL-DIMENSIONES.jpg\" alt=\"Dimensions g\u00e9n\u00e9rales des couvercles \u00e9tanches INZA\" width=\"728\" height=\"265\" srcset=\"https:\/\/inzainox.com\/wp-content\/uploads\/2020\/04\/TAPAS-GENERAL-DIMENSIONES.jpg 728w, https:\/\/inzainox.com\/wp-content\/uploads\/2020\/04\/TAPAS-GENERAL-DIMENSIONES-300x109.jpg 300w, https:\/\/inzainox.com\/wp-content\/uploads\/2020\/04\/TAPAS-GENERAL-DIMENSIONES-600x218.jpg 600w\" sizes=\"(max-width: 728px) 100vw, 728px\" \/><\/p>\n<p>&nbsp;<\/p>\n","protected":false},"excerpt":{"rendered":"<p>Transport inclus dans le prix<\/p>\n<p>Nous vous le livrons sous 24-48 h<\/p>\n<p>Pour toute question, contactez-nous au +34 91 127 90 05<\/p>\n<p>Tampon de puisard \u00e9tanche lisse en acier inoxydable AISI304. Fermeture par quatre vis et assemblage par joint EPDM. Peut \u00eatre simple pour passage pi\u00e9ton (classe de charge A15) ou renforc\u00e9 pour passage de v\u00e9hicules (classe de charge B125).  <\/p>\n<p>Tous les couvercles sont livr\u00e9s avec les outils d\u2019ouverture.<\/p>\n","protected":false},"featured_media":73,"comment_status":"open","ping_status":"closed","template":"","meta":[],"product_brand":[],"product_cat":[469,470],"product_tag":[],"class_list":{"0":"post-10982","1":"product","2":"type-product","3":"status-publish","4":"has-post-thumbnail","6":"product_cat-couvercles-etanches","7":"product_cat-couvercles-etanches-en-acier-inoxydable","8":"pa_dimensiones-1000x1000","9":"pa_dimensiones-30x30","10":"pa_dimensiones-40x40","11":"pa_dimensiones-50x50","12":"pa_dimensiones-60x60","13":"pa_dimensiones-70x70","14":"pa_dimensiones-80x80","15":"pa_dimensiones-90x90","17":"first","18":"instock","19":"taxable","20":"shipping-taxable","21":"purchasable","22":"product-type-variable"},"yoast_head":"<!-- This site is optimized with the Yoast SEO plugin v27.1.1 - https:\/\/yoast.com\/product\/yoast-seo-wordpress\/ -->\n<title>Tampon \u00e9tanche lisse en acier inoxydable<\/title>\n<meta name=\"description\" content=\"Stock disponible de tampons \u00e9tanches remplissables en acier inoxydable pour regard de puisard. S\u00e9lectionnez et achetez la solution anti-odeurs\" \/>\n<meta name=\"robots\" content=\"index, follow, max-snippet:-1, max-image-preview:large, max-video-preview:-1\" \/>\n<link rel=\"canonical\" href=\"https:\/\/inzainox.com\/fr\/produit\/tampon-etanche-lisse-en-acier-inoxydable\/\" \/>\n<meta property=\"og:locale\" content=\"fr_FR\" \/>\n<meta property=\"og:type\" content=\"article\" \/>\n<meta property=\"og:title\" content=\"Tampon \u00e9tanche lisse en acier inoxydable\" \/>\n<meta property=\"og:description\" content=\"Stock disponible de tampons \u00e9tanches remplissables en acier inoxydable pour regard de puisard. S\u00e9lectionnez et achetez la solution anti-odeurs\" \/>\n<meta property=\"og:url\" content=\"https:\/\/inzainox.com\/fr\/produit\/tampon-etanche-lisse-en-acier-inoxydable\/\" \/>\n<meta property=\"og:site_name\" content=\"Caniveaux et siphons en acier inoxydable Inza. Drainage inox pour l\u2019industrie\" \/>\n<meta property=\"og:image\" content=\"https:\/\/inzainox.com\/wp-content\/uploads\/2020\/04\/lisa.jpg\" \/>\n\t<meta property=\"og:image:width\" content=\"688\" \/>\n\t<meta property=\"og:image:height\" content=\"480\" \/>\n\t<meta property=\"og:image:type\" content=\"image\/jpeg\" \/>\n<meta name=\"twitter:card\" content=\"summary_large_image\" \/>\n<meta name=\"twitter:label1\" content=\"Dur\u00e9e de lecture estim\u00e9e\" \/>\n\t<meta name=\"twitter:data1\" content=\"1 minute\" \/>\n<!-- \/ Yoast SEO plugin. -->","yoast_head_json":{"title":"Tampon \u00e9tanche lisse en acier inoxydable","description":"Stock disponible de tampons \u00e9tanches remplissables en acier inoxydable pour regard de puisard. S\u00e9lectionnez et achetez la solution anti-odeurs","robots":{"index":"index","follow":"follow","max-snippet":"max-snippet:-1","max-image-preview":"max-image-preview:large","max-video-preview":"max-video-preview:-1"},"canonical":"https:\/\/inzainox.com\/fr\/produit\/tampon-etanche-lisse-en-acier-inoxydable\/","og_locale":"fr_FR","og_type":"article","og_title":"Tampon \u00e9tanche lisse en acier inoxydable","og_description":"Stock disponible de tampons \u00e9tanches remplissables en acier inoxydable pour regard de puisard. S\u00e9lectionnez et achetez la solution anti-odeurs","og_url":"https:\/\/inzainox.com\/fr\/produit\/tampon-etanche-lisse-en-acier-inoxydable\/","og_site_name":"Caniveaux et siphons en acier inoxydable Inza. Drainage inox pour l\u2019industrie","og_image":[{"width":688,"height":480,"url":"https:\/\/inzainox.com\/wp-content\/uploads\/2020\/04\/lisa.jpg","type":"image\/jpeg"}],"twitter_card":"summary_large_image","twitter_misc":{"Dur\u00e9e de lecture estim\u00e9e":"1 minute"},"schema":{"@context":"https:\/\/schema.org","@graph":[{"@type":"WebPage","@id":"https:\/\/inzainox.com\/fr\/produit\/tampon-etanche-lisse-en-acier-inoxydable\/","url":"https:\/\/inzainox.com\/fr\/produit\/tampon-etanche-lisse-en-acier-inoxydable\/","name":"Tampon \u00e9tanche lisse en acier inoxydable","isPartOf":{"@id":"https:\/\/inzainox.com\/fr\/#website"},"primaryImageOfPage":{"@id":"https:\/\/inzainox.com\/fr\/produit\/tampon-etanche-lisse-en-acier-inoxydable\/#primaryimage"},"image":{"@id":"https:\/\/inzainox.com\/fr\/produit\/tampon-etanche-lisse-en-acier-inoxydable\/#primaryimage"},"thumbnailUrl":"https:\/\/inzainox.com\/wp-content\/uploads\/2020\/04\/lisa.jpg","datePublished":"2020-11-03T13:08:26+00:00","description":"Stock disponible de tampons \u00e9tanches remplissables en acier inoxydable pour regard de puisard. S\u00e9lectionnez et achetez la solution anti-odeurs","breadcrumb":{"@id":"https:\/\/inzainox.com\/fr\/produit\/tampon-etanche-lisse-en-acier-inoxydable\/#breadcrumb"},"inLanguage":"fr-FR","potentialAction":[{"@type":"ReadAction","target":["https:\/\/inzainox.com\/fr\/produit\/tampon-etanche-lisse-en-acier-inoxydable\/"]}]},{"@type":"ImageObject","inLanguage":"fr-FR","@id":"https:\/\/inzainox.com\/fr\/produit\/tampon-etanche-lisse-en-acier-inoxydable\/#primaryimage","url":"https:\/\/inzainox.com\/wp-content\/uploads\/2020\/04\/lisa.jpg","contentUrl":"https:\/\/inzainox.com\/wp-content\/uploads\/2020\/04\/lisa.jpg","width":688,"height":480,"caption":"Tapa estanca de acero inoxidable con terminaci\u00f3n lisa"},{"@type":"BreadcrumbList","@id":"https:\/\/inzainox.com\/fr\/produit\/tampon-etanche-lisse-en-acier-inoxydable\/#breadcrumb","itemListElement":[{"@type":"ListItem","position":1,"name":"Accueil","item":"https:\/\/inzainox.com\/fr\/nouvel-accueil\/"},{"@type":"ListItem","position":2,"name":"Boutique Inza","item":"https:\/\/inzainox.com\/fr\/boutique-inza\/"},{"@type":"ListItem","position":3,"name":"Tampon \u00e9tanche lisse en acier inoxydable"}]},{"@type":"WebSite","@id":"https:\/\/inzainox.com\/fr\/#website","url":"https:\/\/inzainox.com\/fr\/","name":"Caniveaux et siphons en acier inoxydable Inza. Drainage inox pour l\u2019industrie","description":"Drainage en acier inoxydable pour l\u2019industrie","publisher":{"@id":"https:\/\/inzainox.com\/fr\/#organization"},"alternateName":"Inza Inox","potentialAction":[{"@type":"SearchAction","target":{"@type":"EntryPoint","urlTemplate":"https:\/\/inzainox.com\/fr\/?s={search_term_string}"},"query-input":{"@type":"PropertyValueSpecification","valueRequired":true,"valueName":"search_term_string"}}],"inLanguage":"fr-FR"},{"@type":"Organization","@id":"https:\/\/inzainox.com\/fr\/#organization","name":"Inza Inox S.L.","alternateName":"Inza","url":"https:\/\/inzainox.com\/fr\/","logo":{"@type":"ImageObject","inLanguage":"fr-FR","@id":"https:\/\/inzainox.com\/fr\/#\/schema\/logo\/image\/","url":"https:\/\/inzainox.com\/wp-content\/uploads\/2020\/05\/cropped-NUEVA-INZA-2-5.png","contentUrl":"https:\/\/inzainox.com\/wp-content\/uploads\/2020\/05\/cropped-NUEVA-INZA-2-5.png","width":549,"height":264,"caption":"Inza Inox S.L."},"image":{"@id":"https:\/\/inzainox.com\/fr\/#\/schema\/logo\/image\/"}}]}},"_links":{"self":[{"href":"https:\/\/inzainox.com\/fr\/wp-json\/wp\/v2\/product\/10982","targetHints":{"allow":["GET"]}}],"collection":[{"href":"https:\/\/inzainox.com\/fr\/wp-json\/wp\/v2\/product"}],"about":[{"href":"https:\/\/inzainox.com\/fr\/wp-json\/wp\/v2\/types\/product"}],"replies":[{"embeddable":true,"href":"https:\/\/inzainox.com\/fr\/wp-json\/wp\/v2\/comments?post=10982"}],"version-history":[{"count":0,"href":"https:\/\/inzainox.com\/fr\/wp-json\/wp\/v2\/product\/10982\/revisions"}],"wp:featuredmedia":[{"embeddable":true,"href":"https:\/\/inzainox.com\/fr\/wp-json\/wp\/v2\/media\/73"}],"wp:attachment":[{"href":"https:\/\/inzainox.com\/fr\/wp-json\/wp\/v2\/media?parent=10982"}],"wp:term":[{"taxonomy":"product_brand","embeddable":true,"href":"https:\/\/inzainox.com\/fr\/wp-json\/wp\/v2\/product_brand?post=10982"},{"taxonomy":"product_cat","embeddable":true,"href":"https:\/\/inzainox.com\/fr\/wp-json\/wp\/v2\/product_cat?post=10982"},{"taxonomy":"product_tag","embeddable":true,"href":"https:\/\/inzainox.com\/fr\/wp-json\/wp\/v2\/product_tag?post=10982"}],"curies":[{"name":"wp","href":"https:\/\/api.w.org\/{rel}","templated":true}]}}