{"id":10892,"date":"2025-09-30T10:28:18","date_gmt":"2025-09-30T10:28:18","guid":{"rendered":"https:\/\/inzainox.com\/producto\/tampons-en-fonte-ductile-carres\/"},"modified":"2025-09-30T10:28:18","modified_gmt":"2025-09-30T10:28:18","slug":"tampons-en-fonte-ductile-carres","status":"publish","type":"product","link":"https:\/\/inzainox.com\/fr\/produit\/tampons-en-fonte-ductile-carres\/","title":{"rendered":"Tampons en fonte ductile carr\u00e9s"},"content":{"rendered":"<p>&nbsp;<\/p>\n<p>Tampon et cadre en fonte ductile de dimensions carr\u00e9es<\/p>\n<p>Pour la fermeture de regards avec r\u00e9sistance au trafic de v\u00e9hicules<\/p>\n<p>Diff\u00e9rentes classes de charge selon l\u2019application.<\/p>\n<ul>\n<li>Pi\u00e9ton (A15)<\/li>\n<li>Trafic de v\u00e9hicules (B125)<\/li>\n<li>Applications urbaines (C250)<\/li>\n<li>Trafic lourd (D400)<\/li>\n<li>Trafic industriel (E600)<\/li>\n<li>Ports et a\u00e9roports (F900)<\/li>\n<\/ul>\n<p>Nous disposons \u00e9galement de tampons carr\u00e9s en fonte ductile \u00e9tanches, \u00e0 remplir, rectangulaires et avec syst\u00e8me multitrappe<\/p>\n<p>Nous offrons la possibilit\u00e9 de r\u00e9aliser des inscriptions en haut-relief de logos et blasons<\/p>\n<p>Dans tous ces cas, consultez-nous \u00e0 info@inzainox.com ou en appelant le 91 127 90 05.<\/p>\n","protected":false},"excerpt":{"rendered":"<p>Tampon et cadre en fonte ductile pour la fermeture de regards soumis au trafic de v\u00e9hicules<\/p>\n","protected":false},"featured_media":5450,"comment_status":"open","ping_status":"closed","template":"","meta":[],"product_brand":[],"product_cat":[634],"product_tag":[],"class_list":{"0":"post-10892","1":"product","2":"type-product","3":"status-publish","4":"has-post-thumbnail","6":"product_cat-tampons-en-fonte","8":"first","9":"instock","10":"taxable","11":"shipping-taxable","12":"purchasable","13":"product-type-variable"},"yoast_head":"<!-- This site is optimized with the Yoast SEO plugin v27.1.1 - https:\/\/yoast.com\/product\/yoast-seo-wordpress\/ -->\n<title>Tampons en fonte ductile carr\u00e9s<\/title>\n<meta name=\"description\" content=\"Regards de chauss\u00e9e en fonte ductile. R\u00e9sistants au trafic de v\u00e9hicules. Diff\u00e9rentes tailles. Possibilit\u00e9 d\u2019inscription de logo et blason\" \/>\n<meta name=\"robots\" content=\"index, follow, max-snippet:-1, max-image-preview:large, max-video-preview:-1\" \/>\n<link rel=\"canonical\" href=\"https:\/\/inzainox.com\/fr\/produit\/tampons-en-fonte-ductile-carres\/\" \/>\n<meta property=\"og:locale\" content=\"fr_FR\" \/>\n<meta property=\"og:type\" content=\"article\" \/>\n<meta property=\"og:title\" content=\"Tampons en fonte ductile carr\u00e9s\" \/>\n<meta property=\"og:description\" content=\"Regards de chauss\u00e9e en fonte ductile. R\u00e9sistants au trafic de v\u00e9hicules. Diff\u00e9rentes tailles. Possibilit\u00e9 d\u2019inscription de logo et blason\" \/>\n<meta property=\"og:url\" content=\"https:\/\/inzainox.com\/fr\/produit\/tampons-en-fonte-ductile-carres\/\" \/>\n<meta property=\"og:site_name\" content=\"Caniveaux et siphons en acier inoxydable Inza. Drainage inox pour l\u2019industrie\" \/>\n<meta property=\"og:image\" content=\"https:\/\/inzainox.com\/wp-content\/uploads\/2025\/09\/TAPA-FUNDICION-CUADRADA.jpg\" \/>\n\t<meta property=\"og:image:width\" content=\"480\" \/>\n\t<meta property=\"og:image:height\" content=\"360\" \/>\n\t<meta property=\"og:image:type\" content=\"image\/jpeg\" \/>\n<meta name=\"twitter:card\" content=\"summary_large_image\" \/>\n<!-- \/ Yoast SEO plugin. -->","yoast_head_json":{"title":"Tampons en fonte ductile carr\u00e9s","description":"Regards de chauss\u00e9e en fonte ductile. R\u00e9sistants au trafic de v\u00e9hicules. Diff\u00e9rentes tailles. Possibilit\u00e9 d\u2019inscription de logo et blason","robots":{"index":"index","follow":"follow","max-snippet":"max-snippet:-1","max-image-preview":"max-image-preview:large","max-video-preview":"max-video-preview:-1"},"canonical":"https:\/\/inzainox.com\/fr\/produit\/tampons-en-fonte-ductile-carres\/","og_locale":"fr_FR","og_type":"article","og_title":"Tampons en fonte ductile carr\u00e9s","og_description":"Regards de chauss\u00e9e en fonte ductile. R\u00e9sistants au trafic de v\u00e9hicules. Diff\u00e9rentes tailles. Possibilit\u00e9 d\u2019inscription de logo et blason","og_url":"https:\/\/inzainox.com\/fr\/produit\/tampons-en-fonte-ductile-carres\/","og_site_name":"Caniveaux et siphons en acier inoxydable Inza. Drainage inox pour l\u2019industrie","og_image":[{"width":480,"height":360,"url":"https:\/\/inzainox.com\/wp-content\/uploads\/2025\/09\/TAPA-FUNDICION-CUADRADA.jpg","type":"image\/jpeg"}],"twitter_card":"summary_large_image","schema":{"@context":"https:\/\/schema.org","@graph":[{"@type":"WebPage","@id":"https:\/\/inzainox.com\/fr\/produit\/tampons-en-fonte-ductile-carres\/","url":"https:\/\/inzainox.com\/fr\/produit\/tampons-en-fonte-ductile-carres\/","name":"Tampons en fonte ductile carr\u00e9s","isPartOf":{"@id":"https:\/\/inzainox.com\/fr\/#website"},"primaryImageOfPage":{"@id":"https:\/\/inzainox.com\/fr\/produit\/tampons-en-fonte-ductile-carres\/#primaryimage"},"image":{"@id":"https:\/\/inzainox.com\/fr\/produit\/tampons-en-fonte-ductile-carres\/#primaryimage"},"thumbnailUrl":"https:\/\/inzainox.com\/wp-content\/uploads\/2025\/09\/TAPA-FUNDICION-CUADRADA.jpg","datePublished":"2025-09-30T10:28:18+00:00","description":"Regards de chauss\u00e9e en fonte ductile. R\u00e9sistants au trafic de v\u00e9hicules. Diff\u00e9rentes tailles. Possibilit\u00e9 d\u2019inscription de logo et blason","breadcrumb":{"@id":"https:\/\/inzainox.com\/fr\/produit\/tampons-en-fonte-ductile-carres\/#breadcrumb"},"inLanguage":"fr-FR","potentialAction":[{"@type":"ReadAction","target":["https:\/\/inzainox.com\/fr\/produit\/tampons-en-fonte-ductile-carres\/"]}]},{"@type":"ImageObject","inLanguage":"fr-FR","@id":"https:\/\/inzainox.com\/fr\/produit\/tampons-en-fonte-ductile-carres\/#primaryimage","url":"https:\/\/inzainox.com\/wp-content\/uploads\/2025\/09\/TAPA-FUNDICION-CUADRADA.jpg","contentUrl":"https:\/\/inzainox.com\/wp-content\/uploads\/2025\/09\/TAPA-FUNDICION-CUADRADA.jpg","width":480,"height":360},{"@type":"BreadcrumbList","@id":"https:\/\/inzainox.com\/fr\/produit\/tampons-en-fonte-ductile-carres\/#breadcrumb","itemListElement":[{"@type":"ListItem","position":1,"name":"Accueil","item":"https:\/\/inzainox.com\/fr\/nouvel-accueil\/"},{"@type":"ListItem","position":2,"name":"Boutique Inza","item":"https:\/\/inzainox.com\/fr\/boutique-inza\/"},{"@type":"ListItem","position":3,"name":"Tampons en fonte ductile carr\u00e9s"}]},{"@type":"WebSite","@id":"https:\/\/inzainox.com\/fr\/#website","url":"https:\/\/inzainox.com\/fr\/","name":"Caniveaux et siphons en acier inoxydable Inza. Drainage inox pour l\u2019industrie","description":"Drainage en acier inoxydable pour l\u2019industrie","publisher":{"@id":"https:\/\/inzainox.com\/fr\/#organization"},"alternateName":"Inza Inox","potentialAction":[{"@type":"SearchAction","target":{"@type":"EntryPoint","urlTemplate":"https:\/\/inzainox.com\/fr\/?s={search_term_string}"},"query-input":{"@type":"PropertyValueSpecification","valueRequired":true,"valueName":"search_term_string"}}],"inLanguage":"fr-FR"},{"@type":"Organization","@id":"https:\/\/inzainox.com\/fr\/#organization","name":"Inza Inox S.L.","alternateName":"Inza","url":"https:\/\/inzainox.com\/fr\/","logo":{"@type":"ImageObject","inLanguage":"fr-FR","@id":"https:\/\/inzainox.com\/fr\/#\/schema\/logo\/image\/","url":"https:\/\/inzainox.com\/wp-content\/uploads\/2020\/05\/cropped-NUEVA-INZA-2-5.png","contentUrl":"https:\/\/inzainox.com\/wp-content\/uploads\/2020\/05\/cropped-NUEVA-INZA-2-5.png","width":549,"height":264,"caption":"Inza Inox S.L."},"image":{"@id":"https:\/\/inzainox.com\/fr\/#\/schema\/logo\/image\/"}}]}},"_links":{"self":[{"href":"https:\/\/inzainox.com\/fr\/wp-json\/wp\/v2\/product\/10892","targetHints":{"allow":["GET"]}}],"collection":[{"href":"https:\/\/inzainox.com\/fr\/wp-json\/wp\/v2\/product"}],"about":[{"href":"https:\/\/inzainox.com\/fr\/wp-json\/wp\/v2\/types\/product"}],"replies":[{"embeddable":true,"href":"https:\/\/inzainox.com\/fr\/wp-json\/wp\/v2\/comments?post=10892"}],"version-history":[{"count":0,"href":"https:\/\/inzainox.com\/fr\/wp-json\/wp\/v2\/product\/10892\/revisions"}],"wp:featuredmedia":[{"embeddable":true,"href":"https:\/\/inzainox.com\/fr\/wp-json\/wp\/v2\/media\/5450"}],"wp:attachment":[{"href":"https:\/\/inzainox.com\/fr\/wp-json\/wp\/v2\/media?parent=10892"}],"wp:term":[{"taxonomy":"product_brand","embeddable":true,"href":"https:\/\/inzainox.com\/fr\/wp-json\/wp\/v2\/product_brand?post=10892"},{"taxonomy":"product_cat","embeddable":true,"href":"https:\/\/inzainox.com\/fr\/wp-json\/wp\/v2\/product_cat?post=10892"},{"taxonomy":"product_tag","embeddable":true,"href":"https:\/\/inzainox.com\/fr\/wp-json\/wp\/v2\/product_tag?post=10892"}],"curies":[{"name":"wp","href":"https:\/\/api.w.org\/{rel}","templated":true}]}}