{"id":10777,"date":"2026-03-02T19:19:25","date_gmt":"2026-03-02T19:19:25","guid":{"rendered":"https:\/\/inzainox.com\/producto\/couvercle-etanche-remplissable-en-acier-inoxydable-aisi-304-avec-siphon-de-sol-central\/"},"modified":"2026-03-30T15:03:43","modified_gmt":"2026-03-30T15:03:43","slug":"couvercle-etanche-remplissable-en-acier-inoxydable-aisi-304-avec-siphon-de-sol-central","status":"publish","type":"product","link":"https:\/\/inzainox.com\/fr\/produit\/couvercle-etanche-remplissable-en-acier-inoxydable-aisi-304-avec-siphon-de-sol-central\/","title":{"rendered":"Couvercle \u00e9tanche remplissable en acier inoxydable AISI 304 avec siphon de sol central"},"content":{"rendered":"\t\t<div data-elementor-type=\"wp-post\" data-elementor-id=\"10777\" class=\"elementor elementor-10777 elementor-6155\">\n\t\t\t\t<div class=\"elementor-element elementor-element-e436c71 e-flex e-con-boxed e-con e-parent\" data-id=\"e436c71\" data-element_type=\"container\" data-e-type=\"container\">\n\t\t\t\t\t<div class=\"e-con-inner\">\n\t\t\t\t<div class=\"elementor-element elementor-element-bfdd8b3 elementor-widget elementor-widget-text-editor\" data-id=\"bfdd8b3\" data-element_type=\"widget\" data-e-type=\"widget\" data-widget_type=\"text-editor.default\">\n\t\t\t\t<div class=\"elementor-widget-container\">\n\t\t\t\t\t\t\t\t\t<p> <\/p><p>Couvercle et cadre pour regard lisse, avec siphon de sol central, fabriqu\u00e9s en acier inoxydable AISI 304.<\/p><p>Possibilit\u00e9 de fabrication en acier inoxydable AISI 316L pour les installations en atmosph\u00e8re particuli\u00e8rement agressive ou en environnements maritimes.<\/p><p>Il s\u2019agit d\u2019un couvercle \u00e9tanche anti-odeurs gr\u00e2ce \u00e0 une fermeture par joint EPDM et une fixation par 4 vis en inox aux angles.<\/p><p>Le prix du couvercle inclut les outils pour retirer les vis.<\/p><p>Nous fournissons des poign\u00e9es qui se vissent dans le logement des vis afin de faciliter une ouverture confortable. Ces poign\u00e9es avec anse sont \u00e9galement incluses dans le prix. <\/p><p><iframe title=\"Tapa de arqueta estanca lisa de acero inoxidable o galvanizado\" width=\"1200\" height=\"675\" src=\"https:\/\/www.youtube.com\/embed\/i-ht3desZic?feature=oembed\" frameborder=\"0\" allow=\"accelerometer; autoplay; clipboard-write; encrypted-media; gyroscope; picture-in-picture; web-share\" referrerpolicy=\"strict-origin-when-cross-origin\" allowfullscreen><\/iframe><\/p><p>Couvercle standard pour charges de trafic pi\u00e9ton A15. <\/p><p>Couvercles carr\u00e9s de diff\u00e9rentes dimensions, de 300&#215;300 mm \u00e0 700&#215;700 mm.<\/p><p><span style=\"color: #339966;\"><strong><a style=\"color: #339966;\" href=\"https:\/\/inzainox.com\/wp-content\/uploads\/2022\/03\/Tapas-estancas-de-acero-inoxidable-lisas.pdf\">FICHE TECHNIQUE<\/a><\/strong><\/span><\/p><p>Consultez les couvercles ronds et les dimensions sp\u00e9ciales.<\/p><p>Il existe des couvercles pour fortes charges et \u00e0 ouverture assist\u00e9e par v\u00e9rins.<\/p><p><img fetchpriority=\"high\" decoding=\"async\" class=\"alignnone size-full wp-image-1662\" src=\"https:\/\/inzainox.com\/wp-content\/uploads\/2020\/11\/plano-tapa-lisa.jpg\" alt=\"plan regards inox \u00e9tanches lisses\" width=\"1191\" height=\"466\" srcset=\"https:\/\/inzainox.com\/wp-content\/uploads\/2020\/11\/plano-tapa-lisa.jpg 1191w, https:\/\/inzainox.com\/wp-content\/uploads\/2020\/11\/plano-tapa-lisa-300x117.jpg 300w, https:\/\/inzainox.com\/wp-content\/uploads\/2020\/11\/plano-tapa-lisa-1024x401.jpg 1024w, https:\/\/inzainox.com\/wp-content\/uploads\/2020\/11\/plano-tapa-lisa-768x300.jpg 768w, https:\/\/inzainox.com\/wp-content\/uploads\/2020\/11\/plano-tapa-lisa-600x235.jpg 600w\" sizes=\"(max-width: 1191px) 100vw, 1191px\" \/><img decoding=\"async\" class=\"size-full wp-image-1592 aligncenter\" src=\"https:\/\/inzainox.com\/wp-content\/uploads\/2020\/04\/TAPAS-GENERAL-DIMENSIONES.jpg\" alt=\"Dimensions g\u00e9n\u00e9rales des couvercles \u00e9tanches INZA\" width=\"728\" height=\"265\" srcset=\"https:\/\/inzainox.com\/wp-content\/uploads\/2020\/04\/TAPAS-GENERAL-DIMENSIONES.jpg 728w, https:\/\/inzainox.com\/wp-content\/uploads\/2020\/04\/TAPAS-GENERAL-DIMENSIONES-300x109.jpg 300w, https:\/\/inzainox.com\/wp-content\/uploads\/2020\/04\/TAPAS-GENERAL-DIMENSIONES-600x218.jpg 600w\" sizes=\"(max-width: 728px) 100vw, 728px\" \/><\/p>\t\t\t\t\t\t\t\t<\/div>\n\t\t\t\t<\/div>\n\t\t\t\t\t<\/div>\n\t\t\t\t<\/div>\n\t\t\t\t<\/div>\n\t\t","protected":false},"excerpt":{"rendered":"<p>Transport inclus dans le prix<\/p>\n<p>Si vous avez un besoin particulier, nous le fabriquons sur mesure pour vous. D\u00e9lai : 1 semaine <\/p>\n<p>Pour toute question, contactez-nous au +34 91 127 90 05<\/p>\n<p>Couvercle de regard \u00e9tanche remplissable en acier inoxydable AISI 304 avec siphon de sol central. Fermeture par quatre vis et assemblage par joint EPDM. Couvercle simple pour passage pi\u00e9ton (classe de charge A15) avec siphon de sol 150&#215;150 ou 250&#215;250  <\/p>\n<p>Tous les couvercles sont livr\u00e9s avec les outils d\u2019ouverture.<\/p>\n","protected":false},"featured_media":6196,"comment_status":"open","ping_status":"closed","template":"","meta":[],"product_brand":[],"product_cat":[469,470],"product_tag":[],"class_list":{"0":"post-10777","1":"product","2":"type-product","3":"status-publish","4":"has-post-thumbnail","6":"product_cat-couvercles-etanches","7":"product_cat-couvercles-etanches-en-acier-inoxydable","8":"pa_dimensiones-30x30","9":"pa_dimensiones-40x40","10":"pa_dimensiones-50x50","11":"pa_dimensiones-60x60","12":"pa_dimensiones-70x70","14":"first","15":"instock","16":"taxable","17":"shipping-taxable","18":"purchasable","19":"product-type-variable"},"yoast_head":"<!-- This site is optimized with the Yoast SEO plugin v27.1.1 - https:\/\/yoast.com\/product\/yoast-seo-wordpress\/ -->\n<title>Couvercle \u00e9tanche remplissable avec siphon de sol central en acier inoxydable<\/title>\n<meta name=\"description\" content=\"Hygi\u00e8ne maximale, nettoyage facile et r\u00e9sistance pour tout type de drainage. Conformit\u00e9 r\u00e9glementaire et grande durabilit\u00e9. Consultez les dimensions. Renseignez-vous !&quot;\" \/>\n<meta name=\"robots\" content=\"index, follow, max-snippet:-1, max-image-preview:large, max-video-preview:-1\" \/>\n<link rel=\"canonical\" href=\"https:\/\/inzainox.com\/fr\/produit\/couvercle-etanche-remplissable-en-acier-inoxydable-aisi-304-avec-siphon-de-sol-central\/\" \/>\n<meta property=\"og:locale\" content=\"fr_FR\" \/>\n<meta property=\"og:type\" content=\"article\" \/>\n<meta property=\"og:title\" content=\"Couvercle \u00e9tanche remplissable avec siphon de sol central en acier inoxydable\" \/>\n<meta property=\"og:description\" content=\"Hygi\u00e8ne maximale, nettoyage facile et r\u00e9sistance pour tout type de drainage. Conformit\u00e9 r\u00e9glementaire et grande durabilit\u00e9. Consultez les dimensions. Renseignez-vous !&quot;\" \/>\n<meta property=\"og:url\" content=\"https:\/\/inzainox.com\/fr\/produit\/couvercle-etanche-remplissable-en-acier-inoxydable-aisi-304-avec-siphon-de-sol-central\/\" \/>\n<meta property=\"og:site_name\" content=\"Caniveaux et siphons en acier inoxydable Inza. Drainage inox pour l\u2019industrie\" \/>\n<meta property=\"article:modified_time\" content=\"2026-03-30T15:03:43+00:00\" \/>\n<meta property=\"og:image\" content=\"https:\/\/inzainox.com\/wp-content\/uploads\/2026\/03\/tapa-estanca-rellenable-acero-inoxidable-con-sumidero-sifonico-central.jpg\" \/>\n\t<meta property=\"og:image:width\" content=\"2560\" \/>\n\t<meta property=\"og:image:height\" content=\"1664\" \/>\n\t<meta property=\"og:image:type\" content=\"image\/jpeg\" \/>\n<meta name=\"twitter:card\" content=\"summary_large_image\" \/>\n<meta name=\"twitter:label1\" content=\"Dur\u00e9e de lecture estim\u00e9e\" \/>\n\t<meta name=\"twitter:data1\" content=\"1 minute\" \/>\n<!-- \/ Yoast SEO plugin. -->","yoast_head_json":{"title":"Couvercle \u00e9tanche remplissable avec siphon de sol central en acier inoxydable","description":"Hygi\u00e8ne maximale, nettoyage facile et r\u00e9sistance pour tout type de drainage. Conformit\u00e9 r\u00e9glementaire et grande durabilit\u00e9. Consultez les dimensions. Renseignez-vous !\"","robots":{"index":"index","follow":"follow","max-snippet":"max-snippet:-1","max-image-preview":"max-image-preview:large","max-video-preview":"max-video-preview:-1"},"canonical":"https:\/\/inzainox.com\/fr\/produit\/couvercle-etanche-remplissable-en-acier-inoxydable-aisi-304-avec-siphon-de-sol-central\/","og_locale":"fr_FR","og_type":"article","og_title":"Couvercle \u00e9tanche remplissable avec siphon de sol central en acier inoxydable","og_description":"Hygi\u00e8ne maximale, nettoyage facile et r\u00e9sistance pour tout type de drainage. Conformit\u00e9 r\u00e9glementaire et grande durabilit\u00e9. Consultez les dimensions. Renseignez-vous !\"","og_url":"https:\/\/inzainox.com\/fr\/produit\/couvercle-etanche-remplissable-en-acier-inoxydable-aisi-304-avec-siphon-de-sol-central\/","og_site_name":"Caniveaux et siphons en acier inoxydable Inza. Drainage inox pour l\u2019industrie","article_modified_time":"2026-03-30T15:03:43+00:00","og_image":[{"width":2560,"height":1664,"url":"https:\/\/inzainox.com\/wp-content\/uploads\/2026\/03\/tapa-estanca-rellenable-acero-inoxidable-con-sumidero-sifonico-central.jpg","type":"image\/jpeg"}],"twitter_card":"summary_large_image","twitter_misc":{"Dur\u00e9e de lecture estim\u00e9e":"1 minute"},"schema":{"@context":"https:\/\/schema.org","@graph":[{"@type":"WebPage","@id":"https:\/\/inzainox.com\/fr\/produit\/couvercle-etanche-remplissable-en-acier-inoxydable-aisi-304-avec-siphon-de-sol-central\/","url":"https:\/\/inzainox.com\/fr\/produit\/couvercle-etanche-remplissable-en-acier-inoxydable-aisi-304-avec-siphon-de-sol-central\/","name":"Couvercle \u00e9tanche remplissable avec siphon de sol central en acier inoxydable","isPartOf":{"@id":"https:\/\/inzainox.com\/fr\/#website"},"primaryImageOfPage":{"@id":"https:\/\/inzainox.com\/fr\/produit\/couvercle-etanche-remplissable-en-acier-inoxydable-aisi-304-avec-siphon-de-sol-central\/#primaryimage"},"image":{"@id":"https:\/\/inzainox.com\/fr\/produit\/couvercle-etanche-remplissable-en-acier-inoxydable-aisi-304-avec-siphon-de-sol-central\/#primaryimage"},"thumbnailUrl":"https:\/\/inzainox.com\/wp-content\/uploads\/2026\/03\/tapa-estanca-rellenable-acero-inoxidable-con-sumidero-sifonico-central.jpg","datePublished":"2026-03-02T19:19:25+00:00","dateModified":"2026-03-30T15:03:43+00:00","description":"Hygi\u00e8ne maximale, nettoyage facile et r\u00e9sistance pour tout type de drainage. Conformit\u00e9 r\u00e9glementaire et grande durabilit\u00e9. Consultez les dimensions. Renseignez-vous !\"","breadcrumb":{"@id":"https:\/\/inzainox.com\/fr\/produit\/couvercle-etanche-remplissable-en-acier-inoxydable-aisi-304-avec-siphon-de-sol-central\/#breadcrumb"},"inLanguage":"fr-FR","potentialAction":[{"@type":"ReadAction","target":["https:\/\/inzainox.com\/fr\/produit\/couvercle-etanche-remplissable-en-acier-inoxydable-aisi-304-avec-siphon-de-sol-central\/"]}]},{"@type":"ImageObject","inLanguage":"fr-FR","@id":"https:\/\/inzainox.com\/fr\/produit\/couvercle-etanche-remplissable-en-acier-inoxydable-aisi-304-avec-siphon-de-sol-central\/#primaryimage","url":"https:\/\/inzainox.com\/wp-content\/uploads\/2026\/03\/tapa-estanca-rellenable-acero-inoxidable-con-sumidero-sifonico-central.jpg","contentUrl":"https:\/\/inzainox.com\/wp-content\/uploads\/2026\/03\/tapa-estanca-rellenable-acero-inoxidable-con-sumidero-sifonico-central.jpg","width":2560,"height":1664,"caption":"Tapa estanca rellenable de acero inoxidable con sumidero sif\u00f3nico central y rejilla para sistemas de drenaje industrial y alimentario. Registro estanco de acero inoxidable rellenable con desag\u00fce sif\u00f3nico. Tapa de inspecci\u00f3n para saneamiento industrial dise\u00f1ada para evitar olores y garantizar la estanqueidad en zonas con altos requisitos de higiene"},{"@type":"BreadcrumbList","@id":"https:\/\/inzainox.com\/fr\/produit\/couvercle-etanche-remplissable-en-acier-inoxydable-aisi-304-avec-siphon-de-sol-central\/#breadcrumb","itemListElement":[{"@type":"ListItem","position":1,"name":"Accueil","item":"https:\/\/inzainox.com\/fr\/nouvel-accueil\/"},{"@type":"ListItem","position":2,"name":"Boutique Inza","item":"https:\/\/inzainox.com\/fr\/boutique-inza\/"},{"@type":"ListItem","position":3,"name":"Couvercle \u00e9tanche remplissable en acier inoxydable AISI 304 avec siphon de sol central"}]},{"@type":"WebSite","@id":"https:\/\/inzainox.com\/fr\/#website","url":"https:\/\/inzainox.com\/fr\/","name":"Caniveaux et siphons en acier inoxydable Inza. Drainage inox pour l\u2019industrie","description":"Drainage en acier inoxydable pour l\u2019industrie","publisher":{"@id":"https:\/\/inzainox.com\/fr\/#organization"},"alternateName":"Inza Inox","potentialAction":[{"@type":"SearchAction","target":{"@type":"EntryPoint","urlTemplate":"https:\/\/inzainox.com\/fr\/?s={search_term_string}"},"query-input":{"@type":"PropertyValueSpecification","valueRequired":true,"valueName":"search_term_string"}}],"inLanguage":"fr-FR"},{"@type":"Organization","@id":"https:\/\/inzainox.com\/fr\/#organization","name":"Inza Inox S.L.","alternateName":"Inza","url":"https:\/\/inzainox.com\/fr\/","logo":{"@type":"ImageObject","inLanguage":"fr-FR","@id":"https:\/\/inzainox.com\/fr\/#\/schema\/logo\/image\/","url":"https:\/\/inzainox.com\/wp-content\/uploads\/2020\/05\/cropped-NUEVA-INZA-2-5.png","contentUrl":"https:\/\/inzainox.com\/wp-content\/uploads\/2020\/05\/cropped-NUEVA-INZA-2-5.png","width":549,"height":264,"caption":"Inza Inox S.L."},"image":{"@id":"https:\/\/inzainox.com\/fr\/#\/schema\/logo\/image\/"}}]}},"_links":{"self":[{"href":"https:\/\/inzainox.com\/fr\/wp-json\/wp\/v2\/product\/10777","targetHints":{"allow":["GET"]}}],"collection":[{"href":"https:\/\/inzainox.com\/fr\/wp-json\/wp\/v2\/product"}],"about":[{"href":"https:\/\/inzainox.com\/fr\/wp-json\/wp\/v2\/types\/product"}],"replies":[{"embeddable":true,"href":"https:\/\/inzainox.com\/fr\/wp-json\/wp\/v2\/comments?post=10777"}],"version-history":[{"count":1,"href":"https:\/\/inzainox.com\/fr\/wp-json\/wp\/v2\/product\/10777\/revisions"}],"predecessor-version":[{"id":10826,"href":"https:\/\/inzainox.com\/fr\/wp-json\/wp\/v2\/product\/10777\/revisions\/10826"}],"wp:featuredmedia":[{"embeddable":true,"href":"https:\/\/inzainox.com\/fr\/wp-json\/wp\/v2\/media\/6196"}],"wp:attachment":[{"href":"https:\/\/inzainox.com\/fr\/wp-json\/wp\/v2\/media?parent=10777"}],"wp:term":[{"taxonomy":"product_brand","embeddable":true,"href":"https:\/\/inzainox.com\/fr\/wp-json\/wp\/v2\/product_brand?post=10777"},{"taxonomy":"product_cat","embeddable":true,"href":"https:\/\/inzainox.com\/fr\/wp-json\/wp\/v2\/product_cat?post=10777"},{"taxonomy":"product_tag","embeddable":true,"href":"https:\/\/inzainox.com\/fr\/wp-json\/wp\/v2\/product_tag?post=10777"}],"curies":[{"name":"wp","href":"https:\/\/api.w.org\/{rel}","templated":true}]}}