{"id":10675,"date":"2025-09-04T14:56:26","date_gmt":"2025-09-04T14:56:26","guid":{"rendered":"https:\/\/inzainox.com\/producto\/separateurs-de-graisses-en-plastique-pour-cuisines\/"},"modified":"2026-03-30T15:03:34","modified_gmt":"2026-03-30T15:03:34","slug":"separateurs-de-graisses-en-plastique-pour-cuisines","status":"publish","type":"product","link":"https:\/\/inzainox.com\/fr\/produit\/separateurs-de-graisses-en-plastique-pour-cuisines\/","title":{"rendered":"S\u00e9parateurs de graisses en plastique pour cuisines"},"content":{"rendered":"\t\t<div data-elementor-type=\"wp-post\" data-elementor-id=\"10675\" class=\"elementor elementor-10675 elementor-5286\">\n\t\t\t\t<div class=\"elementor-element elementor-element-758b215d e-flex e-con-boxed e-con e-parent\" data-id=\"758b215d\" data-element_type=\"container\" data-e-type=\"container\">\n\t\t\t\t\t<div class=\"e-con-inner\">\n\t\t\t\t<div class=\"elementor-element elementor-element-102539dc elementor-widget elementor-widget-text-editor\" data-id=\"102539dc\" data-element_type=\"widget\" data-e-type=\"widget\" data-widget_type=\"text-editor.default\">\n\t\t\t\t<div class=\"elementor-widget-container\">\n\t\t\t\t\t\t\t\t\t<p>Les s\u00e9parateurs de graisses et d&rsquo;huiles ISGP sont utilis\u00e9s pour la s\u00e9paration et la r\u00e9tention des graisses et huiles v\u00e9g\u00e9tales et\/ou animales contenues dans les eaux us\u00e9es des cuisines. Ces \u00e9quipements sont construits conform\u00e9ment \u00e0 la norme UNE-EN 1825-1. <\/p><p>\uf061Durabilit\u00e9 : mat\u00e9riaux inertes aux graisses et huiles.<\/p><p>\uf061Conformit\u00e9 : marquage CE selon la norme UNE-EN 1825-1.<\/p><p>\uf061Manipulation : \u00e9quipements l\u00e9gers et faciles \u00e0 installer.<\/p><p>\uf061Disponibilit\u00e9 : \u00e9quipements en stock.<\/p>\t\t\t\t\t\t\t\t<\/div>\n\t\t\t\t<\/div>\n\t\t\t\t\t<\/div>\n\t\t\t\t<\/div>\n\t\t<div class=\"elementor-element elementor-element-021c17d e-flex e-con-boxed e-con e-parent\" data-id=\"021c17d\" data-element_type=\"container\" data-e-type=\"container\">\n\t\t\t\t\t<div class=\"e-con-inner\">\n\t\t\t\t<div class=\"elementor-element elementor-element-41a7de8 elementor-widget elementor-widget-heading\" data-id=\"41a7de8\" data-element_type=\"widget\" data-e-type=\"widget\" data-widget_type=\"heading.default\">\n\t\t\t\t<div class=\"elementor-widget-container\">\n\t\t\t\t\t<h2 class=\"elementor-heading-title elementor-size-medium\">S\u00e9parateurs de graisses pour cuisine<\/h2>\t\t\t\t<\/div>\n\t\t\t\t<\/div>\n\t\t\t\t\t<\/div>\n\t\t\t\t<\/div>\n\t\t<div class=\"elementor-element elementor-element-ac6a47a e-grid e-con-boxed e-con e-parent\" data-id=\"ac6a47a\" data-element_type=\"container\" data-e-type=\"container\">\n\t\t\t\t\t<div class=\"e-con-inner\">\n\t\t\t\t<div class=\"elementor-element elementor-element-2cadbad elementor-widget elementor-widget-image\" data-id=\"2cadbad\" data-element_type=\"widget\" data-e-type=\"widget\" data-widget_type=\"image.default\">\n\t\t\t\t<div class=\"elementor-widget-container\">\n\t\t\t\t\t\t\t\t\t\t\t\t<figure class=\"wp-caption\">\n\t\t\t\t\t\t\t\t\t\t<img fetchpriority=\"high\" decoding=\"async\" width=\"380\" height=\"138\" src=\"https:\/\/inzainox.com\/wp-content\/uploads\/2025\/09\/ISGP80-cotas.png\" class=\"attachment-large size-large wp-image-10679\" alt=\"\" srcset=\"https:\/\/inzainox.com\/wp-content\/uploads\/2025\/09\/ISGP80-cotas.png 380w, https:\/\/inzainox.com\/wp-content\/uploads\/2025\/09\/ISGP80-cotas-300x109.png 300w\" sizes=\"(max-width: 380px) 100vw, 380px\" \/>\t\t\t\t\t\t\t\t\t\t\t<figcaption class=\"widget-image-caption wp-caption-text\">ISGP80<\/figcaption>\n\t\t\t\t\t\t\t\t\t\t<\/figure>\n\t\t\t\t\t\t\t\t\t<\/div>\n\t\t\t\t<\/div>\n\t\t\t\t<div class=\"elementor-element elementor-element-d48dbf3 elementor-widget elementor-widget-image\" data-id=\"d48dbf3\" data-element_type=\"widget\" data-e-type=\"widget\" data-widget_type=\"image.default\">\n\t\t\t\t<div class=\"elementor-widget-container\">\n\t\t\t\t\t\t\t\t\t\t\t\t<figure class=\"wp-caption\">\n\t\t\t\t\t\t\t\t\t\t<img decoding=\"async\" width=\"289\" height=\"211\" src=\"https:\/\/inzainox.com\/wp-content\/uploads\/2025\/09\/ISGP-cotas.png\" class=\"attachment-large size-large wp-image-10677\" alt=\"\" \/>\t\t\t\t\t\t\t\t\t\t\t<figcaption class=\"widget-image-caption wp-caption-text\">ISGP100-1000<\/figcaption>\n\t\t\t\t\t\t\t\t\t\t<\/figure>\n\t\t\t\t\t\t\t\t\t<\/div>\n\t\t\t\t<\/div>\n\t\t\t\t\t<\/div>\n\t\t\t\t<\/div>\n\t\t<div class=\"elementor-element elementor-element-799a19c e-flex e-con-boxed e-con e-parent\" data-id=\"799a19c\" data-element_type=\"container\" data-e-type=\"container\">\n\t\t\t\t\t<div class=\"e-con-inner\">\n\t\t\t\t<div class=\"elementor-element elementor-element-fa8c204 elementor-widget elementor-widget-image\" data-id=\"fa8c204\" data-element_type=\"widget\" data-e-type=\"widget\" data-widget_type=\"image.default\">\n\t\t\t\t<div class=\"elementor-widget-container\">\n\t\t\t\t\t\t\t\t\t\t\t\t\t\t\t<img decoding=\"async\" width=\"774\" height=\"199\" src=\"https:\/\/inzainox.com\/wp-content\/uploads\/2025\/09\/ISGP-1.png\" class=\"attachment-large size-large wp-image-10687\" alt=\"Tailles des s\u00e9parateurs de graisses en plastique de cuisine Inza\" srcset=\"https:\/\/inzainox.com\/wp-content\/uploads\/2025\/09\/ISGP-1.png 774w, https:\/\/inzainox.com\/wp-content\/uploads\/2025\/09\/ISGP-1-300x77.png 300w, https:\/\/inzainox.com\/wp-content\/uploads\/2025\/09\/ISGP-1-768x197.png 768w, https:\/\/inzainox.com\/wp-content\/uploads\/2025\/09\/ISGP-1-600x154.png 600w\" sizes=\"(max-width: 774px) 100vw, 774px\" \/>\t\t\t\t\t\t\t\t\t\t\t\t\t\t\t<\/div>\n\t\t\t\t<\/div>\n\t\t\t\t<div class=\"elementor-element elementor-element-ee2a370 elementor-widget elementor-widget-text-editor\" data-id=\"ee2a370\" data-element_type=\"widget\" data-e-type=\"widget\" data-widget_type=\"text-editor.default\">\n\t\t\t\t<div class=\"elementor-widget-container\">\n\t\t\t\t\t\t\t\t\t<p>FONCTIONNEMENT<\/p><p>La diff\u00e9rence de densit\u00e9 des diff\u00e9rents contaminants permet de s\u00e9parer en deux phases : les solides plus gros, comme les restes de nourriture ou d&rsquo;autres d\u00e9chets, se d\u00e9posent au fond du s\u00e9parateur, tandis que les graisses et les huiles flottent \u00e0 la surface en raison de leur densit\u00e9 plus faible. Le fonctionnement de l&rsquo;\u00e9quipement est garanti \u00e0 condition qu&rsquo;il soit correctement dimensionn\u00e9 et que les t\u00e2ches d&rsquo;entretien soient effectu\u00e9es. Rendement d&rsquo;\u00e9puration : graisses et huiles v\u00e9g\u00e9tales et animales &lt; 40 % ; solides en suspension &lt; 90 %.  <\/p><p>INSTALLATION<\/p><p>L&rsquo;\u00e9quipement doit \u00eatre install\u00e9 sur un plan horizontal. Remplir d&rsquo;eau avant sa mise en service et apr\u00e8s chaque vidange. <\/p><p>ENTRETIEN<\/p><p>La vidange et le nettoyage de l&rsquo;\u00e9quipement doivent \u00eatre effectu\u00e9s selon la fr\u00e9quence d&rsquo;intervention d\u00e9crite dans la norme EN1825-2, c&rsquo;est-\u00e0-dire une fois par mois et de pr\u00e9f\u00e9rence tous les 15 jours.<\/p>\t\t\t\t\t\t\t\t<\/div>\n\t\t\t\t<\/div>\n\t\t\t\t\t<\/div>\n\t\t\t\t<\/div>\n\t\t\t\t<\/div>\n\t\t","protected":false},"excerpt":{"rendered":"<p>Les s\u00e9parateurs de graisses en plastique sont des \u00e9quipements qui facilitent la s\u00e9paration et l&rsquo;\u00e9limination des graisses d&rsquo;origine v\u00e9g\u00e9tale et animale g\u00e9n\u00e9r\u00e9es dans une cuisine, permettant de maintenir les standards les plus \u00e9lev\u00e9s d&rsquo;entretien et de qualit\u00e9. Ce sont des \u00e9quipements compacts et l\u00e9gers pour faciliter leur installation. Ils sont id\u00e9aux pour installer un s\u00e9parateur de graisses lors de la r\u00e9novation ou de l&rsquo;agrandissement d&rsquo;une cuisine sans n\u00e9cessiter de travaux.  <\/p>\n","protected":false},"featured_media":5294,"comment_status":"open","ping_status":"closed","template":"","meta":[],"product_brand":[],"product_cat":[844],"product_tag":[],"class_list":{"0":"post-10675","1":"product","2":"type-product","3":"status-publish","4":"has-post-thumbnail","6":"product_cat-separateurs-de-graisses","8":"first","9":"instock","10":"taxable","11":"shipping-taxable","12":"purchasable","13":"product-type-variable"},"yoast_head":"<!-- This site is optimized with the Yoast SEO plugin v27.1.1 - https:\/\/yoast.com\/product\/yoast-seo-wordpress\/ -->\n<title>S\u00e9parateurs de graisses en plastique pour cuisines - Caniveaux et siphons en acier inoxydable Inza. Drainage inox pour l\u2019industrie<\/title>\n<meta name=\"description\" content=\"S\u00e9parateur de graisses en plastique pour cuisines. Installation quasi inexistante, avec une taille compacte id\u00e9ale pour le placer sous l&#039;\u00e9vier.\" \/>\n<meta name=\"robots\" content=\"index, follow, max-snippet:-1, max-image-preview:large, max-video-preview:-1\" \/>\n<link rel=\"canonical\" href=\"https:\/\/inzainox.com\/fr\/produit\/separateurs-de-graisses-en-plastique-pour-cuisines\/\" \/>\n<meta property=\"og:locale\" content=\"fr_FR\" \/>\n<meta property=\"og:type\" content=\"article\" \/>\n<meta property=\"og:title\" content=\"S\u00e9parateurs de graisses en plastique pour cuisines - Caniveaux et siphons en acier inoxydable Inza. Drainage inox pour l\u2019industrie\" \/>\n<meta property=\"og:description\" content=\"S\u00e9parateur de graisses en plastique pour cuisines. Installation quasi inexistante, avec une taille compacte id\u00e9ale pour le placer sous l&#039;\u00e9vier.\" \/>\n<meta property=\"og:url\" content=\"https:\/\/inzainox.com\/fr\/produit\/separateurs-de-graisses-en-plastique-pour-cuisines\/\" \/>\n<meta property=\"og:site_name\" content=\"Caniveaux et siphons en acier inoxydable Inza. Drainage inox pour l\u2019industrie\" \/>\n<meta property=\"article:modified_time\" content=\"2026-03-30T15:03:34+00:00\" \/>\n<meta property=\"og:image\" content=\"https:\/\/inzainox.com\/wp-content\/uploads\/2025\/09\/ISGP.png\" \/>\n\t<meta property=\"og:image:width\" content=\"287\" \/>\n\t<meta property=\"og:image:height\" content=\"263\" \/>\n\t<meta property=\"og:image:type\" content=\"image\/png\" \/>\n<meta name=\"twitter:card\" content=\"summary_large_image\" \/>\n<meta name=\"twitter:label1\" content=\"Dur\u00e9e de lecture estim\u00e9e\" \/>\n\t<meta name=\"twitter:data1\" content=\"1 minute\" \/>\n<!-- \/ Yoast SEO plugin. -->","yoast_head_json":{"title":"S\u00e9parateurs de graisses en plastique pour cuisines - Caniveaux et siphons en acier inoxydable Inza. Drainage inox pour l\u2019industrie","description":"S\u00e9parateur de graisses en plastique pour cuisines. Installation quasi inexistante, avec une taille compacte id\u00e9ale pour le placer sous l'\u00e9vier.","robots":{"index":"index","follow":"follow","max-snippet":"max-snippet:-1","max-image-preview":"max-image-preview:large","max-video-preview":"max-video-preview:-1"},"canonical":"https:\/\/inzainox.com\/fr\/produit\/separateurs-de-graisses-en-plastique-pour-cuisines\/","og_locale":"fr_FR","og_type":"article","og_title":"S\u00e9parateurs de graisses en plastique pour cuisines - Caniveaux et siphons en acier inoxydable Inza. Drainage inox pour l\u2019industrie","og_description":"S\u00e9parateur de graisses en plastique pour cuisines. Installation quasi inexistante, avec une taille compacte id\u00e9ale pour le placer sous l'\u00e9vier.","og_url":"https:\/\/inzainox.com\/fr\/produit\/separateurs-de-graisses-en-plastique-pour-cuisines\/","og_site_name":"Caniveaux et siphons en acier inoxydable Inza. Drainage inox pour l\u2019industrie","article_modified_time":"2026-03-30T15:03:34+00:00","og_image":[{"width":287,"height":263,"url":"https:\/\/inzainox.com\/wp-content\/uploads\/2025\/09\/ISGP.png","type":"image\/png"}],"twitter_card":"summary_large_image","twitter_misc":{"Dur\u00e9e de lecture estim\u00e9e":"1 minute"},"schema":{"@context":"https:\/\/schema.org","@graph":[{"@type":"WebPage","@id":"https:\/\/inzainox.com\/fr\/produit\/separateurs-de-graisses-en-plastique-pour-cuisines\/","url":"https:\/\/inzainox.com\/fr\/produit\/separateurs-de-graisses-en-plastique-pour-cuisines\/","name":"S\u00e9parateurs de graisses en plastique pour cuisines - Caniveaux et siphons en acier inoxydable Inza. Drainage inox pour l\u2019industrie","isPartOf":{"@id":"https:\/\/inzainox.com\/fr\/#website"},"primaryImageOfPage":{"@id":"https:\/\/inzainox.com\/fr\/produit\/separateurs-de-graisses-en-plastique-pour-cuisines\/#primaryimage"},"image":{"@id":"https:\/\/inzainox.com\/fr\/produit\/separateurs-de-graisses-en-plastique-pour-cuisines\/#primaryimage"},"thumbnailUrl":"https:\/\/inzainox.com\/wp-content\/uploads\/2025\/09\/ISGP.png","datePublished":"2025-09-04T14:56:26+00:00","dateModified":"2026-03-30T15:03:34+00:00","description":"S\u00e9parateur de graisses en plastique pour cuisines. Installation quasi inexistante, avec une taille compacte id\u00e9ale pour le placer sous l'\u00e9vier.","breadcrumb":{"@id":"https:\/\/inzainox.com\/fr\/produit\/separateurs-de-graisses-en-plastique-pour-cuisines\/#breadcrumb"},"inLanguage":"fr-FR","potentialAction":[{"@type":"ReadAction","target":["https:\/\/inzainox.com\/fr\/produit\/separateurs-de-graisses-en-plastique-pour-cuisines\/"]}]},{"@type":"ImageObject","inLanguage":"fr-FR","@id":"https:\/\/inzainox.com\/fr\/produit\/separateurs-de-graisses-en-plastique-pour-cuisines\/#primaryimage","url":"https:\/\/inzainox.com\/wp-content\/uploads\/2025\/09\/ISGP.png","contentUrl":"https:\/\/inzainox.com\/wp-content\/uploads\/2025\/09\/ISGP.png","width":287,"height":263,"caption":"Inza separador grasas pl\u00e1stico para cocinas"},{"@type":"BreadcrumbList","@id":"https:\/\/inzainox.com\/fr\/produit\/separateurs-de-graisses-en-plastique-pour-cuisines\/#breadcrumb","itemListElement":[{"@type":"ListItem","position":1,"name":"Accueil","item":"https:\/\/inzainox.com\/fr\/nouvel-accueil\/"},{"@type":"ListItem","position":2,"name":"Boutique Inza","item":"https:\/\/inzainox.com\/fr\/boutique-inza\/"},{"@type":"ListItem","position":3,"name":"S\u00e9parateurs de graisses en plastique pour cuisines"}]},{"@type":"WebSite","@id":"https:\/\/inzainox.com\/fr\/#website","url":"https:\/\/inzainox.com\/fr\/","name":"Caniveaux et siphons en acier inoxydable Inza. Drainage inox pour l\u2019industrie","description":"Drainage en acier inoxydable pour l\u2019industrie","publisher":{"@id":"https:\/\/inzainox.com\/fr\/#organization"},"alternateName":"Inza Inox","potentialAction":[{"@type":"SearchAction","target":{"@type":"EntryPoint","urlTemplate":"https:\/\/inzainox.com\/fr\/?s={search_term_string}"},"query-input":{"@type":"PropertyValueSpecification","valueRequired":true,"valueName":"search_term_string"}}],"inLanguage":"fr-FR"},{"@type":"Organization","@id":"https:\/\/inzainox.com\/fr\/#organization","name":"Inza Inox S.L.","alternateName":"Inza","url":"https:\/\/inzainox.com\/fr\/","logo":{"@type":"ImageObject","inLanguage":"fr-FR","@id":"https:\/\/inzainox.com\/fr\/#\/schema\/logo\/image\/","url":"https:\/\/inzainox.com\/wp-content\/uploads\/2020\/05\/cropped-NUEVA-INZA-2-5.png","contentUrl":"https:\/\/inzainox.com\/wp-content\/uploads\/2020\/05\/cropped-NUEVA-INZA-2-5.png","width":549,"height":264,"caption":"Inza Inox S.L."},"image":{"@id":"https:\/\/inzainox.com\/fr\/#\/schema\/logo\/image\/"}}]}},"_links":{"self":[{"href":"https:\/\/inzainox.com\/fr\/wp-json\/wp\/v2\/product\/10675","targetHints":{"allow":["GET"]}}],"collection":[{"href":"https:\/\/inzainox.com\/fr\/wp-json\/wp\/v2\/product"}],"about":[{"href":"https:\/\/inzainox.com\/fr\/wp-json\/wp\/v2\/types\/product"}],"replies":[{"embeddable":true,"href":"https:\/\/inzainox.com\/fr\/wp-json\/wp\/v2\/comments?post=10675"}],"version-history":[{"count":1,"href":"https:\/\/inzainox.com\/fr\/wp-json\/wp\/v2\/product\/10675\/revisions"}],"predecessor-version":[{"id":10704,"href":"https:\/\/inzainox.com\/fr\/wp-json\/wp\/v2\/product\/10675\/revisions\/10704"}],"wp:featuredmedia":[{"embeddable":true,"href":"https:\/\/inzainox.com\/fr\/wp-json\/wp\/v2\/media\/5294"}],"wp:attachment":[{"href":"https:\/\/inzainox.com\/fr\/wp-json\/wp\/v2\/media?parent=10675"}],"wp:term":[{"taxonomy":"product_brand","embeddable":true,"href":"https:\/\/inzainox.com\/fr\/wp-json\/wp\/v2\/product_brand?post=10675"},{"taxonomy":"product_cat","embeddable":true,"href":"https:\/\/inzainox.com\/fr\/wp-json\/wp\/v2\/product_cat?post=10675"},{"taxonomy":"product_tag","embeddable":true,"href":"https:\/\/inzainox.com\/fr\/wp-json\/wp\/v2\/product_tag?post=10675"}],"curies":[{"name":"wp","href":"https:\/\/api.w.org\/{rel}","templated":true}]}}