{"id":10347,"date":"2023-12-03T20:56:18","date_gmt":"2023-12-03T20:56:18","guid":{"rendered":"https:\/\/inzainox.com\/producto\/grilles-caillebotis-en-acier-galvanise-pour-caniveaux-de-chantier-avec-ou-sans-cadre-longueur-1-m\/"},"modified":"2023-12-03T20:56:18","modified_gmt":"2023-12-03T20:56:18","slug":"grilles-caillebotis-en-acier-galvanise-pour-caniveaux-de-chantier-avec-ou-sans-cadre-longueur-1-m","status":"publish","type":"product","link":"https:\/\/inzainox.com\/fr\/produit\/grilles-caillebotis-en-acier-galvanise-pour-caniveaux-de-chantier-avec-ou-sans-cadre-longueur-1-m\/","title":{"rendered":"Grilles caillebotis en acier galvanis\u00e9 pour caniveaux de chantier, avec ou sans cadre. Longueur 1 m"},"content":{"rendered":"<p>Caillebotis fabriqu\u00e9s en acier galvanis\u00e9 de diff\u00e9rentes largeurs. Vendus seuls ou avec leurs cadres de support.<br \/>\nLes cadres en acier galvanis\u00e9 sont compos\u00e9s de 2 profil\u00e9s longitudinaux reli\u00e9s par le bas par 2 pattes servant d\u2019ancrage au b\u00e9ton. Longueur totale 1 000 mm.<br \/>\nDiff\u00e9rentes largeurs de 100 mm \u00e0 1 000 mm. Disponibles pour passage pi\u00e9ton ou avec r\u00e9sistance pour le passage de v\u00e9hicules.<br \/>\nIl est possible que le prix de certains caillebotis de grande largeur ne soit pas affich\u00e9.<br \/>\nSi vous avez besoin de caillebotis antid\u00e9rapants<br \/>\nSi vous avez besoin de caillebotis anti-talon<br \/>\nSi vous avez besoin de dimensions sp\u00e9ciales<br \/>\nSi vous avez besoin de r\u00e9sistances plus \u00e9lev\u00e9es<br \/>\nDans tous ces cas, contactez-nous \u00e0 info@inzainox.com ou au 91 127 90 05.   <\/p>\n","protected":false},"excerpt":{"rendered":"<p>Caillebotis de 1 m\u00e8tre en acier galvanis\u00e9<\/p>\n","protected":false},"featured_media":474,"comment_status":"open","ping_status":"closed","template":"","meta":[],"product_brand":[],"product_cat":[770,705],"product_tag":[],"class_list":{"0":"post-10347","1":"product","2":"type-product","3":"status-publish","4":"has-post-thumbnail","6":"product_cat-caillebotis-en-acier-galvanise","7":"product_cat-grilles-caillebotis","9":"first","10":"instock","11":"taxable","12":"shipping-taxable","13":"purchasable","14":"product-type-variable"},"yoast_head":"<!-- This site is optimized with the Yoast SEO plugin v27.1.1 - https:\/\/yoast.com\/product\/yoast-seo-wordpress\/ -->\n<title>Caillebotis en acier galvanis\u00e9 pour caniveaux ma\u00e7onn\u00e9s<\/title>\n<meta name=\"description\" content=\"S\u00e9lectionnez la largeur souhait\u00e9e et nous vous l\u2019envoyons. Caillebotis inox pour installation sur caniveaux ma\u00e7onn\u00e9s. \u00c9galement disponibles avec cadre.\" \/>\n<meta name=\"robots\" content=\"index, follow, max-snippet:-1, max-image-preview:large, max-video-preview:-1\" \/>\n<link rel=\"canonical\" href=\"https:\/\/inzainox.com\/fr\/produit\/grilles-caillebotis-en-acier-galvanise-pour-caniveaux-de-chantier-avec-ou-sans-cadre-longueur-1-m\/\" \/>\n<meta property=\"og:locale\" content=\"fr_FR\" \/>\n<meta property=\"og:type\" content=\"article\" \/>\n<meta property=\"og:title\" content=\"Caillebotis en acier galvanis\u00e9 pour caniveaux ma\u00e7onn\u00e9s\" \/>\n<meta property=\"og:description\" content=\"S\u00e9lectionnez la largeur souhait\u00e9e et nous vous l\u2019envoyons. Caillebotis inox pour installation sur caniveaux ma\u00e7onn\u00e9s. \u00c9galement disponibles avec cadre.\" \/>\n<meta property=\"og:url\" content=\"https:\/\/inzainox.com\/fr\/produit\/grilles-caillebotis-en-acier-galvanise-pour-caniveaux-de-chantier-avec-ou-sans-cadre-longueur-1-m\/\" \/>\n<meta property=\"og:site_name\" content=\"Caniveaux et siphons en acier inoxydable Inza. Drainage inox pour l\u2019industrie\" \/>\n<meta property=\"og:image\" content=\"https:\/\/inzainox.com\/wp-content\/uploads\/2020\/05\/tramex-2.jpg\" \/>\n\t<meta property=\"og:image:width\" content=\"657\" \/>\n\t<meta property=\"og:image:height\" content=\"399\" \/>\n\t<meta property=\"og:image:type\" content=\"image\/jpeg\" \/>\n<meta name=\"twitter:card\" content=\"summary_large_image\" \/>\n<meta name=\"twitter:label1\" content=\"Dur\u00e9e de lecture estim\u00e9e\" \/>\n\t<meta name=\"twitter:data1\" content=\"1 minute\" \/>\n<!-- \/ Yoast SEO plugin. -->","yoast_head_json":{"title":"Caillebotis en acier galvanis\u00e9 pour caniveaux ma\u00e7onn\u00e9s","description":"S\u00e9lectionnez la largeur souhait\u00e9e et nous vous l\u2019envoyons. Caillebotis inox pour installation sur caniveaux ma\u00e7onn\u00e9s. \u00c9galement disponibles avec cadre.","robots":{"index":"index","follow":"follow","max-snippet":"max-snippet:-1","max-image-preview":"max-image-preview:large","max-video-preview":"max-video-preview:-1"},"canonical":"https:\/\/inzainox.com\/fr\/produit\/grilles-caillebotis-en-acier-galvanise-pour-caniveaux-de-chantier-avec-ou-sans-cadre-longueur-1-m\/","og_locale":"fr_FR","og_type":"article","og_title":"Caillebotis en acier galvanis\u00e9 pour caniveaux ma\u00e7onn\u00e9s","og_description":"S\u00e9lectionnez la largeur souhait\u00e9e et nous vous l\u2019envoyons. Caillebotis inox pour installation sur caniveaux ma\u00e7onn\u00e9s. \u00c9galement disponibles avec cadre.","og_url":"https:\/\/inzainox.com\/fr\/produit\/grilles-caillebotis-en-acier-galvanise-pour-caniveaux-de-chantier-avec-ou-sans-cadre-longueur-1-m\/","og_site_name":"Caniveaux et siphons en acier inoxydable Inza. Drainage inox pour l\u2019industrie","og_image":[{"width":657,"height":399,"url":"https:\/\/inzainox.com\/wp-content\/uploads\/2020\/05\/tramex-2.jpg","type":"image\/jpeg"}],"twitter_card":"summary_large_image","twitter_misc":{"Dur\u00e9e de lecture estim\u00e9e":"1 minute"},"schema":{"@context":"https:\/\/schema.org","@graph":[{"@type":"WebPage","@id":"https:\/\/inzainox.com\/fr\/produit\/grilles-caillebotis-en-acier-galvanise-pour-caniveaux-de-chantier-avec-ou-sans-cadre-longueur-1-m\/","url":"https:\/\/inzainox.com\/fr\/produit\/grilles-caillebotis-en-acier-galvanise-pour-caniveaux-de-chantier-avec-ou-sans-cadre-longueur-1-m\/","name":"Caillebotis en acier galvanis\u00e9 pour caniveaux ma\u00e7onn\u00e9s","isPartOf":{"@id":"https:\/\/inzainox.com\/fr\/#website"},"primaryImageOfPage":{"@id":"https:\/\/inzainox.com\/fr\/produit\/grilles-caillebotis-en-acier-galvanise-pour-caniveaux-de-chantier-avec-ou-sans-cadre-longueur-1-m\/#primaryimage"},"image":{"@id":"https:\/\/inzainox.com\/fr\/produit\/grilles-caillebotis-en-acier-galvanise-pour-caniveaux-de-chantier-avec-ou-sans-cadre-longueur-1-m\/#primaryimage"},"thumbnailUrl":"https:\/\/inzainox.com\/wp-content\/uploads\/2020\/05\/tramex-2.jpg","datePublished":"2023-12-03T20:56:18+00:00","description":"S\u00e9lectionnez la largeur souhait\u00e9e et nous vous l\u2019envoyons. Caillebotis inox pour installation sur caniveaux ma\u00e7onn\u00e9s. \u00c9galement disponibles avec cadre.","breadcrumb":{"@id":"https:\/\/inzainox.com\/fr\/produit\/grilles-caillebotis-en-acier-galvanise-pour-caniveaux-de-chantier-avec-ou-sans-cadre-longueur-1-m\/#breadcrumb"},"inLanguage":"fr-FR","potentialAction":[{"@type":"ReadAction","target":["https:\/\/inzainox.com\/fr\/produit\/grilles-caillebotis-en-acier-galvanise-pour-caniveaux-de-chantier-avec-ou-sans-cadre-longueur-1-m\/"]}]},{"@type":"ImageObject","inLanguage":"fr-FR","@id":"https:\/\/inzainox.com\/fr\/produit\/grilles-caillebotis-en-acier-galvanise-pour-caniveaux-de-chantier-avec-ou-sans-cadre-longueur-1-m\/#primaryimage","url":"https:\/\/inzainox.com\/wp-content\/uploads\/2020\/05\/tramex-2.jpg","contentUrl":"https:\/\/inzainox.com\/wp-content\/uploads\/2020\/05\/tramex-2.jpg","width":657,"height":399,"caption":"CAILLEBOTIS INOX"},{"@type":"BreadcrumbList","@id":"https:\/\/inzainox.com\/fr\/produit\/grilles-caillebotis-en-acier-galvanise-pour-caniveaux-de-chantier-avec-ou-sans-cadre-longueur-1-m\/#breadcrumb","itemListElement":[{"@type":"ListItem","position":1,"name":"Accueil","item":"https:\/\/inzainox.com\/fr\/nouvel-accueil\/"},{"@type":"ListItem","position":2,"name":"Boutique Inza","item":"https:\/\/inzainox.com\/fr\/boutique-inza\/"},{"@type":"ListItem","position":3,"name":"Grilles caillebotis en acier galvanis\u00e9 pour caniveaux de chantier, avec ou sans cadre. Longueur 1 m"}]},{"@type":"WebSite","@id":"https:\/\/inzainox.com\/fr\/#website","url":"https:\/\/inzainox.com\/fr\/","name":"Caniveaux et siphons en acier inoxydable Inza. Drainage inox pour l\u2019industrie","description":"Drainage en acier inoxydable pour l\u2019industrie","publisher":{"@id":"https:\/\/inzainox.com\/fr\/#organization"},"alternateName":"Inza Inox","potentialAction":[{"@type":"SearchAction","target":{"@type":"EntryPoint","urlTemplate":"https:\/\/inzainox.com\/fr\/?s={search_term_string}"},"query-input":{"@type":"PropertyValueSpecification","valueRequired":true,"valueName":"search_term_string"}}],"inLanguage":"fr-FR"},{"@type":"Organization","@id":"https:\/\/inzainox.com\/fr\/#organization","name":"Inza Inox S.L.","alternateName":"Inza","url":"https:\/\/inzainox.com\/fr\/","logo":{"@type":"ImageObject","inLanguage":"fr-FR","@id":"https:\/\/inzainox.com\/fr\/#\/schema\/logo\/image\/","url":"https:\/\/inzainox.com\/wp-content\/uploads\/2020\/05\/cropped-NUEVA-INZA-2-5.png","contentUrl":"https:\/\/inzainox.com\/wp-content\/uploads\/2020\/05\/cropped-NUEVA-INZA-2-5.png","width":549,"height":264,"caption":"Inza Inox S.L."},"image":{"@id":"https:\/\/inzainox.com\/fr\/#\/schema\/logo\/image\/"}}]}},"_links":{"self":[{"href":"https:\/\/inzainox.com\/fr\/wp-json\/wp\/v2\/product\/10347","targetHints":{"allow":["GET"]}}],"collection":[{"href":"https:\/\/inzainox.com\/fr\/wp-json\/wp\/v2\/product"}],"about":[{"href":"https:\/\/inzainox.com\/fr\/wp-json\/wp\/v2\/types\/product"}],"replies":[{"embeddable":true,"href":"https:\/\/inzainox.com\/fr\/wp-json\/wp\/v2\/comments?post=10347"}],"version-history":[{"count":0,"href":"https:\/\/inzainox.com\/fr\/wp-json\/wp\/v2\/product\/10347\/revisions"}],"wp:featuredmedia":[{"embeddable":true,"href":"https:\/\/inzainox.com\/fr\/wp-json\/wp\/v2\/media\/474"}],"wp:attachment":[{"href":"https:\/\/inzainox.com\/fr\/wp-json\/wp\/v2\/media?parent=10347"}],"wp:term":[{"taxonomy":"product_brand","embeddable":true,"href":"https:\/\/inzainox.com\/fr\/wp-json\/wp\/v2\/product_brand?post=10347"},{"taxonomy":"product_cat","embeddable":true,"href":"https:\/\/inzainox.com\/fr\/wp-json\/wp\/v2\/product_cat?post=10347"},{"taxonomy":"product_tag","embeddable":true,"href":"https:\/\/inzainox.com\/fr\/wp-json\/wp\/v2\/product_tag?post=10347"}],"curies":[{"name":"wp","href":"https:\/\/api.w.org\/{rel}","templated":true}]}}