{"id":10263,"date":"2023-12-05T10:11:41","date_gmt":"2023-12-05T10:11:41","guid":{"rendered":"https:\/\/inzainox.com\/producto\/grilles-caillebotis-en-acier-inoxydable-avec-cadre-carre\/"},"modified":"2023-12-05T10:11:41","modified_gmt":"2023-12-05T10:11:41","slug":"grilles-caillebotis-en-acier-inoxydable-avec-cadre-carre","status":"publish","type":"product","link":"https:\/\/inzainox.com\/fr\/produit\/grilles-caillebotis-en-acier-inoxydable-avec-cadre-carre\/","title":{"rendered":"Grilles caillebotis en acier inoxydable avec cadre carr\u00e9"},"content":{"rendered":"<p>Caillebotis carr\u00e9s fabriqu\u00e9s en acier inoxydable avec cadre pour leur installation. Pour passage pi\u00e9tonnier<br \/>\nDe dimensions de 200&#215;200 mm \u00e0 600&#215;600 mm<br \/>\nAussi bien pour leur installation comme point de drainage, que d&rsquo;a\u00e9ration ou simplement de support.<br \/>\nSi vous avez besoin que les caillebotis soient antid\u00e9rapants<br \/>\nSi vous avez besoin que les caillebotis soient anti-talons<br \/>\nSi vous avez besoin de dimensions sp\u00e9ciales<br \/>\nSi vous avez besoin de r\u00e9sistances plus \u00e9lev\u00e9es<br \/>\nDans tous ces cas, consultez-nous \u00e0 info@inzainox.com ou en appelant le 91 127 90 05. <\/p>\n","protected":false},"excerpt":{"rendered":"<p>Caillebotis carr\u00e9s en acier inoxydable avec cadre ferm\u00e9<\/p>\n","protected":false},"featured_media":3161,"comment_status":"open","ping_status":"closed","template":"","meta":[],"product_brand":[],"product_cat":[706,705],"product_tag":[],"class_list":{"0":"post-10263","1":"product","2":"type-product","3":"status-publish","4":"has-post-thumbnail","6":"product_cat-caillebotis-en-acier-inoxydable","7":"product_cat-grilles-caillebotis","9":"first","10":"instock","11":"taxable","12":"shipping-taxable","13":"purchasable","14":"product-type-variable"},"yoast_head":"<!-- This site is optimized with the Yoast SEO plugin v27.1.1 - https:\/\/yoast.com\/product\/yoast-seo-wordpress\/ -->\n<title>Caillebotis inox carr\u00e9s avec cadre<\/title>\n<meta name=\"description\" content=\"S\u00e9lectionnez sa dimension et nous vous l&#039;envoyons o\u00f9 vous en avez besoin. Caillebotis inox carr\u00e9s avec cadre. Usage pi\u00e9tonnier. Mat\u00e9riel en stock\" \/>\n<meta name=\"robots\" content=\"index, follow, max-snippet:-1, max-image-preview:large, max-video-preview:-1\" \/>\n<link rel=\"canonical\" href=\"https:\/\/inzainox.com\/fr\/produit\/grilles-caillebotis-en-acier-inoxydable-avec-cadre-carre\/\" \/>\n<meta property=\"og:locale\" content=\"fr_FR\" \/>\n<meta property=\"og:type\" content=\"article\" \/>\n<meta property=\"og:title\" content=\"Caillebotis inox carr\u00e9s avec cadre\" \/>\n<meta property=\"og:description\" content=\"S\u00e9lectionnez sa dimension et nous vous l&#039;envoyons o\u00f9 vous en avez besoin. Caillebotis inox carr\u00e9s avec cadre. Usage pi\u00e9tonnier. Mat\u00e9riel en stock\" \/>\n<meta property=\"og:url\" content=\"https:\/\/inzainox.com\/fr\/produit\/grilles-caillebotis-en-acier-inoxydable-avec-cadre-carre\/\" \/>\n<meta property=\"og:site_name\" content=\"Caniveaux et siphons en acier inoxydable Inza. Drainage inox pour l\u2019industrie\" \/>\n<meta property=\"og:image\" content=\"https:\/\/inzainox.com\/wp-content\/uploads\/2026\/02\/Canales-de-Acero-Inoxidable.png\" \/>\n\t<meta property=\"og:image:width\" content=\"350\" \/>\n\t<meta property=\"og:image:height\" content=\"613\" \/>\n\t<meta property=\"og:image:type\" content=\"image\/png\" \/>\n<meta name=\"twitter:card\" content=\"summary_large_image\" \/>\n<!-- \/ Yoast SEO plugin. -->","yoast_head_json":{"title":"Caillebotis inox carr\u00e9s avec cadre","description":"S\u00e9lectionnez sa dimension et nous vous l'envoyons o\u00f9 vous en avez besoin. Caillebotis inox carr\u00e9s avec cadre. Usage pi\u00e9tonnier. Mat\u00e9riel en stock","robots":{"index":"index","follow":"follow","max-snippet":"max-snippet:-1","max-image-preview":"max-image-preview:large","max-video-preview":"max-video-preview:-1"},"canonical":"https:\/\/inzainox.com\/fr\/produit\/grilles-caillebotis-en-acier-inoxydable-avec-cadre-carre\/","og_locale":"fr_FR","og_type":"article","og_title":"Caillebotis inox carr\u00e9s avec cadre","og_description":"S\u00e9lectionnez sa dimension et nous vous l'envoyons o\u00f9 vous en avez besoin. Caillebotis inox carr\u00e9s avec cadre. Usage pi\u00e9tonnier. Mat\u00e9riel en stock","og_url":"https:\/\/inzainox.com\/fr\/produit\/grilles-caillebotis-en-acier-inoxydable-avec-cadre-carre\/","og_site_name":"Caniveaux et siphons en acier inoxydable Inza. Drainage inox pour l\u2019industrie","og_image":[{"width":350,"height":613,"url":"https:\/\/inzainox.com\/wp-content\/uploads\/2026\/02\/Canales-de-Acero-Inoxidable.png","type":"image\/png"}],"twitter_card":"summary_large_image","schema":{"@context":"https:\/\/schema.org","@graph":[{"@type":"WebPage","@id":"https:\/\/inzainox.com\/fr\/produit\/grilles-caillebotis-en-acier-inoxydable-avec-cadre-carre\/","url":"https:\/\/inzainox.com\/fr\/produit\/grilles-caillebotis-en-acier-inoxydable-avec-cadre-carre\/","name":"Caillebotis inox carr\u00e9s avec cadre","isPartOf":{"@id":"https:\/\/inzainox.com\/fr\/#website"},"primaryImageOfPage":{"@id":"https:\/\/inzainox.com\/fr\/produit\/grilles-caillebotis-en-acier-inoxydable-avec-cadre-carre\/#primaryimage"},"image":{"@id":"https:\/\/inzainox.com\/fr\/produit\/grilles-caillebotis-en-acier-inoxydable-avec-cadre-carre\/#primaryimage"},"thumbnailUrl":"https:\/\/inzainox.com\/wp-content\/uploads\/2023\/12\/MARCOS-Y-REJAS-CUADRADAS-pdf.jpg","datePublished":"2023-12-05T10:11:41+00:00","description":"S\u00e9lectionnez sa dimension et nous vous l'envoyons o\u00f9 vous en avez besoin. Caillebotis inox carr\u00e9s avec cadre. Usage pi\u00e9tonnier. Mat\u00e9riel en stock","breadcrumb":{"@id":"https:\/\/inzainox.com\/fr\/produit\/grilles-caillebotis-en-acier-inoxydable-avec-cadre-carre\/#breadcrumb"},"inLanguage":"fr-FR","potentialAction":[{"@type":"ReadAction","target":["https:\/\/inzainox.com\/fr\/produit\/grilles-caillebotis-en-acier-inoxydable-avec-cadre-carre\/"]}]},{"@type":"ImageObject","inLanguage":"fr-FR","@id":"https:\/\/inzainox.com\/fr\/produit\/grilles-caillebotis-en-acier-inoxydable-avec-cadre-carre\/#primaryimage","url":"https:\/\/inzainox.com\/wp-content\/uploads\/2023\/12\/MARCOS-Y-REJAS-CUADRADAS-pdf.jpg","contentUrl":"https:\/\/inzainox.com\/wp-content\/uploads\/2023\/12\/MARCOS-Y-REJAS-CUADRADAS-pdf.jpg","caption":"Cadre et caillebotis carr\u00e9 en acier inoxydable ou galvanis\u00e9."},{"@type":"BreadcrumbList","@id":"https:\/\/inzainox.com\/fr\/produit\/grilles-caillebotis-en-acier-inoxydable-avec-cadre-carre\/#breadcrumb","itemListElement":[{"@type":"ListItem","position":1,"name":"Accueil","item":"https:\/\/inzainox.com\/fr\/nouvel-accueil\/"},{"@type":"ListItem","position":2,"name":"Boutique Inza","item":"https:\/\/inzainox.com\/fr\/boutique-inza\/"},{"@type":"ListItem","position":3,"name":"Grilles caillebotis en acier inoxydable avec cadre carr\u00e9"}]},{"@type":"WebSite","@id":"https:\/\/inzainox.com\/fr\/#website","url":"https:\/\/inzainox.com\/fr\/","name":"Caniveaux et siphons en acier inoxydable Inza. Drainage inox pour l\u2019industrie","description":"Drainage en acier inoxydable pour l\u2019industrie","publisher":{"@id":"https:\/\/inzainox.com\/fr\/#organization"},"alternateName":"Inza Inox","potentialAction":[{"@type":"SearchAction","target":{"@type":"EntryPoint","urlTemplate":"https:\/\/inzainox.com\/fr\/?s={search_term_string}"},"query-input":{"@type":"PropertyValueSpecification","valueRequired":true,"valueName":"search_term_string"}}],"inLanguage":"fr-FR"},{"@type":"Organization","@id":"https:\/\/inzainox.com\/fr\/#organization","name":"Inza Inox S.L.","alternateName":"Inza","url":"https:\/\/inzainox.com\/fr\/","logo":{"@type":"ImageObject","inLanguage":"fr-FR","@id":"https:\/\/inzainox.com\/fr\/#\/schema\/logo\/image\/","url":"https:\/\/inzainox.com\/wp-content\/uploads\/2020\/05\/cropped-NUEVA-INZA-2-5.png","contentUrl":"https:\/\/inzainox.com\/wp-content\/uploads\/2020\/05\/cropped-NUEVA-INZA-2-5.png","width":549,"height":264,"caption":"Inza Inox S.L."},"image":{"@id":"https:\/\/inzainox.com\/fr\/#\/schema\/logo\/image\/"}}]}},"_links":{"self":[{"href":"https:\/\/inzainox.com\/fr\/wp-json\/wp\/v2\/product\/10263","targetHints":{"allow":["GET"]}}],"collection":[{"href":"https:\/\/inzainox.com\/fr\/wp-json\/wp\/v2\/product"}],"about":[{"href":"https:\/\/inzainox.com\/fr\/wp-json\/wp\/v2\/types\/product"}],"replies":[{"embeddable":true,"href":"https:\/\/inzainox.com\/fr\/wp-json\/wp\/v2\/comments?post=10263"}],"version-history":[{"count":0,"href":"https:\/\/inzainox.com\/fr\/wp-json\/wp\/v2\/product\/10263\/revisions"}],"wp:featuredmedia":[{"embeddable":true,"href":"https:\/\/inzainox.com\/fr\/wp-json\/wp\/v2\/media\/3161"}],"wp:attachment":[{"href":"https:\/\/inzainox.com\/fr\/wp-json\/wp\/v2\/media?parent=10263"}],"wp:term":[{"taxonomy":"product_brand","embeddable":true,"href":"https:\/\/inzainox.com\/fr\/wp-json\/wp\/v2\/product_brand?post=10263"},{"taxonomy":"product_cat","embeddable":true,"href":"https:\/\/inzainox.com\/fr\/wp-json\/wp\/v2\/product_cat?post=10263"},{"taxonomy":"product_tag","embeddable":true,"href":"https:\/\/inzainox.com\/fr\/wp-json\/wp\/v2\/product_tag?post=10263"}],"curies":[{"name":"wp","href":"https:\/\/api.w.org\/{rel}","templated":true}]}}