{"id":10223,"date":"2022-03-05T06:43:44","date_gmt":"2022-03-05T06:43:44","guid":{"rendered":"https:\/\/inzainox.com\/producto\/caniveau-dissimule-inza-o100\/"},"modified":"2022-03-05T06:43:44","modified_gmt":"2022-03-05T06:43:44","slug":"caniveau-dissimule-inza-o100","status":"publish","type":"product","link":"https:\/\/inzainox.com\/fr\/produit\/caniveau-dissimule-inza-o100\/","title":{"rendered":"Caniveau dissimul\u00e9 INZA O100"},"content":{"rendered":"<p>Caniveau \u00e0 fente Inza O100 fabriqu\u00e9 en b\u00e9ton polym\u00e8re, avec une grille \u00e0 fente de hauteur de rev\u00eatement H25 ou H50 mm en acier galvanis\u00e9\/inoxydable de classe de charge A15 selon la norme UNE EN1233. Largeur int\u00e9rieure de 100 mm et hauteur variable selon la hauteur de rev\u00eatement de la grille. Avec embo\u00eetement m\u00e2le-femelle pour l\u2019union et pr\u00e9-marques pour l\u2019ouverture des sorties  <\/p>\n<p>Le caniveau \u00e0 fente Inza O100 peut avoir :<\/p>\n<p>Les caniveaux \u00e0 fente en b\u00e9ton polym\u00e8re sont presque invisibles une fois install\u00e9s.<\/p>\n<p>Il existe diff\u00e9rentes hauteurs de grille selon le type de rev\u00eatement de sol utilis\u00e9.<\/p>\n<p>La fente ou slot du caniveau est d\u2019une largeur int\u00e9rieure de 15 mm et la grille poss\u00e8de un pli sur la partie sup\u00e9rieure pour doubler l\u2019\u00e9paisseur de la solution dans la partie la plus expos\u00e9e aux efforts.<\/p>\n<p>&nbsp;<\/p>\n<p>&nbsp;<\/p>\n","protected":false},"excerpt":{"rendered":"<p>Caniveau \u00e0 fente Inza O100 fabriqu\u00e9 en b\u00e9ton polym\u00e8re, avec une grille \u00e0 fente de hauteur de rev\u00eatement H40-120 mm en acier galvanis\u00e9\/inoxydable de classe de charge A15-D400 selon la norme UNE EN1233. Largeur int\u00e9rieure de 100 mm et hauteur variable selon la hauteur de rev\u00eatement de la grille. Avec embo\u00eetement m\u00e2le-femelle pour l\u2019union et pr\u00e9-marques pour l\u2019ouverture des sorties  <\/p>\n","protected":false},"featured_media":2268,"comment_status":"open","ping_status":"closed","template":"","meta":[],"product_brand":[],"product_cat":[517,722],"product_tag":[],"class_list":{"0":"post-10223","1":"product","2":"type-product","3":"status-publish","4":"has-post-thumbnail","6":"product_cat-canaux-en-beton-polymere","7":"product_cat-caniveaux-dissimules","8":"pa_altura-exterior-de-canal-100mm","9":"pa_altura-exterior-de-canal-60mm","11":"first","12":"instock","13":"taxable","14":"shipping-taxable","15":"purchasable","16":"product-type-variable"},"yoast_head":"<!-- This site is optimized with the Yoast SEO plugin v27.1.1 - https:\/\/yoast.com\/product\/yoast-seo-wordpress\/ -->\n<title>Caniveau \u00e0 fente Inza O100<\/title>\n<meta name=\"description\" content=\"Caniveau \u00e0 fente Inza O100. Caniveau en b\u00e9ton polym\u00e8re et grille en acier galvanis\u00e9 \/ inoxydable de classe de charge A15\" \/>\n<meta name=\"robots\" content=\"index, follow, max-snippet:-1, max-image-preview:large, max-video-preview:-1\" \/>\n<link rel=\"canonical\" href=\"https:\/\/inzainox.com\/fr\/produit\/caniveau-dissimule-inza-o100\/\" \/>\n<meta property=\"og:locale\" content=\"fr_FR\" \/>\n<meta property=\"og:type\" content=\"article\" \/>\n<meta property=\"og:title\" content=\"Caniveau \u00e0 fente Inza O100\" \/>\n<meta property=\"og:description\" content=\"Caniveau \u00e0 fente Inza O100. Caniveau en b\u00e9ton polym\u00e8re et grille en acier galvanis\u00e9 \/ inoxydable de classe de charge A15\" \/>\n<meta property=\"og:url\" content=\"https:\/\/inzainox.com\/fr\/produit\/caniveau-dissimule-inza-o100\/\" \/>\n<meta property=\"og:site_name\" content=\"Caniveaux et siphons en acier inoxydable Inza. Drainage inox pour l\u2019industrie\" \/>\n<meta property=\"og:image\" content=\"https:\/\/inzainox.com\/wp-content\/uploads\/2022\/03\/S100GLH100.jpg\" \/>\n\t<meta property=\"og:image:width\" content=\"694\" \/>\n\t<meta property=\"og:image:height\" content=\"445\" \/>\n\t<meta property=\"og:image:type\" content=\"image\/jpeg\" \/>\n<meta name=\"twitter:card\" content=\"summary_large_image\" \/>\n<meta name=\"twitter:label1\" content=\"Dur\u00e9e de lecture estim\u00e9e\" \/>\n\t<meta name=\"twitter:data1\" content=\"1 minute\" \/>\n<!-- \/ Yoast SEO plugin. -->","yoast_head_json":{"title":"Caniveau \u00e0 fente Inza O100","description":"Caniveau \u00e0 fente Inza O100. Caniveau en b\u00e9ton polym\u00e8re et grille en acier galvanis\u00e9 \/ inoxydable de classe de charge A15","robots":{"index":"index","follow":"follow","max-snippet":"max-snippet:-1","max-image-preview":"max-image-preview:large","max-video-preview":"max-video-preview:-1"},"canonical":"https:\/\/inzainox.com\/fr\/produit\/caniveau-dissimule-inza-o100\/","og_locale":"fr_FR","og_type":"article","og_title":"Caniveau \u00e0 fente Inza O100","og_description":"Caniveau \u00e0 fente Inza O100. Caniveau en b\u00e9ton polym\u00e8re et grille en acier galvanis\u00e9 \/ inoxydable de classe de charge A15","og_url":"https:\/\/inzainox.com\/fr\/produit\/caniveau-dissimule-inza-o100\/","og_site_name":"Caniveaux et siphons en acier inoxydable Inza. Drainage inox pour l\u2019industrie","og_image":[{"width":694,"height":445,"url":"https:\/\/inzainox.com\/wp-content\/uploads\/2022\/03\/S100GLH100.jpg","type":"image\/jpeg"}],"twitter_card":"summary_large_image","twitter_misc":{"Dur\u00e9e de lecture estim\u00e9e":"1 minute"},"schema":{"@context":"https:\/\/schema.org","@graph":[{"@type":"WebPage","@id":"https:\/\/inzainox.com\/fr\/produit\/caniveau-dissimule-inza-o100\/","url":"https:\/\/inzainox.com\/fr\/produit\/caniveau-dissimule-inza-o100\/","name":"Caniveau \u00e0 fente Inza O100","isPartOf":{"@id":"https:\/\/inzainox.com\/fr\/#website"},"primaryImageOfPage":{"@id":"https:\/\/inzainox.com\/fr\/produit\/caniveau-dissimule-inza-o100\/#primaryimage"},"image":{"@id":"https:\/\/inzainox.com\/fr\/produit\/caniveau-dissimule-inza-o100\/#primaryimage"},"thumbnailUrl":"https:\/\/inzainox.com\/wp-content\/uploads\/2022\/03\/S100GLH100.jpg","datePublished":"2022-03-05T06:43:44+00:00","description":"Caniveau \u00e0 fente Inza O100. Caniveau en b\u00e9ton polym\u00e8re et grille en acier galvanis\u00e9 \/ inoxydable de classe de charge A15","breadcrumb":{"@id":"https:\/\/inzainox.com\/fr\/produit\/caniveau-dissimule-inza-o100\/#breadcrumb"},"inLanguage":"fr-FR","potentialAction":[{"@type":"ReadAction","target":["https:\/\/inzainox.com\/fr\/produit\/caniveau-dissimule-inza-o100\/"]}]},{"@type":"ImageObject","inLanguage":"fr-FR","@id":"https:\/\/inzainox.com\/fr\/produit\/caniveau-dissimule-inza-o100\/#primaryimage","url":"https:\/\/inzainox.com\/wp-content\/uploads\/2022\/03\/S100GLH100.jpg","contentUrl":"https:\/\/inzainox.com\/wp-content\/uploads\/2022\/03\/S100GLH100.jpg","width":694,"height":445,"caption":"canal de hormig\u00f3n pol\u00edmero con reja ranurada oculta"},{"@type":"BreadcrumbList","@id":"https:\/\/inzainox.com\/fr\/produit\/caniveau-dissimule-inza-o100\/#breadcrumb","itemListElement":[{"@type":"ListItem","position":1,"name":"Accueil","item":"https:\/\/inzainox.com\/fr\/nouvel-accueil\/"},{"@type":"ListItem","position":2,"name":"Boutique Inza","item":"https:\/\/inzainox.com\/fr\/boutique-inza\/"},{"@type":"ListItem","position":3,"name":"Caniveau dissimul\u00e9 INZA O100"}]},{"@type":"WebSite","@id":"https:\/\/inzainox.com\/fr\/#website","url":"https:\/\/inzainox.com\/fr\/","name":"Caniveaux et siphons en acier inoxydable Inza. Drainage inox pour l\u2019industrie","description":"Drainage en acier inoxydable pour l\u2019industrie","publisher":{"@id":"https:\/\/inzainox.com\/fr\/#organization"},"alternateName":"Inza Inox","potentialAction":[{"@type":"SearchAction","target":{"@type":"EntryPoint","urlTemplate":"https:\/\/inzainox.com\/fr\/?s={search_term_string}"},"query-input":{"@type":"PropertyValueSpecification","valueRequired":true,"valueName":"search_term_string"}}],"inLanguage":"fr-FR"},{"@type":"Organization","@id":"https:\/\/inzainox.com\/fr\/#organization","name":"Inza Inox S.L.","alternateName":"Inza","url":"https:\/\/inzainox.com\/fr\/","logo":{"@type":"ImageObject","inLanguage":"fr-FR","@id":"https:\/\/inzainox.com\/fr\/#\/schema\/logo\/image\/","url":"https:\/\/inzainox.com\/wp-content\/uploads\/2020\/05\/cropped-NUEVA-INZA-2-5.png","contentUrl":"https:\/\/inzainox.com\/wp-content\/uploads\/2020\/05\/cropped-NUEVA-INZA-2-5.png","width":549,"height":264,"caption":"Inza Inox S.L."},"image":{"@id":"https:\/\/inzainox.com\/fr\/#\/schema\/logo\/image\/"}}]}},"_links":{"self":[{"href":"https:\/\/inzainox.com\/fr\/wp-json\/wp\/v2\/product\/10223","targetHints":{"allow":["GET"]}}],"collection":[{"href":"https:\/\/inzainox.com\/fr\/wp-json\/wp\/v2\/product"}],"about":[{"href":"https:\/\/inzainox.com\/fr\/wp-json\/wp\/v2\/types\/product"}],"replies":[{"embeddable":true,"href":"https:\/\/inzainox.com\/fr\/wp-json\/wp\/v2\/comments?post=10223"}],"version-history":[{"count":0,"href":"https:\/\/inzainox.com\/fr\/wp-json\/wp\/v2\/product\/10223\/revisions"}],"wp:featuredmedia":[{"embeddable":true,"href":"https:\/\/inzainox.com\/fr\/wp-json\/wp\/v2\/media\/2268"}],"wp:attachment":[{"href":"https:\/\/inzainox.com\/fr\/wp-json\/wp\/v2\/media?parent=10223"}],"wp:term":[{"taxonomy":"product_brand","embeddable":true,"href":"https:\/\/inzainox.com\/fr\/wp-json\/wp\/v2\/product_brand?post=10223"},{"taxonomy":"product_cat","embeddable":true,"href":"https:\/\/inzainox.com\/fr\/wp-json\/wp\/v2\/product_cat?post=10223"},{"taxonomy":"product_tag","embeddable":true,"href":"https:\/\/inzainox.com\/fr\/wp-json\/wp\/v2\/product_tag?post=10223"}],"curies":[{"name":"wp","href":"https:\/\/api.w.org\/{rel}","templated":true}]}}