{"id":10153,"date":"2022-03-03T12:20:22","date_gmt":"2022-03-03T12:20:22","guid":{"rendered":"https:\/\/inzainox.com\/producto\/caniveau-inza-s100-en-beton-polymere-largeur-100-mm\/"},"modified":"2026-03-30T15:02:51","modified_gmt":"2026-03-30T15:02:51","slug":"caniveau-inza-s100-en-beton-polymere-largeur-100-mm","status":"publish","type":"product","link":"https:\/\/inzainox.com\/fr\/produit\/caniveau-inza-s100-en-beton-polymere-largeur-100-mm\/","title":{"rendered":"Caniveau INZA S100 en b\u00e9ton polym\u00e8re, largeur 100&nbsp;mm"},"content":{"rendered":"\t\t<div data-elementor-type=\"wp-post\" data-elementor-id=\"10153\" class=\"elementor elementor-10153 elementor-2287\">\n\t\t\t\t<div class=\"elementor-element elementor-element-156c8aaf e-flex e-con-boxed e-con e-parent\" data-id=\"156c8aaf\" data-element_type=\"container\" data-e-type=\"container\">\n\t\t\t\t\t<div class=\"e-con-inner\">\n\t\t\t\t<div class=\"elementor-element elementor-element-69cbc51d elementor-widget elementor-widget-text-editor\" data-id=\"69cbc51d\" data-element_type=\"widget\" data-e-type=\"widget\" data-widget_type=\"text-editor.default\">\n\t\t\t\t<div class=\"elementor-widget-container\">\n\t\t\t\t\t\t\t\t\t<p>Caniveau en b\u00e9ton polym\u00e8re avec grille S100. Largeur int\u00e9rieure 100&nbsp;mm et diff\u00e9rentes hauteurs. \u00c9l\u00e9ments de 1&nbsp;000&nbsp;mm de longueur. Avec embo\u00eetement m\u00e2le-femelle pour l\u2019assemblage et pr\u00e9-marquages pour l\u2019ouverture des sorties   <\/p><p>Grilles disponibles en acier galvanis\u00e9, acier inoxydable, fonte et polypropyl\u00e8ne<\/p><p>Les caniveaux sont de classe de charge C250 et il existe des grilles pour les classes de charge A15 \u2013 trafic pi\u00e9ton, B125 \u2013 trafic de v\u00e9hicules et C250 \u2013 trafic urbain<\/p><p> <\/p><p>Grille passerelle pi\u00e9tonne A15 en acier galvanis\u00e9 et en acier inoxydable<\/p><p><img decoding=\"async\" class=\"alignnone wp-image-2265\" src=\"https:\/\/inzainox.com\/wp-content\/uploads\/2022\/03\/reja-pasarela.png\" alt=\"grille passerelle en acier galvanis\u00e9 pi\u00e9tonne pour caniveau en b\u00e9ton polym\u00e8re inza\" width=\"205\" height=\"93\" srcset=\"https:\/\/inzainox.com\/wp-content\/uploads\/2022\/03\/reja-pasarela.png 849w, https:\/\/inzainox.com\/wp-content\/uploads\/2022\/03\/reja-pasarela-300x136.png 300w, https:\/\/inzainox.com\/wp-content\/uploads\/2022\/03\/reja-pasarela-768x349.png 768w, https:\/\/inzainox.com\/wp-content\/uploads\/2022\/03\/reja-pasarela-600x273.png 600w\" sizes=\"(max-width: 205px) 100vw, 205px\" \/><\/p><p>Caillebotis en acier galvanis\u00e9 et en acier inoxydable<\/p><p><img decoding=\"async\" class=\"alignnone wp-image-2261\" src=\"https:\/\/inzainox.com\/wp-content\/uploads\/2022\/03\/reja-entramada.png\" alt=\"\" width=\"207\" height=\"97\" srcset=\"https:\/\/inzainox.com\/wp-content\/uploads\/2022\/03\/reja-entramada.png 846w, https:\/\/inzainox.com\/wp-content\/uploads\/2022\/03\/reja-entramada-300x141.png 300w, https:\/\/inzainox.com\/wp-content\/uploads\/2022\/03\/reja-entramada-768x360.png 768w, https:\/\/inzainox.com\/wp-content\/uploads\/2022\/03\/reja-entramada-600x282.png 600w\" sizes=\"(max-width: 207px) 100vw, 207px\" \/><\/p><p>Grille en fonte C250 pour charges de trafic de v\u00e9hicules. Sp\u00e9cialement con\u00e7ue pour les entr\u00e9es de garages <\/p><p><img decoding=\"async\" class=\"alignnone wp-image-2262 \" src=\"https:\/\/inzainox.com\/wp-content\/uploads\/2022\/03\/REJA-FUNDICION-300x140.png\" alt=\"\" width=\"196\" height=\"91\" srcset=\"https:\/\/inzainox.com\/wp-content\/uploads\/2022\/03\/REJA-FUNDICION-300x140.png 300w, https:\/\/inzainox.com\/wp-content\/uploads\/2022\/03\/REJA-FUNDICION-768x359.png 768w, https:\/\/inzainox.com\/wp-content\/uploads\/2022\/03\/REJA-FUNDICION-600x280.png 600w, https:\/\/inzainox.com\/wp-content\/uploads\/2022\/03\/REJA-FUNDICION.png 846w\" sizes=\"(max-width: 196px) 100vw, 196px\" \/><\/p><p>Grille cach\u00e9e fendue en \u00ab&nbsp;T&nbsp;\u00bb ou \u00ab&nbsp;L&nbsp;\u00bb en acier galvanis\u00e9 ou inoxydable, pour un drainage pratiquement invisible avec diff\u00e9rentes hauteurs de rev\u00eatement<\/p><p><img loading=\"lazy\" decoding=\"async\" class=\"alignnone wp-image-2268\" src=\"https:\/\/inzainox.com\/wp-content\/uploads\/2022\/03\/S100GLH100.jpg\" alt=\"caniveau avec grille \u00e0 fente dissimul\u00e9e\" width=\"262\" height=\"168\" srcset=\"https:\/\/inzainox.com\/wp-content\/uploads\/2022\/03\/S100GLH100.jpg 694w, https:\/\/inzainox.com\/wp-content\/uploads\/2022\/03\/S100GLH100-300x192.jpg 300w, https:\/\/inzainox.com\/wp-content\/uploads\/2022\/03\/S100GLH100-600x385.jpg 600w\" sizes=\"(max-width: 262px) 100vw, 262px\" \/><\/p><p>Grilles sp\u00e9ciales en acier inoxydable avec une finition premium pour les caniveaux de drainage INZA<\/p><p><img loading=\"lazy\" decoding=\"async\" class=\"alignnone wp-image-2245\" src=\"https:\/\/inzainox.com\/wp-content\/uploads\/2022\/03\/REJAS-ESPECIALES.jpg\" alt=\"grilles sp\u00e9ciales en acier inoxydable\" width=\"463\" height=\"81\" srcset=\"https:\/\/inzainox.com\/wp-content\/uploads\/2022\/03\/REJAS-ESPECIALES.jpg 993w, https:\/\/inzainox.com\/wp-content\/uploads\/2022\/03\/REJAS-ESPECIALES-300x53.jpg 300w, https:\/\/inzainox.com\/wp-content\/uploads\/2022\/03\/REJAS-ESPECIALES-768x135.jpg 768w, https:\/\/inzainox.com\/wp-content\/uploads\/2022\/03\/REJAS-ESPECIALES-600x105.jpg 600w\" sizes=\"(max-width: 463px) 100vw, 463px\" \/><\/p><p>Diff\u00e9rents accessoires sont disponibles pour le caniveau de drainage avec grille en fonte S100RP&nbsp;: bouchons d\u2019extr\u00e9mit\u00e9, avaloirs siphonn\u00e9s, paniers de collecte des solides, etc. (envoyez-nous un e-mail \u00e0 info@inzainox.com pour nous consulter)<\/p><p><img loading=\"lazy\" decoding=\"async\" class=\"alignnone size-full wp-image-2246\" src=\"https:\/\/inzainox.com\/wp-content\/uploads\/2022\/03\/PIEZAS-ESPECIALES.jpg\" alt=\"pi\u00e8ces sp\u00e9ciales pour caniveaux en b\u00e9ton polym\u00e8re\" width=\"585\" height=\"169\" srcset=\"https:\/\/inzainox.com\/wp-content\/uploads\/2022\/03\/PIEZAS-ESPECIALES.jpg 585w, https:\/\/inzainox.com\/wp-content\/uploads\/2022\/03\/PIEZAS-ESPECIALES-300x87.jpg 300w\" sizes=\"(max-width: 585px) 100vw, 585px\" \/><\/p><p> <\/p>\t\t\t\t\t\t\t\t<\/div>\n\t\t\t\t<\/div>\n\t\t\t\t\t<\/div>\n\t\t\t\t<\/div>\n\t\t\t\t<\/div>\n\t\t","protected":false},"excerpt":{"rendered":"<p>Caniveaux de drainage en b\u00e9ton polym\u00e8re avec grille S100. Largeur int\u00e9rieure 100&nbsp;mm et diff\u00e9rentes hauteurs. \u00c9l\u00e9ments de 1&nbsp;000&nbsp;mm de longueur. Avec embo\u00eetement m\u00e2le-femelle pour l\u2019assemblage et pr\u00e9-marquages pour l\u2019ouverture des sorties   <\/p>\n<p>Grilles disponibles en acier galvanis\u00e9, acier inoxydable, fonte et polypropyl\u00e8ne<\/p>\n<p>Les caniveaux sont de classe de charge C250 et il existe des grilles pour les classes de charge A15 \u2013 trafic pi\u00e9ton, B125 \u2013 trafic de v\u00e9hicules et C250 \u2013 trafic urbain<\/p>\n<p>&nbsp;<\/p>\n<p>Grille passerelle pi\u00e9tonne A15 en acier galvanis\u00e9<\/p>\n","protected":false},"featured_media":2267,"comment_status":"open","ping_status":"closed","template":"","meta":[],"product_brand":[],"product_cat":[516,517],"product_tag":[],"class_list":{"0":"post-10153","1":"product","2":"type-product","3":"status-publish","4":"has-post-thumbnail","6":"product_cat-canaux-de-drainage-avec-grille","7":"product_cat-canaux-en-beton-polymere","8":"pa_altura-exterior-de-canal-100mm","9":"pa_altura-exterior-de-canal-150mm","10":"pa_altura-exterior-de-canal-60mm","12":"first","13":"instock","14":"taxable","15":"shipping-taxable","16":"purchasable","17":"product-type-variable","18":"has-default-attributes"},"yoast_head":"<!-- This site is optimized with the Yoast SEO plugin v27.1.1 - https:\/\/yoast.com\/product\/yoast-seo-wordpress\/ -->\n<title>Caniveaux et siphons en acier inoxydable Inza. Drainage inox pour l\u2019industrie<\/title>\n<meta name=\"description\" content=\"Caniveaux de drainage en b\u00e9ton polym\u00e8re de largeur 100, avec diff\u00e9rentes hauteurs et largeurs. Disponibles en stock pour exp\u00e9dition imm\u00e9diate\" \/>\n<meta name=\"robots\" content=\"index, follow, max-snippet:-1, max-image-preview:large, max-video-preview:-1\" \/>\n<link rel=\"canonical\" href=\"https:\/\/inzainox.com\/fr\/produit\/caniveau-inza-s100-en-beton-polymere-largeur-100-mm\/\" \/>\n<meta property=\"og:locale\" content=\"fr_FR\" \/>\n<meta property=\"og:type\" content=\"article\" \/>\n<meta property=\"og:title\" content=\"Caniveaux et siphons en acier inoxydable Inza. Drainage inox pour l\u2019industrie\" \/>\n<meta property=\"og:description\" content=\"Caniveaux de drainage en b\u00e9ton polym\u00e8re de largeur 100, avec diff\u00e9rentes hauteurs et largeurs. Disponibles en stock pour exp\u00e9dition imm\u00e9diate\" \/>\n<meta property=\"og:url\" content=\"https:\/\/inzainox.com\/fr\/produit\/caniveau-inza-s100-en-beton-polymere-largeur-100-mm\/\" \/>\n<meta property=\"og:site_name\" content=\"Caniveaux et siphons en acier inoxydable Inza. Drainage inox pour l\u2019industrie\" \/>\n<meta property=\"article:modified_time\" content=\"2026-03-30T15:02:51+00:00\" \/>\n<meta property=\"og:image\" content=\"https:\/\/inzainox.com\/wp-content\/uploads\/2022\/03\/S100.jpg\" \/>\n\t<meta property=\"og:image:width\" content=\"615\" \/>\n\t<meta property=\"og:image:height\" content=\"422\" \/>\n\t<meta property=\"og:image:type\" content=\"image\/jpeg\" \/>\n<meta name=\"twitter:card\" content=\"summary_large_image\" \/>\n<meta name=\"twitter:label1\" content=\"Dur\u00e9e de lecture estim\u00e9e\" \/>\n\t<meta name=\"twitter:data1\" content=\"1 minute\" \/>\n<!-- \/ Yoast SEO plugin. -->","yoast_head_json":{"title":"Caniveaux et siphons en acier inoxydable Inza. Drainage inox pour l\u2019industrie","description":"Caniveaux de drainage en b\u00e9ton polym\u00e8re de largeur 100, avec diff\u00e9rentes hauteurs et largeurs. Disponibles en stock pour exp\u00e9dition imm\u00e9diate","robots":{"index":"index","follow":"follow","max-snippet":"max-snippet:-1","max-image-preview":"max-image-preview:large","max-video-preview":"max-video-preview:-1"},"canonical":"https:\/\/inzainox.com\/fr\/produit\/caniveau-inza-s100-en-beton-polymere-largeur-100-mm\/","og_locale":"fr_FR","og_type":"article","og_title":"Caniveaux et siphons en acier inoxydable Inza. Drainage inox pour l\u2019industrie","og_description":"Caniveaux de drainage en b\u00e9ton polym\u00e8re de largeur 100, avec diff\u00e9rentes hauteurs et largeurs. Disponibles en stock pour exp\u00e9dition imm\u00e9diate","og_url":"https:\/\/inzainox.com\/fr\/produit\/caniveau-inza-s100-en-beton-polymere-largeur-100-mm\/","og_site_name":"Caniveaux et siphons en acier inoxydable Inza. Drainage inox pour l\u2019industrie","article_modified_time":"2026-03-30T15:02:51+00:00","og_image":[{"width":615,"height":422,"url":"https:\/\/inzainox.com\/wp-content\/uploads\/2022\/03\/S100.jpg","type":"image\/jpeg"}],"twitter_card":"summary_large_image","twitter_misc":{"Dur\u00e9e de lecture estim\u00e9e":"1 minute"},"schema":{"@context":"https:\/\/schema.org","@graph":[{"@type":"WebPage","@id":"https:\/\/inzainox.com\/fr\/produit\/caniveau-inza-s100-en-beton-polymere-largeur-100-mm\/","url":"https:\/\/inzainox.com\/fr\/produit\/caniveau-inza-s100-en-beton-polymere-largeur-100-mm\/","name":"Caniveaux et siphons en acier inoxydable Inza. Drainage inox pour l\u2019industrie","isPartOf":{"@id":"https:\/\/inzainox.com\/fr\/#website"},"primaryImageOfPage":{"@id":"https:\/\/inzainox.com\/fr\/produit\/caniveau-inza-s100-en-beton-polymere-largeur-100-mm\/#primaryimage"},"image":{"@id":"https:\/\/inzainox.com\/fr\/produit\/caniveau-inza-s100-en-beton-polymere-largeur-100-mm\/#primaryimage"},"thumbnailUrl":"https:\/\/inzainox.com\/wp-content\/uploads\/2022\/03\/S100.jpg","datePublished":"2022-03-03T12:20:22+00:00","dateModified":"2026-03-30T15:02:51+00:00","description":"Caniveaux de drainage en b\u00e9ton polym\u00e8re de largeur 100, avec diff\u00e9rentes hauteurs et largeurs. Disponibles en stock pour exp\u00e9dition imm\u00e9diate","breadcrumb":{"@id":"https:\/\/inzainox.com\/fr\/produit\/caniveau-inza-s100-en-beton-polymere-largeur-100-mm\/#breadcrumb"},"inLanguage":"fr-FR","potentialAction":[{"@type":"ReadAction","target":["https:\/\/inzainox.com\/fr\/produit\/caniveau-inza-s100-en-beton-polymere-largeur-100-mm\/"]}]},{"@type":"ImageObject","inLanguage":"fr-FR","@id":"https:\/\/inzainox.com\/fr\/produit\/caniveau-inza-s100-en-beton-polymere-largeur-100-mm\/#primaryimage","url":"https:\/\/inzainox.com\/wp-content\/uploads\/2022\/03\/S100.jpg","contentUrl":"https:\/\/inzainox.com\/wp-content\/uploads\/2022\/03\/S100.jpg","width":615,"height":422},{"@type":"BreadcrumbList","@id":"https:\/\/inzainox.com\/fr\/produit\/caniveau-inza-s100-en-beton-polymere-largeur-100-mm\/#breadcrumb","itemListElement":[{"@type":"ListItem","position":1,"name":"Accueil","item":"https:\/\/inzainox.com\/fr\/nouvel-accueil\/"},{"@type":"ListItem","position":2,"name":"Boutique Inza","item":"https:\/\/inzainox.com\/fr\/boutique-inza\/"},{"@type":"ListItem","position":3,"name":"Caniveau INZA S100 en b\u00e9ton polym\u00e8re, largeur 100&nbsp;mm"}]},{"@type":"WebSite","@id":"https:\/\/inzainox.com\/fr\/#website","url":"https:\/\/inzainox.com\/fr\/","name":"Caniveaux et siphons en acier inoxydable Inza. Drainage inox pour l\u2019industrie","description":"Drainage en acier inoxydable pour l\u2019industrie","publisher":{"@id":"https:\/\/inzainox.com\/fr\/#organization"},"alternateName":"Inza Inox","potentialAction":[{"@type":"SearchAction","target":{"@type":"EntryPoint","urlTemplate":"https:\/\/inzainox.com\/fr\/?s={search_term_string}"},"query-input":{"@type":"PropertyValueSpecification","valueRequired":true,"valueName":"search_term_string"}}],"inLanguage":"fr-FR"},{"@type":"Organization","@id":"https:\/\/inzainox.com\/fr\/#organization","name":"Inza Inox S.L.","alternateName":"Inza","url":"https:\/\/inzainox.com\/fr\/","logo":{"@type":"ImageObject","inLanguage":"fr-FR","@id":"https:\/\/inzainox.com\/fr\/#\/schema\/logo\/image\/","url":"https:\/\/inzainox.com\/wp-content\/uploads\/2020\/05\/cropped-NUEVA-INZA-2-5.png","contentUrl":"https:\/\/inzainox.com\/wp-content\/uploads\/2020\/05\/cropped-NUEVA-INZA-2-5.png","width":549,"height":264,"caption":"Inza Inox S.L."},"image":{"@id":"https:\/\/inzainox.com\/fr\/#\/schema\/logo\/image\/"}}]}},"_links":{"self":[{"href":"https:\/\/inzainox.com\/fr\/wp-json\/wp\/v2\/product\/10153","targetHints":{"allow":["GET"]}}],"collection":[{"href":"https:\/\/inzainox.com\/fr\/wp-json\/wp\/v2\/product"}],"about":[{"href":"https:\/\/inzainox.com\/fr\/wp-json\/wp\/v2\/types\/product"}],"replies":[{"embeddable":true,"href":"https:\/\/inzainox.com\/fr\/wp-json\/wp\/v2\/comments?post=10153"}],"version-history":[{"count":1,"href":"https:\/\/inzainox.com\/fr\/wp-json\/wp\/v2\/product\/10153\/revisions"}],"predecessor-version":[{"id":10168,"href":"https:\/\/inzainox.com\/fr\/wp-json\/wp\/v2\/product\/10153\/revisions\/10168"}],"wp:featuredmedia":[{"embeddable":true,"href":"https:\/\/inzainox.com\/fr\/wp-json\/wp\/v2\/media\/2267"}],"wp:attachment":[{"href":"https:\/\/inzainox.com\/fr\/wp-json\/wp\/v2\/media?parent=10153"}],"wp:term":[{"taxonomy":"product_brand","embeddable":true,"href":"https:\/\/inzainox.com\/fr\/wp-json\/wp\/v2\/product_brand?post=10153"},{"taxonomy":"product_cat","embeddable":true,"href":"https:\/\/inzainox.com\/fr\/wp-json\/wp\/v2\/product_cat?post=10153"},{"taxonomy":"product_tag","embeddable":true,"href":"https:\/\/inzainox.com\/fr\/wp-json\/wp\/v2\/product_tag?post=10153"}],"curies":[{"name":"wp","href":"https:\/\/api.w.org\/{rel}","templated":true}]}}