{"id":10122,"date":"2020-11-18T19:32:22","date_gmt":"2020-11-18T19:32:22","guid":{"rendered":"https:\/\/inzainox.com\/producto\/siphon-de-sol-en-acier-inoxydable-avec-grille-a-remplir\/"},"modified":"2020-11-18T19:32:22","modified_gmt":"2020-11-18T19:32:22","slug":"siphon-de-sol-en-acier-inoxydable-avec-grille-a-remplir","status":"publish","type":"product","link":"https:\/\/inzainox.com\/fr\/produit\/siphon-de-sol-en-acier-inoxydable-avec-grille-a-remplir\/","title":{"rendered":"Siphon de sol en acier inoxydable avec grille \u00e0 remplir"},"content":{"rendered":"<p>Siphon de sol en acier inoxydable avec grille \u00e0 remplir, \u00e0 carreler avec le m\u00eame rev\u00eatement de sol que le reste de la salle de bains. Corps et grille en acier inoxydable. Avec sortie horizontale DN50 mm. Avec siphon anti-odeurs amovible pour un entretien facile. Avec aile p\u00e9riph\u00e9rique pour l\u2019appui de l\u2019\u00e9tanch\u00e9it\u00e9 et du carrelage.<\/p>\n<p>Diff\u00e9rents designs de grilles en acier inoxydable disponibles. Option de pieds de nivellement et toile d\u2019\u00e9tanch\u00e9it\u00e9. <\/p>\n<p><img fetchpriority=\"high\" decoding=\"async\" class=\"alignnone size-full wp-image-1744\" src=\"https:\/\/inzainox.com\/wp-content\/uploads\/2020\/11\/plano-SM-reja-rellenable.jpg\" alt=\"plan des dimensions du siphon de sol en acier inoxydable INZA SM\" width=\"1000\" height=\"1000\" srcset=\"https:\/\/inzainox.com\/wp-content\/uploads\/2020\/11\/plano-SM-reja-rellenable.jpg 1000w, https:\/\/inzainox.com\/wp-content\/uploads\/2020\/11\/plano-SM-reja-rellenable-300x300.jpg 300w, https:\/\/inzainox.com\/wp-content\/uploads\/2020\/11\/plano-SM-reja-rellenable-150x150.jpg 150w, https:\/\/inzainox.com\/wp-content\/uploads\/2020\/11\/plano-SM-reja-rellenable-768x768.jpg 768w, https:\/\/inzainox.com\/wp-content\/uploads\/2020\/11\/plano-SM-reja-rellenable-600x600.jpg 600w, https:\/\/inzainox.com\/wp-content\/uploads\/2020\/11\/plano-SM-reja-rellenable-100x100.jpg 100w\" sizes=\"(max-width: 1000px) 100vw, 1000px\" \/><\/p>\n","protected":false},"excerpt":{"rendered":"<p>Siphon de sol en acier inoxydable avec grille \u00e0 remplir, \u00e0 carreler avec le m\u00eame rev\u00eatement de sol que le reste de la salle de bains. Corps et grille en acier inoxydable.<\/p>\n","protected":false},"featured_media":1728,"comment_status":"open","ping_status":"closed","template":"","meta":[],"product_brand":[],"product_cat":[650],"product_tag":[],"class_list":{"0":"post-10122","1":"product","2":"type-product","3":"status-publish","4":"has-post-thumbnail","6":"product_cat-siphons-de-sol-en-acier-inoxydable","8":"first","9":"instock","10":"taxable","11":"shipping-taxable","12":"purchasable","13":"product-type-variable"},"yoast_head":"<!-- This site is optimized with the Yoast SEO plugin v27.1.1 - https:\/\/yoast.com\/product\/yoast-seo-wordpress\/ -->\n<title>Siphon de sol en acier inoxydable avec grille \u00e0 remplir<\/title>\n<meta name=\"description\" content=\"Siphon de sol en acier inoxydable avec grille \u00e0 remplir, \u00e0 carreler avec le m\u00eame rev\u00eatement de sol que le reste de la salle de bains. Corps et grille en inox\" \/>\n<meta name=\"robots\" content=\"index, follow, max-snippet:-1, max-image-preview:large, max-video-preview:-1\" \/>\n<link rel=\"canonical\" href=\"https:\/\/inzainox.com\/fr\/produit\/siphon-de-sol-en-acier-inoxydable-avec-grille-a-remplir\/\" \/>\n<meta property=\"og:locale\" content=\"fr_FR\" \/>\n<meta property=\"og:type\" content=\"article\" \/>\n<meta property=\"og:title\" content=\"Siphon de sol en acier inoxydable avec grille \u00e0 remplir\" \/>\n<meta property=\"og:description\" content=\"Siphon de sol en acier inoxydable avec grille \u00e0 remplir, \u00e0 carreler avec le m\u00eame rev\u00eatement de sol que le reste de la salle de bains. Corps et grille en inox\" \/>\n<meta property=\"og:url\" content=\"https:\/\/inzainox.com\/fr\/produit\/siphon-de-sol-en-acier-inoxydable-avec-grille-a-remplir\/\" \/>\n<meta property=\"og:site_name\" content=\"Caniveaux et siphons en acier inoxydable Inza. Drainage inox pour l\u2019industrie\" \/>\n<meta property=\"og:image\" content=\"https:\/\/inzainox.com\/wp-content\/uploads\/2020\/11\/SM-rellenable.jpg\" \/>\n\t<meta property=\"og:image:width\" content=\"1000\" \/>\n\t<meta property=\"og:image:height\" content=\"1000\" \/>\n\t<meta property=\"og:image:type\" content=\"image\/jpeg\" \/>\n<meta name=\"twitter:card\" content=\"summary_large_image\" \/>\n<!-- \/ Yoast SEO plugin. -->","yoast_head_json":{"title":"Siphon de sol en acier inoxydable avec grille \u00e0 remplir","description":"Siphon de sol en acier inoxydable avec grille \u00e0 remplir, \u00e0 carreler avec le m\u00eame rev\u00eatement de sol que le reste de la salle de bains. Corps et grille en inox","robots":{"index":"index","follow":"follow","max-snippet":"max-snippet:-1","max-image-preview":"max-image-preview:large","max-video-preview":"max-video-preview:-1"},"canonical":"https:\/\/inzainox.com\/fr\/produit\/siphon-de-sol-en-acier-inoxydable-avec-grille-a-remplir\/","og_locale":"fr_FR","og_type":"article","og_title":"Siphon de sol en acier inoxydable avec grille \u00e0 remplir","og_description":"Siphon de sol en acier inoxydable avec grille \u00e0 remplir, \u00e0 carreler avec le m\u00eame rev\u00eatement de sol que le reste de la salle de bains. Corps et grille en inox","og_url":"https:\/\/inzainox.com\/fr\/produit\/siphon-de-sol-en-acier-inoxydable-avec-grille-a-remplir\/","og_site_name":"Caniveaux et siphons en acier inoxydable Inza. Drainage inox pour l\u2019industrie","og_image":[{"width":1000,"height":1000,"url":"https:\/\/inzainox.com\/wp-content\/uploads\/2020\/11\/SM-rellenable.jpg","type":"image\/jpeg"}],"twitter_card":"summary_large_image","schema":{"@context":"https:\/\/schema.org","@graph":[{"@type":"WebPage","@id":"https:\/\/inzainox.com\/fr\/produit\/siphon-de-sol-en-acier-inoxydable-avec-grille-a-remplir\/","url":"https:\/\/inzainox.com\/fr\/produit\/siphon-de-sol-en-acier-inoxydable-avec-grille-a-remplir\/","name":"Siphon de sol en acier inoxydable avec grille \u00e0 remplir","isPartOf":{"@id":"https:\/\/inzainox.com\/fr\/#website"},"primaryImageOfPage":{"@id":"https:\/\/inzainox.com\/fr\/produit\/siphon-de-sol-en-acier-inoxydable-avec-grille-a-remplir\/#primaryimage"},"image":{"@id":"https:\/\/inzainox.com\/fr\/produit\/siphon-de-sol-en-acier-inoxydable-avec-grille-a-remplir\/#primaryimage"},"thumbnailUrl":"https:\/\/inzainox.com\/wp-content\/uploads\/2020\/11\/SM-rellenable.jpg","datePublished":"2020-11-18T19:32:22+00:00","description":"Siphon de sol en acier inoxydable avec grille \u00e0 remplir, \u00e0 carreler avec le m\u00eame rev\u00eatement de sol que le reste de la salle de bains. Corps et grille en inox","breadcrumb":{"@id":"https:\/\/inzainox.com\/fr\/produit\/siphon-de-sol-en-acier-inoxydable-avec-grille-a-remplir\/#breadcrumb"},"inLanguage":"fr-FR","potentialAction":[{"@type":"ReadAction","target":["https:\/\/inzainox.com\/fr\/produit\/siphon-de-sol-en-acier-inoxydable-avec-grille-a-remplir\/"]}]},{"@type":"ImageObject","inLanguage":"fr-FR","@id":"https:\/\/inzainox.com\/fr\/produit\/siphon-de-sol-en-acier-inoxydable-avec-grille-a-remplir\/#primaryimage","url":"https:\/\/inzainox.com\/wp-content\/uploads\/2020\/11\/SM-rellenable.jpg","contentUrl":"https:\/\/inzainox.com\/wp-content\/uploads\/2020\/11\/SM-rellenable.jpg","width":1000,"height":1000,"caption":"Sumidero sif\u00f3nico de inox con reja pavimentable"},{"@type":"BreadcrumbList","@id":"https:\/\/inzainox.com\/fr\/produit\/siphon-de-sol-en-acier-inoxydable-avec-grille-a-remplir\/#breadcrumb","itemListElement":[{"@type":"ListItem","position":1,"name":"Accueil","item":"https:\/\/inzainox.com\/fr\/nouvel-accueil\/"},{"@type":"ListItem","position":2,"name":"Boutique Inza","item":"https:\/\/inzainox.com\/fr\/boutique-inza\/"},{"@type":"ListItem","position":3,"name":"Siphon de sol en acier inoxydable avec grille \u00e0 remplir"}]},{"@type":"WebSite","@id":"https:\/\/inzainox.com\/fr\/#website","url":"https:\/\/inzainox.com\/fr\/","name":"Caniveaux et siphons en acier inoxydable Inza. Drainage inox pour l\u2019industrie","description":"Drainage en acier inoxydable pour l\u2019industrie","publisher":{"@id":"https:\/\/inzainox.com\/fr\/#organization"},"alternateName":"Inza Inox","potentialAction":[{"@type":"SearchAction","target":{"@type":"EntryPoint","urlTemplate":"https:\/\/inzainox.com\/fr\/?s={search_term_string}"},"query-input":{"@type":"PropertyValueSpecification","valueRequired":true,"valueName":"search_term_string"}}],"inLanguage":"fr-FR"},{"@type":"Organization","@id":"https:\/\/inzainox.com\/fr\/#organization","name":"Inza Inox S.L.","alternateName":"Inza","url":"https:\/\/inzainox.com\/fr\/","logo":{"@type":"ImageObject","inLanguage":"fr-FR","@id":"https:\/\/inzainox.com\/fr\/#\/schema\/logo\/image\/","url":"https:\/\/inzainox.com\/wp-content\/uploads\/2020\/05\/cropped-NUEVA-INZA-2-5.png","contentUrl":"https:\/\/inzainox.com\/wp-content\/uploads\/2020\/05\/cropped-NUEVA-INZA-2-5.png","width":549,"height":264,"caption":"Inza Inox S.L."},"image":{"@id":"https:\/\/inzainox.com\/fr\/#\/schema\/logo\/image\/"}}]}},"_links":{"self":[{"href":"https:\/\/inzainox.com\/fr\/wp-json\/wp\/v2\/product\/10122","targetHints":{"allow":["GET"]}}],"collection":[{"href":"https:\/\/inzainox.com\/fr\/wp-json\/wp\/v2\/product"}],"about":[{"href":"https:\/\/inzainox.com\/fr\/wp-json\/wp\/v2\/types\/product"}],"replies":[{"embeddable":true,"href":"https:\/\/inzainox.com\/fr\/wp-json\/wp\/v2\/comments?post=10122"}],"version-history":[{"count":0,"href":"https:\/\/inzainox.com\/fr\/wp-json\/wp\/v2\/product\/10122\/revisions"}],"wp:featuredmedia":[{"embeddable":true,"href":"https:\/\/inzainox.com\/fr\/wp-json\/wp\/v2\/media\/1728"}],"wp:attachment":[{"href":"https:\/\/inzainox.com\/fr\/wp-json\/wp\/v2\/media?parent=10122"}],"wp:term":[{"taxonomy":"product_brand","embeddable":true,"href":"https:\/\/inzainox.com\/fr\/wp-json\/wp\/v2\/product_brand?post=10122"},{"taxonomy":"product_cat","embeddable":true,"href":"https:\/\/inzainox.com\/fr\/wp-json\/wp\/v2\/product_cat?post=10122"},{"taxonomy":"product_tag","embeddable":true,"href":"https:\/\/inzainox.com\/fr\/wp-json\/wp\/v2\/product_tag?post=10122"}],"curies":[{"name":"wp","href":"https:\/\/api.w.org\/{rel}","templated":true}]}}