{"id":10088,"date":"2020-11-19T09:20:44","date_gmt":"2020-11-19T09:20:44","guid":{"rendered":"https:\/\/inzainox.com\/producto\/siphon-de-sol-en-acier-inoxydable-avec-grille-perforee-carree\/"},"modified":"2020-11-19T09:20:44","modified_gmt":"2020-11-19T09:20:44","slug":"siphon-de-sol-en-acier-inoxydable-avec-grille-perforee-carree","status":"publish","type":"product","link":"https:\/\/inzainox.com\/fr\/produit\/siphon-de-sol-en-acier-inoxydable-avec-grille-perforee-carree\/","title":{"rendered":"Siphon de sol en acier inoxydable avec grille perfor\u00e9e carr\u00e9e"},"content":{"rendered":"<p>Siphon de sol en acier inoxydable avec grille perfor\u00e9e carr\u00e9e. Corps et grille en acier inoxydable. Avec sortie horizontale DN50mm. Avec siphon anti-odeurs amovible pour un entretien facile. Avec bride p\u00e9riph\u00e9rique pour support de l&rsquo;\u00e9tanch\u00e9it\u00e9 et du carrelage.<\/p>\n<p>Diff\u00e9rents designs de grilles en acier inoxydable disponibles. Option de pieds de nivellement et de toile d&rsquo;\u00e9tanch\u00e9it\u00e9. <\/p>\n<p><img fetchpriority=\"high\" decoding=\"async\" class=\"wp-image-1742 aligncenter\" src=\"https:\/\/inzainox.com\/wp-content\/uploads\/2020\/11\/plano-SM-reja-cuadrada.jpg\" alt=\"Dimensions du siphon de sol inox INZA SM\" width=\"645\" height=\"645\" srcset=\"https:\/\/inzainox.com\/wp-content\/uploads\/2020\/11\/plano-SM-reja-cuadrada.jpg 1000w, https:\/\/inzainox.com\/wp-content\/uploads\/2020\/11\/plano-SM-reja-cuadrada-300x300.jpg 300w, https:\/\/inzainox.com\/wp-content\/uploads\/2020\/11\/plano-SM-reja-cuadrada-150x150.jpg 150w, https:\/\/inzainox.com\/wp-content\/uploads\/2020\/11\/plano-SM-reja-cuadrada-768x768.jpg 768w, https:\/\/inzainox.com\/wp-content\/uploads\/2020\/11\/plano-SM-reja-cuadrada-600x600.jpg 600w, https:\/\/inzainox.com\/wp-content\/uploads\/2020\/11\/plano-SM-reja-cuadrada-100x100.jpg 100w\" sizes=\"(max-width: 645px) 100vw, 645px\" \/><\/p>\n","protected":false},"excerpt":{"rendered":"<p>Siphon de sol en acier inoxydable avec grille perfor\u00e9e carr\u00e9e. Corps et grille en acier inoxydable. <\/p>\n","protected":false},"featured_media":1725,"comment_status":"open","ping_status":"closed","template":"","meta":[],"product_brand":[],"product_cat":[650],"product_tag":[],"class_list":{"0":"post-10088","1":"product","2":"type-product","3":"status-publish","4":"has-post-thumbnail","6":"product_cat-siphons-de-sol-en-acier-inoxydable","8":"first","9":"instock","10":"taxable","11":"shipping-taxable","12":"purchasable","13":"product-type-variable"},"yoast_head":"<!-- This site is optimized with the Yoast SEO plugin v27.1.1 - https:\/\/yoast.com\/product\/yoast-seo-wordpress\/ -->\n<title>Siphon de sol en acier inoxydable avec grille perfor\u00e9e carr\u00e9e<\/title>\n<meta name=\"description\" content=\"Siphon de sol en acier inoxydable avec grille perfor\u00e9e carr\u00e9e. Corps et grille en inox. Sortie horizontale DN50mm\" \/>\n<meta name=\"robots\" content=\"index, follow, max-snippet:-1, max-image-preview:large, max-video-preview:-1\" \/>\n<link rel=\"canonical\" href=\"https:\/\/inzainox.com\/fr\/produit\/siphon-de-sol-en-acier-inoxydable-avec-grille-perforee-carree\/\" \/>\n<meta property=\"og:locale\" content=\"fr_FR\" \/>\n<meta property=\"og:type\" content=\"article\" \/>\n<meta property=\"og:title\" content=\"Siphon de sol en acier inoxydable avec grille perfor\u00e9e carr\u00e9e\" \/>\n<meta property=\"og:description\" content=\"Siphon de sol en acier inoxydable avec grille perfor\u00e9e carr\u00e9e. Corps et grille en inox. Sortie horizontale DN50mm\" \/>\n<meta property=\"og:url\" content=\"https:\/\/inzainox.com\/fr\/produit\/siphon-de-sol-en-acier-inoxydable-avec-grille-perforee-carree\/\" \/>\n<meta property=\"og:site_name\" content=\"Caniveaux et siphons en acier inoxydable Inza. Drainage inox pour l\u2019industrie\" \/>\n<meta property=\"og:image\" content=\"https:\/\/inzainox.com\/wp-content\/uploads\/2020\/11\/cuadrado.jpg\" \/>\n\t<meta property=\"og:image:width\" content=\"444\" \/>\n\t<meta property=\"og:image:height\" content=\"293\" \/>\n\t<meta property=\"og:image:type\" content=\"image\/jpeg\" \/>\n<meta name=\"twitter:card\" content=\"summary_large_image\" \/>\n<!-- \/ Yoast SEO plugin. -->","yoast_head_json":{"title":"Siphon de sol en acier inoxydable avec grille perfor\u00e9e carr\u00e9e","description":"Siphon de sol en acier inoxydable avec grille perfor\u00e9e carr\u00e9e. Corps et grille en inox. Sortie horizontale DN50mm","robots":{"index":"index","follow":"follow","max-snippet":"max-snippet:-1","max-image-preview":"max-image-preview:large","max-video-preview":"max-video-preview:-1"},"canonical":"https:\/\/inzainox.com\/fr\/produit\/siphon-de-sol-en-acier-inoxydable-avec-grille-perforee-carree\/","og_locale":"fr_FR","og_type":"article","og_title":"Siphon de sol en acier inoxydable avec grille perfor\u00e9e carr\u00e9e","og_description":"Siphon de sol en acier inoxydable avec grille perfor\u00e9e carr\u00e9e. Corps et grille en inox. Sortie horizontale DN50mm","og_url":"https:\/\/inzainox.com\/fr\/produit\/siphon-de-sol-en-acier-inoxydable-avec-grille-perforee-carree\/","og_site_name":"Caniveaux et siphons en acier inoxydable Inza. Drainage inox pour l\u2019industrie","og_image":[{"width":444,"height":293,"url":"https:\/\/inzainox.com\/wp-content\/uploads\/2020\/11\/cuadrado.jpg","type":"image\/jpeg"}],"twitter_card":"summary_large_image","schema":{"@context":"https:\/\/schema.org","@graph":[{"@type":"WebPage","@id":"https:\/\/inzainox.com\/fr\/produit\/siphon-de-sol-en-acier-inoxydable-avec-grille-perforee-carree\/","url":"https:\/\/inzainox.com\/fr\/produit\/siphon-de-sol-en-acier-inoxydable-avec-grille-perforee-carree\/","name":"Siphon de sol en acier inoxydable avec grille perfor\u00e9e carr\u00e9e","isPartOf":{"@id":"https:\/\/inzainox.com\/fr\/#website"},"primaryImageOfPage":{"@id":"https:\/\/inzainox.com\/fr\/produit\/siphon-de-sol-en-acier-inoxydable-avec-grille-perforee-carree\/#primaryimage"},"image":{"@id":"https:\/\/inzainox.com\/fr\/produit\/siphon-de-sol-en-acier-inoxydable-avec-grille-perforee-carree\/#primaryimage"},"thumbnailUrl":"https:\/\/inzainox.com\/wp-content\/uploads\/2020\/11\/cuadrado.jpg","datePublished":"2020-11-19T09:20:44+00:00","description":"Siphon de sol en acier inoxydable avec grille perfor\u00e9e carr\u00e9e. Corps et grille en inox. Sortie horizontale DN50mm","breadcrumb":{"@id":"https:\/\/inzainox.com\/fr\/produit\/siphon-de-sol-en-acier-inoxydable-avec-grille-perforee-carree\/#breadcrumb"},"inLanguage":"fr-FR","potentialAction":[{"@type":"ReadAction","target":["https:\/\/inzainox.com\/fr\/produit\/siphon-de-sol-en-acier-inoxydable-avec-grille-perforee-carree\/"]}]},{"@type":"ImageObject","inLanguage":"fr-FR","@id":"https:\/\/inzainox.com\/fr\/produit\/siphon-de-sol-en-acier-inoxydable-avec-grille-perforee-carree\/#primaryimage","url":"https:\/\/inzainox.com\/wp-content\/uploads\/2020\/11\/cuadrado.jpg","contentUrl":"https:\/\/inzainox.com\/wp-content\/uploads\/2020\/11\/cuadrado.jpg","width":444,"height":293,"caption":"sumidero de ducha de acero inoxidable"},{"@type":"BreadcrumbList","@id":"https:\/\/inzainox.com\/fr\/produit\/siphon-de-sol-en-acier-inoxydable-avec-grille-perforee-carree\/#breadcrumb","itemListElement":[{"@type":"ListItem","position":1,"name":"Accueil","item":"https:\/\/inzainox.com\/fr\/nouvel-accueil\/"},{"@type":"ListItem","position":2,"name":"Boutique Inza","item":"https:\/\/inzainox.com\/fr\/boutique-inza\/"},{"@type":"ListItem","position":3,"name":"Siphon de sol en acier inoxydable avec grille perfor\u00e9e carr\u00e9e"}]},{"@type":"WebSite","@id":"https:\/\/inzainox.com\/fr\/#website","url":"https:\/\/inzainox.com\/fr\/","name":"Caniveaux et siphons en acier inoxydable Inza. Drainage inox pour l\u2019industrie","description":"Drainage en acier inoxydable pour l\u2019industrie","publisher":{"@id":"https:\/\/inzainox.com\/fr\/#organization"},"alternateName":"Inza Inox","potentialAction":[{"@type":"SearchAction","target":{"@type":"EntryPoint","urlTemplate":"https:\/\/inzainox.com\/fr\/?s={search_term_string}"},"query-input":{"@type":"PropertyValueSpecification","valueRequired":true,"valueName":"search_term_string"}}],"inLanguage":"fr-FR"},{"@type":"Organization","@id":"https:\/\/inzainox.com\/fr\/#organization","name":"Inza Inox S.L.","alternateName":"Inza","url":"https:\/\/inzainox.com\/fr\/","logo":{"@type":"ImageObject","inLanguage":"fr-FR","@id":"https:\/\/inzainox.com\/fr\/#\/schema\/logo\/image\/","url":"https:\/\/inzainox.com\/wp-content\/uploads\/2020\/05\/cropped-NUEVA-INZA-2-5.png","contentUrl":"https:\/\/inzainox.com\/wp-content\/uploads\/2020\/05\/cropped-NUEVA-INZA-2-5.png","width":549,"height":264,"caption":"Inza Inox S.L."},"image":{"@id":"https:\/\/inzainox.com\/fr\/#\/schema\/logo\/image\/"}}]}},"_links":{"self":[{"href":"https:\/\/inzainox.com\/fr\/wp-json\/wp\/v2\/product\/10088","targetHints":{"allow":["GET"]}}],"collection":[{"href":"https:\/\/inzainox.com\/fr\/wp-json\/wp\/v2\/product"}],"about":[{"href":"https:\/\/inzainox.com\/fr\/wp-json\/wp\/v2\/types\/product"}],"replies":[{"embeddable":true,"href":"https:\/\/inzainox.com\/fr\/wp-json\/wp\/v2\/comments?post=10088"}],"version-history":[{"count":0,"href":"https:\/\/inzainox.com\/fr\/wp-json\/wp\/v2\/product\/10088\/revisions"}],"wp:featuredmedia":[{"embeddable":true,"href":"https:\/\/inzainox.com\/fr\/wp-json\/wp\/v2\/media\/1725"}],"wp:attachment":[{"href":"https:\/\/inzainox.com\/fr\/wp-json\/wp\/v2\/media?parent=10088"}],"wp:term":[{"taxonomy":"product_brand","embeddable":true,"href":"https:\/\/inzainox.com\/fr\/wp-json\/wp\/v2\/product_brand?post=10088"},{"taxonomy":"product_cat","embeddable":true,"href":"https:\/\/inzainox.com\/fr\/wp-json\/wp\/v2\/product_cat?post=10088"},{"taxonomy":"product_tag","embeddable":true,"href":"https:\/\/inzainox.com\/fr\/wp-json\/wp\/v2\/product_tag?post=10088"}],"curies":[{"name":"wp","href":"https:\/\/api.w.org\/{rel}","templated":true}]}}