{"id":10011,"date":"2020-11-03T09:06:28","date_gmt":"2020-11-03T09:06:28","guid":{"rendered":"https:\/\/inzainox.com\/producto\/couvercle-etanche-remplissable-en-acier-inoxydable\/"},"modified":"2020-11-03T09:06:28","modified_gmt":"2020-11-03T09:06:28","slug":"couvercle-etanche-remplissable-en-acier-inoxydable","status":"publish","type":"product","link":"https:\/\/inzainox.com\/fr\/produit\/couvercle-etanche-remplissable-en-acier-inoxydable\/","title":{"rendered":"Couvercle \u00e9tanche remplissable en acier inoxydable"},"content":{"rendered":"<p>Tampon et cadre pour regard visitable fabriqu\u00e9s en acier inoxydable AISI 304 \u00e0 remplir avec le rev\u00eatement de sol.<\/p>\n<p>Il s\u2019agit d\u2019un couvercle \u00e9tanche anti-odeurs gr\u00e2ce \u00e0 une fermeture par joint EPDM et une fixation par 4 vis en inox aux angles.<\/p>\n<p>Con\u00e7u pour \u00eatre rempli avec le m\u00eame rev\u00eatement que le reste du sol, le couvercle de regard install\u00e9 est pratiquement invisible, offrant une solution parfaitement int\u00e9gr\u00e9e. Le fond du couvercle permet un pavage avec des pav\u00e9s de diff\u00e9rentes hauteurs, des carreaux de c\u00e9ramique, du bois ou d\u2019autres types de sols. <\/p>\n<p>Le prix du couvercle inclut les outils pour retirer les vis.<\/p>\n<p>Nous fournissons des poign\u00e9es \u00e0 visser dans le logement des vis pour faciliter l\u2019ouverture. Ces poign\u00e9es sont \u00e9galement incluses dans le prix. <\/p>\n<p><iframe title=\"Tapa de arqueta rellenable estanca de acero inoxidable\" width=\"1200\" height=\"675\" src=\"https:\/\/www.youtube.com\/embed\/VVrkmHR3nho?feature=oembed\" frameborder=\"0\" allow=\"accelerometer; autoplay; clipboard-write; encrypted-media; gyroscope; picture-in-picture; web-share\" referrerpolicy=\"strict-origin-when-cross-origin\" allowfullscreen><\/iframe><\/p>\n<p>Couvercle standard pour trafic pi\u00e9tonnier et couvercles renforc\u00e9s pour trafic routier. Nous proposons des couvercles pour les classes de charge A15, B125, C250 et D400. <\/p>\n<p>Nous fabriquons \u00e9galement tous les tampons en acier inoxydable AISI 316.<\/p>\n<p>Couvercles carr\u00e9s de diff\u00e9rentes dimensions, de 300&#215;300 mm \u00e0 1000&#215;1000 mm.<\/p>\n<p>Les tampons d\u2019\u00e9tanch\u00e9it\u00e9 \u00e0 carreler sont fabriqu\u00e9s en acier inoxydable AISI 304 pour assurer une haute r\u00e9sistance aux charges m\u00e9caniques et aux agressions chimiques. Ces tampons sont sp\u00e9cialement con\u00e7us pour \u00eatre install\u00e9s sur des regards en milieux humides et agressifs. Pour les installations exigeant un degr\u00e9 de protection maximal, nous proposons ces m\u00eames tampons d\u2019\u00e9tanch\u00e9it\u00e9 \u00e0 carreler en acier inoxydable de qualit\u00e9 AISI 316L.  <\/p>\n<p>Peut \u00eatre fourni en option avec un treillis pour le b\u00e9tonnage ult\u00e9rieur.<\/p>\n<p><span style=\"color: #339966;\"><strong><a style=\"color: #339966;\" href=\"https:\/\/inzainox.com\/wp-content\/uploads\/2022\/03\/Tapas-estancas-de-acero-inoxidable-rellenables.pdf\">FICHE TECHNIQUE<\/a><\/strong><\/span><\/p>\n<p>Consulter pour les couvercles ronds et les dimensions sp\u00e9ciales<\/p>\n<p><img fetchpriority=\"high\" decoding=\"async\" class=\"size-full wp-image-1594 aligncenter\" src=\"https:\/\/inzainox.com\/wp-content\/uploads\/2020\/04\/TAPAS-GENERAL-DIMENSIONES-1.jpg\" alt=\"DIMENSIONS G\u00c9N\u00c9RALES COUVERCLES \u00c9TANCHES INZA\" width=\"491\" height=\"449\" srcset=\"https:\/\/inzainox.com\/wp-content\/uploads\/2020\/04\/TAPAS-GENERAL-DIMENSIONES-1.jpg 491w, https:\/\/inzainox.com\/wp-content\/uploads\/2020\/04\/TAPAS-GENERAL-DIMENSIONES-1-300x274.jpg 300w\" sizes=\"(max-width: 491px) 100vw, 491px\" \/><img decoding=\"async\" class=\"wp-image-1592 aligncenter\" src=\"https:\/\/inzainox.com\/wp-content\/uploads\/2020\/04\/TAPAS-GENERAL-DIMENSIONES.jpg\" alt=\"Dimensions g\u00e9n\u00e9rales des couvercles \u00e9tanches INZA\" width=\"791\" height=\"288\" srcset=\"https:\/\/inzainox.com\/wp-content\/uploads\/2020\/04\/TAPAS-GENERAL-DIMENSIONES.jpg 728w, https:\/\/inzainox.com\/wp-content\/uploads\/2020\/04\/TAPAS-GENERAL-DIMENSIONES-300x109.jpg 300w, https:\/\/inzainox.com\/wp-content\/uploads\/2020\/04\/TAPAS-GENERAL-DIMENSIONES-600x218.jpg 600w\" sizes=\"(max-width: 791px) 100vw, 791px\" \/><\/p>\n<p><a href=\"https:\/\/inzainox.com\/wp-content\/uploads\/2020\/11\/Tapas-estancas-de-acero-inoxidable-rellenables.pdf\">Fiche technique des tampons d\u2019\u00e9tanch\u00e9it\u00e9 en acier inoxydable \u00e0 carreler<\/a><\/p>\n","protected":false},"excerpt":{"rendered":"<p>Transport inclus dans le prix<\/p>\n<p>Nous vous le livrons sous 24-48 h<\/p>\n<p>Pour toute question, contactez-nous au +34 91 127 90 05<\/p>\n<p>Couvercle de regard \u00e9tanche \u00e0 remplir en acier inoxydable AISI 304. Fermeture par quatre vis et joint EPDM. Disponible en version simple pour passage pi\u00e9ton (classe A15) ou renforc\u00e9e pour passage de v\u00e9hicules (classe B125).  <\/p>\n<p>Tous les couvercles sont livr\u00e9s avec les outils d\u2019ouverture.<\/p>\n","protected":false},"featured_media":56,"comment_status":"open","ping_status":"closed","template":"","meta":[],"product_brand":[],"product_cat":[469,471,470],"product_tag":[],"class_list":{"0":"post-10011","1":"product","2":"type-product","3":"status-publish","4":"has-post-thumbnail","6":"product_cat-couvercles-etanches","7":"product_cat-couvercles-etanches-a-remplir","8":"product_cat-couvercles-etanches-en-acier-inoxydable","9":"pa_dimensiones-1000x1000","10":"pa_dimensiones-30x30","11":"pa_dimensiones-40x40","12":"pa_dimensiones-50x50","13":"pa_dimensiones-60x60","14":"pa_dimensiones-70x70","15":"pa_dimensiones-80x80","16":"pa_dimensiones-90x90","18":"first","19":"instock","20":"taxable","21":"shipping-taxable","22":"purchasable","23":"product-type-variable"},"yoast_head":"<!-- This site is optimized with the Yoast SEO plugin v27.1.1 - https:\/\/yoast.com\/product\/yoast-seo-wordpress\/ -->\n<title>Couvercle \u00e9tanche remplissable en acier inoxydable<\/title>\n<meta name=\"description\" content=\"Stock disponible de tampons d\u2019\u00e9tanch\u00e9it\u00e9 \u00e0 carreler en acier inoxydable pour regard. S\u00e9lectionnez et achetez votre solution anti-odeurs\" \/>\n<meta name=\"robots\" content=\"index, follow, max-snippet:-1, max-image-preview:large, max-video-preview:-1\" \/>\n<link rel=\"canonical\" href=\"https:\/\/inzainox.com\/fr\/produit\/couvercle-etanche-remplissable-en-acier-inoxydable\/\" \/>\n<meta property=\"og:locale\" content=\"fr_FR\" \/>\n<meta property=\"og:type\" content=\"article\" \/>\n<meta property=\"og:title\" content=\"Couvercle \u00e9tanche remplissable en acier inoxydable\" \/>\n<meta property=\"og:description\" content=\"Stock disponible de tampons d\u2019\u00e9tanch\u00e9it\u00e9 \u00e0 carreler en acier inoxydable pour regard. S\u00e9lectionnez et achetez votre solution anti-odeurs\" \/>\n<meta property=\"og:url\" content=\"https:\/\/inzainox.com\/fr\/produit\/couvercle-etanche-remplissable-en-acier-inoxydable\/\" \/>\n<meta property=\"og:site_name\" content=\"Caniveaux et siphons en acier inoxydable Inza. Drainage inox pour l\u2019industrie\" \/>\n<meta property=\"og:image\" content=\"https:\/\/inzainox.com\/wp-content\/uploads\/2020\/04\/rellenable.jpg\" \/>\n\t<meta property=\"og:image:width\" content=\"709\" \/>\n\t<meta property=\"og:image:height\" content=\"447\" \/>\n\t<meta property=\"og:image:type\" content=\"image\/jpeg\" \/>\n<meta name=\"twitter:card\" content=\"summary_large_image\" \/>\n<meta name=\"twitter:label1\" content=\"Dur\u00e9e de lecture estim\u00e9e\" \/>\n\t<meta name=\"twitter:data1\" content=\"2 minutes\" \/>\n<!-- \/ Yoast SEO plugin. -->","yoast_head_json":{"title":"Couvercle \u00e9tanche remplissable en acier inoxydable","description":"Stock disponible de tampons d\u2019\u00e9tanch\u00e9it\u00e9 \u00e0 carreler en acier inoxydable pour regard. S\u00e9lectionnez et achetez votre solution anti-odeurs","robots":{"index":"index","follow":"follow","max-snippet":"max-snippet:-1","max-image-preview":"max-image-preview:large","max-video-preview":"max-video-preview:-1"},"canonical":"https:\/\/inzainox.com\/fr\/produit\/couvercle-etanche-remplissable-en-acier-inoxydable\/","og_locale":"fr_FR","og_type":"article","og_title":"Couvercle \u00e9tanche remplissable en acier inoxydable","og_description":"Stock disponible de tampons d\u2019\u00e9tanch\u00e9it\u00e9 \u00e0 carreler en acier inoxydable pour regard. S\u00e9lectionnez et achetez votre solution anti-odeurs","og_url":"https:\/\/inzainox.com\/fr\/produit\/couvercle-etanche-remplissable-en-acier-inoxydable\/","og_site_name":"Caniveaux et siphons en acier inoxydable Inza. Drainage inox pour l\u2019industrie","og_image":[{"width":709,"height":447,"url":"https:\/\/inzainox.com\/wp-content\/uploads\/2020\/04\/rellenable.jpg","type":"image\/jpeg"}],"twitter_card":"summary_large_image","twitter_misc":{"Dur\u00e9e de lecture estim\u00e9e":"2 minutes"},"schema":{"@context":"https:\/\/schema.org","@graph":[{"@type":"WebPage","@id":"https:\/\/inzainox.com\/fr\/produit\/couvercle-etanche-remplissable-en-acier-inoxydable\/","url":"https:\/\/inzainox.com\/fr\/produit\/couvercle-etanche-remplissable-en-acier-inoxydable\/","name":"Couvercle \u00e9tanche remplissable en acier inoxydable","isPartOf":{"@id":"https:\/\/inzainox.com\/fr\/#website"},"primaryImageOfPage":{"@id":"https:\/\/inzainox.com\/fr\/produit\/couvercle-etanche-remplissable-en-acier-inoxydable\/#primaryimage"},"image":{"@id":"https:\/\/inzainox.com\/fr\/produit\/couvercle-etanche-remplissable-en-acier-inoxydable\/#primaryimage"},"thumbnailUrl":"https:\/\/inzainox.com\/wp-content\/uploads\/2020\/04\/rellenable.jpg","datePublished":"2020-11-03T09:06:28+00:00","description":"Stock disponible de tampons d\u2019\u00e9tanch\u00e9it\u00e9 \u00e0 carreler en acier inoxydable pour regard. S\u00e9lectionnez et achetez votre solution anti-odeurs","breadcrumb":{"@id":"https:\/\/inzainox.com\/fr\/produit\/couvercle-etanche-remplissable-en-acier-inoxydable\/#breadcrumb"},"inLanguage":"fr-FR","potentialAction":[{"@type":"ReadAction","target":["https:\/\/inzainox.com\/fr\/produit\/couvercle-etanche-remplissable-en-acier-inoxydable\/"]}]},{"@type":"ImageObject","inLanguage":"fr-FR","@id":"https:\/\/inzainox.com\/fr\/produit\/couvercle-etanche-remplissable-en-acier-inoxydable\/#primaryimage","url":"https:\/\/inzainox.com\/wp-content\/uploads\/2020\/04\/rellenable.jpg","contentUrl":"https:\/\/inzainox.com\/wp-content\/uploads\/2020\/04\/rellenable.jpg","width":709,"height":447,"caption":"tapa de arqueta estanca rellenable"},{"@type":"BreadcrumbList","@id":"https:\/\/inzainox.com\/fr\/produit\/couvercle-etanche-remplissable-en-acier-inoxydable\/#breadcrumb","itemListElement":[{"@type":"ListItem","position":1,"name":"Accueil","item":"https:\/\/inzainox.com\/fr\/nouvel-accueil\/"},{"@type":"ListItem","position":2,"name":"Boutique Inza","item":"https:\/\/inzainox.com\/fr\/boutique-inza\/"},{"@type":"ListItem","position":3,"name":"Couvercle \u00e9tanche remplissable en acier inoxydable"}]},{"@type":"WebSite","@id":"https:\/\/inzainox.com\/fr\/#website","url":"https:\/\/inzainox.com\/fr\/","name":"Caniveaux et siphons en acier inoxydable Inza. Drainage inox pour l\u2019industrie","description":"Drainage en acier inoxydable pour l\u2019industrie","publisher":{"@id":"https:\/\/inzainox.com\/fr\/#organization"},"alternateName":"Inza Inox","potentialAction":[{"@type":"SearchAction","target":{"@type":"EntryPoint","urlTemplate":"https:\/\/inzainox.com\/fr\/?s={search_term_string}"},"query-input":{"@type":"PropertyValueSpecification","valueRequired":true,"valueName":"search_term_string"}}],"inLanguage":"fr-FR"},{"@type":"Organization","@id":"https:\/\/inzainox.com\/fr\/#organization","name":"Inza Inox S.L.","alternateName":"Inza","url":"https:\/\/inzainox.com\/fr\/","logo":{"@type":"ImageObject","inLanguage":"fr-FR","@id":"https:\/\/inzainox.com\/fr\/#\/schema\/logo\/image\/","url":"https:\/\/inzainox.com\/wp-content\/uploads\/2020\/05\/cropped-NUEVA-INZA-2-5.png","contentUrl":"https:\/\/inzainox.com\/wp-content\/uploads\/2020\/05\/cropped-NUEVA-INZA-2-5.png","width":549,"height":264,"caption":"Inza Inox S.L."},"image":{"@id":"https:\/\/inzainox.com\/fr\/#\/schema\/logo\/image\/"}}]}},"_links":{"self":[{"href":"https:\/\/inzainox.com\/fr\/wp-json\/wp\/v2\/product\/10011","targetHints":{"allow":["GET"]}}],"collection":[{"href":"https:\/\/inzainox.com\/fr\/wp-json\/wp\/v2\/product"}],"about":[{"href":"https:\/\/inzainox.com\/fr\/wp-json\/wp\/v2\/types\/product"}],"replies":[{"embeddable":true,"href":"https:\/\/inzainox.com\/fr\/wp-json\/wp\/v2\/comments?post=10011"}],"version-history":[{"count":0,"href":"https:\/\/inzainox.com\/fr\/wp-json\/wp\/v2\/product\/10011\/revisions"}],"wp:featuredmedia":[{"embeddable":true,"href":"https:\/\/inzainox.com\/fr\/wp-json\/wp\/v2\/media\/56"}],"wp:attachment":[{"href":"https:\/\/inzainox.com\/fr\/wp-json\/wp\/v2\/media?parent=10011"}],"wp:term":[{"taxonomy":"product_brand","embeddable":true,"href":"https:\/\/inzainox.com\/fr\/wp-json\/wp\/v2\/product_brand?post=10011"},{"taxonomy":"product_cat","embeddable":true,"href":"https:\/\/inzainox.com\/fr\/wp-json\/wp\/v2\/product_cat?post=10011"},{"taxonomy":"product_tag","embeddable":true,"href":"https:\/\/inzainox.com\/fr\/wp-json\/wp\/v2\/product_tag?post=10011"}],"curies":[{"name":"wp","href":"https:\/\/api.w.org\/{rel}","templated":true}]}}