{"id":9338,"date":"2020-05-05T18:06:42","date_gmt":"2020-05-05T18:06:42","guid":{"rendered":"https:\/\/inzainox.com\/politique-de-confidentialite\/"},"modified":"2026-03-30T12:30:24","modified_gmt":"2026-03-30T12:30:24","slug":"politique-de-confidentialite","status":"publish","type":"page","link":"https:\/\/inzainox.com\/fr\/politique-de-confidentialite\/","title":{"rendered":"Politique de confidentialit\u00e9"},"content":{"rendered":"\t\t<div data-elementor-type=\"wp-page\" data-elementor-id=\"9338\" class=\"elementor elementor-9338 elementor-388\">\n\t\t\t\t\t\t<section class=\"elementor-section elementor-top-section elementor-element elementor-element-70b13fe1 elementor-section-boxed elementor-section-height-default elementor-section-height-default\" data-id=\"70b13fe1\" data-element_type=\"section\" data-e-type=\"section\">\n\t\t\t\t\t\t<div class=\"elementor-container elementor-column-gap-default\">\n\t\t\t\t\t<div class=\"elementor-column elementor-col-100 elementor-top-column elementor-element elementor-element-3e7772bc\" data-id=\"3e7772bc\" data-element_type=\"column\" data-e-type=\"column\">\n\t\t\t<div class=\"elementor-widget-wrap elementor-element-populated\">\n\t\t\t\t\t\t<div class=\"elementor-element elementor-element-12219a8f elementor-widget elementor-widget-text-editor\" data-id=\"12219a8f\" data-element_type=\"widget\" data-e-type=\"widget\" data-widget_type=\"text-editor.default\">\n\t\t\t\t<div class=\"elementor-widget-container\">\n\t\t\t\t\t\t\t\t\t<p data-path-to-node=\"5\">Conform\u00e9ment au R\u00e8glement (UE) 2016\/679 (RGPD) et \u00e0 la Loi organique 3\/2018 (LOPDGDD), le responsable du site web informe les utilisateurs que leurs donn\u00e9es personnelles seront trait\u00e9es de mani\u00e8re licite, loyale et transparente.<\/p>\n<p data-path-to-node=\"6\"><b data-path-to-node=\"6\" data-index-in-node=\"0\">Finalit\u00e9s du traitement :<\/b> En cochant la case, les utilisateurs acceptent que leurs donn\u00e9es soient trait\u00e9es afin de :<\/p>\n<ul data-path-to-node=\"7\">\n<li>\n<p data-path-to-node=\"7,0,0\">Envoi de communications commerciales publicitaires par e-mail ou par d\u2019autres moyens \u00e9lectroniques ou physiques. Ces communications porteront sur des produits et services li\u00e9s au secteur du prestataire. <\/p>\n<\/li>\n<li>\n<p data-path-to-node=\"7,1,0\">R\u00e9alisation d\u2019\u00e9tudes statistiques et d\u2019analyses de trafic.<\/p>\n<\/li>\n<li>\n<p data-path-to-node=\"7,2,0\">Traitement des commandes, demandes ou requ\u00eates effectu\u00e9es par l\u2019utilisateur.<\/p>\n<\/li>\n<li>\n<p data-path-to-node=\"7,3,0\">Envoi de la lettre d\u2019information (<i data-path-to-node=\"7,3,0\" data-index-in-node=\"34\">newsletter<\/i>).<\/p>\n<\/li>\n<\/ul>\n<p data-path-to-node=\"8\"><b data-path-to-node=\"8\" data-index-in-node=\"0\">Base l\u00e9gale et s\u00e9curit\u00e9 :<\/b> Le traitement repose sur le consentement de la personne concern\u00e9e. Le prestataire garantit que les donn\u00e9es ne seront pas c\u00e9d\u00e9es \u00e0 des tiers sans consentement pr\u00e9alable, sauf obligation l\u00e9gale. De m\u00eame, toutes les mesures techniques de s\u00e9curit\u00e9 (pare-feu, cryptographie) ont \u00e9t\u00e9 adopt\u00e9es afin de garantir l\u2019int\u00e9grit\u00e9 des donn\u00e9es.  <\/p>\n<p data-path-to-node=\"9\"><b data-path-to-node=\"9\" data-index-in-node=\"0\">Droits de l\u2019utilisateur :<\/b> L\u2019utilisateur peut exercer ses droits <b data-path-to-node=\"9\" data-index-in-node=\"63\">d\u2019acc\u00e8s, de rectification, d\u2019effacement (droit \u00e0 l\u2019oubli), de limitation, de portabilit\u00e9 et d\u2019opposition<\/b>. Pour ce faire, il doit envoyer une demande accompagn\u00e9e d\u2019une copie de sa carte d\u2019identit\u00e9 \u00e0 : <\/p>\n<ul data-path-to-node=\"10\">\n<li>\n<p data-path-to-node=\"10,0,0\"><b data-path-to-node=\"10,0,0\" data-index-in-node=\"0\">E-mail :<\/b> info@inzainox.com<\/p>\n<\/li>\n<li>\n<p data-path-to-node=\"10,1,0\"><b data-path-to-node=\"10,1,0\" data-index-in-node=\"0\">Adresse :<\/b> C\/ Maria Auxiliadora 35, CP 28221 Majadahonda (Madrid)<\/p>\n<\/li>\n<\/ul>\n<p><\/p>\t\t\t\t\t\t\t\t<\/div>\n\t\t\t\t<\/div>\n\t\t\t\t\t<\/div>\n\t\t<\/div>\n\t\t\t\t\t<\/div>\n\t\t<\/section>\n\t\t\t\t<\/div>\n\t\t","protected":false},"excerpt":{"rendered":"<p>Conform\u00e9ment au R\u00e8glement (UE) 2016\/679 (RGPD) et \u00e0 la Loi organique 3\/2018 (LOPDGDD), le responsable du site web informe les utilisateurs que leurs donn\u00e9es personnelles seront trait\u00e9es de mani\u00e8re licite, loyale et transparente. Finalit\u00e9s du traitement : En cochant la case, les utilisateurs acceptent que leurs donn\u00e9es soient trait\u00e9es afin de : Envoi de communications &#8230; <a title=\"Politique de confidentialit\u00e9\" class=\"read-more\" href=\"https:\/\/inzainox.com\/fr\/politique-de-confidentialite\/\" aria-label=\"En savoir plus sur Politique de confidentialit\u00e9\">Lire la suite<\/a><\/p>\n","protected":false},"author":1,"featured_media":0,"parent":0,"menu_order":0,"comment_status":"closed","ping_status":"closed","template":"","meta":{"footnotes":""},"class_list":["post-9338","page","type-page","status-publish"],"yoast_head":"<!-- This site is optimized with the Yoast SEO plugin v27.1.1 - https:\/\/yoast.com\/product\/yoast-seo-wordpress\/ -->\n<title>Politique de confidentialit\u00e9 - Caniveaux et siphons en acier inoxydable Inza. Drainage inox pour l\u2019industrie<\/title>\n<meta name=\"robots\" content=\"noindex, nofollow\" \/>\n<meta property=\"og:locale\" content=\"fr_FR\" \/>\n<meta property=\"og:type\" content=\"article\" \/>\n<meta property=\"og:title\" content=\"Politique de confidentialit\u00e9 - Caniveaux et siphons en acier inoxydable Inza. Drainage inox pour l\u2019industrie\" \/>\n<meta property=\"og:description\" content=\"Conform\u00e9ment au R\u00e8glement (UE) 2016\/679 (RGPD) et \u00e0 la Loi organique 3\/2018 (LOPDGDD), le responsable du site web informe les utilisateurs que leurs donn\u00e9es personnelles seront trait\u00e9es de mani\u00e8re licite, loyale et transparente. Finalit\u00e9s du traitement : En cochant la case, les utilisateurs acceptent que leurs donn\u00e9es soient trait\u00e9es afin de : Envoi de communications ... Lire la suite\" \/>\n<meta property=\"og:url\" content=\"https:\/\/inzainox.com\/fr\/politique-de-confidentialite\/\" \/>\n<meta property=\"og:site_name\" content=\"Caniveaux et siphons en acier inoxydable Inza. Drainage inox pour l\u2019industrie\" \/>\n<meta property=\"article:modified_time\" content=\"2026-03-30T12:30:24+00:00\" \/>\n<meta property=\"og:image\" content=\"https:\/\/inzainox.com\/wp-content\/uploads\/2026\/02\/Canales-de-Acero-Inoxidable.png\" \/>\n\t<meta property=\"og:image:width\" content=\"350\" \/>\n\t<meta property=\"og:image:height\" content=\"613\" \/>\n\t<meta property=\"og:image:type\" content=\"image\/png\" \/>\n<meta name=\"twitter:card\" content=\"summary_large_image\" \/>\n<meta name=\"twitter:label1\" content=\"Dur\u00e9e de lecture estim\u00e9e\" \/>\n\t<meta name=\"twitter:data1\" content=\"1 minute\" \/>\n<!-- \/ Yoast SEO plugin. -->","yoast_head_json":{"title":"Politique de confidentialit\u00e9 - Caniveaux et siphons en acier inoxydable Inza. Drainage inox pour l\u2019industrie","robots":{"index":"noindex","follow":"nofollow"},"og_locale":"fr_FR","og_type":"article","og_title":"Politique de confidentialit\u00e9 - Caniveaux et siphons en acier inoxydable Inza. Drainage inox pour l\u2019industrie","og_description":"Conform\u00e9ment au R\u00e8glement (UE) 2016\/679 (RGPD) et \u00e0 la Loi organique 3\/2018 (LOPDGDD), le responsable du site web informe les utilisateurs que leurs donn\u00e9es personnelles seront trait\u00e9es de mani\u00e8re licite, loyale et transparente. Finalit\u00e9s du traitement : En cochant la case, les utilisateurs acceptent que leurs donn\u00e9es soient trait\u00e9es afin de : Envoi de communications ... Lire la suite","og_url":"https:\/\/inzainox.com\/fr\/politique-de-confidentialite\/","og_site_name":"Caniveaux et siphons en acier inoxydable Inza. Drainage inox pour l\u2019industrie","article_modified_time":"2026-03-30T12:30:24+00:00","og_image":[{"width":350,"height":613,"url":"https:\/\/inzainox.com\/wp-content\/uploads\/2026\/02\/Canales-de-Acero-Inoxidable.png","type":"image\/png"}],"twitter_card":"summary_large_image","twitter_misc":{"Dur\u00e9e de lecture estim\u00e9e":"1 minute"},"schema":{"@context":"https:\/\/schema.org","@graph":[{"@type":"WebPage","@id":"https:\/\/inzainox.com\/fr\/politique-de-confidentialite\/","url":"https:\/\/inzainox.com\/fr\/politique-de-confidentialite\/","name":"Politique de confidentialit\u00e9 - Caniveaux et siphons en acier inoxydable Inza. Drainage inox pour l\u2019industrie","isPartOf":{"@id":"https:\/\/inzainox.com\/fr\/#website"},"datePublished":"2020-05-05T18:06:42+00:00","dateModified":"2026-03-30T12:30:24+00:00","breadcrumb":{"@id":"https:\/\/inzainox.com\/fr\/politique-de-confidentialite\/#breadcrumb"},"inLanguage":"fr-FR","potentialAction":[{"@type":"ReadAction","target":["https:\/\/inzainox.com\/fr\/politique-de-confidentialite\/"]}]},{"@type":"BreadcrumbList","@id":"https:\/\/inzainox.com\/fr\/politique-de-confidentialite\/#breadcrumb","itemListElement":[{"@type":"ListItem","position":1,"name":"Accueil","item":"https:\/\/inzainox.com\/fr\/nouvel-accueil\/"},{"@type":"ListItem","position":2,"name":"Politique de confidentialit\u00e9"}]},{"@type":"WebSite","@id":"https:\/\/inzainox.com\/fr\/#website","url":"https:\/\/inzainox.com\/fr\/","name":"Caniveaux et siphons en acier inoxydable Inza. Drainage inox pour l\u2019industrie","description":"Drainage en acier inoxydable pour l\u2019industrie","publisher":{"@id":"https:\/\/inzainox.com\/fr\/#organization"},"alternateName":"Inza Inox","potentialAction":[{"@type":"SearchAction","target":{"@type":"EntryPoint","urlTemplate":"https:\/\/inzainox.com\/fr\/?s={search_term_string}"},"query-input":{"@type":"PropertyValueSpecification","valueRequired":true,"valueName":"search_term_string"}}],"inLanguage":"fr-FR"},{"@type":"Organization","@id":"https:\/\/inzainox.com\/fr\/#organization","name":"Inza Inox S.L.","alternateName":"Inza","url":"https:\/\/inzainox.com\/fr\/","logo":{"@type":"ImageObject","inLanguage":"fr-FR","@id":"https:\/\/inzainox.com\/fr\/#\/schema\/logo\/image\/","url":"https:\/\/inzainox.com\/wp-content\/uploads\/2020\/05\/cropped-NUEVA-INZA-2-5.png","contentUrl":"https:\/\/inzainox.com\/wp-content\/uploads\/2020\/05\/cropped-NUEVA-INZA-2-5.png","width":549,"height":264,"caption":"Inza Inox S.L."},"image":{"@id":"https:\/\/inzainox.com\/fr\/#\/schema\/logo\/image\/"}}]}},"_links":{"self":[{"href":"https:\/\/inzainox.com\/fr\/wp-json\/wp\/v2\/pages\/9338","targetHints":{"allow":["GET"]}}],"collection":[{"href":"https:\/\/inzainox.com\/fr\/wp-json\/wp\/v2\/pages"}],"about":[{"href":"https:\/\/inzainox.com\/fr\/wp-json\/wp\/v2\/types\/page"}],"author":[{"embeddable":true,"href":"https:\/\/inzainox.com\/fr\/wp-json\/wp\/v2\/users\/1"}],"replies":[{"embeddable":true,"href":"https:\/\/inzainox.com\/fr\/wp-json\/wp\/v2\/comments?post=9338"}],"version-history":[{"count":1,"href":"https:\/\/inzainox.com\/fr\/wp-json\/wp\/v2\/pages\/9338\/revisions"}],"predecessor-version":[{"id":9339,"href":"https:\/\/inzainox.com\/fr\/wp-json\/wp\/v2\/pages\/9338\/revisions\/9339"}],"wp:attachment":[{"href":"https:\/\/inzainox.com\/fr\/wp-json\/wp\/v2\/media?parent=9338"}],"curies":[{"name":"wp","href":"https:\/\/api.w.org\/{rel}","templated":true}]}}